{"id":11345,"date":"2022-07-12T16:34:32","date_gmt":"2022-07-12T16:34:32","guid":{"rendered":"https:\/\/zsme.poznan.pl\/?page_id=11345"},"modified":"2025-04-03T14:08:47","modified_gmt":"2025-04-03T14:08:47","slug":"oddzial-przygotowania-wojskowego","status":"publish","type":"page","link":"https:\/\/zsme.poznan.pl\/?page_id=11345","title":{"rendered":"Oddzia\u0142 przygotowania wojskowego"},"content":{"rendered":"<p><a href=\"https:\/\/zsme.poznan.pl\/?page_id=11346\">ODDZIA\u0141 PRZYGOTOWANIA WOJSKOWEGO<\/a><a href=\"https:\/\/zsme.poznan.pl\/?page_id=11346\"> OPW<\/a><\/p>\n<p><a href=\"https:\/\/zsme.poznan.pl\/wp-content\/uploads\/2025\/04\/REGULAMIN-PROBY-SPRAWNOSCI-FIZYCZNEJ.pdf\">REGULAMIN PR\u00d3BY SPRAWNO\u015aCI FIZYCZNEJ<\/a><\/p>\n<p><a href=\"https:\/\/zsme.poznan.pl\/wp-content\/uploads\/2022\/07\/Zgoda_rodzicow_na_udzial_w_probie_sprawnosci_fizycznej_21_22.docx\">Zgoda rodzicow na udzial w probie sprawnosci fizycznej<\/a><\/p>\n<p><a href=\"https:\/\/zsme.poznan.pl\/wp-content\/uploads\/2017\/06\/SCHEMAT-TESTU-SPRAWNOSCI-FIZYCZNEJ.jpg\" data-rel=\"lightbox-image-0\" data-rl_title=\"\" data-rl_caption=\"\" title=\"\">SCHEMAT TESTU SPRAWNO\u015aCI FIZYCZNEJ<\/a><\/p>\n<p><center><iframe title=\"YouTube video player\" src=\"https:\/\/www.youtube.com\/embed\/L6_5-hj4E5c\" width=\"560\" height=\"315\" frameborder=\"0\" allowfullscreen=\"allowfullscreen\"><\/iframe><\/center><\/p>\n","protected":false},"excerpt":{"rendered":"<p>ODDZIA\u0141 PRZYGOTOWANIA WOJSKOWEGO OPW REGULAMIN PR\u00d3BY SPRAWNO\u015aCI FIZYCZNEJ Zgoda rodzicow na udzial w probie sprawnosci fizycznej SCHEMAT TESTU SPRAWNO\u015aCI FIZYCZNEJ<\/p>\n","protected":false},"author":1,"featured_media":0,"parent":0,"menu_order":0,"comment_status":"closed","ping_status":"closed","template":"","meta":{"footnotes":""},"class_list":["post-11345","page","type-page","status-publish","hentry"],"_links":{"self":[{"href":"https:\/\/zsme.poznan.pl\/index.php?rest_route=\/wp\/v2\/pages\/11345","targetHints":{"allow":["GET"]}}],"collection":[{"href":"https:\/\/zsme.poznan.pl\/index.php?rest_route=\/wp\/v2\/pages"}],"about":[{"href":"https:\/\/zsme.poznan.pl\/index.php?rest_route=\/wp\/v2\/types\/page"}],"author":[{"embeddable":true,"href":"https:\/\/zsme.poznan.pl\/index.php?rest_route=\/wp\/v2\/users\/1"}],"replies":[{"embeddable":true,"href":"https:\/\/zsme.poznan.pl\/index.php?rest_route=%2Fwp%2Fv2%2Fcomments&post=11345"}],"version-history":[{"count":1,"href":"https:\/\/zsme.poznan.pl\/index.php?rest_route=\/wp\/v2\/pages\/11345\/revisions"}],"predecessor-version":[{"id":18274,"href":"https:\/\/zsme.poznan.pl\/index.php?rest_route=\/wp\/v2\/pages\/11345\/revisions\/18274"}],"wp:attachment":[{"href":"https:\/\/zsme.poznan.pl\/index.php?rest_route=%2Fwp%2Fv2%2Fmedia&parent=11345"}],"curies":[{"name":"wp","href":"https:\/\/api.w.org\/{rel}","templated":true}]}}