{"id":13947,"date":"2023-09-28T13:18:36","date_gmt":"2023-09-28T13:18:36","guid":{"rendered":"https:\/\/zsme.poznan.pl\/?page_id=13947"},"modified":"2023-09-28T13:18:36","modified_gmt":"2023-09-28T13:18:36","slug":"wyposazenie-placowek-oswiatowych-w-nowoczesny-i-wysokospecjalistyczny-sprzet-technologiczny-na-terenie-mof-poznania","status":"publish","type":"page","link":"https:\/\/zsme.poznan.pl\/?page_id=13947","title":{"rendered":"Wyposa\u017cenie plac\u00f3wek o\u015bwiatowych w nowoczesny i wysokospecjalistyczny sprz\u0119t technologiczny na terenie MOF Poznania"},"content":{"rendered":"<p><a href=\"https:\/\/zsme.poznan.pl\/wp-content\/uploads\/2023\/09\/EFRR_Samorzad_kolor-scaled.jpg\" data-rel=\"lightbox-image-0\" data-rl_title=\"\" data-rl_caption=\"\"><img fetchpriority=\"high\" decoding=\"async\" class=\"aligncenter wp-image-13948 size-full\" title=\"\" src=\"https:\/\/zsme.poznan.pl\/wp-content\/uploads\/2023\/09\/EFRR_Samorzad_kolor-scaled.jpg\" alt=\"EFRR Samorzad kolor\" width=\"2560\" height=\"361\" srcset=\"https:\/\/zsme.poznan.pl\/wp-content\/uploads\/2023\/09\/EFRR_Samorzad_kolor-scaled.jpg 2560w, https:\/\/zsme.poznan.pl\/wp-content\/uploads\/2023\/09\/EFRR_Samorzad_kolor-300x42.jpg 300w, https:\/\/zsme.poznan.pl\/wp-content\/uploads\/2023\/09\/EFRR_Samorzad_kolor-1024x144.jpg 1024w, https:\/\/zsme.poznan.pl\/wp-content\/uploads\/2023\/09\/EFRR_Samorzad_kolor-768x108.jpg 768w, https:\/\/zsme.poznan.pl\/wp-content\/uploads\/2023\/09\/EFRR_Samorzad_kolor-1536x217.jpg 1536w, https:\/\/zsme.poznan.pl\/wp-content\/uploads\/2023\/09\/EFRR_Samorzad_kolor-2048x289.jpg 2048w, https:\/\/zsme.poznan.pl\/wp-content\/uploads\/2023\/09\/EFRR_Samorzad_kolor-800x113.jpg 800w\" sizes=\"(max-width: 2560px) 100vw, 2560px\" \/><\/a><\/p>\n<p>Tytu\u0142 projektu: <strong>Wyposa\u017cenie plac\u00f3wek o\u015bwiatowych w nowoczesny i wysokospecjalistyczny sprz\u0119t technologiczny na terenie MOF Poznania<\/strong><\/p>\n<p>Okres realizacji: 2017-2022<\/p>\n<p>Warto\u015b\u0107 projektu:\u00a017 759 933,02 z\u0142<br \/>\nKwota dofinansowania: 15 095 943,05 z\u0142<\/p>\n<p>Przedmiotem projektu jest doposa\u017cenie 23 szk\u00f3\u0142 zawodowych i technik\u00f3w Metropolii Pozna\u0144skiej kt\u00f3ry poprawi jako\u015b\u0107\u00a0 i efekty kszta\u0142cenia w 50 zawodach oraz umo\u017cliwi dopasowanie do rynku pracy absolwent\u00f3w szk\u00f3\u0142 i umo\u017cliwi spe\u0142nienie oczekiwa\u0144 rynku pracy. Projekt obejmuje doposa\u017cenie jego uczestnik\u00f3w w zakresie niezb\u0119dnym dla zwi\u0119kszenia potencja\u0142u i jako\u015bci kszta\u0142cenia zawodowego. Doposa\u017cenie\u00a0\u00a0obejmuje\u00a0 osprz\u0119t, dostaw\u0119, rozmieszczenie, zainstalowanie\u00a0 jego element\u00f3w zapewniaj\u0105ce gotowo\u015b\u0107 do eksploatacji w realizacji zaj\u0119\u0107 szkolnych. Doposa\u017cenie\u00a0 uczestnik\u00f3w projektu zostanie zrealizowane w dw\u00f3ch grupach rodzajowych: Technika Informacyjno-Komunikacyjne (TIK) oraz Nauka Zawodu. W grupie TIK planuje si\u0119 zakup sprz\u0119tu i oprogramowania informatycznego oraz urz\u0105dze\u0144 multimedialnych. W grupie Nauki Zawodu\u00a0 planuje si\u0119 natomiast zakup indywidualnych egzemplarzy i zestaw\u00f3w pomocy dydaktycznych oraz narz\u0119dzi specjalistycznych.<\/p>\n","protected":false},"excerpt":{"rendered":"<p>Tytu\u0142 projektu: Wyposa\u017cenie plac\u00f3wek o\u015bwiatowych w nowoczesny i wysokospecjalistyczny sprz\u0119t technologiczny na terenie MOF Poznania Okres realizacji: 2017-2022 Warto\u015b\u0107 projektu:\u00a017 759 933,02 z\u0142 Kwota dofinansowania: 15 095 943,05 z\u0142 Przedmiotem projektu jest doposa\u017cenie 23 szk\u00f3\u0142 zawodowych i technik\u00f3w Metropolii Pozna\u0144skiej kt\u00f3ry poprawi jako\u015b\u0107\u00a0 i efekty kszta\u0142cenia w 50 zawodach oraz umo\u017cliwi dopasowanie do rynku pracy [&hellip;]<\/p>\n","protected":false},"author":1,"featured_media":0,"parent":0,"menu_order":0,"comment_status":"closed","ping_status":"closed","template":"","meta":{"footnotes":""},"class_list":["post-13947","page","type-page","status-publish","hentry"],"_links":{"self":[{"href":"https:\/\/zsme.poznan.pl\/index.php?rest_route=\/wp\/v2\/pages\/13947","targetHints":{"allow":["GET"]}}],"collection":[{"href":"https:\/\/zsme.poznan.pl\/index.php?rest_route=\/wp\/v2\/pages"}],"about":[{"href":"https:\/\/zsme.poznan.pl\/index.php?rest_route=\/wp\/v2\/types\/page"}],"author":[{"embeddable":true,"href":"https:\/\/zsme.poznan.pl\/index.php?rest_route=\/wp\/v2\/users\/1"}],"replies":[{"embeddable":true,"href":"https:\/\/zsme.poznan.pl\/index.php?rest_route=%2Fwp%2Fv2%2Fcomments&post=13947"}],"version-history":[{"count":0,"href":"https:\/\/zsme.poznan.pl\/index.php?rest_route=\/wp\/v2\/pages\/13947\/revisions"}],"wp:attachment":[{"href":"https:\/\/zsme.poznan.pl\/index.php?rest_route=%2Fwp%2Fv2%2Fmedia&parent=13947"}],"curies":[{"name":"wp","href":"https:\/\/api.w.org\/{rel}","templated":true}]}}