{"id":18092,"date":"2025-03-17T21:16:47","date_gmt":"2025-03-17T21:16:47","guid":{"rendered":"https:\/\/zsme.poznan.pl\/?page_id=18092"},"modified":"2025-03-27T16:59:07","modified_gmt":"2025-03-27T16:59:07","slug":"projekt-zawodowcy-w-europie-3-zagraniczne-staze-szansa-dla-uczniow-zsm","status":"publish","type":"page","link":"https:\/\/zsme.poznan.pl\/?page_id=18092","title":{"rendered":"Projekt \u201eZawodowcy w Europie 3 &#8211; zagraniczne sta\u017ce szans\u0105 dla uczni\u00f3w ZSM\u201d"},"content":{"rendered":"<p>&nbsp;<\/p>\n<p><a href=\"https:\/\/zsme.poznan.pl\/wp-content\/uploads\/2025\/03\/FERS_RP_UE_RGB-1-1-scaled.jpg\" data-rel=\"lightbox-image-0\" data-rl_title=\"\" data-rl_caption=\"\"><img fetchpriority=\"high\" decoding=\"async\" class=\"aligncenter wp-image-18137 size-full\" title=\"\" src=\"https:\/\/zsme.poznan.pl\/wp-content\/uploads\/2025\/03\/FERS_RP_UE_RGB-1-1-scaled.jpg\" alt=\"FERS RP UE RGB 1 (1)\" width=\"2560\" height=\"353\" srcset=\"https:\/\/zsme.poznan.pl\/wp-content\/uploads\/2025\/03\/FERS_RP_UE_RGB-1-1-scaled.jpg 2560w, https:\/\/zsme.poznan.pl\/wp-content\/uploads\/2025\/03\/FERS_RP_UE_RGB-1-1-300x41.jpg 300w, https:\/\/zsme.poznan.pl\/wp-content\/uploads\/2025\/03\/FERS_RP_UE_RGB-1-1-1024x141.jpg 1024w, https:\/\/zsme.poznan.pl\/wp-content\/uploads\/2025\/03\/FERS_RP_UE_RGB-1-1-768x106.jpg 768w, https:\/\/zsme.poznan.pl\/wp-content\/uploads\/2025\/03\/FERS_RP_UE_RGB-1-1-1536x212.jpg 1536w, https:\/\/zsme.poznan.pl\/wp-content\/uploads\/2025\/03\/FERS_RP_UE_RGB-1-1-2048x282.jpg 2048w, https:\/\/zsme.poznan.pl\/wp-content\/uploads\/2025\/03\/FERS_RP_UE_RGB-1-1-800x110.jpg 800w\" sizes=\"(max-width: 2560px) 100vw, 2560px\" \/><\/a><\/p>\n<h3 data-wahfont=\"24\">Zesp\u00f3\u0142 Szk\u00f3\u0142 Mechanicznych im. Komisji Edukacji Narodowej otrzyma\u0142 dofinansowanie projektu w ramach <b>&#8222;Zagraniczna mobilno\u015b\u0107 edukacyjna uczni\u00f3w i absolwent\u00f3w oraz kadry kszta\u0142cenia zawodowego&#8221;<\/b> realizowanego ze \u015brodk\u00f3w Europejskiego Funduszu Spo\u0142ecznego+, programu Fundusze Europejskie dla Rozwoju Spo\u0142ecznego (FERS).<\/h3>\n<h2 data-wahfont=\"24\"><a href=\"https:\/\/zsme.poznan.pl\/?p=16965\" data-wahfont=\"24\">Praktyki w Hiszpanii, pa\u017adziernik &#8211; listopad 2024<\/a><\/h2>\n<h2 data-wahfont=\"24\"><a href=\"https:\/\/zsme.poznan.pl\/?p=15387\" data-wahfont=\"24\">Praktyki w Hiszpanii, marzec &#8211; kwiecie\u0144 2024<\/a><\/h2>\n<h2><a href=\"https:\/\/zsme.poznan.pl\/wp-content\/uploads\/2025\/03\/ZS-Mechanicznych-w-Poznaniu-plakat-A3-FE-dla-Rozwoju-Spolecznego_page-0001.jpg\" data-rel=\"lightbox-image-1\" data-rl_title=\"\" data-rl_caption=\"\" title=\"\">Plakat<\/a><\/h2>\n","protected":false},"excerpt":{"rendered":"<p>&nbsp; Zesp\u00f3\u0142 Szk\u00f3\u0142 Mechanicznych im. Komisji Edukacji Narodowej otrzyma\u0142 dofinansowanie projektu w ramach &#8222;Zagraniczna mobilno\u015b\u0107 edukacyjna uczni\u00f3w i absolwent\u00f3w oraz kadry kszta\u0142cenia zawodowego&#8221; realizowanego ze \u015brodk\u00f3w Europejskiego Funduszu Spo\u0142ecznego+, programu Fundusze Europejskie dla Rozwoju Spo\u0142ecznego (FERS). Praktyki w Hiszpanii, pa\u017adziernik &#8211; listopad 2024 Praktyki w Hiszpanii, marzec &#8211; kwiecie\u0144 2024 Plakat<\/p>\n","protected":false},"author":1,"featured_media":0,"parent":0,"menu_order":0,"comment_status":"closed","ping_status":"closed","template":"","meta":{"footnotes":""},"class_list":["post-18092","page","type-page","status-publish","hentry"],"_links":{"self":[{"href":"https:\/\/zsme.poznan.pl\/index.php?rest_route=\/wp\/v2\/pages\/18092","targetHints":{"allow":["GET"]}}],"collection":[{"href":"https:\/\/zsme.poznan.pl\/index.php?rest_route=\/wp\/v2\/pages"}],"about":[{"href":"https:\/\/zsme.poznan.pl\/index.php?rest_route=\/wp\/v2\/types\/page"}],"author":[{"embeddable":true,"href":"https:\/\/zsme.poznan.pl\/index.php?rest_route=\/wp\/v2\/users\/1"}],"replies":[{"embeddable":true,"href":"https:\/\/zsme.poznan.pl\/index.php?rest_route=%2Fwp%2Fv2%2Fcomments&post=18092"}],"version-history":[{"count":4,"href":"https:\/\/zsme.poznan.pl\/index.php?rest_route=\/wp\/v2\/pages\/18092\/revisions"}],"predecessor-version":[{"id":18211,"href":"https:\/\/zsme.poznan.pl\/index.php?rest_route=\/wp\/v2\/pages\/18092\/revisions\/18211"}],"wp:attachment":[{"href":"https:\/\/zsme.poznan.pl\/index.php?rest_route=%2Fwp%2Fv2%2Fmedia&parent=18092"}],"curies":[{"name":"wp","href":"https:\/\/api.w.org\/{rel}","templated":true}]}}