{"id":18973,"date":"2025-08-20T19:53:02","date_gmt":"2025-08-20T19:53:02","guid":{"rendered":"https:\/\/zsme.poznan.pl\/?page_id=18973"},"modified":"2025-08-20T19:53:02","modified_gmt":"2025-08-20T19:53:02","slug":"doradztwo-zawodowe","status":"publish","type":"page","link":"https:\/\/zsme.poznan.pl\/?page_id=18973","title":{"rendered":"Doradztwo zawodowe"},"content":{"rendered":"\n<figure class=\"wp-block-embed is-type-wp-embed is-provider-zesp-szk-mechanicznych wp-block-embed-zesp-szk-mechanicznych\"><div class=\"wp-block-embed__wrapper\">\n<blockquote class=\"wp-embedded-content\" data-secret=\"KXWmfjFCAO\"><a href=\"https:\/\/zsme.poznan.pl\/?page_id=3991\">DORADZTWO ZAWODOWE: LO, TM, BS<\/a><\/blockquote><iframe class=\"wp-embedded-content\" sandbox=\"allow-scripts\" security=\"restricted\" style=\"position: absolute; visibility: hidden;\" title=\"&#8222;DORADZTWO ZAWODOWE: LO, TM, BS&#8221; &#8212; Zesp\u00f3\u0142 Szk\u00f3\u0142 Mechanicznych\" src=\"https:\/\/zsme.poznan.pl\/?page_id=3991&#038;embed=true#?secret=iV87m63KmV#?secret=KXWmfjFCAO\" data-secret=\"KXWmfjFCAO\" width=\"600\" height=\"338\" frameborder=\"0\" marginwidth=\"0\" marginheight=\"0\" scrolling=\"no\"><\/iframe>\n<\/div><\/figure>\n\n\n\n<figure class=\"wp-block-embed is-type-wp-embed is-provider-zesp-szk-mechanicznych wp-block-embed-zesp-szk-mechanicznych\"><div class=\"wp-block-embed__wrapper\">\n<blockquote class=\"wp-embedded-content\" data-secret=\"f3KJVTgGKh\"><a href=\"https:\/\/zsme.poznan.pl\/?page_id=3994\">DORADCY ZAWODOWI<\/a><\/blockquote><iframe class=\"wp-embedded-content\" sandbox=\"allow-scripts\" security=\"restricted\" style=\"position: absolute; visibility: hidden;\" title=\"&#8222;DORADCY ZAWODOWI&#8221; &#8212; Zesp\u00f3\u0142 Szk\u00f3\u0142 Mechanicznych\" src=\"https:\/\/zsme.poznan.pl\/?page_id=3994&#038;embed=true#?secret=YijeKtizrq#?secret=f3KJVTgGKh\" data-secret=\"f3KJVTgGKh\" width=\"600\" height=\"338\" frameborder=\"0\" marginwidth=\"0\" marginheight=\"0\" scrolling=\"no\"><\/iframe>\n<\/div><\/figure>\n\n\n\n<figure class=\"wp-block-embed is-type-wp-embed is-provider-zesp-szk-mechanicznych wp-block-embed-zesp-szk-mechanicznych\"><div class=\"wp-block-embed__wrapper\">\n<blockquote class=\"wp-embedded-content\" data-secret=\"DzKYEGdwii\"><a href=\"https:\/\/zsme.poznan.pl\/?page_id=16434\">PUNKT DORADZTWA ZAWODOWEGO<\/a><\/blockquote><iframe class=\"wp-embedded-content\" sandbox=\"allow-scripts\" security=\"restricted\" style=\"position: absolute; visibility: hidden;\" title=\"&#8222;PUNKT DORADZTWA ZAWODOWEGO&#8221; &#8212; Zesp\u00f3\u0142 Szk\u00f3\u0142 Mechanicznych\" src=\"https:\/\/zsme.poznan.pl\/?page_id=16434&#038;embed=true#?secret=jMpNLq2ChP#?secret=DzKYEGdwii\" data-secret=\"DzKYEGdwii\" width=\"600\" height=\"338\" frameborder=\"0\" marginwidth=\"0\" marginheight=\"0\" scrolling=\"no\"><\/iframe>\n<\/div><\/figure>\n\n\n\n<figure class=\"wp-block-embed is-type-wp-embed is-provider-zesp-szk-mechanicznych wp-block-embed-zesp-szk-mechanicznych\"><div class=\"wp-block-embed__wrapper\">\n<blockquote class=\"wp-embedded-content\" data-secret=\"x79dJiikBa\"><a href=\"https:\/\/zsme.poznan.pl\/?page_id=3997\">SCHEMAT SYSTEMU EDUKACJI<\/a><\/blockquote><iframe class=\"wp-embedded-content\" sandbox=\"allow-scripts\" security=\"restricted\" style=\"position: absolute; visibility: hidden;\" title=\"&#8222;SCHEMAT SYSTEMU EDUKACJI&#8221; &#8212; Zesp\u00f3\u0142 Szk\u00f3\u0142 Mechanicznych\" src=\"https:\/\/zsme.poznan.pl\/?page_id=3997&#038;embed=true#?secret=7JGdtq6iBd#?secret=x79dJiikBa\" data-secret=\"x79dJiikBa\" width=\"600\" height=\"338\" frameborder=\"0\" marginwidth=\"0\" marginheight=\"0\" scrolling=\"no\"><\/iframe>\n<\/div><\/figure>\n\n\n\n<figure class=\"wp-block-embed is-type-wp-embed is-provider-zesp-szk-mechanicznych wp-block-embed-zesp-szk-mechanicznych\"><div class=\"wp-block-embed__wrapper\">\n<blockquote class=\"wp-embedded-content\" data-secret=\"0QQD45hOYc\"><a href=\"https:\/\/zsme.poznan.pl\/?page_id=4000\">CENTRUM DORADZTWA ZAWODOWEGO DLA M\u0141ODZIE\u017bY<\/a><\/blockquote><iframe class=\"wp-embedded-content\" sandbox=\"allow-scripts\" security=\"restricted\" style=\"position: absolute; visibility: hidden;\" title=\"&#8222;CENTRUM DORADZTWA ZAWODOWEGO DLA M\u0141ODZIE\u017bY&#8221; &#8212; Zesp\u00f3\u0142 Szk\u00f3\u0142 Mechanicznych\" src=\"https:\/\/zsme.poznan.pl\/?page_id=4000&#038;embed=true#?secret=pbOnXDTd6g#?secret=0QQD45hOYc\" data-secret=\"0QQD45hOYc\" width=\"600\" height=\"338\" frameborder=\"0\" marginwidth=\"0\" marginheight=\"0\" scrolling=\"no\"><\/iframe>\n<\/div><\/figure>\n\n\n\n<figure class=\"wp-block-embed is-type-wp-embed is-provider-zesp-szk-mechanicznych wp-block-embed-zesp-szk-mechanicznych\"><div class=\"wp-block-embed__wrapper\">\n<blockquote class=\"wp-embedded-content\" data-secret=\"5q6HcD4awU\"><a href=\"https:\/\/zsme.poznan.pl\/?page_id=4002\">KWALIFIKACJE ZAWODOWE<\/a><\/blockquote><iframe class=\"wp-embedded-content\" sandbox=\"allow-scripts\" security=\"restricted\" style=\"position: absolute; visibility: hidden;\" title=\"&#8222;KWALIFIKACJE ZAWODOWE&#8221; &#8212; Zesp\u00f3\u0142 Szk\u00f3\u0142 Mechanicznych\" src=\"https:\/\/zsme.poznan.pl\/?page_id=4002&#038;embed=true#?secret=pIEVSgOxUW#?secret=5q6HcD4awU\" data-secret=\"5q6HcD4awU\" width=\"600\" height=\"338\" frameborder=\"0\" marginwidth=\"0\" marginheight=\"0\" scrolling=\"no\"><\/iframe>\n<\/div><\/figure>\n\n\n\n<figure class=\"wp-block-embed is-type-wp-embed is-provider-zesp-szk-mechanicznych wp-block-embed-zesp-szk-mechanicznych\"><div class=\"wp-block-embed__wrapper\">\n<blockquote class=\"wp-embedded-content\" data-secret=\"hEEwjfnmxW\"><a href=\"https:\/\/zsme.poznan.pl\/?page_id=4004\">PRZEWODNIKI PO ZAWODACH SZKOLNYCH I (KZIS)<\/a><\/blockquote><iframe class=\"wp-embedded-content\" sandbox=\"allow-scripts\" security=\"restricted\" style=\"position: absolute; visibility: hidden;\" title=\"&#8222;PRZEWODNIKI PO ZAWODACH SZKOLNYCH I (KZIS)&#8221; &#8212; Zesp\u00f3\u0142 Szk\u00f3\u0142 Mechanicznych\" src=\"https:\/\/zsme.poznan.pl\/?page_id=4004&#038;embed=true#?secret=8PCI6B842d#?secret=hEEwjfnmxW\" data-secret=\"hEEwjfnmxW\" width=\"600\" height=\"338\" frameborder=\"0\" marginwidth=\"0\" marginheight=\"0\" scrolling=\"no\"><\/iframe>\n<\/div><\/figure>\n\n\n\n<figure class=\"wp-block-embed is-type-wp-embed is-provider-zesp-szk-mechanicznych wp-block-embed-zesp-szk-mechanicznych\"><div class=\"wp-block-embed__wrapper\">\n<blockquote class=\"wp-embedded-content\" data-secret=\"rk7lUqeubs\"><a href=\"https:\/\/zsme.poznan.pl\/?page_id=4006\">INFORMACJE O STUDIACH I SZKO\u0141ACH POLICEALNYCH<\/a><\/blockquote><iframe class=\"wp-embedded-content\" sandbox=\"allow-scripts\" security=\"restricted\" style=\"position: absolute; visibility: hidden;\" title=\"&#8222;INFORMACJE O STUDIACH I SZKO\u0141ACH POLICEALNYCH&#8221; &#8212; Zesp\u00f3\u0142 Szk\u00f3\u0142 Mechanicznych\" src=\"https:\/\/zsme.poznan.pl\/?page_id=4006&#038;embed=true#?secret=364AxQd59E#?secret=rk7lUqeubs\" data-secret=\"rk7lUqeubs\" width=\"600\" height=\"338\" frameborder=\"0\" marginwidth=\"0\" marginheight=\"0\" scrolling=\"no\"><\/iframe>\n<\/div><\/figure>\n\n\n\n<figure class=\"wp-block-embed is-type-wp-embed is-provider-zesp-szk-mechanicznych wp-block-embed-zesp-szk-mechanicznych\"><div class=\"wp-block-embed__wrapper\">\n<blockquote class=\"wp-embedded-content\" data-secret=\"No6hC2hjUE\"><a href=\"https:\/\/zsme.poznan.pl\/?page_id=4008\">GDZIE SZUKA\u0106 PRACY<\/a><\/blockquote><iframe class=\"wp-embedded-content\" sandbox=\"allow-scripts\" security=\"restricted\" style=\"position: absolute; visibility: hidden;\" title=\"&#8222;GDZIE SZUKA\u0106 PRACY&#8221; &#8212; Zesp\u00f3\u0142 Szk\u00f3\u0142 Mechanicznych\" src=\"https:\/\/zsme.poznan.pl\/?page_id=4008&#038;embed=true#?secret=UBWYMEFUOj#?secret=No6hC2hjUE\" data-secret=\"No6hC2hjUE\" width=\"600\" height=\"338\" frameborder=\"0\" marginwidth=\"0\" marginheight=\"0\" scrolling=\"no\"><\/iframe>\n<\/div><\/figure>\n\n\n\n<figure class=\"wp-block-embed is-type-wp-embed is-provider-zesp-szk-mechanicznych wp-block-embed-zesp-szk-mechanicznych\"><div class=\"wp-block-embed__wrapper\">\n<blockquote class=\"wp-embedded-content\" data-secret=\"04KhHADeUU\"><a href=\"https:\/\/zsme.poznan.pl\/?page_id=4010\">DOKUMENTY APLIKACYJNE<\/a><\/blockquote><iframe class=\"wp-embedded-content\" sandbox=\"allow-scripts\" security=\"restricted\" style=\"position: absolute; visibility: hidden;\" title=\"&#8222;DOKUMENTY APLIKACYJNE&#8221; &#8212; Zesp\u00f3\u0142 Szk\u00f3\u0142 Mechanicznych\" src=\"https:\/\/zsme.poznan.pl\/?page_id=4010&#038;embed=true#?secret=dkcevmKuxL#?secret=04KhHADeUU\" data-secret=\"04KhHADeUU\" width=\"600\" height=\"338\" frameborder=\"0\" marginwidth=\"0\" marginheight=\"0\" scrolling=\"no\"><\/iframe>\n<\/div><\/figure>\n\n\n\n<figure class=\"wp-block-embed is-type-wp-embed is-provider-zesp-szk-mechanicznych wp-block-embed-zesp-szk-mechanicznych\"><div class=\"wp-block-embed__wrapper\">\n<blockquote class=\"wp-embedded-content\" data-secret=\"HIOuGN2hCS\"><a href=\"https:\/\/zsme.poznan.pl\/?page_id=4013\">SPRAWD\u0179 SWOJE PREDYSPOZYCJE OSOBOWO\u015aCIOWE I ZAWODOWE<\/a><\/blockquote><iframe class=\"wp-embedded-content\" sandbox=\"allow-scripts\" security=\"restricted\" style=\"position: absolute; visibility: hidden;\" title=\"&#8222;SPRAWD\u0179 SWOJE PREDYSPOZYCJE OSOBOWO\u015aCIOWE I ZAWODOWE&#8221; &#8212; Zesp\u00f3\u0142 Szk\u00f3\u0142 Mechanicznych\" src=\"https:\/\/zsme.poznan.pl\/?page_id=4013&#038;embed=true#?secret=FAbUpHIO62#?secret=HIOuGN2hCS\" data-secret=\"HIOuGN2hCS\" width=\"600\" height=\"338\" frameborder=\"0\" marginwidth=\"0\" marginheight=\"0\" scrolling=\"no\"><\/iframe>\n<\/div><\/figure>\n\n\n\n<figure class=\"wp-block-embed is-type-wp-embed is-provider-zesp-szk-mechanicznych wp-block-embed-zesp-szk-mechanicznych\"><div class=\"wp-block-embed__wrapper\">\n<blockquote class=\"wp-embedded-content\" data-secret=\"dwGms3XZjS\"><a href=\"https:\/\/zsme.poznan.pl\/?page_id=4015\">PROJEKTY<\/a><\/blockquote><iframe class=\"wp-embedded-content\" sandbox=\"allow-scripts\" security=\"restricted\" style=\"position: absolute; visibility: hidden;\" title=\"&#8222;PROJEKTY&#8221; &#8212; Zesp\u00f3\u0142 Szk\u00f3\u0142 Mechanicznych\" src=\"https:\/\/zsme.poznan.pl\/?page_id=4015&#038;embed=true#?secret=29C8jQIHQA#?secret=dwGms3XZjS\" data-secret=\"dwGms3XZjS\" width=\"600\" height=\"338\" frameborder=\"0\" marginwidth=\"0\" marginheight=\"0\" scrolling=\"no\"><\/iframe>\n<\/div><\/figure>\n\n\n\n<figure class=\"wp-block-embed is-type-wp-embed is-provider-zesp-szk-mechanicznych wp-block-embed-zesp-szk-mechanicznych\"><div class=\"wp-block-embed__wrapper\">\n<blockquote class=\"wp-embedded-content\" data-secret=\"Gb0DkoFZkF\"><a href=\"https:\/\/zsme.poznan.pl\/?page_id=4017\">DLA RODZICA I NAUCZYCIELA<\/a><\/blockquote><iframe class=\"wp-embedded-content\" sandbox=\"allow-scripts\" security=\"restricted\" style=\"position: absolute; visibility: hidden;\" title=\"&#8222;DLA RODZICA I NAUCZYCIELA&#8221; &#8212; Zesp\u00f3\u0142 Szk\u00f3\u0142 Mechanicznych\" src=\"https:\/\/zsme.poznan.pl\/?page_id=4017&#038;embed=true#?secret=4okYC84lv7#?secret=Gb0DkoFZkF\" data-secret=\"Gb0DkoFZkF\" width=\"600\" height=\"338\" frameborder=\"0\" marginwidth=\"0\" marginheight=\"0\" scrolling=\"no\"><\/iframe>\n<\/div><\/figure>\n\n\n\n<figure class=\"wp-block-embed is-type-wp-embed is-provider-zesp-szk-mechanicznych wp-block-embed-zesp-szk-mechanicznych\"><div class=\"wp-block-embed__wrapper\">\n<blockquote class=\"wp-embedded-content\" data-secret=\"CGPyEiDvE2\"><a href=\"https:\/\/zsme.poznan.pl\/?page_id=8931\">Zaproszenia<\/a><\/blockquote><iframe class=\"wp-embedded-content\" sandbox=\"allow-scripts\" security=\"restricted\" style=\"position: absolute; visibility: hidden;\" title=\"&#8222;Zaproszenia&#8221; &#8212; Zesp\u00f3\u0142 Szk\u00f3\u0142 Mechanicznych\" src=\"https:\/\/zsme.poznan.pl\/?page_id=8931&#038;embed=true#?secret=XiHUFMe6oL#?secret=CGPyEiDvE2\" data-secret=\"CGPyEiDvE2\" width=\"600\" height=\"338\" frameborder=\"0\" marginwidth=\"0\" marginheight=\"0\" scrolling=\"no\"><\/iframe>\n<\/div><\/figure>\n","protected":false},"excerpt":{"rendered":"","protected":false},"author":3,"featured_media":0,"parent":0,"menu_order":0,"comment_status":"closed","ping_status":"closed","template":"","meta":{"footnotes":""},"class_list":["post-18973","page","type-page","status-publish","hentry"],"_links":{"self":[{"href":"https:\/\/zsme.poznan.pl\/index.php?rest_route=\/wp\/v2\/pages\/18973","targetHints":{"allow":["GET"]}}],"collection":[{"href":"https:\/\/zsme.poznan.pl\/index.php?rest_route=\/wp\/v2\/pages"}],"about":[{"href":"https:\/\/zsme.poznan.pl\/index.php?rest_route=\/wp\/v2\/types\/page"}],"author":[{"embeddable":true,"href":"https:\/\/zsme.poznan.pl\/index.php?rest_route=\/wp\/v2\/users\/3"}],"replies":[{"embeddable":true,"href":"https:\/\/zsme.poznan.pl\/index.php?rest_route=%2Fwp%2Fv2%2Fcomments&post=18973"}],"version-history":[{"count":1,"href":"https:\/\/zsme.poznan.pl\/index.php?rest_route=\/wp\/v2\/pages\/18973\/revisions"}],"predecessor-version":[{"id":18974,"href":"https:\/\/zsme.poznan.pl\/index.php?rest_route=\/wp\/v2\/pages\/18973\/revisions\/18974"}],"wp:attachment":[{"href":"https:\/\/zsme.poznan.pl\/index.php?rest_route=%2Fwp%2Fv2%2Fmedia&parent=18973"}],"curies":[{"name":"wp","href":"https:\/\/api.w.org\/{rel}","templated":true}]}}