{"id":19188,"date":"2025-09-08T09:14:42","date_gmt":"2025-09-08T09:14:42","guid":{"rendered":"https:\/\/zsme.poznan.pl\/?page_id=19188"},"modified":"2026-01-21T11:14:40","modified_gmt":"2026-01-21T11:14:40","slug":"harmonogram-zajec-w-weekendy-w-i-semestrze-roku-szkolnego-2025-26","status":"publish","type":"page","link":"https:\/\/zsme.poznan.pl\/?page_id=19188","title":{"rendered":"HARMONOGRAM ZAJ\u0118\u0106 W WEEKENDY W II SEMESTRZE ROKU SZKOLNEGO 2025\/26"},"content":{"rendered":"\n<figure class=\"wp-block-table\"><table class=\"has-fixed-layout\"><tbody><tr><td>weekend<\/td><td>klasy pierwsze<\/td><td>klasy drugie &nbsp;<\/td><\/tr><tr><td>24-25.01<\/td><td><strong>Zaj\u0119cia<\/strong><\/td><td><strong>Zaj\u0119cia<\/strong><\/td><\/tr><tr><td>31.01-01.02<\/td><td><strong>Zaj\u0119cia<\/strong><\/td><td><strong>Zaj\u0119cia<\/strong><\/td><\/tr><tr><td>07-08.02<\/td><td><strong>Zaj\u0119cia<\/strong><\/td><td><strong>Zaj\u0119cia<\/strong><\/td><\/tr><tr><td>14-15.02<\/td><td><strong>Zaj\u0119cia<\/strong><\/td><td><strong>Zaj\u0119cia<\/strong><\/td><\/tr><tr><td>07-08.03<\/td><td><strong>Zaj\u0119cia<\/strong><\/td><td><strong>Zaj\u0119cia<\/strong><\/td><\/tr><tr><td>14-15.03<\/td><td><strong>&#8212;&#8212;&#8212;&#8212;&#8211;<\/strong><\/td><td><strong>Zaj\u0119cia<\/strong><\/td><\/tr><tr><td>21-22.03<\/td><td><strong>Zaj\u0119cia<\/strong><\/td><td><strong>Zaj\u0119cia<\/strong><\/td><\/tr><tr><td>28-29.03<\/td><td><strong>Zaj\u0119cia<\/strong><\/td><td><strong>Zaj\u0119cia<\/strong><\/td><\/tr><tr><td>11-12.04<\/td><td><strong>Zaj\u0119cia<\/strong><\/td><td><strong>Egzaminy semestralne<\/strong><\/td><\/tr><tr><td>18-19.04<\/td><td><strong>&#8212;&#8211;<\/strong><\/td><td><strong>&#8212;&#8212;&#8212;&#8212;&#8211;<\/strong><\/td><\/tr><tr><td>25-26.04<\/td><td><strong>Zaj\u0119cia<\/strong><\/td><td>&#8212;&#8212;-<\/td><\/tr><tr><td>09-10.05<\/td><td><strong>Zaj\u0119cia<\/strong><\/td><td>&#8212;&#8212;-<\/td><\/tr><tr><td>16-17.05<\/td><td><strong>Zaj\u0119cia<\/strong><\/td><td>&#8212;&#8212;-<\/td><\/tr><tr><td>30-31.05<\/td><td><strong>Zaj\u0119cia<\/strong><\/td><td>&#8212;&#8212;-<\/td><\/tr><tr><td>06-07.06<\/td><td><strong>Zaj\u0119cia<\/strong><\/td><td>&#8212;&#8212;-<\/td><\/tr><tr><td>13-14.06<\/td><td><strong>Egzaminy<\/strong> <strong>semestralne<\/strong><\/td><td>&#8212;&#8212;-<\/td><\/tr><tr><td>21-22.06<\/td><td><strong>Egzaminy<\/strong> <strong>semestralne<\/strong><\/td><td>&#8212;&#8212;-<\/td><\/tr><\/tbody><\/table><\/figure>\n\n\n\n<p><strong>Ze wzgl\u0119d\u00f3w organizacyjnych terminy mog\u0105 ulec zmianie.<\/strong><\/p>\n","protected":false},"excerpt":{"rendered":"<p>weekend klasy pierwsze klasy drugie &nbsp; 24-25.01 Zaj\u0119cia Zaj\u0119cia 31.01-01.02 Zaj\u0119cia Zaj\u0119cia 07-08.02 Zaj\u0119cia Zaj\u0119cia 14-15.02 Zaj\u0119cia Zaj\u0119cia 07-08.03 Zaj\u0119cia Zaj\u0119cia 14-15.03 &#8212;&#8212;&#8212;&#8212;&#8211; Zaj\u0119cia 21-22.03 Zaj\u0119cia Zaj\u0119cia 28-29.03 Zaj\u0119cia Zaj\u0119cia 11-12.04 Zaj\u0119cia Egzaminy semestralne 18-19.04 &#8212;&#8211; &#8212;&#8212;&#8212;&#8212;&#8211; 25-26.04 Zaj\u0119cia &#8212;&#8212;- 09-10.05 Zaj\u0119cia &#8212;&#8212;- 16-17.05 Zaj\u0119cia &#8212;&#8212;- 30-31.05 Zaj\u0119cia &#8212;&#8212;- 06-07.06 Zaj\u0119cia &#8212;&#8212;- 13-14.06 Egzaminy semestralne [&hellip;]<\/p>\n","protected":false},"author":1,"featured_media":0,"parent":0,"menu_order":0,"comment_status":"closed","ping_status":"closed","template":"","meta":{"footnotes":""},"class_list":["post-19188","page","type-page","status-publish","hentry"],"_links":{"self":[{"href":"https:\/\/zsme.poznan.pl\/index.php?rest_route=\/wp\/v2\/pages\/19188","targetHints":{"allow":["GET"]}}],"collection":[{"href":"https:\/\/zsme.poznan.pl\/index.php?rest_route=\/wp\/v2\/pages"}],"about":[{"href":"https:\/\/zsme.poznan.pl\/index.php?rest_route=\/wp\/v2\/types\/page"}],"author":[{"embeddable":true,"href":"https:\/\/zsme.poznan.pl\/index.php?rest_route=\/wp\/v2\/users\/1"}],"replies":[{"embeddable":true,"href":"https:\/\/zsme.poznan.pl\/index.php?rest_route=%2Fwp%2Fv2%2Fcomments&post=19188"}],"version-history":[{"count":3,"href":"https:\/\/zsme.poznan.pl\/index.php?rest_route=\/wp\/v2\/pages\/19188\/revisions"}],"predecessor-version":[{"id":20297,"href":"https:\/\/zsme.poznan.pl\/index.php?rest_route=\/wp\/v2\/pages\/19188\/revisions\/20297"}],"wp:attachment":[{"href":"https:\/\/zsme.poznan.pl\/index.php?rest_route=%2Fwp%2Fv2%2Fmedia&parent=19188"}],"curies":[{"name":"wp","href":"https:\/\/api.w.org\/{rel}","templated":true}]}}