{"id":19404,"date":"2025-09-24T10:08:51","date_gmt":"2025-09-24T10:08:51","guid":{"rendered":"https:\/\/zsme.poznan.pl\/?page_id=19404"},"modified":"2025-09-24T10:08:51","modified_gmt":"2025-09-24T10:08:51","slug":"kalendarz-maturzysty-w-roku-szkolnym-2025-26","status":"publish","type":"page","link":"https:\/\/zsme.poznan.pl\/?page_id=19404","title":{"rendered":"KALENDARZ \u00a0MATURZYSTY W ROKU \u00a0SZKOLNYM 2025\/26"},"content":{"rendered":"\n<figure class=\"wp-block-table\"><table class=\"has-fixed-layout\"><tbody><tr><td><strong>DATA<\/strong><\/td><td><strong>WYDARZENIE<\/strong><\/td><\/tr><tr><td>17\u201318.09.2025<\/td><td>Salon Maturzyst\u00f3w<\/td><\/tr><tr><td>do 26.09.2025<\/td><td>Spotkanie z dyrekcj\u0105 i osob\u0105 odpowiedzialn\u0105 za dostosowania warunk\u00f3w i form egzaminu maturalnego<\/td><\/tr><tr><td>do 17.11.2025<\/td><td>Przekazanie uczniom login\u00f3w i hase\u0142 do systemu ZIU\u2013SIOEO<\/td><\/tr><tr><td>do 09.02.2026<\/td><td>Sk\u0142adanie deklaracji oraz ewentualnych dokument\u00f3w uprawniaj\u0105cych do dostosowania warunk\u00f3w lub formy egzaminu maturalnego<\/td><\/tr><tr><td>07.03.2026<\/td><td>Og\u0142oszenie szkolnego harmonogramu \u201ematury ustnej\u201d<\/td><\/tr><tr><td>do 20.04.2026<\/td><td>Z\u0142o\u017cenie wniosku (za\u0142. 5c) o rezygnacj\u0119 z przyst\u0105pienia do egzaminu na poziomie rozszerzonym w zwi\u0105zku &nbsp;zdania wszystkich kwalifikacji w zawodzie<\/td><\/tr><tr><td>04\u201320.05.2026<\/td><td>Egzaminy pisemne (matura)<\/td><\/tr><tr><td>07\u201330.05.2026<\/td><td>Egzaminy ustne z j\u0119zyka obcego nowo\u017cytnego i j\u0119zyka polskiego<\/td><\/tr><tr><td>01\u201315.06.2026<\/td><td>Egzaminy maturalne w terminie dodatkowym<\/td><\/tr><tr><td>08.07.2026<\/td><td>Og\u0142oszenie wynik\u00f3w egzamin\u00f3w maturalnych<\/td><\/tr><tr><td>15.07.2026<\/td><td>Ostateczny termin z\u0142o\u017cenia wniosku o egzamin poprawkowy<\/td><\/tr><tr><td>24.08.2026<\/td><td>Pisemny egzamin maturalny poprawkowy<\/td><\/tr><tr><td>25.08.2026<\/td><td>Ustny egzamin maturalny poprawkowy<\/td><\/tr><tr><td>11.09.2026<\/td><td>Og\u0142oszenie wynik\u00f3w egzaminu maturalnego poprawkowego<\/td><\/tr><\/tbody><\/table><\/figure>\n","protected":false},"excerpt":{"rendered":"<p>DATA WYDARZENIE 17\u201318.09.2025 Salon Maturzyst\u00f3w do 26.09.2025 Spotkanie z dyrekcj\u0105 i osob\u0105 odpowiedzialn\u0105 za dostosowania warunk\u00f3w i form egzaminu maturalnego do 17.11.2025 Przekazanie uczniom login\u00f3w i hase\u0142 do systemu ZIU\u2013SIOEO do 09.02.2026 Sk\u0142adanie deklaracji oraz ewentualnych dokument\u00f3w uprawniaj\u0105cych do dostosowania warunk\u00f3w lub formy egzaminu maturalnego 07.03.2026 Og\u0142oszenie szkolnego harmonogramu \u201ematury ustnej\u201d do 20.04.2026 Z\u0142o\u017cenie wniosku [&hellip;]<\/p>\n","protected":false},"author":1,"featured_media":0,"parent":0,"menu_order":0,"comment_status":"closed","ping_status":"closed","template":"","meta":{"footnotes":""},"class_list":["post-19404","page","type-page","status-publish","hentry"],"_links":{"self":[{"href":"https:\/\/zsme.poznan.pl\/index.php?rest_route=\/wp\/v2\/pages\/19404","targetHints":{"allow":["GET"]}}],"collection":[{"href":"https:\/\/zsme.poznan.pl\/index.php?rest_route=\/wp\/v2\/pages"}],"about":[{"href":"https:\/\/zsme.poznan.pl\/index.php?rest_route=\/wp\/v2\/types\/page"}],"author":[{"embeddable":true,"href":"https:\/\/zsme.poznan.pl\/index.php?rest_route=\/wp\/v2\/users\/1"}],"replies":[{"embeddable":true,"href":"https:\/\/zsme.poznan.pl\/index.php?rest_route=%2Fwp%2Fv2%2Fcomments&post=19404"}],"version-history":[{"count":1,"href":"https:\/\/zsme.poznan.pl\/index.php?rest_route=\/wp\/v2\/pages\/19404\/revisions"}],"predecessor-version":[{"id":19405,"href":"https:\/\/zsme.poznan.pl\/index.php?rest_route=\/wp\/v2\/pages\/19404\/revisions\/19405"}],"wp:attachment":[{"href":"https:\/\/zsme.poznan.pl\/index.php?rest_route=%2Fwp%2Fv2%2Fmedia&parent=19404"}],"curies":[{"name":"wp","href":"https:\/\/api.w.org\/{rel}","templated":true}]}}