{"id":20285,"date":"2026-01-20T11:15:40","date_gmt":"2026-01-20T11:15:40","guid":{"rendered":"https:\/\/zsme.poznan.pl\/?page_id=20285"},"modified":"2026-03-16T09:08:30","modified_gmt":"2026-03-16T09:08:30","slug":"deklaracja-dostepnosci-3","status":"publish","type":"page","link":"https:\/\/zsme.poznan.pl\/?page_id=20285","title":{"rendered":"Deklaracja dost\u0119pno\u015bci"},"content":{"rendered":"<h1 id=\"a11y-deklaracja\">Deklaracja dost\u0119pno\u015bci Strony internetowej Zespo\u0142u Szk\u00f3\u0142 Mechanicznych im. Komisji Edukacji Narodowej w Poznaniu<\/h1>\n<p id=\"a11y-wstep\"><span id=\"a11y-podmiot\">Zesp\u00f3\u0142 Szk\u00f3\u0142 Mechanicznych im. Komisji Edukacji Narodowej w Poznaniu<\/span> zobowi\u0105zuje si\u0119 zapewni\u0107 dost\u0119pno\u015b\u0107 swojej strony internetowej zgodnie z przepisami ustawy z dnia 4\u00a0kwietnia 2019\u00a0r. o\u00a0dost\u0119pno\u015bci cyfrowej stron internetowych i\u00a0aplikacji mobilnych podmiot\u00f3w publicznych. O\u015bwiadczenie w sprawie dost\u0119pno\u015bci ma zastosowanie do strony internetowej <a id=\"a11y-url\" href=\"http:\/\/zsken.pl\/\">Strony internetowej Zespo\u0142u Szk\u00f3\u0142 Mechanicznych im. Komisji Edukacji Narodowej w Poznaniu<\/a>.<\/p>\n<ul>\n<li>Data publikacji strony internetowej: <time id=\"a11y-data-publikacja\" datetime=\"2018-09-01\">2025-09-01<\/time><\/li>\n<li>Data ostatniej istotnej aktualizacji:<time id=\"a11y-data-aktualizacja\" datetime=\"2021-03-12\"> <time id=\"a11y-data-publikacja\" datetime=\"2018-09-01\">2025-09-01<\/time><\/time><\/li>\n<\/ul>\n<h2>Status pod wzgl\u0119dem zgodno\u015bci z ustaw\u0105<\/h2>\n<p>Strona internetowa jest <strong>w przewa\u017caj\u0105cej cz\u0119\u015bci zgodna<\/strong>\u00a0z ustaw\u0105 o dost\u0119pno\u015bci cyfrowej stron internetowych i aplikacji mobilnych podmiot\u00f3w publicznych.<\/p>\n<h3>Tre\u015bci niedost\u0119pne<\/h3>\n<ul>\n<li>Nieliczne filmy mog\u0105 nie posiada\u0107 napis\u00f3w dla os\u00f3b g\u0142uchych.<\/li>\n<li>Niekt\u00f3re z zamieszczonych plik\u00f3w PDF nie s\u0105 dokumentami edytowalnymi.<\/li>\n<li>Niekt\u00f3re informacje przedstawiono jedynie w formie graficznej.<\/li>\n<\/ul>\n<h3>Przygotowanie deklaracji w sprawie dost\u0119pno\u015bci<\/h3>\n<ul>\n<li>Deklaracj\u0119 sporz\u0105dzono dnia: <time id=\"a11y-data-sporzadzenie\" datetime=\"2021-03-30\">2025-09-15<\/time><\/li>\n<li>Deklaracj\u0119 zosta\u0142a ostatnio poddana przegl\u0105dowi i aktualizacji dnia: <time id=\"a11y-data-aktualizacja\" datetime=\"2021-03-12\">2026-03-16<\/time><\/li>\n<\/ul>\n<p>Deklaracj\u0119 sporz\u0105dzono na podstawie samooceny.<\/p>\n<h2 id=\"a11y-kontakt\">Informacje zwrotne i dane kontaktowe<\/h2>\n<ul>\n<li>Za rozpatrywanie uwag i wniosk\u00f3w odpowiada: <span id=\"a11y-osoba\">Micha\u0142 Marty\u0144ski<\/span><\/li>\n<li>E-mail: <span id=\"a11y-email\">michal.martynski@zsken.pl<\/span><\/li>\n<li>Telefon: <span id=\"a11y-telefon\">61 8 32 19 49<\/span><\/li>\n<\/ul>\n<p id=\"a11y-procedura\">Ka\u017cdy ma prawo:<\/p>\n<ul>\n<li>zg\u0142osi\u0107 uwagi dotycz\u0105ce dost\u0119pno\u015bci cyfrowej strony lub jej elementu,<\/li>\n<li>zg\u0142osi\u0107 \u017c\u0105danie zapewnienia dost\u0119pno\u015bci cyfrowej strony lub jej elementu,<\/li>\n<li>wnioskowa\u0107 o udost\u0119pnienie niedost\u0119pnej informacji w innej alternatywnej formie.<\/li>\n<\/ul>\n<p>\u017b\u0105danie musi zawiera\u0107:<\/p>\n<ul>\n<li>dane kontaktowe osoby zg\u0142aszaj\u0105cej,<\/li>\n<li>wskazanie strony lub elementu strony, kt\u00f3rej dotyczy \u017c\u0105danie,<\/li>\n<li>wskazanie dogodnej formy udost\u0119pnienia informacji, je\u015bli \u017c\u0105danie dotyczy udost\u0119pnienia w formie alternatywnej informacji niedost\u0119pnej.<\/li>\n<\/ul>\n<p>Rozpatrzenie zg\u0142oszenia powinno nast\u0105pi\u0107 niezw\u0142ocznie, najp\u00f3\u017aniej w ci\u0105gu 7 dni. Je\u015bli w tym terminie zapewnienie dost\u0119pno\u015bci albo zapewnienie dost\u0119pu w alternatywnej formie nie jest mo\u017cliwe, powinno nast\u0105pi\u0107 najdalej w ci\u0105gu 2 miesi\u0119cy od daty zg\u0142oszenia.<\/p>\n<h3>Skargi i odwo\u0142ania<\/h3>\n<p>Na niedotrzymanie tych termin\u00f3w oraz na odmow\u0119 realizacji \u017c\u0105dania mo\u017cna z\u0142o\u017cy\u0107 skarg\u0119 do organu nadzoruj\u0105cego poczt\u0105 lub drog\u0105 elektroniczn\u0105 na adres:<\/p>\n<ul>\n<li>Organ nadzoruj\u0105cy: Dyrektor Zespo\u0142u Szk\u00f3\u0142 Mechanicznych im. Komisji Edukacji Narodowej w Poznaniu<\/li>\n<li>Adres: 61-472 Pozna\u0144,<br \/>\nul. \u015awierkowa 8<\/li>\n<li>E-mail: zsm@poznan.interklasa.pl<\/li>\n<li>Telefon: 61 8 32 19 49<\/li>\n<\/ul>\n<p>Skarg\u0119 mo\u017cna z\u0142o\u017cy\u0107 r\u00f3wnie\u017c do <a href=\"https:\/\/www.rpo.gov.pl\/content\/jak-zglosic-sie-do-rzecznika-praw-obywatelskich\">Rzecznika Praw Obywatelskich<\/a>.<\/p>\n<h2 id=\"a11y-architektura\">Dost\u0119pno\u015b\u0107 architektoniczna<\/h2>\n<p>Przed wej\u015bciem do budynk\u00f3w znajduj\u0105 si\u0119 schody. Przy wej\u015bciu do budynku B zamontowana zosta\u0142a platforma podjazdowa umo\u017cliwiaj\u0105ca wjazd osobom z niepe\u0142nosprawno\u015bciami. Istnieje mo\u017cliwo\u015b\u0107 wej\u015bcia z psem asystuj\u0105cym. Przed budynkami znajduj\u0105 si\u0119 miejsca parkingowe dla os\u00f3b z niepe\u0142nosprawno\u015bciami. Wewn\u0105trz budynk\u00f3w brakuje rozwi\u0105za\u0144 architektonicznych, np. wind,\u00a0 umo\u017cliwiaj\u0105cych osobom z niepe\u0142nosprawno\u015bciami dotarcie na wy\u017csze kondygnacje.<\/p>\n","protected":false},"excerpt":{"rendered":"<p>Deklaracja dost\u0119pno\u015bci Strony internetowej Zespo\u0142u Szk\u00f3\u0142 Mechanicznych im. Komisji Edukacji Narodowej w Poznaniu Zesp\u00f3\u0142 Szk\u00f3\u0142 Mechanicznych im. Komisji Edukacji Narodowej w Poznaniu zobowi\u0105zuje si\u0119 zapewni\u0107 dost\u0119pno\u015b\u0107 swojej strony internetowej zgodnie z przepisami ustawy z dnia 4\u00a0kwietnia 2019\u00a0r. o\u00a0dost\u0119pno\u015bci cyfrowej stron internetowych i\u00a0aplikacji mobilnych podmiot\u00f3w publicznych. O\u015bwiadczenie w sprawie dost\u0119pno\u015bci ma zastosowanie do strony internetowej Strony [&hellip;]<\/p>\n","protected":false},"author":1,"featured_media":0,"parent":0,"menu_order":0,"comment_status":"closed","ping_status":"closed","template":"","meta":{"footnotes":""},"class_list":["post-20285","page","type-page","status-publish","hentry"],"_links":{"self":[{"href":"https:\/\/zsme.poznan.pl\/index.php?rest_route=\/wp\/v2\/pages\/20285","targetHints":{"allow":["GET"]}}],"collection":[{"href":"https:\/\/zsme.poznan.pl\/index.php?rest_route=\/wp\/v2\/pages"}],"about":[{"href":"https:\/\/zsme.poznan.pl\/index.php?rest_route=\/wp\/v2\/types\/page"}],"author":[{"embeddable":true,"href":"https:\/\/zsme.poznan.pl\/index.php?rest_route=\/wp\/v2\/users\/1"}],"replies":[{"embeddable":true,"href":"https:\/\/zsme.poznan.pl\/index.php?rest_route=%2Fwp%2Fv2%2Fcomments&post=20285"}],"version-history":[{"count":4,"href":"https:\/\/zsme.poznan.pl\/index.php?rest_route=\/wp\/v2\/pages\/20285\/revisions"}],"predecessor-version":[{"id":20571,"href":"https:\/\/zsme.poznan.pl\/index.php?rest_route=\/wp\/v2\/pages\/20285\/revisions\/20571"}],"wp:attachment":[{"href":"https:\/\/zsme.poznan.pl\/index.php?rest_route=%2Fwp%2Fv2%2Fmedia&parent=20285"}],"curies":[{"name":"wp","href":"https:\/\/api.w.org\/{rel}","templated":true}]}}