{"id":2123,"date":"2018-08-22T10:38:02","date_gmt":"2018-08-22T10:38:02","guid":{"rendered":"http:\/\/www.zsken.home.pl\/zsken18\/?page_id=2123"},"modified":"2026-02-12T10:56:24","modified_gmt":"2026-02-12T10:56:24","slug":"historia","status":"publish","type":"page","link":"https:\/\/zsme.poznan.pl\/?page_id=2123","title":{"rendered":"Historia i patron"},"content":{"rendered":"<h3>Historia szko\u0142y<\/h3>\n<p>Zesp\u00f3\u0142 Szk\u00f3\u0142 Mechanicznych im. KEN powsta\u0142 w roku 1976 na skutek po\u0142\u0105czenia dw\u00f3ch wcze\u015bniej istniej\u0105cych szk\u00f3\u0142 mechanicznych:<\/p>\n<ul>\n<li>Zespo\u0142u Szk\u00f3\u0142 Zawodowych ZPM H .Cegielski- przyzak\u0142adowej szko\u0142y Zak\u0142ad\u00f3w Przemys\u0142u Metalowego H. Cegielski<\/li>\n<li>Zespo\u0142u Szk\u00f3\u0142 Technicznych im. KEN \u2013 Szko\u0142y Ministerstwa Przemys\u0142u Ci\u0119\u017ckiego \u2013 ZST Min. Przem. Ci\u0119\u017ckiego.<\/li>\n<\/ul>\n<p>ZSZ HCP<\/p>\n<p>1924 &#8211; 39 Szko\u0142a Przemys\u0142owa przy Zak\u0142adach HCP<br \/>\n1945 Reaktywowanie szko\u0142y<br \/>\n1951 Zmiana nazwy &#8211; Zasadnicza Szko\u0142a Zawodowa<br \/>\n1955 &#8211; 57 Likwidacja szk\u00f3\u0142 przyzak\u0142adowych<br \/>\nIX.1957 Wznowienie dzia\u0142alno\u015bci Szko\u0142y<br \/>\n1962 Utworzenie Technikum Mechanicznego dla Pracuj\u0105cych<br \/>\nod 1963 Budynek dyrekcji HCP siedzib\u0105 szk\u00f3\u0142<br \/>\nzaj\u0119cia praktyczne odbywaj\u0105 si\u0119 w Zak\u0142adach HCP<br \/>\n1963 Nowy budynek szkolny przy ul. Dzier\u017cy\u0144skiego 198<br \/>\n1967 Po\u0142\u0105czenie szk\u00f3\u0142: Zasadniczej Szko\u0142y Zawodowej i Technikum<br \/>\nMechanicznego<\/p>\n<p>Nowa nazwa szko\u0142y:<\/p>\n<ul>\n<li>Zesp\u00f3\u0142 Szk\u00f3\u0142 Zawodowych przy Zak\u0142adach Przemys\u0142u Metalowego HCP<\/li>\n<\/ul>\n<p>1974 Nowy typ szko\u0142y: \u015arednie Studium Zawodowe<br \/>\n1962 &#8211; 76 Utworzenie Filii Szko\u0142y w \u015aremie<br \/>\n1976 Po\u0142\u0105czenie szk\u00f3\u0142 z ZST Min.Przem.Ci\u0119\u017ckiego<\/p>\n<p>ZST Min.Przem.Ci\u0119\u017ckiego<\/p>\n<p>1918 Dokszta\u0142caj\u0105ca Szko\u0142a Przemys\u0142owa przy ul. In\u017cynierskiej<br \/>\n1930 Zmiana nazwy: Dokszta\u0142caj\u0105ca Szko\u0142a Zawodowa<br \/>\n1945 Reaktywacja szko\u0142y<br \/>\n1947 Zmiana nazwy: Publiczna \u015arednia Szko\u0142a Zawodowa w Poznaniu<br \/>\n1947 Przy\u0142\u0105czenie Pa\u0144stwowego Gimnazjum Mechaniczno-Elektrycznego<br \/>\n1956 W\u0142asny budynek warsztat\u00f3w szkolnych przy ul. \u015awierkowej 10<br \/>\n1966 Nowy budynek szkolny przy ul. \u015awierkowej 8<\/p>\n<p>1971<\/p>\n<p>Nowa nazwa Szko\u0142y:<\/p>\n<ul>\n<li>Zesp\u00f3\u0142 Szk\u00f3\u0142 Technicznych Ministerstwa Przemys\u0142u Ci\u0119\u017ckiego<\/li>\n<\/ul>\n<p>W sk\u0142ad Zespo\u0142u wchodzi\u0142y:<\/p>\n<ul>\n<li>Zasadnicza Szko\u0142a Zawodowa<\/li>\n<li>Techniku Mechaniczne 5-letnie<\/li>\n<li>Techniku Mechaniczne na podbudowie Zasadniczej Szko\u0142y Zawodowej<\/li>\n<li>Liceum Zawodowe od 1974 r.<\/li>\n<\/ul>\n<p>Nazwa szko\u0142y:<\/p>\n<ul>\n<li>Zesp\u00f3\u0142 Szk\u00f3\u0142 Mechanicznych im.KEN Zak\u0142ad\u00f3w Przemys\u0142u Metalowego H. Cegielski<\/li>\n<\/ul>\n<p>1976 Po\u0142\u0105czenie szk\u00f3\u0142 z ZSZ HCP.<br \/>\n1990 Rezygnacja ZPM H.Cegielski z posiadania szko\u0142y.<\/p>\n<p>Nowa nazwa Szko\u0142y:<\/p>\n<ul>\n<li>Zesp\u00f3\u0142 Szk\u00f3\u0142 Mechanicznych im.Komisji Edukacji Narodowej<\/li>\n<\/ul>\n<p>Historia sk\u0142adu Zespo\u0142u Szk\u00f3\u0142:<\/p>\n<ul>\n<li>Technikum Mechaniczne 5-letnieLiceum ZawodoweLiceum ProfilowaneZasadnicza Szko\u0142a ZawodowaTechnikum dla doros\u0142ych ( na podb.ZSZ )<\/li>\n<li>\u015arednie Studium Zawodowe<\/li>\n<\/ul>\n<p>1999 Powo\u0142anie Liceum Og\u00f3lnokszta\u0142c\u0105cego w ramach Zespo\u0142u Szk\u00f3\u0142 Mechanicznych im. KEN<br \/>\n2002 Powo\u0142anie nowych typ\u00f3w szk\u00f3\u0142 w zwi\u0105zku z reform\u0105 szkolnictwa.<\/p>\n<p>Obecny sk\u0142ad Zespo\u0142u Szk\u00f3\u0142:<\/p>\n<ul>\n<li>Liceum Og\u00f3lnokszta\u0142c\u0105ce<\/li>\n<li>Technikum Mechaniczne<\/li>\n<li>Szko\u0142a Bran\u017cowa I Stopnia (od 2017r.)<\/li>\n<li>Szko\u0142a Bran\u017cowa II Stopnia (od 2021r.)<\/li>\n<li>Bursa Szkolna nr 2<\/li>\n<\/ul>\n<h3>Patron<\/h3>\n<h4>Komisja Edukacji Narodowej<\/h4>\n<p>Zosta\u0142a powo\u0142ana w Polsce przez Sejm 14 pa\u017adziernika 1773 na wniosek kr\u00f3la Stanis\u0142awa Poniatowskiego. Komisja by\u0142a pierwszym ministerstwem o\u015bwiaty publicznej w Polsce i pierwsz\u0105 tego typu instytucj\u0105 w Europie. Reforma szkolnictwa mia\u0142a stanowi\u0107 istotne ogniwo reformy pa\u0144stwa. Jej celem by\u0142o wykszta\u0142cenie pokolenia Polak\u00f3w \u015bwiadomych swych obowi\u0105zk\u00f3w obywatelskich, wyposa\u017conych w wiedz\u0119 u\u017cyteczn\u0105, opart\u0105 na \u00f3wczesnych zdobyczach nauki.<br \/>\nG\u0142\u00f3wnym inicjatorem i architektem powstania Komisji by\u0142 ksi\u0105dz Hugo Ko\u0142\u0142\u0105taj, kt\u00f3ry odgrywa\u0142 w jej dzia\u0142aniu rol\u0119 &#8222;szarej eminencji&#8221;. Najbardziej zas\u0142u\u017conymi, &#8222;oficjalnymi&#8221; cz\u0142onkami byli pos\u0142owie wywodz\u0105cy si\u0119 z magnackich rodzin i rodzin powi\u0105zanych z tzw. Famili\u0105, m.in.: Adam Kazimierz Czartoryski, Joachim Chreptowicz, Ignacy Potocki i Andrzej Zamoyski.<br \/>\nOpracowano nowe programy nauczania i podr\u0119czniki szkolne. Mniejszy nacisk po\u0142o\u017cono na przedmioty j\u0119zykowe, zmniejszono zakres nauczania \u0142aciny, wprowadzono przedmioty przyrodnicze i fizyczne, histori\u0119, geografi\u0119, a tak\u017ce elementy nauk rolniczych i medycznych. Ca\u0142kowicie nowym przedmiotem by\u0142a &#8222;nauka moralna&#8221; oparta na prawie naturalnym.<\/p>\n<p>Dzia\u0142alno\u015b\u0107 Komisji jest trudna do przecenienia w historii Polski.<\/p>\n<p>Stworzy\u0142a podwaliny pod nowoczesny system szkolny:<\/p>\n<ul>\n<li>\u00a0\u00a0\u00a0 sprawn\u0105 administracj\u0119<\/li>\n<li>\u00a0\u00a0\u00a0 unowocze\u015bnione programy nauczania<\/li>\n<li>\u00a0\u00a0\u00a0 jasno wytyczone cele wychowania,<\/li>\n<li>\u00a0\u00a0\u00a0 metody kszta\u0142cenia oparte na do\u015bwiadczeniu i racjonalnym ujmowaniu zjawisk.<\/li>\n<\/ul>\n<p>Wiele wskaza\u0144 zawartych w &#8222;Ustawach&#8221; zachowa\u0142o aktualno\u015b\u0107 po dzie\u0144 dzisiejszy.<br \/>\nKilkudziesi\u0119ciotysi\u0119czna kadra nauczycielska wykszta\u0142cona przez Komisj\u0119 kontynuowa\u0142a dzia\u0142alno\u015b\u0107 w jej duchu jeszcze d\u0142ugo po utracie przez Rzeczpospolit\u0105 niepodleg\u0142o\u015bci wychowuj\u0105c kolejne pokolenia nowocze\u015bnie wykszta\u0142conej m\u0142odzie\u017cy, dzi\u0119ki kt\u00f3rej przetrwa\u0142a polska kultura i j\u0119zyk.<\/p>\n","protected":false},"excerpt":{"rendered":"<p>Historia szko\u0142y Zesp\u00f3\u0142 Szk\u00f3\u0142 Mechanicznych im. KEN powsta\u0142 w roku 1976 na skutek po\u0142\u0105czenia dw\u00f3ch wcze\u015bniej istniej\u0105cych szk\u00f3\u0142 mechanicznych: Zespo\u0142u Szk\u00f3\u0142 Zawodowych ZPM H .Cegielski- przyzak\u0142adowej szko\u0142y Zak\u0142ad\u00f3w Przemys\u0142u Metalowego H. Cegielski Zespo\u0142u Szk\u00f3\u0142 Technicznych im. KEN \u2013 Szko\u0142y Ministerstwa Przemys\u0142u Ci\u0119\u017ckiego \u2013 ZST Min. Przem. Ci\u0119\u017ckiego. ZSZ HCP 1924 &#8211; 39 Szko\u0142a Przemys\u0142owa przy [&hellip;]<\/p>\n","protected":false},"author":1,"featured_media":0,"parent":0,"menu_order":0,"comment_status":"closed","ping_status":"closed","template":"","meta":{"footnotes":""},"class_list":["post-2123","page","type-page","status-publish","hentry"],"_links":{"self":[{"href":"https:\/\/zsme.poznan.pl\/index.php?rest_route=\/wp\/v2\/pages\/2123","targetHints":{"allow":["GET"]}}],"collection":[{"href":"https:\/\/zsme.poznan.pl\/index.php?rest_route=\/wp\/v2\/pages"}],"about":[{"href":"https:\/\/zsme.poznan.pl\/index.php?rest_route=\/wp\/v2\/types\/page"}],"author":[{"embeddable":true,"href":"https:\/\/zsme.poznan.pl\/index.php?rest_route=\/wp\/v2\/users\/1"}],"replies":[{"embeddable":true,"href":"https:\/\/zsme.poznan.pl\/index.php?rest_route=%2Fwp%2Fv2%2Fcomments&post=2123"}],"version-history":[{"count":1,"href":"https:\/\/zsme.poznan.pl\/index.php?rest_route=\/wp\/v2\/pages\/2123\/revisions"}],"predecessor-version":[{"id":20442,"href":"https:\/\/zsme.poznan.pl\/index.php?rest_route=\/wp\/v2\/pages\/2123\/revisions\/20442"}],"wp:attachment":[{"href":"https:\/\/zsme.poznan.pl\/index.php?rest_route=%2Fwp%2Fv2%2Fmedia&parent=2123"}],"curies":[{"name":"wp","href":"https:\/\/api.w.org\/{rel}","templated":true}]}}