{"id":2127,"date":"2018-08-22T10:46:24","date_gmt":"2018-08-22T10:46:24","guid":{"rendered":"http:\/\/www.zsken.home.pl\/zsken18\/?page_id=2127"},"modified":"2025-09-24T11:32:40","modified_gmt":"2025-09-24T11:32:40","slug":"dyrekcja-i-nauczyciele","status":"publish","type":"page","link":"https:\/\/zsme.poznan.pl\/?page_id=2127","title":{"rendered":"Dyrekcja i nauczyciele"},"content":{"rendered":"<h3>Dyrekcja<\/h3>\n<p>Dyrektor<br \/>\ndr Ma\u0142gorzata Nawojczyk-Bolewska<\/p>\n<p><!--<a href=\"https:\/\/zsme.poznan.pl\/wp-content\/uploads\/2022\/03\/dyrekcja.jpg\" data-rel=\"lightbox-image-0\" data-rl_title=\"\" data-rl_caption=\"\" title=\"\"><img fetchpriority=\"high\" decoding=\"async\" class=\"alignnone size-full wp-image-10539\" src=\"https:\/\/zsme.poznan.pl\/wp-content\/uploads\/2022\/03\/dyrekcja.jpg\" alt=\"\" width=\"458\" height=\"640\" srcset=\"https:\/\/zsme.poznan.pl\/wp-content\/uploads\/2022\/03\/dyrekcja.jpg 458w, https:\/\/zsme.poznan.pl\/wp-content\/uploads\/2022\/03\/dyrekcja-215x300.jpg 215w\" sizes=\"(max-width: 458px) 100vw, 458px\" \/><\/a>\n<!--<img decoding=\"async\" src=\"https:\/\/www.zsken.home.pl\/zsken18\/wp-content\/uploads\/2018\/09\/dyrekcja.jpg\" alt=\"\" width=\"500\" height=\"500\" \/>-->pe\u0142nomocnik dyrektora ZSM im. KEN<br \/>\nmgr Violetta Lenarczyk<\/p>\n<p>wicedyrektor<br \/>\nmgr Lidia Torzewska-Kulas<\/p>\n<p>wicedyrektor<br \/>\nmgr Paulina Michalak-Piotrowska<\/p>\n<p>wicedyrektor<br \/>\nmgr in\u017c. Jaros\u0142aw Stefa\u0144ski<\/p>\n<p>wicedyrektor<br \/>\nmgr Agata Przybylak<\/p>\n<p>wicedyrektor<br \/>\ndr in\u017c. Patrycja Szafran<\/p>\n<p>kierownik Bursy Szkolnej Nr 2<br \/>\nmgr Beata Marciniak<\/p>\n<h3>Nauczyciele<\/h3>\n<table width=\"633\">\n<tbody>\n<tr>\n<td width=\"42\"><strong>Lp.<\/strong><\/td>\n<td width=\"260\"><strong>Nazwisko <\/strong><\/td>\n<td width=\"331\"><strong>Przedmiot<\/strong><\/td>\n<\/tr>\n<tr>\n<td width=\"42\">1<\/td>\n<td width=\"260\">Andrzejewska Agnieszka<\/td>\n<td width=\"331\">J\u0119zyk angielski<\/td>\n<\/tr>\n<tr>\n<td width=\"42\">2<\/td>\n<td width=\"260\">Andrzejewski Patryk<\/td>\n<td width=\"331\">Edukacja dla bezpiecze\u0144stwa, Wychowanie fizyczne, Edukacja zdrowotna<\/td>\n<\/tr>\n<tr>\n<td width=\"42\">3<\/td>\n<td width=\"260\">Bartoszewski Wiktor<\/td>\n<td width=\"331\">Przedmioty zawodowe<\/td>\n<\/tr>\n<tr>\n<td width=\"42\">4<\/td>\n<td width=\"260\">Biernacki Jacek<\/td>\n<td width=\"331\">Wychowanie fizyczne, Edukacja zdrowotna<\/td>\n<\/tr>\n<tr>\n<td width=\"42\">5<\/td>\n<td width=\"260\">B\u0142aszak Artur<\/td>\n<td width=\"331\">Edukacja policyjna<\/td>\n<\/tr>\n<tr>\n<td width=\"42\">6<\/td>\n<td width=\"260\">B\u0142aszak Tomasz<\/td>\n<td width=\"331\">J\u0119zyk polski<\/td>\n<\/tr>\n<tr>\n<td width=\"42\">7<\/td>\n<td width=\"260\">Borczyk Jaros\u0142aw<\/td>\n<td width=\"331\">Przedmioty zawodowe<\/td>\n<\/tr>\n<tr>\n<td width=\"42\">8<\/td>\n<td width=\"260\">Ciesielski Jerzy<\/td>\n<td width=\"331\">J\u0119zyk angielski<\/td>\n<\/tr>\n<tr>\n<td width=\"42\">9<\/td>\n<td width=\"260\">Czerniejewicz Ma\u0142gorzata<\/td>\n<td width=\"331\">Przedmioty zawodowe<\/td>\n<\/tr>\n<tr>\n<td width=\"42\">10<\/td>\n<td width=\"260\">Czy\u017c Stanis\u0142aw<\/td>\n<td width=\"331\">Edukacja dla bezpiecze\u0144stwa, Wychowanie fizyczne, Edukacja zdrowotna<\/td>\n<\/tr>\n<tr>\n<td width=\"42\">11<\/td>\n<td width=\"260\">Daleki Jacek<\/td>\n<td width=\"331\">Edukacja wojskowa<\/td>\n<\/tr>\n<tr>\n<td width=\"42\">12<\/td>\n<td width=\"260\">Doberstajn Jaros\u0142aw<\/td>\n<td width=\"331\">Informatyka<\/td>\n<\/tr>\n<tr>\n<td width=\"42\">13<\/td>\n<td width=\"260\">Dopiera\u0142a Tomasz<\/td>\n<td width=\"331\">J\u0119zyk angielski, J\u0119zyk niemiecki<\/td>\n<\/tr>\n<tr>\n<td width=\"42\">14<\/td>\n<td width=\"260\">Dostatnia Anna<\/td>\n<td width=\"331\">J\u0119zyk niemiecki<\/td>\n<\/tr>\n<tr>\n<td width=\"42\">15<\/td>\n<td width=\"260\">Dura Marek<\/td>\n<td width=\"331\">Przedmioty zawodowe<\/td>\n<\/tr>\n<tr>\n<td width=\"42\">16<\/td>\n<td width=\"260\">Firin-Bartkowiak Anna<\/td>\n<td width=\"331\">J\u0119zyk angielski<\/td>\n<\/tr>\n<tr>\n<td width=\"42\">17<\/td>\n<td width=\"260\">G\u0119bska Jadwiga<\/td>\n<td width=\"331\">Geografia<\/td>\n<\/tr>\n<tr>\n<td width=\"42\">18<\/td>\n<td width=\"260\">G\u0142owicka Alicja<\/td>\n<td width=\"331\">Matematyka<\/td>\n<\/tr>\n<tr>\n<td width=\"42\">19<\/td>\n<td width=\"260\">Gorgo\u0144-Matera Aneta<\/td>\n<td width=\"331\">J\u0119zyk angielski<\/td>\n<\/tr>\n<tr>\n<td width=\"42\">20<\/td>\n<td width=\"260\">G\u00f3recka \u2013 Garczy\u0144ska Marta<\/td>\n<td width=\"331\">J\u0119zyk angielski<\/td>\n<\/tr>\n<tr>\n<td width=\"42\">21<\/td>\n<td width=\"260\">G\u00f3rna El\u017cbieta<\/td>\n<td width=\"331\">Matematyka<\/td>\n<\/tr>\n<tr>\n<td width=\"42\">22<\/td>\n<td width=\"260\">Gregor Artur<\/td>\n<td width=\"331\">Specjalista CNC<\/td>\n<\/tr>\n<tr>\n<td width=\"42\">23<\/td>\n<td width=\"260\">Gulczy\u0144ska Anna<\/td>\n<td width=\"331\">Pedagog specjalny<\/td>\n<\/tr>\n<tr>\n<td width=\"42\">24<\/td>\n<td width=\"260\">Handschke Micha\u0142<\/td>\n<td width=\"331\">Matematyka<\/td>\n<\/tr>\n<tr>\n<td width=\"42\">25<\/td>\n<td width=\"260\">Hanuszek Hubert<\/td>\n<td width=\"331\">Pedagog<\/td>\n<\/tr>\n<tr>\n<td width=\"42\">26<\/td>\n<td width=\"260\">Jakrzewska Katarzyna<\/td>\n<td width=\"331\">Wychowanie fizyczne, Edukacja zdrowotna<\/td>\n<\/tr>\n<tr>\n<td width=\"42\">27<\/td>\n<td width=\"260\">Janaszek Pawe\u0142<\/td>\n<td width=\"331\">J\u0119zyk angielski<\/td>\n<\/tr>\n<tr>\n<td width=\"42\">28<\/td>\n<td width=\"260\">Janicka Dorota<\/td>\n<td width=\"331\">J\u0119zyk polski<\/td>\n<\/tr>\n<tr>\n<td width=\"42\">29<\/td>\n<td width=\"260\">Jankowska Monika<\/td>\n<td width=\"331\">Matematyka<\/td>\n<\/tr>\n<tr>\n<td width=\"42\">30<\/td>\n<td width=\"260\">Kaczmarek Marcin<\/td>\n<td width=\"331\">Przedmioty zawodowe<\/td>\n<\/tr>\n<tr>\n<td width=\"42\">31<\/td>\n<td width=\"260\">Kaliszan Leonard<\/td>\n<td width=\"331\">Fizyka<\/td>\n<\/tr>\n<tr>\n<td width=\"42\">32<\/td>\n<td width=\"260\">Kaszy\u0144ska Izabela<\/td>\n<td width=\"331\">J\u0119zyk angielski<\/td>\n<\/tr>\n<tr>\n<td width=\"42\">33<\/td>\n<td width=\"260\">Ka\u017amierczak Andrzej<\/td>\n<td width=\"331\">Przedmioty zawodowe<\/td>\n<\/tr>\n<tr>\n<td width=\"42\">34<\/td>\n<td width=\"260\">Ka\u017amierski Stanis\u0142aw<\/td>\n<td width=\"331\">Przedmioty zawodowe<\/td>\n<\/tr>\n<tr>\n<td width=\"42\">35<\/td>\n<td width=\"260\">Kiwilsza Anna<\/td>\n<td width=\"331\">Fizyka, Przedmioty zawodowe<\/td>\n<\/tr>\n<tr>\n<td width=\"42\">36<\/td>\n<td width=\"260\">Konieczna Marzena<\/td>\n<td width=\"331\">Pedagog specjalny<\/td>\n<\/tr>\n<tr>\n<td width=\"42\">38<\/td>\n<td width=\"260\">Kosicki Przemys\u0142aw<\/td>\n<td width=\"331\">Wychowanie fizyczne<\/td>\n<\/tr>\n<tr>\n<td width=\"42\">39<\/td>\n<td width=\"260\">Ko\u015bci\u0144ska Dominika<\/td>\n<td width=\"331\">Wychowanie fizyczne<\/td>\n<\/tr>\n<tr>\n<td width=\"42\">40<\/td>\n<td width=\"260\">Kozechko Valentyn<\/td>\n<td width=\"331\">Przedmioty zawodowe<\/td>\n<\/tr>\n<tr>\n<td width=\"42\">41<\/td>\n<td width=\"260\">Kozechko Viktoriia<\/td>\n<td width=\"331\">Przedmioty zawodowe<\/td>\n<\/tr>\n<tr>\n<td width=\"42\">42<\/td>\n<td width=\"260\">Kravitz Magdalena<\/td>\n<td width=\"331\">Biznes i zarz\u0105dzanie, J\u0119zyk angielski<\/td>\n<\/tr>\n<tr>\n<td width=\"42\">43<\/td>\n<td width=\"260\">Lenarczyk Violetta<\/td>\n<td width=\"331\">Historia, WOS, HIT, Edukacja obywatelska<\/td>\n<\/tr>\n<tr>\n<td width=\"42\">44<\/td>\n<td width=\"260\">Leczykiewicz \u0141ukasz<\/td>\n<td width=\"331\">Informatyka<\/td>\n<\/tr>\n<tr>\n<td width=\"42\">45<\/td>\n<td width=\"260\">\u0141oniewski Andrzej<\/td>\n<td width=\"331\">Przedmioty zawodowe<\/td>\n<\/tr>\n<tr>\n<td width=\"42\">46<\/td>\n<td width=\"260\">\u0141yduch \u017baneta<\/td>\n<td width=\"331\">Przedmioty zawodowe<\/td>\n<\/tr>\n<tr>\n<td width=\"42\">47<\/td>\n<td width=\"260\">Macurek Ewelina<\/td>\n<td width=\"331\">Biologia, Geografia, Edukacja zdrowotna<\/td>\n<\/tr>\n<tr>\n<td width=\"42\">48<\/td>\n<td width=\"260\">Ma\u0107ka\u0142a Alicja<\/td>\n<td width=\"331\">J\u0119zyk niemiecki<\/td>\n<\/tr>\n<tr>\n<td width=\"42\">49<\/td>\n<td width=\"260\">Maik Sylwia<\/td>\n<td width=\"331\">Plastyka<\/td>\n<\/tr>\n<tr>\n<td width=\"42\">50<\/td>\n<td width=\"260\">Ma\u0142ecki Piotr<\/td>\n<td width=\"331\">Przedmioty zawodowe<\/td>\n<\/tr>\n<tr>\n<td width=\"42\">51<\/td>\n<td width=\"260\">Marciniak Beata<\/td>\n<td width=\"331\">Doradztwo zawodowe<\/td>\n<\/tr>\n<tr>\n<td width=\"42\">52<\/td>\n<td width=\"260\">Markiewicz Barbara<\/td>\n<td width=\"331\">Geografia<\/td>\n<\/tr>\n<tr>\n<td width=\"42\">53<\/td>\n<td width=\"260\">Marty\u0144ski Micha\u0142<\/td>\n<td width=\"331\">Informatyka, Chemia<\/td>\n<\/tr>\n<tr>\n<td width=\"42\">54<\/td>\n<td width=\"260\">Michalak &#8211; Piotrowska Paulina<\/td>\n<td width=\"331\">Pedagog, Podstawy funkcjonowania spo\u0142ecznego<\/td>\n<\/tr>\n<tr>\n<td width=\"42\">55<\/td>\n<td width=\"260\">Milewska Joanna<\/td>\n<td width=\"331\">J\u0119zyk angielski<\/td>\n<\/tr>\n<tr>\n<td width=\"42\">56<\/td>\n<td width=\"260\">Miko\u0142ajczak Rafa\u0142<\/td>\n<td width=\"331\">Matematyka, Informatyka<\/td>\n<\/tr>\n<tr>\n<td width=\"42\">57<\/td>\n<td width=\"260\">Nawojczyk-Bolewska Ma\u0142gorzata<\/td>\n<td width=\"331\">J\u0119zyk polski<\/td>\n<\/tr>\n<tr>\n<td width=\"42\">58<\/td>\n<td width=\"260\">Niedzwiecki Sebastian<\/td>\n<td width=\"331\">Historia<\/td>\n<\/tr>\n<tr>\n<td width=\"42\">59<\/td>\n<td width=\"260\">Nowak Maria<\/td>\n<td width=\"331\">J\u0119zyk angielski<\/td>\n<\/tr>\n<tr>\n<td width=\"42\">60<\/td>\n<td width=\"260\">Nowak Zbigniew<\/td>\n<td width=\"331\">Przedmioty zawodowe, Informatyka<\/td>\n<\/tr>\n<tr>\n<td width=\"42\">61<\/td>\n<td width=\"260\">Ograbek Monika<\/td>\n<td width=\"331\">J\u0119zyk polski<\/td>\n<\/tr>\n<tr>\n<td width=\"42\">62<\/td>\n<td width=\"260\">Olejniczak Marzena<\/td>\n<td width=\"331\">Historia<\/td>\n<\/tr>\n<tr>\n<td width=\"42\">63<\/td>\n<td width=\"260\">Oleksy -Apanasowicz Daria<\/td>\n<td width=\"331\">Chemia<\/td>\n<\/tr>\n<tr>\n<td width=\"42\">64<\/td>\n<td width=\"260\">Pawlak-Sobota Adrianna<\/td>\n<td width=\"331\">Przedmioty zawodowe<\/td>\n<\/tr>\n<tr>\n<td width=\"42\">65<\/td>\n<td width=\"260\">Paw\u0142owski Maciej<\/td>\n<td width=\"331\">Wychowanie fizyczne, Edukacja zdrowotna<\/td>\n<\/tr>\n<tr>\n<td width=\"42\">66<\/td>\n<td width=\"260\">Piorun Marta<\/td>\n<td width=\"331\">Wychowanie fizyczne, Edukacja zdrowotna<\/td>\n<\/tr>\n<tr>\n<td width=\"42\">67<\/td>\n<td width=\"260\">P\u0142\u00f3cienniczak Katarzyna<\/td>\n<td width=\"331\">J\u0119zyk polski<\/td>\n<\/tr>\n<tr>\n<td width=\"42\">68<\/td>\n<td width=\"260\">Poli\u0144ska Agnieszka<\/td>\n<td width=\"331\">J\u0119zyk polski<\/td>\n<\/tr>\n<tr>\n<td width=\"42\">69<\/td>\n<td width=\"260\">Przybylak Agata<\/td>\n<td width=\"331\">Historia<\/td>\n<\/tr>\n<tr>\n<td width=\"42\">70<\/td>\n<td width=\"260\">Radiczew Kiri\u0142<\/td>\n<td width=\"331\">Przedmioty zawodowe<\/td>\n<\/tr>\n<tr>\n<td width=\"42\">71<\/td>\n<td width=\"260\">Raszka Sylwia<\/td>\n<td width=\"331\">Biblioteka<\/td>\n<\/tr>\n<tr>\n<td width=\"42\">72<\/td>\n<td width=\"260\">Rodziak \u0141ukasz<\/td>\n<td width=\"331\">Edukacja po\u017carnicza<\/td>\n<\/tr>\n<tr>\n<td width=\"42\">73<\/td>\n<td width=\"260\">Sanocki Jacek<\/td>\n<td width=\"331\">Przedmioty zawodowe<\/td>\n<\/tr>\n<tr>\n<td width=\"42\">74<\/td>\n<td width=\"260\">Sargialis &#8211; Wojew\u00f3dzka Ma\u0142gorzata<\/td>\n<td width=\"331\">Edukacja obywatelska,<\/td>\n<\/tr>\n<tr>\n<td width=\"42\">75<\/td>\n<td width=\"260\">Staska Aneta<\/td>\n<td width=\"331\">J\u0119zyk angielski<\/td>\n<\/tr>\n<tr>\n<td width=\"42\">76<\/td>\n<td width=\"260\">Stefaniak Artur<\/td>\n<td width=\"331\">Historia<\/td>\n<\/tr>\n<tr>\n<td width=\"42\">77<\/td>\n<td width=\"260\">Sobczak Dorota<\/td>\n<td width=\"331\">Fizyka, Matematyka<\/td>\n<\/tr>\n<tr>\n<td width=\"42\">78<\/td>\n<td width=\"260\">Stefa\u0144ski Jaros\u0142aw<\/td>\n<td width=\"331\">Przedmioty zawodowe<\/td>\n<\/tr>\n<tr>\n<td width=\"42\">79<\/td>\n<td width=\"260\">Stru\u017cy\u0144ska Gra\u017cyna<\/td>\n<td width=\"331\">J\u0119zyk rosyjski<\/td>\n<\/tr>\n<tr>\n<td width=\"42\">80<\/td>\n<td width=\"260\">Suchowiak Marzena<\/td>\n<td width=\"331\">J\u0119zyk niemiecki<\/td>\n<\/tr>\n<tr>\n<td width=\"42\">81<\/td>\n<td width=\"260\">Szafran Patrycja<\/td>\n<td width=\"331\">Biblioteka, Edukacja zdrowotna<\/td>\n<\/tr>\n<tr>\n<td width=\"42\">82<\/td>\n<td width=\"260\">Szarzy\u0144ski Micha\u0142<\/td>\n<td width=\"331\">Wychowanie fizyczne<\/td>\n<\/tr>\n<tr>\n<td width=\"42\">83<\/td>\n<td width=\"260\">Szymbarewicz Honorata<\/td>\n<td width=\"331\">Matematyka<\/td>\n<\/tr>\n<tr>\n<td width=\"42\">84<\/td>\n<td width=\"260\">\u015ar\u00f3decki Krzysztof<\/td>\n<td width=\"331\">Przedmioty zawodowe<\/td>\n<\/tr>\n<tr>\n<td width=\"42\">85<\/td>\n<td width=\"260\">\u015awiat\u0142owski Wies\u0142aw<\/td>\n<td width=\"331\">Przedmioty zawodowe<\/td>\n<\/tr>\n<tr>\n<td width=\"42\">86<\/td>\n<td width=\"260\">\u015awierczy\u0144ski Bartosz<\/td>\n<td width=\"331\">Przedmioty zawodowe, J\u0119zyk angielski<\/td>\n<\/tr>\n<tr>\n<td width=\"42\">87<\/td>\n<td width=\"260\">\u015awierczy\u0144ska Ma\u0142gorzata<\/td>\n<td width=\"331\">Pedagog, Bursa<\/td>\n<\/tr>\n<tr>\n<td width=\"42\">88<\/td>\n<td width=\"260\">Thiel Maciej<\/td>\n<td width=\"331\">Przedmioty zawodowe<\/td>\n<\/tr>\n<tr>\n<td width=\"42\">89<\/td>\n<td width=\"260\">Thiem Agnieszka<\/td>\n<td width=\"331\">Matematyka<\/td>\n<\/tr>\n<tr>\n<td width=\"42\">90<\/td>\n<td width=\"260\">Torzewska &#8211; Kulas Lidia<\/td>\n<td width=\"331\">Matematyka<\/td>\n<\/tr>\n<tr>\n<td width=\"42\">91<\/td>\n<td width=\"260\">Tyszer Aleksandra<\/td>\n<td width=\"331\">Psycholog<\/td>\n<\/tr>\n<tr>\n<td width=\"42\">92<\/td>\n<td width=\"260\">Tyx W\u0142adys\u0142aw<\/td>\n<td width=\"331\">Przedmioty zawodowe<\/td>\n<\/tr>\n<tr>\n<td width=\"42\">93<\/td>\n<td width=\"260\">Ulatowska Patrycja<\/td>\n<td width=\"331\">J\u0119zyk angielski<\/td>\n<\/tr>\n<tr>\n<td width=\"42\">94<\/td>\n<td width=\"260\">Wasielewska Natalia<\/td>\n<td width=\"331\">J\u0119zyk hiszpa\u0144ski<\/td>\n<\/tr>\n<tr>\n<td width=\"42\">95<\/td>\n<td width=\"260\">Weber &#8211; Sobiech Izabela<\/td>\n<td width=\"331\">J\u0119zyk polski<\/td>\n<\/tr>\n<tr>\n<td width=\"42\">96<\/td>\n<td width=\"260\">Wichtowski Maciej<\/td>\n<td width=\"331\">Przedmioty zawodowe<\/td>\n<\/tr>\n<tr>\n<td width=\"42\">97<\/td>\n<td width=\"260\">Wilczy\u0144ska-Grze\u015b Ma\u0142gorzata<\/td>\n<td width=\"331\">J\u0119zyk polski<\/td>\n<\/tr>\n<tr>\n<td width=\"42\">98<\/td>\n<td width=\"260\">Wilms Wiktoria<\/td>\n<td width=\"331\">Chemia<\/td>\n<\/tr>\n<tr>\n<td width=\"42\">99<\/td>\n<td width=\"260\">Wodzi\u0144ski Andrzej<\/td>\n<td width=\"331\">Religia<\/td>\n<\/tr>\n<tr>\n<td width=\"42\">100<\/td>\n<td width=\"260\">Wojtecka Iwona<\/td>\n<td width=\"331\">J\u0119zyk polski<\/td>\n<\/tr>\n<tr>\n<td width=\"42\">101<\/td>\n<td width=\"260\">Wojtecki Dawid<\/td>\n<td width=\"331\">Przedmioty zawodowe<\/td>\n<\/tr>\n<tr>\n<td width=\"42\">102<\/td>\n<td width=\"260\">Wr\u00f3blewska Beata<\/td>\n<td width=\"331\">Biologia, Edukacja zdrowotna<\/td>\n<\/tr>\n<tr>\n<td width=\"42\">103<\/td>\n<td width=\"260\">Wyzga\u0142a Robert<\/td>\n<td width=\"331\">Wychowanie fizyczne<\/td>\n<\/tr>\n<tr>\n<td width=\"42\">104<\/td>\n<td width=\"260\">Vrublevska Iryna<\/td>\n<td width=\"331\">Matematyka<\/td>\n<\/tr>\n<tr>\n<td width=\"42\">105<\/td>\n<td width=\"260\">Zajdowicz Maciej<\/td>\n<td width=\"331\">Religia<\/td>\n<\/tr>\n<tr>\n<td width=\"42\">106<\/td>\n<td width=\"260\">Zawodny Roman<\/td>\n<td width=\"331\">Przedmioty zawodowe<\/td>\n<\/tr>\n<tr>\n<td width=\"42\">107<\/td>\n<td width=\"260\">Ziobrowski Piotr<\/td>\n<td width=\"331\">Fizyka, Przedmioty zawodowe<\/td>\n<\/tr>\n<tr>\n<td width=\"42\">108<\/td>\n<td width=\"260\">Zi\u00f3\u0142kowska Dominika<\/td>\n<td width=\"331\">J\u0119zyk niemiecki<\/td>\n<\/tr>\n<\/tbody>\n<\/table>\n","protected":false},"excerpt":{"rendered":"<p>Dyrekcja Dyrektor dr Ma\u0142gorzata Nawojczyk-Bolewska pe\u0142nomocnik dyrektora ZSM im. KEN mgr Violetta Lenarczyk wicedyrektor mgr Lidia Torzewska-Kulas wicedyrektor mgr Paulina Michalak-Piotrowska wicedyrektor mgr in\u017c. Jaros\u0142aw Stefa\u0144ski wicedyrektor mgr Agata Przybylak wicedyrektor dr in\u017c. Patrycja Szafran kierownik Bursy Szkolnej Nr 2 mgr Beata Marciniak Nauczyciele Lp. Nazwisko Przedmiot 1 Andrzejewska Agnieszka J\u0119zyk angielski 2 Andrzejewski Patryk [&hellip;]<\/p>\n","protected":false},"author":1,"featured_media":0,"parent":0,"menu_order":0,"comment_status":"closed","ping_status":"closed","template":"","meta":{"footnotes":""},"class_list":["post-2127","page","type-page","status-publish","hentry"],"_links":{"self":[{"href":"https:\/\/zsme.poznan.pl\/index.php?rest_route=\/wp\/v2\/pages\/2127","targetHints":{"allow":["GET"]}}],"collection":[{"href":"https:\/\/zsme.poznan.pl\/index.php?rest_route=\/wp\/v2\/pages"}],"about":[{"href":"https:\/\/zsme.poznan.pl\/index.php?rest_route=\/wp\/v2\/types\/page"}],"author":[{"embeddable":true,"href":"https:\/\/zsme.poznan.pl\/index.php?rest_route=\/wp\/v2\/users\/1"}],"replies":[{"embeddable":true,"href":"https:\/\/zsme.poznan.pl\/index.php?rest_route=%2Fwp%2Fv2%2Fcomments&post=2127"}],"version-history":[{"count":6,"href":"https:\/\/zsme.poznan.pl\/index.php?rest_route=\/wp\/v2\/pages\/2127\/revisions"}],"predecessor-version":[{"id":19412,"href":"https:\/\/zsme.poznan.pl\/index.php?rest_route=\/wp\/v2\/pages\/2127\/revisions\/19412"}],"wp:attachment":[{"href":"https:\/\/zsme.poznan.pl\/index.php?rest_route=%2Fwp%2Fv2%2Fmedia&parent=2127"}],"curies":[{"name":"wp","href":"https:\/\/api.w.org\/{rel}","templated":true}]}}