{"id":2133,"date":"2018-08-22T11:01:22","date_gmt":"2018-08-22T11:01:22","guid":{"rendered":"http:\/\/www.zsken.home.pl\/zsken18\/?page_id=2133"},"modified":"2026-02-12T07:19:38","modified_gmt":"2026-02-12T07:19:38","slug":"dokumenty-szkolne","status":"publish","type":"page","link":"https:\/\/zsme.poznan.pl\/?page_id=2133","title":{"rendered":"Dokumenty szkolne"},"content":{"rendered":"\n<div class=\"wp-block-file\"><a id=\"wp-block-file--media-9ced687d-d7ba-4759-ac41-caac64dfd93b\" href=\"https:\/\/zsme.poznan.pl\/wp-content\/uploads\/2025\/08\/statut_zsm.pdf\">Statut<\/a><a href=\"https:\/\/zsme.poznan.pl\/wp-content\/uploads\/2025\/08\/statut_zsm.pdf\" class=\"wp-block-file__button wp-element-button\" download aria-describedby=\"wp-block-file--media-9ced687d-d7ba-4759-ac41-caac64dfd93b\">Pobierz<\/a><\/div>\n\n\n\n<div class=\"wp-block-file\"><a id=\"wp-block-file--media-438588fa-fb8a-4832-955c-3cfb10406402\" href=\"https:\/\/zsme.poznan.pl\/wp-content\/uploads\/2026\/02\/Statut-LO.pdf\">Statut-LO<\/a><a href=\"https:\/\/zsme.poznan.pl\/wp-content\/uploads\/2026\/02\/Statut-LO.pdf\" class=\"wp-block-file__button wp-element-button\" download aria-describedby=\"wp-block-file--media-438588fa-fb8a-4832-955c-3cfb10406402\">Pobierz<\/a><\/div>\n\n\n\n<div class=\"wp-block-file\"><a id=\"wp-block-file--media-d6d1041d-e417-4d01-a22c-a9c99ea63287\" href=\"https:\/\/zsme.poznan.pl\/wp-content\/uploads\/2025\/09\/Statut-TM.pdf\">Statut TM<\/a><a href=\"https:\/\/zsme.poznan.pl\/wp-content\/uploads\/2025\/09\/Statut-TM.pdf\" class=\"wp-block-file__button wp-element-button\" download aria-describedby=\"wp-block-file--media-d6d1041d-e417-4d01-a22c-a9c99ea63287\">Pobierz<\/a><\/div>\n\n\n\n<div class=\"wp-block-file\"><a id=\"wp-block-file--media-deb1e478-8e61-4a08-9b31-925092ac528c\" href=\"https:\/\/zsme.poznan.pl\/wp-content\/uploads\/2025\/09\/statut-BS.pdf\">statut BS<\/a><a href=\"https:\/\/zsme.poznan.pl\/wp-content\/uploads\/2025\/09\/statut-BS.pdf\" class=\"wp-block-file__button wp-element-button\" download aria-describedby=\"wp-block-file--media-deb1e478-8e61-4a08-9b31-925092ac528c\">Pobierz<\/a><\/div>\n\n\n\n<div class=\"wp-block-file\"><a id=\"wp-block-file--media-e1091a60-01fd-4b13-a97b-c23f4a1974f4\" href=\"https:\/\/zsme.poznan.pl\/wp-content\/uploads\/2025\/09\/Statut-BS-II-stopnia.pdf\">Statut BS II stopnia<\/a><a href=\"https:\/\/zsme.poznan.pl\/wp-content\/uploads\/2025\/09\/Statut-BS-II-stopnia.pdf\" class=\"wp-block-file__button wp-element-button\" download aria-describedby=\"wp-block-file--media-e1091a60-01fd-4b13-a97b-c23f4a1974f4\">Pobierz<\/a><\/div>\n\n\n\n<div class=\"wp-block-file\"><a id=\"wp-block-file--media-a2856cb1-01bc-46af-9218-614ea79b436a\" href=\"https:\/\/zsme.poznan.pl\/wp-content\/uploads\/2025\/10\/Program-prof-wych-25_26.pdf\">Program Profilaktyczno-Wychowawczy<\/a><a href=\"https:\/\/zsme.poznan.pl\/wp-content\/uploads\/2025\/10\/Program-prof-wych-25_26.pdf\" class=\"wp-block-file__button wp-element-button\" download aria-describedby=\"wp-block-file--media-a2856cb1-01bc-46af-9218-614ea79b436a\">Pobierz<\/a><\/div>\n\n\n\n<div class=\"wp-block-file\"><a id=\"wp-block-file--media-100cd0fb-1d51-499e-ad6d-5c13e8f0e287\" href=\"https:\/\/zsme.poznan.pl\/wp-content\/uploads\/2025\/08\/regulamin-praktyk.pdf\">Regulamin praktyk<\/a><a href=\"https:\/\/zsme.poznan.pl\/wp-content\/uploads\/2025\/08\/regulamin-praktyk.pdf\" class=\"wp-block-file__button wp-element-button\" download aria-describedby=\"wp-block-file--media-100cd0fb-1d51-499e-ad6d-5c13e8f0e287\">Pobierz<\/a><\/div>\n\n\n\n<div class=\"wp-block-file\"><a id=\"wp-block-file--media-49d875ff-a8eb-4169-ad08-13d4cf1c457e\" href=\"https:\/\/zsme.poznan.pl\/wp-content\/uploads\/2025\/08\/rk_mundurowych1718.pdf\">Regulamin Klas Mundurowych<\/a><a href=\"https:\/\/zsme.poznan.pl\/wp-content\/uploads\/2025\/08\/rk_mundurowych1718.pdf\" class=\"wp-block-file__button wp-element-button\" download aria-describedby=\"wp-block-file--media-49d875ff-a8eb-4169-ad08-13d4cf1c457e\">Pobierz<\/a><\/div>\n\n\n\n<div class=\"wp-block-file\"><a id=\"wp-block-file--media-94a912dd-d88a-4944-8c7e-eb49435f459a\" href=\"https:\/\/zsme.poznan.pl\/wp-content\/uploads\/2025\/09\/Regulamin-Studniowki.pdf\">Regulamin Studni\u00f3wki<\/a><a href=\"https:\/\/zsme.poznan.pl\/wp-content\/uploads\/2025\/09\/Regulamin-Studniowki.pdf\" class=\"wp-block-file__button wp-element-button\" download aria-describedby=\"wp-block-file--media-94a912dd-d88a-4944-8c7e-eb49435f459a\">Pobierz<\/a><\/div>\n\n\n\n<div class=\"wp-block-file\"><a id=\"wp-block-file--media-8785a73f-c44c-4531-b3d0-80712a0b6491\" href=\"https:\/\/zsme.poznan.pl\/wp-content\/uploads\/2025\/08\/rekrutacja_bursa.pdf\">Rekrutacja Bursa<\/a><a href=\"https:\/\/zsme.poznan.pl\/wp-content\/uploads\/2025\/08\/rekrutacja_bursa.pdf\" class=\"wp-block-file__button wp-element-button\" download aria-describedby=\"wp-block-file--media-8785a73f-c44c-4531-b3d0-80712a0b6491\">Pobierz<\/a><\/div>\n\n\n\n<div class=\"wp-block-file\"><a id=\"wp-block-file--media-a2fecbed-df47-4390-afcc-283533c3b08b\" href=\"https:\/\/zsme.poznan.pl\/wp-content\/uploads\/2025\/08\/Regulamin_monitoring.pdf\">Regulamin monitoring<\/a><a href=\"https:\/\/zsme.poznan.pl\/wp-content\/uploads\/2025\/08\/Regulamin_monitoring.pdf\" class=\"wp-block-file__button wp-element-button\" download aria-describedby=\"wp-block-file--media-a2fecbed-df47-4390-afcc-283533c3b08b\">Pobierz<\/a><\/div>\n\n\n\n<div class=\"wp-block-file\"><a id=\"wp-block-file--media-f6a400b7-5abe-49ed-9a16-03110d9ff153\" href=\"https:\/\/zsme.poznan.pl\/wp-content\/uploads\/2025\/08\/Procedura-zgloszen-naruszen-prawa.pdf\">Procedura zg\u0142osze\u0144 narusze\u0144 prawa<\/a><a href=\"https:\/\/zsme.poznan.pl\/wp-content\/uploads\/2025\/08\/Procedura-zgloszen-naruszen-prawa.pdf\" class=\"wp-block-file__button wp-element-button\" download aria-describedby=\"wp-block-file--media-f6a400b7-5abe-49ed-9a16-03110d9ff153\">Pobierz<\/a><\/div>\n\n\n\n<div class=\"wp-block-file\"><a id=\"wp-block-file--media-7de980db-5a20-4aad-af47-7e4fab6aa8e6\" href=\"https:\/\/zsme.poznan.pl\/wp-content\/uploads\/2025\/08\/STANDARDY_OCHRONY_MALOLETNICH.pdf\">STANDARDY_OCHRONY_MA\u0141OLETNICH<\/a><a class=\"wp-block-file__button wp-element-button\" href=\"https:\/\/zsme.poznan.pl\/wp-content\/uploads\/2025\/08\/STANDARDY_OCHRONY_MALOLETNICH.pdf\" download=\"\" aria-describedby=\"wp-block-file--media-7de980db-5a20-4aad-af47-7e4fab6aa8e6\">Pobierz<\/a><\/div>\r\n<div>\u00a0<\/div>\r\n<h3><strong>Zak\u0142adowy Fundusz \u015awiadcze\u0144 Socjalnych<\/strong><\/h3>\r\n<div><a href=\"https:\/\/zsme.poznan.pl\/wp-content\/uploads\/2025\/09\/Regulamin-ZFSS.pdf\">Regulamin ZF\u015aS<\/a><\/div>\r\n<div><a href=\"https:\/\/zsme.poznan.pl\/wp-content\/uploads\/2025\/10\/Oswiadczenie-o-sytuacji-zyciowej-rodzinnej-i-materialnej-Zalacznik-nr-1.pdf\">O\u015bwiadczenie o sytuacji \u017cyciowej rodzinnej i materialnej Za\u0142\u0105cznik nr 1<\/a><\/div>\r\n<div><a href=\"https:\/\/zsme.poznan.pl\/wp-content\/uploads\/2025\/09\/Wniosek-o-przyznanie-swiadczenia-socjalnego-Zalacznik-nr-2.pdf\">Wniosek o przyznanie \u015bwiadczenia socjalnego Za\u0142\u0105cznik nr 2<\/a><\/div>\r\n<div><a href=\"https:\/\/zsme.poznan.pl\/wp-content\/uploads\/2025\/09\/Oswiadczenie-o-poreczeniu-pozyczki-Zalacznik-nr-4.pdf\">O\u015bwiadczenie o por\u0119czeniu po\u017cyczki Za\u0142\u0105cznik nr 4<\/a><\/div>\n\n\n\n<p>&nbsp;<\/p>\n","protected":false},"excerpt":{"rendered":"<p>&nbsp;<\/p>\n","protected":false},"author":1,"featured_media":0,"parent":0,"menu_order":0,"comment_status":"closed","ping_status":"closed","template":"","meta":{"footnotes":""},"class_list":["post-2133","page","type-page","status-publish","hentry"],"_links":{"self":[{"href":"https:\/\/zsme.poznan.pl\/index.php?rest_route=\/wp\/v2\/pages\/2133","targetHints":{"allow":["GET"]}}],"collection":[{"href":"https:\/\/zsme.poznan.pl\/index.php?rest_route=\/wp\/v2\/pages"}],"about":[{"href":"https:\/\/zsme.poznan.pl\/index.php?rest_route=\/wp\/v2\/types\/page"}],"author":[{"embeddable":true,"href":"https:\/\/zsme.poznan.pl\/index.php?rest_route=\/wp\/v2\/users\/1"}],"replies":[{"embeddable":true,"href":"https:\/\/zsme.poznan.pl\/index.php?rest_route=%2Fwp%2Fv2%2Fcomments&post=2133"}],"version-history":[{"count":10,"href":"https:\/\/zsme.poznan.pl\/index.php?rest_route=\/wp\/v2\/pages\/2133\/revisions"}],"predecessor-version":[{"id":20441,"href":"https:\/\/zsme.poznan.pl\/index.php?rest_route=\/wp\/v2\/pages\/2133\/revisions\/20441"}],"wp:attachment":[{"href":"https:\/\/zsme.poznan.pl\/index.php?rest_route=%2Fwp%2Fv2%2Fmedia&parent=2133"}],"curies":[{"name":"wp","href":"https:\/\/api.w.org\/{rel}","templated":true}]}}