{"id":2150,"date":"2018-08-24T12:22:22","date_gmt":"2018-08-24T12:22:22","guid":{"rendered":"http:\/\/www.zsken.home.pl\/zsken18\/?page_id=2150"},"modified":"2026-03-09T08:32:11","modified_gmt":"2026-03-09T08:32:11","slug":"nasza-oferta","status":"publish","type":"page","link":"https:\/\/zsme.poznan.pl\/?page_id=2150","title":{"rendered":"Nasza oferta"},"content":{"rendered":"<p><a href=\"https:\/\/zsme.poznan.pl\/?page_id=2153\">Liceum Og\u00f3lnokszta\u0142c\u0105ce<\/a><\/p>\n<p><a href=\"https:\/\/zsme.poznan.pl\/?page_id=2155\">Technikum Mechaniczne<\/a><\/p>\n<p><a href=\"https:\/\/zsme.poznan.pl\/?page_id=2157\">Bran\u017cowa Szko\u0142a Zawodowa<\/a><\/p>\n<p><a href=\"https:\/\/zsme.poznan.pl\/?page_id=8779\">Bran\u017cowa Szko\u0142a II Stopnia<\/a><\/p>\n\n\n<p><\/p>\n","protected":false},"excerpt":{"rendered":"<p>Liceum Og\u00f3lnokszta\u0142c\u0105ce Technikum Mechaniczne Bran\u017cowa Szko\u0142a Zawodowa Bran\u017cowa Szko\u0142a II Stopnia<\/p>\n","protected":false},"author":1,"featured_media":0,"parent":0,"menu_order":0,"comment_status":"closed","ping_status":"closed","template":"","meta":{"footnotes":""},"class_list":["post-2150","page","type-page","status-publish","hentry"],"_links":{"self":[{"href":"https:\/\/zsme.poznan.pl\/index.php?rest_route=\/wp\/v2\/pages\/2150","targetHints":{"allow":["GET"]}}],"collection":[{"href":"https:\/\/zsme.poznan.pl\/index.php?rest_route=\/wp\/v2\/pages"}],"about":[{"href":"https:\/\/zsme.poznan.pl\/index.php?rest_route=\/wp\/v2\/types\/page"}],"author":[{"embeddable":true,"href":"https:\/\/zsme.poznan.pl\/index.php?rest_route=\/wp\/v2\/users\/1"}],"replies":[{"embeddable":true,"href":"https:\/\/zsme.poznan.pl\/index.php?rest_route=%2Fwp%2Fv2%2Fcomments&post=2150"}],"version-history":[{"count":1,"href":"https:\/\/zsme.poznan.pl\/index.php?rest_route=\/wp\/v2\/pages\/2150\/revisions"}],"predecessor-version":[{"id":20539,"href":"https:\/\/zsme.poznan.pl\/index.php?rest_route=\/wp\/v2\/pages\/2150\/revisions\/20539"}],"wp:attachment":[{"href":"https:\/\/zsme.poznan.pl\/index.php?rest_route=%2Fwp%2Fv2%2Fmedia&parent=2150"}],"curies":[{"name":"wp","href":"https:\/\/api.w.org\/{rel}","templated":true}]}}