{"id":2155,"date":"2018-08-24T12:29:21","date_gmt":"2018-08-24T12:29:21","guid":{"rendered":"http:\/\/www.zsken.home.pl\/zsken18\/?page_id=2155"},"modified":"2021-03-15T20:21:40","modified_gmt":"2021-03-15T20:21:40","slug":"technikum-mechaniczne","status":"publish","type":"page","link":"https:\/\/zsme.poznan.pl\/?page_id=2155","title":{"rendered":"Technikum Mechaniczne"},"content":{"rendered":"<p>Do dyspozycji uczni\u00f3w:<\/p>\n<ul>\n<li>\u00a0\u00a0\u00a0 biblioteka multimedialna, nowoczesne pracownie komputerowe,<\/li>\n<li>\u00a0\u00a0\u00a0 si\u0142ownia, przyszkolne boisko sportowe,<\/li>\n<li>\u00a0\u00a0\u00a0 znakomicie wyposa\u017cone pracownie elektroniki i automatyki,<\/li>\n<li>\u00a0\u00a0\u00a0 na lekcjach wykorzystywane urz\u0105dzenia multimedialne (tablice interaktywne, projektory).<\/li>\n<\/ul>\n<p>Posiadamy bogato wyposa\u017con\u0105 baz\u0119 dydaktyczn\u0105, niezb\u0119dn\u0105 do realizacji programu nauczania\u00a0 <a style=\"color: black;\" title=\"Zasadnicza szko\u0142a zawodowa\" href=\"https:\/\/zsme.poznan.pl\/sub,pl,zasadnicza-szko.html\">zawod\u00f3w mechanicznych<\/a>: dwie pracownie komputerowego wspomagania projektowania i wytwarzania CAD\/CAM, pracowni\u0119 technik wytwarzania z obrabiarkami sterowanymi\u00a0 numerycznie i nowoczesnym sprz\u0119tem pomiarowo-diagnostycznym, pracowni\u0119 automatyki i sterowania.<\/p>\n<ul>\n<li><a title=\"Zaw\u00f3d Technik urz\u0105dze\u0144 d\u017awigowych\" href=\"https:\/\/zsme.poznan.pl\/?page_id=4124\">Zaw\u00f3d Technik urz\u0105dze\u0144 d\u017awigowych<\/a><\/li>\n<li><a title=\"Zaw\u00f3d Technik optyk\" href=\"https:\/\/zsme.poznan.pl\/?page_id=4128\">Zaw\u00f3d: Technik optyk<\/a><\/li>\n<li><a title=\"Zaw\u00f3d Technik mechatronik\" href=\"https:\/\/zsme.poznan.pl\/?page_id=4132\">Zaw\u00f3d: Technik mechanik<\/a><\/li>\n<li><a title=\"Zaw\u00f3d Technik mechanik\" href=\"https:\/\/zsme.poznan.pl\/?page_id=4135\">Zaw\u00f3d: Technik mechatronik<\/a><\/li>\n<li><a title=\"Zaw\u00f3d Technik mechanik\" href=\"https:\/\/zsme.poznan.pl\/?page_id=8063\">Zaw\u00f3d: Technik robotyk<\/a><\/li>\n<\/ul>\n","protected":false},"excerpt":{"rendered":"<p>Do dyspozycji uczni\u00f3w: \u00a0\u00a0\u00a0 biblioteka multimedialna, nowoczesne pracownie komputerowe, \u00a0\u00a0\u00a0 si\u0142ownia, przyszkolne boisko sportowe, \u00a0\u00a0\u00a0 znakomicie wyposa\u017cone pracownie elektroniki i automatyki, \u00a0\u00a0\u00a0 na lekcjach wykorzystywane urz\u0105dzenia multimedialne (tablice interaktywne, projektory). Posiadamy bogato wyposa\u017con\u0105 baz\u0119 dydaktyczn\u0105, niezb\u0119dn\u0105 do realizacji programu nauczania\u00a0 zawod\u00f3w mechanicznych: dwie pracownie komputerowego wspomagania projektowania i wytwarzania CAD\/CAM, pracowni\u0119 technik wytwarzania z obrabiarkami [&hellip;]<\/p>\n","protected":false},"author":1,"featured_media":0,"parent":0,"menu_order":0,"comment_status":"closed","ping_status":"closed","template":"","meta":{"footnotes":""},"class_list":["post-2155","page","type-page","status-publish","hentry"],"_links":{"self":[{"href":"https:\/\/zsme.poznan.pl\/index.php?rest_route=\/wp\/v2\/pages\/2155","targetHints":{"allow":["GET"]}}],"collection":[{"href":"https:\/\/zsme.poznan.pl\/index.php?rest_route=\/wp\/v2\/pages"}],"about":[{"href":"https:\/\/zsme.poznan.pl\/index.php?rest_route=\/wp\/v2\/types\/page"}],"author":[{"embeddable":true,"href":"https:\/\/zsme.poznan.pl\/index.php?rest_route=\/wp\/v2\/users\/1"}],"replies":[{"embeddable":true,"href":"https:\/\/zsme.poznan.pl\/index.php?rest_route=%2Fwp%2Fv2%2Fcomments&post=2155"}],"version-history":[{"count":0,"href":"https:\/\/zsme.poznan.pl\/index.php?rest_route=\/wp\/v2\/pages\/2155\/revisions"}],"wp:attachment":[{"href":"https:\/\/zsme.poznan.pl\/index.php?rest_route=%2Fwp%2Fv2%2Fmedia&parent=2155"}],"curies":[{"name":"wp","href":"https:\/\/api.w.org\/{rel}","templated":true}]}}