{"id":2157,"date":"2018-08-24T12:33:09","date_gmt":"2018-08-24T12:33:09","guid":{"rendered":"http:\/\/www.zsken.home.pl\/zsken18\/?page_id=2157"},"modified":"2024-03-06T07:42:12","modified_gmt":"2024-03-06T07:42:12","slug":"branzowa-szkola-zawodowa","status":"publish","type":"page","link":"https:\/\/zsme.poznan.pl\/?page_id=2157","title":{"rendered":"Bran\u017cowa Szko\u0142a I Stopnia"},"content":{"rendered":"<p>Do dyspozycji uczni\u00f3w:<\/p>\n<ul>\n<li>biblioteka multimedialna, nowoczesne pracownie komputerowe,<\/li>\n<li>si\u0142ownia, przyszkolne boisko sportowe,<\/li>\n<li>znakomicie wyposa\u017cone pracownie elektroniki i automatyki,<\/li>\n<li>na lekcjach wykorzystywane urz\u0105dzenia multimedialne (tablice interaktywne, projektory).<\/li>\n<\/ul>\n<p>Przedmioty punktowane we wszystkich klasach: <strong>j\u0119zyk polski, matematyka, j\u0119zyk obcy, informatyka<\/strong><\/p>\n<p>Absolwenci poszczeg\u00f3lnych klas zdob\u0119d\u0105 ciekawe zawody, poszukiwane na rynku pracy.\u00a0Maj\u0105 mo\u017cliwo\u015b\u0107 kontynuacji nauki w naszej szkole, w dwuletniej Bran\u017cowej Szkole II stopnia (w trybie zaocznym). Po zdaniu egzaminu zawodowego uzyskaj\u0105 tytu\u0142 technika. Mog\u0105 r\u00f3wnie\u017c zdawa\u0107 egzamin maturalny\u00a0 i kontynuowa\u0107 nauk\u0119 na wybranych studiach wy\u017cszych.<\/p>\n<ul>\n<li><a title=\"Zaw\u00f3d elektryk\" href=\"https:\/\/zsme.poznan.pl\/?page_id=4138\">Zaw\u00f3d: elektryk<\/a><\/li>\n<li><a title=\"ZAw\u00f3d monter\" href=\"https:\/\/zsme.poznan.pl\/?page_id=4142\"> Zaw\u00f3d: mechatronik<\/a><\/li>\n<\/ul>\n<p>Nasi uczniowie odbywaj\u0105 praktyki w znanych i cenionych zak\u0142adach:<\/p>\n<p>\u2013 STEELPRESS Sp. z o. o., Lubo\u0144 ul. Powsta\u0144c\u00f3w Wielkopolskich 48<\/p>\n<p>\u2013 FlexLink Systems Polska Sp. z o.o., ul. Szkolna 30, 62-064 Plewiska<\/p>\n<p>\u2013 Modertrans Pozna\u0144, ul. Forteczna 2; 61-362 Pozna\u0144<\/p>\n<p>\u2013 REXEL Oddzia\u0142 Pozna\u0144, Radziwoja 11, 61-057 Pozna\u0144<\/p>\n<p>\u2013 \u00a0H. Cegielski- Pozna\u0144 S.A., ul. 28 Czerwca 1956r. 223\/229, 61-485 Pozna\u0144<\/p>\n<p>\u2013 H. Cegielski \u2013 Fabryka Pojazd\u00f3w Szynowych Sp. z o.o., ul. 28 Czerwca 1956r nr 223\/229, Pozna\u0144<\/p>\n<p>\u2013 Rem-pol P. P. H. U., Pozna\u0144 ul. Staro\u0142\u0119cka 18<\/p>\n<p>\u2013 Elektromonta\u017c Sp. Z o.o., ul.Wieruszowska 12\/16, 60-166 Pozna\u0144<\/p>\n<p>\u2013 Pozna\u0144skie Centrum Edukacji Ustawicznej i Praktycznej, Pozna\u0144 ul. Grunwaldzka 200<\/p>\n","protected":false},"excerpt":{"rendered":"<p>Do dyspozycji uczni\u00f3w: biblioteka multimedialna, nowoczesne pracownie komputerowe, si\u0142ownia, przyszkolne boisko sportowe, znakomicie wyposa\u017cone pracownie elektroniki i automatyki, na lekcjach wykorzystywane urz\u0105dzenia multimedialne (tablice interaktywne, projektory). Przedmioty punktowane we wszystkich klasach: j\u0119zyk polski, matematyka, j\u0119zyk obcy, informatyka Absolwenci poszczeg\u00f3lnych klas zdob\u0119d\u0105 ciekawe zawody, poszukiwane na rynku pracy.\u00a0Maj\u0105 mo\u017cliwo\u015b\u0107 kontynuacji nauki w naszej szkole, w dwuletniej [&hellip;]<\/p>\n","protected":false},"author":1,"featured_media":0,"parent":0,"menu_order":0,"comment_status":"closed","ping_status":"closed","template":"","meta":{"footnotes":""},"class_list":["post-2157","page","type-page","status-publish","hentry"],"_links":{"self":[{"href":"https:\/\/zsme.poznan.pl\/index.php?rest_route=\/wp\/v2\/pages\/2157","targetHints":{"allow":["GET"]}}],"collection":[{"href":"https:\/\/zsme.poznan.pl\/index.php?rest_route=\/wp\/v2\/pages"}],"about":[{"href":"https:\/\/zsme.poznan.pl\/index.php?rest_route=\/wp\/v2\/types\/page"}],"author":[{"embeddable":true,"href":"https:\/\/zsme.poznan.pl\/index.php?rest_route=\/wp\/v2\/users\/1"}],"replies":[{"embeddable":true,"href":"https:\/\/zsme.poznan.pl\/index.php?rest_route=%2Fwp%2Fv2%2Fcomments&post=2157"}],"version-history":[{"count":0,"href":"https:\/\/zsme.poznan.pl\/index.php?rest_route=\/wp\/v2\/pages\/2157\/revisions"}],"wp:attachment":[{"href":"https:\/\/zsme.poznan.pl\/index.php?rest_route=%2Fwp%2Fv2%2Fmedia&parent=2157"}],"curies":[{"name":"wp","href":"https:\/\/api.w.org\/{rel}","templated":true}]}}