{"id":2233,"date":"2018-08-27T10:28:43","date_gmt":"2018-08-27T10:28:43","guid":{"rendered":"http:\/\/www.zsken.home.pl\/zsken18\/?page_id=2233"},"modified":"2019-03-10T22:56:05","modified_gmt":"2019-03-10T22:56:05","slug":"kursy-zawodowe","status":"publish","type":"page","link":"https:\/\/zsme.poznan.pl\/?page_id=2233","title":{"rendered":"Kursy zawodowe"},"content":{"rendered":"<p align=\"justify\">Reforma szkolnictwa zawodowego wprowadzi\u0142a, od wrze\u015bnia 2012, w miejsce szk\u00f3\u0142 dla doros\u0142ych, now\u0105 form\u0119 kszta\u0142cenia &#8211; kwalifikacyjny kurs zawodowy (KKZ). Kwalifikacyjny kurs zawodowy to kurs prowadzony wed\u0142ug programu nauczania uwzgl\u0119dniaj\u0105cego podstaw\u0119 programow\u0105 kszta\u0142cenia w zawodach w zakresie jednej kwalifikacji. Uko\u0144czenie tego kursu umo\u017cliwia przyst\u0105pienie do egzaminu potwierdzaj\u0105cego kwalifikacje w zawodzie, w zakresie danej kwalifikacji, przeprowadzanego przez okr\u0119gow\u0105 komisj\u0119 egzaminacyjn\u0105. Osoba, kt\u00f3ra uko\u0144czy kwalifikacyjny kurs zawodowy i zda egzamin, otrzymuje \u015bwiadectwo potwierdzaj\u0105ce kwalifikacje w zawodzie. Dyplom potwierdzaj\u0105cy kwalifikacje zawodowe w okre\u015blonym zawodzie np. monter mechatronik, <a style=\"color: black;\" title=\"Technikum Mechaniczne\" href=\"https:\/\/zsme.poznan.pl\/sub,pl,techniku-mechaniczne.html\">technik<\/a> mechatronik, b\u0119dzie mog\u0142a otrzyma\u0107 osoba, kt\u00f3ra posiada poziom wykszta\u0142cenia wymagany dla danego zawodu (odpowiednio wykszta\u0142cenie zasadnicze lub \u015brednie) oraz zda egzaminy z zakresu wszystkich kwalifikacji wyodr\u0119bnionych w danym zawodzie, czyli posiada \u015bwiadectwa potwierdzaj\u0105ce uzyskanie kwalifikacji wyodr\u0119bnionych w danym zawodzie. Wykaz kwalifikacji\/kurs\u00f3w kwalifikacyjnych\/planowanych do wprowadzenia w <a style=\"color: black;\" title=\"Zesp\u00f3\u0142 Szk\u00f3\u0142 Mechanicznych\" href=\"https:\/\/zsme.poznan.pl\">Zespole Szk\u00f3\u0142 Mechanicznych im. KEN<\/a> w Poznaniu<\/p>\n<table border=\"1\" width=\"542\" cellspacing=\"1\" cellpadding=\"1\" align=\"left\">\n<tbody>\n<tr>\n<td style=\"text-align: left;\">Oznaczenie<br \/>\nkwalfikacji<\/td>\n<td style=\"text-align: left;\">\n<p style=\"text-align: center;\">Nazwa kwalfikacji\/kwalfikacyjnego<br \/>\nkursu zawodowego<\/p>\n<\/td>\n<td style=\"text-align: left;\">Nazwa zawodu<\/td>\n<td style=\"text-align: left;\">Symbol cyfrowy zawodu<\/td>\n<\/tr>\n<tr>\n<td rowspan=\"2\">E.3<\/td>\n<td rowspan=\"2\">Monta\u017c urz\u0105dze\u0144 i system\u00f3w mechatronicznych<\/td>\n<td>monter mechatronik<\/td>\n<td>742114<\/td>\n<\/tr>\n<tr>\n<td>technik mechatronik<\/td>\n<td>311410<\/td>\n<\/tr>\n<tr>\n<td>E.4<\/td>\n<td>U\u017cytkowanie urz\u0105dze\u0144 i system\u00f3w mechatronicznych<\/td>\n<td>monter mechatronik<\/td>\n<td>742114<\/td>\n<\/tr>\n<tr>\n<td>E.18<\/td>\n<td>Eksploatacja urz\u0105dze\u0144 i syste\u00f3w mechatronicznych<\/td>\n<td>technik mechatronik<\/td>\n<td>311410<\/td>\n<\/tr>\n<tr>\n<td>E.19<\/td>\n<td>Projektowanie i programowanie urz\u0105dze\u0144 i system\u00f3w mechatronicznych<\/td>\n<td>technik mechatronik<\/td>\n<td>311410<\/td>\n<\/tr>\n<tr>\n<td rowspan=\"2\">E.7<\/td>\n<td rowspan=\"2\">Monta\u017c i konserwacja maszyn i urz\u0105dze\u0144 elektrycznych<\/td>\n<td>Elektryk<\/td>\n<td>741103<\/td>\n<\/tr>\n<tr>\n<td>Elektromechanik<\/td>\n<td>741201<\/td>\n<\/tr>\n<tr>\n<td>E.8<\/td>\n<td>Monta\u017c i konserwcja instalacji elektrycznych<\/td>\n<td>Elektryk<\/td>\n<td>741103<\/td>\n<\/tr>\n<tr>\n<td>E.24<\/td>\n<td>Eksploatacja maszyn, urz\u0105dze\u0144 i instacji elektrycznych<\/td>\n<td>technik elektryk<\/td>\n<td>311303<\/td>\n<\/tr>\n<tr>\n<td>M14<\/td>\n<td>Monta\u017c i naprawa element\u00f3w i uk\u0142ad\u00f3w optycznych<\/td>\n<td>\u00a0technik optyk<\/td>\n<td><\/td>\n<\/tr>\n<tr>\n<td>M 30<\/td>\n<td>Wykonywanie i naprawa pomocy wzrokowych<\/td>\n<td>\u00a0technik optyk<\/td>\n<td><\/td>\n<\/tr>\n<\/tbody>\n<\/table>\n<p style=\"text-align: left;\">Kursy kwalfikacyjne s\u0105 bezp\u0142atne i b\u0119d\u0105 organizowane w formie zaocznej lub stacjonarnej, dziennej lub wieczorowej zgodnie z preferencjami uczestnik\u00f3w.<\/p>\n<p><a title=\"Ankieta rekrutacyjna\" href=\"https:\/\/zsme.poznan.pl\/1\/rekrutacja\/ankieta_rekrutacja_kkz.doc\"><span style=\"font-size: medium;\"><u><strong>Ankieta rekrutacyjna<\/strong><\/u><\/span><\/a><\/p>\n","protected":false},"excerpt":{"rendered":"<p>Reforma szkolnictwa zawodowego wprowadzi\u0142a, od wrze\u015bnia 2012, w miejsce szk\u00f3\u0142 dla doros\u0142ych, now\u0105 form\u0119 kszta\u0142cenia &#8211; kwalifikacyjny kurs zawodowy (KKZ). Kwalifikacyjny kurs zawodowy to kurs prowadzony wed\u0142ug programu nauczania uwzgl\u0119dniaj\u0105cego podstaw\u0119 programow\u0105 kszta\u0142cenia w zawodach w zakresie jednej kwalifikacji. Uko\u0144czenie tego kursu umo\u017cliwia przyst\u0105pienie do egzaminu potwierdzaj\u0105cego kwalifikacje w zawodzie, w zakresie danej kwalifikacji, przeprowadzanego [&hellip;]<\/p>\n","protected":false},"author":1,"featured_media":0,"parent":0,"menu_order":0,"comment_status":"closed","ping_status":"closed","template":"","meta":{"footnotes":""},"class_list":["post-2233","page","type-page","status-publish","hentry"],"_links":{"self":[{"href":"https:\/\/zsme.poznan.pl\/index.php?rest_route=\/wp\/v2\/pages\/2233","targetHints":{"allow":["GET"]}}],"collection":[{"href":"https:\/\/zsme.poznan.pl\/index.php?rest_route=\/wp\/v2\/pages"}],"about":[{"href":"https:\/\/zsme.poznan.pl\/index.php?rest_route=\/wp\/v2\/types\/page"}],"author":[{"embeddable":true,"href":"https:\/\/zsme.poznan.pl\/index.php?rest_route=\/wp\/v2\/users\/1"}],"replies":[{"embeddable":true,"href":"https:\/\/zsme.poznan.pl\/index.php?rest_route=%2Fwp%2Fv2%2Fcomments&post=2233"}],"version-history":[{"count":0,"href":"https:\/\/zsme.poznan.pl\/index.php?rest_route=\/wp\/v2\/pages\/2233\/revisions"}],"wp:attachment":[{"href":"https:\/\/zsme.poznan.pl\/index.php?rest_route=%2Fwp%2Fv2%2Fmedia&parent=2233"}],"curies":[{"name":"wp","href":"https:\/\/api.w.org\/{rel}","templated":true}]}}