{"id":2252,"date":"2018-08-27T10:48:49","date_gmt":"2018-08-27T10:48:49","guid":{"rendered":"http:\/\/www.zsken.home.pl\/zsken18\/?page_id=2252"},"modified":"2026-01-13T21:22:37","modified_gmt":"2026-01-13T21:22:37","slug":"rada-rodzicow","status":"publish","type":"page","link":"https:\/\/zsme.poznan.pl\/?page_id=2252","title":{"rendered":"Rada Rodzic\u00f3w"},"content":{"rendered":"<h4>Zebranie Rady Rodzic\u00f3w odb\u0119dzie si\u0119 w poniedzia\u0142ek 8 czerwca 2026 roku o godz.17.45<\/h4>\n<p><strong>Konto do\u00a0wp\u0142at na RR:<\/strong>\u00a053 1020 4027 0000 1302 1807 1205<br \/>\nPKO BP SA<br \/>\nz dopiskiem nazwisko, imi\u0119 ucznia, klasa, tytu\u0142 wp\u0142aty<\/p>\n<p><strong>PREZYDIUM RADY RODZIC\u00d3W W ROKU SZKOLNYM 2025\/26<\/strong><\/p>\n<p><strong>Przewodnicz\u0105cy<\/strong>: Ma\u0142gorzata S\u0105dowska<br \/>\n<strong>Zast\u0119pca<\/strong>: Roksana Czuba\u0142a<br \/>\n<strong>Skarbnik<\/strong>: Anna \u015awita\u0142a<br \/>\n<strong>Sekretarz<\/strong>: Pawe\u0142 Zimicz<strong><br \/>\nKOMISJA REWIZYJNA<br \/>\n<\/strong>Marlena Garasz<br \/>\nKatarzyna Szykulska<\/p>\n","protected":false},"excerpt":{"rendered":"<p>Zebranie Rady Rodzic\u00f3w odb\u0119dzie si\u0119 w poniedzia\u0142ek 8 czerwca 2026 roku o godz.17.45 Konto do\u00a0wp\u0142at na RR:\u00a053 1020 4027 0000 1302 1807 1205 PKO BP SA z dopiskiem nazwisko, imi\u0119 ucznia, klasa, tytu\u0142 wp\u0142aty PREZYDIUM RADY RODZIC\u00d3W W ROKU SZKOLNYM 2025\/26 Przewodnicz\u0105cy: Ma\u0142gorzata S\u0105dowska Zast\u0119pca: Roksana Czuba\u0142a Skarbnik: Anna \u015awita\u0142a Sekretarz: Pawe\u0142 Zimicz KOMISJA REWIZYJNA [&hellip;]<\/p>\n","protected":false},"author":1,"featured_media":0,"parent":0,"menu_order":0,"comment_status":"closed","ping_status":"closed","template":"","meta":{"footnotes":""},"class_list":["post-2252","page","type-page","status-publish","hentry"],"_links":{"self":[{"href":"https:\/\/zsme.poznan.pl\/index.php?rest_route=\/wp\/v2\/pages\/2252","targetHints":{"allow":["GET"]}}],"collection":[{"href":"https:\/\/zsme.poznan.pl\/index.php?rest_route=\/wp\/v2\/pages"}],"about":[{"href":"https:\/\/zsme.poznan.pl\/index.php?rest_route=\/wp\/v2\/types\/page"}],"author":[{"embeddable":true,"href":"https:\/\/zsme.poznan.pl\/index.php?rest_route=\/wp\/v2\/users\/1"}],"replies":[{"embeddable":true,"href":"https:\/\/zsme.poznan.pl\/index.php?rest_route=%2Fwp%2Fv2%2Fcomments&post=2252"}],"version-history":[{"count":8,"href":"https:\/\/zsme.poznan.pl\/index.php?rest_route=\/wp\/v2\/pages\/2252\/revisions"}],"predecessor-version":[{"id":20249,"href":"https:\/\/zsme.poznan.pl\/index.php?rest_route=\/wp\/v2\/pages\/2252\/revisions\/20249"}],"wp:attachment":[{"href":"https:\/\/zsme.poznan.pl\/index.php?rest_route=%2Fwp%2Fv2%2Fmedia&parent=2252"}],"curies":[{"name":"wp","href":"https:\/\/api.w.org\/{rel}","templated":true}]}}