{"id":2254,"date":"2018-08-27T10:49:03","date_gmt":"2018-08-27T10:49:03","guid":{"rendered":"http:\/\/www.zsken.home.pl\/zsken18\/?page_id=2254"},"modified":"2026-02-06T06:18:52","modified_gmt":"2026-02-06T06:18:52","slug":"dni-mundurowe","status":"publish","type":"page","link":"https:\/\/zsme.poznan.pl\/?page_id=2254","title":{"rendered":"Kalendarz pracy szko\u0142y"},"content":{"rendered":"\n<p><strong>KALENDARZ PRACY SZKO\u0141Y \u2013 II OKRES ROKU SZKOLNEGO 2025\/26<\/strong><\/p>\n\n\n\n<p><strong>STYCZE\u0143<\/strong><\/p>\n\n\n\n<figure class=\"wp-block-table\"><table class=\"has-fixed-layout\"><tbody><tr><td><strong>DATA<\/strong><\/td><td><strong>WYDARZENIE<\/strong><\/td><\/tr><tr><td><strong>12.01-06.02.2026<\/strong><\/td><td>Praktyki zawodowe&nbsp; dla klasy 3t6<\/td><\/tr><tr><td><strong>19.01.2026<\/strong><\/td><td>Rozpocz\u0119cie drugiego okresu<\/td><\/tr><tr><td><strong>29-30.2026<\/strong><\/td><td>Termin dodatkowy egzamin\u00f3w zawodowych w sesji zima 2026<\/td><\/tr><tr><td><strong>05.02<\/strong><strong><\/strong><\/td><td>Analityczne zebranie rady pedagogicznej<\/td><\/tr><\/tbody><\/table><\/figure>\n\n\n\n<p><strong>LUTY<\/strong><\/p>\n\n\n\n<figure class=\"wp-block-table\"><table class=\"has-fixed-layout\"><tbody><tr><td><strong>DATA<\/strong><\/td><td><strong>WYDARZENIE<\/strong><\/td><\/tr><tr><td><strong>07.02.2026<\/strong><\/td><td>Termin sk\u0142adania deklaracji do egzaminu zawodowego w sesji LATO 2026<strong><\/strong><\/td><\/tr><tr><td><strong>09.02.2026<\/strong><\/td><td>Ostateczny termin z\u0142o\u017cenia deklaracji maturalnej<\/td><\/tr><tr><td><strong>11.02.2026<\/strong><\/td><td>Arena Zawod\u00f3w &#8211; MTP<\/td><\/tr><tr><td><strong>16.02-01.03.2026<\/strong><\/td><td>Ferie zimowe<\/td><\/tr><\/tbody><\/table><\/figure>\n\n\n\n<p><strong>MARZEC<\/strong><\/p>\n\n\n\n<figure class=\"wp-block-table\"><table class=\"has-fixed-layout\"><tbody><tr><td><strong>DATA<\/strong><\/td><td><strong>WYDARZENIE<\/strong><\/td><\/tr><tr><td><strong>02-07.03.2026<\/strong><\/td><td>Bia\u0142a Szko\u0142a w Murzasichle<\/td><\/tr><tr><td><strong>02-27.03.2026<\/strong><\/td><td>Praktyki zawodowe dla klasy 4t4<\/td><\/tr><tr><td><strong>13-15.03.2026<\/strong><\/td><td>Targi Edukacyjne<\/td><\/tr><tr><td><strong>25.03.2026<\/strong><\/td><td>Rada i konsultacje dla rodzic\u00f3w<\/td><\/tr><tr><td><strong>27.03.2026<\/strong><\/td><td>Wyniki egzaminu zawodowego<strong><\/strong><\/td><\/tr><tr><td><strong>30.03.-30.04.2026<\/strong><\/td><td>Praktyki zawodowe dla klas 3t1 i 3t2<\/td><\/tr><\/tbody><\/table><\/figure>\n\n\n\n<p><strong>KWIECIE\u0143<\/strong><\/p>\n\n\n\n<figure class=\"wp-block-table\"><table class=\"has-fixed-layout\"><tbody><tr><td><strong>DATA<\/strong><\/td><td><strong>WYDARZENIE<\/strong><\/td><\/tr><tr><td><strong>01.04 2026<\/strong><\/td><td>Ostateczny termin wystawienia ocen przewidywanych (klasy maturalne)<\/td><\/tr><tr><td><strong>02-&nbsp;07.04 2026<\/strong><\/td><td>Wiosenna przerwa \u015bwi\u0105teczna<\/td><\/tr><tr><td><strong>10.04.2026<\/strong><\/td><td>Gra miejska&nbsp; \u201eKOCHAM WINDY\u201d<\/td><\/tr><tr><td><strong>15.04.2026<\/strong><\/td><td>Wystawienie ocen ko\u0144coworocznych (klasy maturalne)<\/td><\/tr><tr><td><strong>16.04.2026<\/strong><\/td><td>Zebranie&nbsp; rady klasyfikacyjnej (klasy maturalne) i rada szkoleniowa&nbsp; (procedury maturalne) Spotkania WOPFu dot. uczni\u00f3w obj\u0119tych kszta\u0142ceniem specjalnym<\/td><\/tr><tr><td><strong>20.04.2026<\/strong><\/td><td>Drzwi otwarte dla kandydat\u00f3w<\/td><\/tr><tr><td><strong>24.04.2026<\/strong><\/td><td>Zako\u0144czenie zaj\u0119\u0107 w klasach maturalnych- po\u017cegnanie maturzyst\u00f3w<\/td><\/tr><\/tbody><\/table><\/figure>\n\n\n\n<p><strong>MAJ<\/strong><\/p>\n\n\n\n<figure class=\"wp-block-table\"><table class=\"has-fixed-layout\"><tbody><tr><td><strong>DATA<\/strong><\/td><td><strong>WYDARZENIE<\/strong><\/td><\/tr><tr><td><strong>01.05.2026<\/strong><\/td><td>1 Maja (pi\u0105tek)<\/td><\/tr><tr><td><strong>04.05- 20.05.2026<\/strong><\/td><td>Pisemne egzaminy maturalne<\/td><\/tr><tr><td><strong>07.05- 30.05.2026<\/strong><\/td><td>Ustne egzaminy maturalne<\/td><\/tr><tr><td><strong>21.05.2026<\/strong><\/td><td>Szkolenie z procedur przeprowadzania egzaminu zawodowego, spotkania WOPFU dla uczni\u00f3w obj\u0119tych kszta\u0142ceniem specjalnym<\/td><\/tr><tr><td><strong>22.05.2026<\/strong><\/td><td>Piknik zawodowy<br>Drzwi otwarte dla kandydat\u00f3w<\/td><\/tr><\/tbody><\/table><\/figure>\n\n\n\n<p><strong>CZERWIEC<\/strong><\/p>\n\n\n\n<figure class=\"wp-block-table\"><table class=\"has-fixed-layout\"><tbody><tr><td><strong>DATA<\/strong><\/td><td><strong>WYDARZENIE<\/strong><\/td><\/tr><tr><td><strong>02-22.06.2026<\/strong><\/td><td>Egzaminy zawodowe<\/td><\/tr><tr><td><strong>04.06.2026<\/strong><\/td><td>Bo\u017ce Cia\u0142o<\/td><\/tr><tr><td><strong>05.06.2026<\/strong><\/td><td>Dzie\u0144 wolny od zaj\u0119\u0107 dydaktyczno-wychowawczych<\/td><\/tr><tr><td><strong>01-15. 06.2026<\/strong><\/td><td>Dodatkowy termin egzaminu maturalnego pisemnego<\/td><\/tr><tr><td><strong>08.06.2026<\/strong><\/td><td>Zebranie Rady Rodzic\u00f3w<\/td><\/tr><tr><td><strong>08-10.06.2026<\/strong><\/td><td>Ostateczny termin wystawienia ocen przewidywanych<\/td><\/tr><tr><td><strong>08-10.06.2026<\/strong><\/td><td>Dodatkowy termin egzaminu maturalnego ustnego<\/td><\/tr><tr><td><strong>19. 06.2026<\/strong><\/td><td>Ostateczny termin wystawienia ocen ko\u0144coworocznych<\/td><\/tr><tr><td><strong>22.06.2026<\/strong><\/td><td>Klasyfikacyjne zebranie rady pedagogicznej<\/td><\/tr><tr><td><strong>26.06.2026<\/strong><\/td><td>Zako\u0144czenie zaj\u0119\u0107 dydaktyczno&nbsp; \u2013 wychowawczych<\/td><\/tr><tr><td><strong>29.06.2026<\/strong><\/td><td>Zebranie rady analitycznej<\/td><\/tr><tr><td><strong>29-30.06.2026<\/strong><\/td><td>Dodatkowy termin egzaminu zawodowego<\/td><\/tr><\/tbody><\/table><\/figure>\n\n\n\n<p><strong>&nbsp;w czerwcu dwa dni wolne od zaj\u0119\u0107 dydaktyczno- wychowawczych- terminy zostan\u0105 podane p\u00f3\u017aniej<\/strong><\/p>\n\n\n\n<p><strong>LIPIEC-WRZESIE\u0143<\/strong><\/p>\n\n\n\n<figure class=\"wp-block-table\"><table class=\"has-fixed-layout\"><tbody><tr><td><strong>DATA<\/strong><\/td><td><strong>WYDARZENIE<\/strong><\/td><\/tr><tr><td><strong>08.07.2026<\/strong><\/td><td>Og\u0142oszenie wynik\u00f3w egzaminu maturalnego. Uroczyste wr\u0119czenie <strong>\u015aWIADECTW&nbsp; DOJRZA\u0141O\u015aCI<\/strong><\/td><\/tr><tr><td><a><\/a><strong>15.07.2026<\/strong><\/td><td>Termin z\u0142o\u017cenia wniosku o egzamin maturalny w sesji poprawkowej<\/td><\/tr><tr><td><strong>24.08.2026<\/strong><\/td><td>Poprawkowy egzamin maturalny pisemny<\/td><\/tr><tr><td><strong>25.08.2026<\/strong><\/td><td>Poprawkowy egzamin maturalny ustny<\/td><\/tr><tr><td><strong>28.08.2026<\/strong><\/td><td>Wyniki egzaminu zawodowego<\/td><\/tr><tr><td><strong>11.09.2026<\/strong><\/td><td>Og\u0142oszenie wynik\u00f3w egzaminu maturalnego poprawkowego<\/td><\/tr><\/tbody><\/table><\/figure>\n\n\n\n<p><strong><u>NIEKT\u00d3RE&nbsp; TERMINY MOG\u0104 ULEC&nbsp; ZMIANIE<\/u><\/strong><\/p>\n\n\n\n<p><\/p>\n","protected":false},"excerpt":{"rendered":"<p>KALENDARZ PRACY SZKO\u0141Y \u2013 II OKRES ROKU SZKOLNEGO 2025\/26 STYCZE\u0143 DATA WYDARZENIE 12.01-06.02.2026 Praktyki zawodowe&nbsp; dla klasy 3t6 19.01.2026 Rozpocz\u0119cie drugiego okresu 29-30.2026 Termin dodatkowy egzamin\u00f3w zawodowych w sesji zima 2026 05.02 Analityczne zebranie rady pedagogicznej LUTY DATA WYDARZENIE 07.02.2026 Termin sk\u0142adania deklaracji do egzaminu zawodowego w sesji LATO 2026 09.02.2026 Ostateczny termin z\u0142o\u017cenia deklaracji [&hellip;]<\/p>\n","protected":false},"author":1,"featured_media":0,"parent":0,"menu_order":0,"comment_status":"closed","ping_status":"closed","template":"","meta":{"footnotes":""},"class_list":["post-2254","page","type-page","status-publish","hentry"],"_links":{"self":[{"href":"https:\/\/zsme.poznan.pl\/index.php?rest_route=\/wp\/v2\/pages\/2254","targetHints":{"allow":["GET"]}}],"collection":[{"href":"https:\/\/zsme.poznan.pl\/index.php?rest_route=\/wp\/v2\/pages"}],"about":[{"href":"https:\/\/zsme.poznan.pl\/index.php?rest_route=\/wp\/v2\/types\/page"}],"author":[{"embeddable":true,"href":"https:\/\/zsme.poznan.pl\/index.php?rest_route=\/wp\/v2\/users\/1"}],"replies":[{"embeddable":true,"href":"https:\/\/zsme.poznan.pl\/index.php?rest_route=%2Fwp%2Fv2%2Fcomments&post=2254"}],"version-history":[{"count":11,"href":"https:\/\/zsme.poznan.pl\/index.php?rest_route=\/wp\/v2\/pages\/2254\/revisions"}],"predecessor-version":[{"id":20414,"href":"https:\/\/zsme.poznan.pl\/index.php?rest_route=\/wp\/v2\/pages\/2254\/revisions\/20414"}],"wp:attachment":[{"href":"https:\/\/zsme.poznan.pl\/index.php?rest_route=%2Fwp%2Fv2%2Fmedia&parent=2254"}],"curies":[{"name":"wp","href":"https:\/\/api.w.org\/{rel}","templated":true}]}}