{"id":2259,"date":"2018-08-27T10:50:23","date_gmt":"2018-08-27T10:50:23","guid":{"rendered":"http:\/\/www.zsken.home.pl\/zsken18\/?page_id=2259"},"modified":"2025-09-19T06:21:01","modified_gmt":"2025-09-19T06:21:01","slug":"dokumenty-do-pobrania","status":"publish","type":"page","link":"https:\/\/zsme.poznan.pl\/?page_id=2259","title":{"rendered":"Dokumenty do pobrania"},"content":{"rendered":"<p><a href=\"https:\/\/zsme.poznan.pl\/dokumenty\/trudnosci_komunikacyjne.docx\">WNIOSEK O ZWOLNIENIE UCZNIA Z POWOD\u00d3W KOMUNIKACYJNYCH<\/a><\/p>\r\n<p>Informujemy, \u017ce usprawiedliwienia nieobecno\u015bci mo\u017cna dokonywa\u0107 przez zak\u0142adk\u0119 \u201eUsprawiedliwienia\u201d w dzienniku elektronicznym<\/p>\r\n<p><a href=\"https:\/\/zsme.poznan.pl\/dokumenty\/usprawiedliwienie_nieobecnosci.pdf\">USPRAWIEDLIWIENIE NIEOBECNO\u015aCI UCZNIA<\/a><\/p>\r\n<p><a href=\"https:\/\/zsme.poznan.pl\/dokumenty\/zwolnieniewf.docx\">WNIOSEK O ZWOLNIENIE Z \u0106WICZE\u0143 WF<\/a><\/p>\r\n<p><a href=\"https:\/\/zsme.poznan.pl\/dokumenty\/oswiadczenie_religia_etyka.docx\">DEKLARACJA UCZ\u0118SZCZANIA NA LEKCJE RELIGII\/ETYKI<\/a><\/p>\r\n<p><a href=\"https:\/\/zsme.poznan.pl\/wp-content\/uploads\/2025\/09\/oswiadczenie_o_rezygnacji_z_uczestnictwa_w_zajeciach_edukacji_zdrowotnej_niepelnoletni_uczen-1.doc\">O\u015bwiadczenie o rezygnacji z uczestnictwa w zaj\u0119ciach edukacji zdrowotnej &#8211; niepe\u0142noletni ucze\u0144<\/a><\/p>\r\n<p><a href=\"https:\/\/zsme.poznan.pl\/wp-content\/uploads\/2025\/09\/oswiadczenie_o_rezygnacji_z_uczestnictwa_w_zajeciach_edukacji_zdrowotnej_pelnoletni_uczen-1.doc\">O\u015bwiadczenie o rezygnacji z uczestnictwa w zaj\u0119ciach edukacji zdrowotnej &#8211; pe\u0142noletni ucze\u0144<\/a><\/p>\r\n<p><a href=\"https:\/\/zsme.poznan.pl\/wp-content\/uploads\/2021\/10\/Wniosek-duplikat-swiadectwa.docx\">Wniosek o duplikat \u015bwiadectwa<\/a><\/p>\r\n<p><a href=\"https:\/\/zsme.poznan.pl\/wp-content\/uploads\/2021\/10\/Wniosek-duplikat-legitymacji-szkolnej.docx\">Wniosek o duplikat legitymacji szkolnej<\/a><\/p>\r\n<p><a href=\"https:\/\/zsme.poznan.pl\/wp-content\/uploads\/2024\/10\/wniosek-o-wydanie-mLegitymacji.docx\">Wniosek o wydanie mLegitymacji<\/a><\/p>\r\n<p><a id=\"wp-block-file--media-2e73ef12-169c-4c06-85e1-17bde8f469f3\" href=\"https:\/\/zsme.poznan.pl\/wp-content\/uploads\/2025\/09\/Informator-mObywatel-Junior.pdf\">Informator mObywatel-Junior<\/a><\/p>\r\n<p><!--\r\nDruki deklaracji, zwolnie\u0144 i usprawiedliwie\u0144:\r\n\r\n<a href=\"https:\/\/zsme.poznan.pl\/images\/doc\/oswiadczenie_religia_etyka.docx\">O\u015bwiadczenie o ucz\u0119szczaniu na lekcje religii\/etyki<\/a>\r\n\r\n<a href=\"https:\/\/zsme.poznan.pl\/images\/doc\/wniosek_zwolnienie_w-f.docx\">Wniosek o zwolnienie z \u0107wicze\u0144 wf<\/a>\r\n\r\n<a href=\"https:\/\/zsme.poznan.pl\/images\/doc\/wniosek_przepustka.docx\">Wniosek o przepustk\u0119<\/a>\r\n\r\n<a href=\"https:\/\/zsme.poznan.pl\/images\/doc\/usprawiedliwienie_nieobecnosci.docx\">Usprawiedliwienie nieobecno\u015bci ucznia<\/a>\r\n\r\n&nbsp;\r\n\r\n<a href=\"https:\/\/zsme.poznan.pl\/galeria1\/dokumenty\/regulaminklasmundurowych17.pdf\">REGULAMIN KLAS MUNDUROWYCH<\/a> - za\u0142\u0105cznik nr 4 do Statutu\r\n--><\/p>\r\n\r\n\r\n\r\n<p>&nbsp;<\/p>\r\n","protected":false},"excerpt":{"rendered":"<p>WNIOSEK O ZWOLNIENIE UCZNIA Z POWOD\u00d3W KOMUNIKACYJNYCH Informujemy, \u017ce usprawiedliwienia nieobecno\u015bci mo\u017cna dokonywa\u0107 przez zak\u0142adk\u0119 \u201eUsprawiedliwienia\u201d w dzienniku elektronicznym USPRAWIEDLIWIENIE NIEOBECNO\u015aCI UCZNIA WNIOSEK O ZWOLNIENIE Z \u0106WICZE\u0143 WF DEKLARACJA UCZ\u0118SZCZANIA NA LEKCJE RELIGII\/ETYKI O\u015bwiadczenie o rezygnacji z uczestnictwa w zaj\u0119ciach edukacji zdrowotnej &#8211; niepe\u0142noletni ucze\u0144 O\u015bwiadczenie o rezygnacji z uczestnictwa w zaj\u0119ciach edukacji zdrowotnej &#8211; [&hellip;]<\/p>\n","protected":false},"author":1,"featured_media":0,"parent":0,"menu_order":0,"comment_status":"closed","ping_status":"closed","template":"","meta":{"footnotes":""},"class_list":["post-2259","page","type-page","status-publish","hentry"],"_links":{"self":[{"href":"https:\/\/zsme.poznan.pl\/index.php?rest_route=\/wp\/v2\/pages\/2259","targetHints":{"allow":["GET"]}}],"collection":[{"href":"https:\/\/zsme.poznan.pl\/index.php?rest_route=\/wp\/v2\/pages"}],"about":[{"href":"https:\/\/zsme.poznan.pl\/index.php?rest_route=\/wp\/v2\/types\/page"}],"author":[{"embeddable":true,"href":"https:\/\/zsme.poznan.pl\/index.php?rest_route=\/wp\/v2\/users\/1"}],"replies":[{"embeddable":true,"href":"https:\/\/zsme.poznan.pl\/index.php?rest_route=%2Fwp%2Fv2%2Fcomments&post=2259"}],"version-history":[{"count":7,"href":"https:\/\/zsme.poznan.pl\/index.php?rest_route=\/wp\/v2\/pages\/2259\/revisions"}],"predecessor-version":[{"id":19368,"href":"https:\/\/zsme.poznan.pl\/index.php?rest_route=\/wp\/v2\/pages\/2259\/revisions\/19368"}],"wp:attachment":[{"href":"https:\/\/zsme.poznan.pl\/index.php?rest_route=%2Fwp%2Fv2%2Fmedia&parent=2259"}],"curies":[{"name":"wp","href":"https:\/\/api.w.org\/{rel}","templated":true}]}}