{"id":2304,"date":"2018-08-27T15:08:22","date_gmt":"2018-08-27T15:08:22","guid":{"rendered":"http:\/\/www.zsken.home.pl\/zsken18\/?page_id=2304"},"modified":"2025-10-22T19:48:39","modified_gmt":"2025-10-22T19:48:39","slug":"psycholog-i-pedagog","status":"publish","type":"page","link":"https:\/\/zsme.poznan.pl\/?page_id=2304","title":{"rendered":"Psycholog i pedagog"},"content":{"rendered":"\n\n\n<figure class=\"wp-block-image size-large\"><a href=\"https:\/\/zsme.poznan.pl\/wp-content\/uploads\/2025\/10\/Harmonogram-pp.png\" data-rel=\"lightbox-image-0\" data-rl_title=\"\" data-rl_caption=\"\" title=\"\"><img fetchpriority=\"high\" decoding=\"async\" width=\"1024\" height=\"482\" src=\"https:\/\/zsme.poznan.pl\/wp-content\/uploads\/2025\/10\/Harmonogram-pp-1024x482.png\" alt=\"Harmonogram pp\" class=\"wp-image-19685\" srcset=\"https:\/\/zsme.poznan.pl\/wp-content\/uploads\/2025\/10\/Harmonogram-pp-1024x482.png 1024w, https:\/\/zsme.poznan.pl\/wp-content\/uploads\/2025\/10\/Harmonogram-pp-300x141.png 300w, https:\/\/zsme.poznan.pl\/wp-content\/uploads\/2025\/10\/Harmonogram-pp-768x362.png 768w, https:\/\/zsme.poznan.pl\/wp-content\/uploads\/2025\/10\/Harmonogram-pp.png 1026w\" sizes=\"(max-width: 1024px) 100vw, 1024px\" \/><\/a><\/figure>\n\n\n\n<\/p>\r\n<figure class=\"wp-block-image aligncenter size-full\"><a href=\"https:\/\/zsme.poznan.pl\/wp-content\/uploads\/2025\/09\/Szkolni-specjalisci_pp.pdf.jpg\" data-rel=\"lightbox-image-1\" data-rl_title=\"\" data-rl_caption=\"\" title=\"\"><img decoding=\"async\" width=\"768\" height=\"1024\" class=\"wp-image-19205\" src=\"https:\/\/zsme.poznan.pl\/wp-content\/uploads\/2025\/09\/Szkolni-specjalisci_pp.pdf.jpg\" alt=\"\" srcset=\"https:\/\/zsme.poznan.pl\/wp-content\/uploads\/2025\/09\/Szkolni-specjalisci_pp.pdf.jpg 768w, https:\/\/zsme.poznan.pl\/wp-content\/uploads\/2025\/09\/Szkolni-specjalisci_pp.pdf-225x300.jpg 225w\" sizes=\"(max-width: 768px) 100vw, 768px\" \/><\/a><\/figure>\r\n<p style=\"text-align: center;\">\n\n\n<\/p>\n<h3><a href=\"https:\/\/zsme.poznan.pl\/wp-content\/uploads\/2024\/10\/ramkapomocowa.jpg\" data-rel=\"lightbox-image-2\" data-rl_title=\"\" data-rl_caption=\"\"><img decoding=\"async\" class=\"aligncenter wp-image-16623 size-full\" title=\"\" src=\"https:\/\/zsme.poznan.pl\/wp-content\/uploads\/2024\/10\/ramkapomocowa.jpg\" alt=\"ramkapomocowa\" width=\"724\" height=\"1024\" srcset=\"https:\/\/zsme.poznan.pl\/wp-content\/uploads\/2024\/10\/ramkapomocowa.jpg 724w, https:\/\/zsme.poznan.pl\/wp-content\/uploads\/2024\/10\/ramkapomocowa-212x300.jpg 212w\" sizes=\"(max-width: 724px) 100vw, 724px\" \/><\/a><\/h3>\n<p>Grupa powsta\u0142a po to, aby dzieli\u0107 si\u0119 patentami na ciekawe sposoby sp\u0119dzania wolnego czasu, poleca\u0107 sobie interesuj\u0105ce ksi\u0105\u017cki, filmy, artyku\u0142y, rozmawia\u0107 o sprawach, kt\u00f3re s\u0105 w tej sytuacji dla m\u0142odych ludzi wa\u017cne albo trudne. B\u0119dziemy tam r\u00f3wnie\u017c zamieszcza\u0107 posty o tym, co psychologia m\u00f3wi o radzeniu sobie z takimi nag\u0142ymi zmianami czy te\u017c o tym, jak organizowa\u0107 sobie czas i nauk\u0119 w czterech \u015bcianach. \u201eZSM im. KEN pomoc psychologiczno-pedagogiczna\u201d. Zapraszamy m\u0142odzie\u017c i rodzic\u00f3w do kontaktu poprzez dziennik elektroniczny, maila (<a href=\"mailto:klaudia.ackermann@zsken.pl\">natalia.kwasek@zsken.pl <\/a><a href=\"mailto:malgorzata.sargialis-wojewodzka@zsken.pl\">, <\/a><a href=\"mailto:joanna.lucka@zsken.pl\">joanna.lucka@zsken.pl<\/a><a href=\"mailto:malgorzata.sargialis-wojewodzka@zsken.pl\">, <\/a><a href=\"mailto:anna.gulczynska@zsken.pl\">anna.gulczynska@zsken.pl<\/a>) lub Messengera w celu uzgodnienia dogodnej formy wirtualnego spotkania. Jednocze\u015bnie uruchamiamy na Facebooku grup\u0119:<\/p>\n<p style=\"text-align: left;\" align=\"center\"><strong>NASZA PRACA<\/strong><\/p>\n<p>W wielkim skr\u00f3cie:<\/p>\n<ul>\n<li>Udzielamy informacji na temat min. mo\u017cliwo\u015bci pomocy materialnej i innej specjalistycznej uczniom i ich rodzicom, procedur uzyskiwania nauczania indywidualnego i innych procedur szkolnych, mo\u017cliwo\u015bci kontynuowania nauki w innych szko\u0142ach i na wy\u017cszych uczelniach.<\/li>\n<li>Wsp\u00f3lnie z uczniem szukamy mo\u017cliwo\u015bci rozwi\u0105zania konflikt\u00f3w, problem\u00f3w, wyja\u015bnienia nieporozumie\u0144.<\/li>\n<li>Wspieramy w kryzysach szkolnych, rodzinnych, uczuciowych, \u017cyciowych.<\/li>\n<li>Wsp\u00f3\u0142pracujemy z wychowawcami, nauczycielami i dyrekcj\u0105 szko\u0142y, a tak\u017ce z burs\u0105 szkoln\u0105 i innymi instytucjami pomocowymi.<\/li>\n<li>Pomagamy dokona\u0107 wyboru dalszej drogi edukacyjnej, zawodowej.<\/li>\n<li>Inicjatorom akcji, imprez szkolnych pomagamy w realizacji pomys\u0142\u00f3w.<\/li>\n<\/ul>\n<p><strong>FORMY PRACY<\/strong><\/p>\n<p>Pracujemy indywidualnie oraz w grupach warsztatowych \u2013 prowadzimy zaj\u0119cia z Treningu Zast\u0119powania Agresji \u2013 nauka umiej\u0119tno\u015bci spo\u0142ecznych dla uczni\u00f3w oraz warsztaty kompetencji wychowawczych dla rodzic\u00f3w. Na pocz\u0105tku roku szkolnego przeprowadzamy w ka\u017cdej klasie I zaj\u0119cia integracyjne maj\u0105ce na celu poznanie si\u0119 uczni\u00f3w nawzajem oraz poznanie uczni\u00f3w przez wychowawc\u0119, uczniowie maj\u0105 mo\u017cliwo\u015b\u0107 zaprezentowania swoich zdolno\u015bci, umiej\u0119tno\u015bci.<\/p>\n<p>Zapraszamy wszystkich uczni\u00f3w i ich rodzic\u00f3w<br \/>W pracy staramy si\u0119 kierowa\u0107 obiektywizmem i dyskrecj\u0105.<\/p>\n<p>KONTAKT tel. 061 8321949<\/p>\n<p><a id=\"wp-block-file--media-48a9ded7-7838-40e3-b9d1-e8c277f28764\" href=\"https:\/\/zsme.poznan.pl\/wp-content\/uploads\/2025\/09\/wniosek-o-objecie-ucznia-pomoca-pp.docx\">Wniosek o obj\u0119cie ucznia pomoca pp<\/a><\/p>\n<p><a href=\"https:\/\/zsme.poznan.pl\/1\/PROCEDURY%20BEZPIECZENSTWA%20PPP6.pdf\">Procedury Bezpiecze\u0144stwa w Poradni Psychologiczno &#8211; Pedagogicznej nr 6<\/a><\/p>\n<p><a href=\"https:\/\/zsme.poznan.pl\/wp-content\/uploads\/2021\/11\/Oferta-Poradni-Psychologiczno-Pedagogicznej-nr-6.pdf\">Oferta Poradni Psychologiczno-Pedagogicznej nr 6<\/a><\/p>\n<p><a href=\"https:\/\/zsme.poznan.pl\/wp-content\/uploads\/2021\/12\/Motywacja-nastolatkow-do-nauki-prezentacja-2.pptx\">Motywacja nastolatk\u00f3w do nauki &#8211; prezentacja<\/a><\/p>\n<p><a href=\"https:\/\/zsme.poznan.pl\/wp-content\/uploads\/2023\/02\/Zachowania-autodestrukcyjne-wsrod-uczniow.pdf\">Zachowania autodestrukcyjne w\u015br\u00f3d uczni\u00f3w<\/a><\/p>\n<p style=\"text-align: center;\">\n\n\n<\/p>\r\n<p style=\"text-align: center;\">\n\n\n\n\n\n\n\n<\/p>\r\n<p>&nbsp;<\/p>\r\n<p style=\"text-align: center;\">\n\n\n<\/p>","protected":false},"excerpt":{"rendered":"<p>Grupa powsta\u0142a po to, aby dzieli\u0107 si\u0119 patentami na ciekawe sposoby sp\u0119dzania wolnego czasu, poleca\u0107 sobie interesuj\u0105ce ksi\u0105\u017cki, filmy, artyku\u0142y, rozmawia\u0107 o sprawach, kt\u00f3re s\u0105 w tej sytuacji dla m\u0142odych ludzi wa\u017cne albo trudne. B\u0119dziemy tam r\u00f3wnie\u017c zamieszcza\u0107 posty o tym, co psychologia m\u00f3wi o radzeniu sobie z takimi nag\u0142ymi zmianami czy te\u017c o tym, [&hellip;]<\/p>\n","protected":false},"author":1,"featured_media":0,"parent":0,"menu_order":0,"comment_status":"closed","ping_status":"closed","template":"","meta":{"footnotes":""},"class_list":["post-2304","page","type-page","status-publish","hentry"],"_links":{"self":[{"href":"https:\/\/zsme.poznan.pl\/index.php?rest_route=\/wp\/v2\/pages\/2304","targetHints":{"allow":["GET"]}}],"collection":[{"href":"https:\/\/zsme.poznan.pl\/index.php?rest_route=\/wp\/v2\/pages"}],"about":[{"href":"https:\/\/zsme.poznan.pl\/index.php?rest_route=\/wp\/v2\/types\/page"}],"author":[{"embeddable":true,"href":"https:\/\/zsme.poznan.pl\/index.php?rest_route=\/wp\/v2\/users\/1"}],"replies":[{"embeddable":true,"href":"https:\/\/zsme.poznan.pl\/index.php?rest_route=%2Fwp%2Fv2%2Fcomments&post=2304"}],"version-history":[{"count":7,"href":"https:\/\/zsme.poznan.pl\/index.php?rest_route=\/wp\/v2\/pages\/2304\/revisions"}],"predecessor-version":[{"id":19686,"href":"https:\/\/zsme.poznan.pl\/index.php?rest_route=\/wp\/v2\/pages\/2304\/revisions\/19686"}],"wp:attachment":[{"href":"https:\/\/zsme.poznan.pl\/index.php?rest_route=%2Fwp%2Fv2%2Fmedia&parent=2304"}],"curies":[{"name":"wp","href":"https:\/\/api.w.org\/{rel}","templated":true}]}}