{"id":2306,"date":"2018-08-27T15:09:11","date_gmt":"2018-08-27T15:09:11","guid":{"rendered":"http:\/\/www.zsken.home.pl\/zsken18\/?page_id=2306"},"modified":"2025-08-14T18:29:22","modified_gmt":"2025-08-14T18:29:22","slug":"lista-podrecznikow","status":"publish","type":"page","link":"https:\/\/zsme.poznan.pl\/?page_id=2306","title":{"rendered":"Lista podr\u0119cznik\u00f3w"},"content":{"rendered":"<p>Na pocz\u0105tku wrze\u015bnia w szkole odb\u0119dzie si\u0119 kiermasz podr\u0119cznik\u00f3w u\u017cywanych.<\/p>\n<p><a href=\"https:\/\/zsme.poznan.pl\/wp-content\/uploads\/2017\/06\/Szkola-Branzowa_podreczniki.pdf\">Szko\u0142a Bran\u017cowa<\/a><\/p>\n<p><a href=\"https:\/\/zsme.poznan.pl\/wp-content\/uploads\/2017\/06\/Liceum_podreczniki.pdf\">Liceum<\/a><\/p>\n<p><a href=\"https:\/\/zsme.poznan.pl\/wp-content\/uploads\/2017\/06\/Technikum_podreczniki.pdf\">Technikum<\/a><\/p>\n<div>\n<p><strong>W razie pyta\u0144 prosimy o kontakt mailowy:\u00a0<a href=\"mailto:lidia.torzewska-kulas@zsken.pl\" target=\"_blank\" rel=\"noopener\">lidia.torzewska-kulas@zsken.pl<\/a><\/strong><\/p>\n<\/div>\n","protected":false},"excerpt":{"rendered":"<p>Na pocz\u0105tku wrze\u015bnia w szkole odb\u0119dzie si\u0119 kiermasz podr\u0119cznik\u00f3w u\u017cywanych. Szko\u0142a Bran\u017cowa Liceum Technikum W razie pyta\u0144 prosimy o kontakt mailowy:\u00a0lidia.torzewska-kulas@zsken.pl<\/p>\n","protected":false},"author":1,"featured_media":0,"parent":0,"menu_order":0,"comment_status":"closed","ping_status":"closed","template":"","meta":{"footnotes":""},"class_list":["post-2306","page","type-page","status-publish","hentry"],"_links":{"self":[{"href":"https:\/\/zsme.poznan.pl\/index.php?rest_route=\/wp\/v2\/pages\/2306","targetHints":{"allow":["GET"]}}],"collection":[{"href":"https:\/\/zsme.poznan.pl\/index.php?rest_route=\/wp\/v2\/pages"}],"about":[{"href":"https:\/\/zsme.poznan.pl\/index.php?rest_route=\/wp\/v2\/types\/page"}],"author":[{"embeddable":true,"href":"https:\/\/zsme.poznan.pl\/index.php?rest_route=\/wp\/v2\/users\/1"}],"replies":[{"embeddable":true,"href":"https:\/\/zsme.poznan.pl\/index.php?rest_route=%2Fwp%2Fv2%2Fcomments&post=2306"}],"version-history":[{"count":6,"href":"https:\/\/zsme.poznan.pl\/index.php?rest_route=\/wp\/v2\/pages\/2306\/revisions"}],"predecessor-version":[{"id":18842,"href":"https:\/\/zsme.poznan.pl\/index.php?rest_route=\/wp\/v2\/pages\/2306\/revisions\/18842"}],"wp:attachment":[{"href":"https:\/\/zsme.poznan.pl\/index.php?rest_route=%2Fwp%2Fv2%2Fmedia&parent=2306"}],"curies":[{"name":"wp","href":"https:\/\/api.w.org\/{rel}","templated":true}]}}