{"id":2308,"date":"2018-08-27T15:09:39","date_gmt":"2018-08-27T15:09:39","guid":{"rendered":"http:\/\/www.zsken.home.pl\/zsken18\/?page_id=2308"},"modified":"2025-08-28T08:15:49","modified_gmt":"2025-08-28T08:15:49","slug":"egzaminy-potwierdzajace-kwalifikacje-zawodowe","status":"publish","type":"page","link":"https:\/\/zsme.poznan.pl\/?page_id=2308","title":{"rendered":"Egzaminy potwierdzaj\u0105ce kwalifikacje zawodowe"},"content":{"rendered":"<p>Wyniki egzamin\u00f3w zawodowych sesja LATO 2025 b\u0119d\u0105 dost\u0119pne 29 sierpnia 2025 r. na\u00a0portalu zdaj\u0105cego po zalogowaniu w Systemie Informatycznym Obs\u0142uguj\u0105cym Egzaminy Zawodowe.<\/p>\n<p><a href=\"https:\/\/portalzdajacego.epkz.cke.edu.pl\/\" data-saferedirecturl=\"https:\/\/www.google.com\/url?q=https:\/\/portalzdajacego.epkz.cke.edu.pl&amp;source=gmail&amp;ust=1756454628762000&amp;usg=AOvVaw0ae0BcR1WK-5SjIrM4aZdR\">https:\/\/portalzdajacego.epkz.cke.edu.pl<\/a>\u00a0\u00a0<\/p>\n<p>Przypominamy, \u017ce has\u0142o ustala sam zdaj\u0105cy (resetuj has\u0142o) za pomoc\u0105 adresu mailowego podanego w\u00a0deklaracji na egzamin zawodowy oraz numeru PESEL.<\/p>\n<p>Deklaracje na egzaminy w sesji ZIMA 2026 nale\u017cy sk\u0142ada\u0107 do 15 wrze\u015bnia 2025 r.\u00a0<\/p>\n<p>Na wszelkie pytania odpowiada p. wicedyrektor Agata Przybylak<\/p>\n<p><a href=\"mailto:agata.przybylak@zsken.pl\">agata.przybylak@zsken.pl<\/a>\u00a0lub gabinet B10<\/p>\n<p><a href=\"https:\/\/zsme.poznan.pl\/wp-content\/uploads\/2025\/08\/3a_Deklaracja_ucznia_sluchacza-lub-absolwenta_szkoly.docx\">Deklaracja_ucznia_sluchacza lub absolwenta_szkoly<\/a><\/p>\n<p><a href=\"https:\/\/www.testy.egzaminzawodowy.info\/\">Testy zawodowe on-line<\/a><\/p>\n<p>Informatory o egzaminie zawodowym:<\/p>\n<p><a href=\"https:\/\/zsme.poznan.pl\/wp-content\/uploads\/2021\/09\/Technik_optyk-informator.pdf\">Technik_optyk &#8211; informator<\/a><\/p>\n<p><a href=\"https:\/\/zsme.poznan.pl\/wp-content\/uploads\/2021\/09\/technik_urzadzen_dzwigowych-informator-1.pdf\">Technik_urz\u0105dze\u0144_d\u017awigowych &#8211; informator<\/a><\/p>\n<p><a href=\"https:\/\/zsme.poznan.pl\/wp-content\/uploads\/2021\/09\/Mechatronik-informator.pdf\">Mechatronik &#8211; informator<\/a><\/p>\n<p><a href=\"https:\/\/zsme.poznan.pl\/wp-content\/uploads\/2021\/09\/Technik_mechatronik-informator.pdf\">Technik_mechatronik &#8211; informator<\/a><\/p>\n<p><a href=\"https:\/\/zsme.poznan.pl\/wp-content\/uploads\/2021\/09\/Technik_mechanik-informator.pdf\">Technik_mechanik &#8211; informator<\/a><\/p>\n<p><a href=\"https:\/\/zsme.poznan.pl\/wp-content\/uploads\/2021\/09\/Elektryk-informator.pdf\">Elektryk &#8211; informator<\/a><\/p>\n\n\n<p><\/p>\n","protected":false},"excerpt":{"rendered":"<p>Wyniki egzamin\u00f3w zawodowych sesja LATO 2025 b\u0119d\u0105 dost\u0119pne 29 sierpnia 2025 r. na\u00a0portalu zdaj\u0105cego po zalogowaniu w Systemie Informatycznym Obs\u0142uguj\u0105cym Egzaminy Zawodowe. https:\/\/portalzdajacego.epkz.cke.edu.pl\u00a0\u00a0 Przypominamy, \u017ce has\u0142o ustala sam zdaj\u0105cy (resetuj has\u0142o) za pomoc\u0105 adresu mailowego podanego w\u00a0deklaracji na egzamin zawodowy oraz numeru PESEL. Deklaracje na egzaminy w sesji ZIMA 2026 nale\u017cy sk\u0142ada\u0107 do 15 wrze\u015bnia [&hellip;]<\/p>\n","protected":false},"author":1,"featured_media":0,"parent":0,"menu_order":0,"comment_status":"closed","ping_status":"closed","template":"","meta":{"footnotes":""},"class_list":["post-2308","page","type-page","status-publish","hentry"],"_links":{"self":[{"href":"https:\/\/zsme.poznan.pl\/index.php?rest_route=\/wp\/v2\/pages\/2308","targetHints":{"allow":["GET"]}}],"collection":[{"href":"https:\/\/zsme.poznan.pl\/index.php?rest_route=\/wp\/v2\/pages"}],"about":[{"href":"https:\/\/zsme.poznan.pl\/index.php?rest_route=\/wp\/v2\/types\/page"}],"author":[{"embeddable":true,"href":"https:\/\/zsme.poznan.pl\/index.php?rest_route=\/wp\/v2\/users\/1"}],"replies":[{"embeddable":true,"href":"https:\/\/zsme.poznan.pl\/index.php?rest_route=%2Fwp%2Fv2%2Fcomments&post=2308"}],"version-history":[{"count":11,"href":"https:\/\/zsme.poznan.pl\/index.php?rest_route=\/wp\/v2\/pages\/2308\/revisions"}],"predecessor-version":[{"id":19131,"href":"https:\/\/zsme.poznan.pl\/index.php?rest_route=\/wp\/v2\/pages\/2308\/revisions\/19131"}],"wp:attachment":[{"href":"https:\/\/zsme.poznan.pl\/index.php?rest_route=%2Fwp%2Fv2%2Fmedia&parent=2308"}],"curies":[{"name":"wp","href":"https:\/\/api.w.org\/{rel}","templated":true}]}}