{"id":2310,"date":"2018-08-27T15:09:49","date_gmt":"2018-08-27T15:09:49","guid":{"rendered":"http:\/\/www.zsken.home.pl\/zsken18\/?page_id=2310"},"modified":"2025-09-26T17:01:42","modified_gmt":"2025-09-26T17:01:42","slug":"matura","status":"publish","type":"page","link":"https:\/\/zsme.poznan.pl\/?page_id=2310","title":{"rendered":"Matura"},"content":{"rendered":"<p><a href=\"https:\/\/bip.cke.gov.pl\/attachments\/download\/10274\">Deklaracja przyst\u0105pienia do egzaminu maturalnego w 2026 r.<\/a><\/p>\n<p><a href=\"https:\/\/zsme.poznan.pl\/?page_id=19404\">KALENDARZ MATURZYSTY W ROKU SZKOLNYM 2025\/26<\/a><\/p>\n<p><a class=\"page-list-item\" href=\"https:\/\/www.oke.poznan.pl\/files\/cms\/90\/20250820_e8_em_2026_harmonogram.pdf\">Harmonogram przeprowadzania egzaminu maturalnego w 2026 r.<\/a><\/p>\n<p><a class=\"page-list-item\" href=\"https:\/\/www.oke.poznan.pl\/cms,1138,informacja_o_sposobie_organizacji_i_przeprowadzania_egzaminu_maturalnego_w_2026_r..htm\">Informacja o sposobie organizacji i przeprowadzania egzaminu maturalnego w 2026 r.<\/a><\/p>\n<p><a class=\"page-list-item\" href=\"https:\/\/www.oke.poznan.pl\/files\/cms\/884\/20250820_e8_em_2026_komunikat_o_przyborach.pdf\">Komunikat o materia\u0142ach i przyborach dla zdaj\u0105cych egzamin maturalny w 2026 r.<\/a><\/p>\n<p><a class=\"page-list-item\" href=\"https:\/\/www.oke.poznan.pl\/files\/cms\/885\/20250820_em_2026_dostosowania.pdf\">Komunikat o dostosowaniu warunk\u00f3w i formy przeprowadzania egzaminu maturalnego w 2026 r<\/a><\/p>\n<p><a class=\"page-list-item\" href=\"https:\/\/www.oke.poznan.pl\/files\/cms\/885\/20250820_em_2026_informatyka.pdf\">Komunikat w sprawie egzaminu maturalnego z informatyki w 2026 r.<\/a><\/p>\n<p><a class=\"page-list-item\" href=\"https:\/\/www.gov.pl\/web\/edukacja\/komunikat-ministra-edukacji-w-sprawie-wykazu-olimpiad-przedmiotowych-przeprowadzanych-z-przedmiotu-lub-przedmiotow-objetych-egzaminem-osmoklasisty-lub-egzaminem-maturalnym-oraz-konkursow-dla-uczniow-szkol-i-placowek-artystycznych\">Wykaz olimpiad zwalniaj\u0105cych z egzaminu maturalnego z poszczeg\u00f3lnych przedmiot\u00f3w w roku szkolnym 2025\/2026<\/a><\/p>\n<p><a class=\"page-list-item\" href=\"https:\/\/www.oke.poznan.pl\/cms,1144,tablice_matematyczne_fizyczne_chemiczne_i_biologiczne.htm\">Tablice matematyczne, fizyczne, chemiczne i biologiczne<\/a><\/p>\n<p><strong><a href=\"https:\/\/arkusze.pl\/\">Portal Arkusze.pl<\/a><\/strong><\/p>\n","protected":false},"excerpt":{"rendered":"<p>Deklaracja przyst\u0105pienia do egzaminu maturalnego w 2026 r. KALENDARZ MATURZYSTY W ROKU SZKOLNYM 2025\/26 Harmonogram przeprowadzania egzaminu maturalnego w 2026 r. Informacja o sposobie organizacji i przeprowadzania egzaminu maturalnego w 2026 r. Komunikat o materia\u0142ach i przyborach dla zdaj\u0105cych egzamin maturalny w 2026 r. Komunikat o dostosowaniu warunk\u00f3w i formy przeprowadzania egzaminu maturalnego w 2026 [&hellip;]<\/p>\n","protected":false},"author":1,"featured_media":0,"parent":0,"menu_order":0,"comment_status":"closed","ping_status":"closed","template":"","meta":{"footnotes":""},"class_list":["post-2310","page","type-page","status-publish","hentry"],"_links":{"self":[{"href":"https:\/\/zsme.poznan.pl\/index.php?rest_route=\/wp\/v2\/pages\/2310","targetHints":{"allow":["GET"]}}],"collection":[{"href":"https:\/\/zsme.poznan.pl\/index.php?rest_route=\/wp\/v2\/pages"}],"about":[{"href":"https:\/\/zsme.poznan.pl\/index.php?rest_route=\/wp\/v2\/types\/page"}],"author":[{"embeddable":true,"href":"https:\/\/zsme.poznan.pl\/index.php?rest_route=\/wp\/v2\/users\/1"}],"replies":[{"embeddable":true,"href":"https:\/\/zsme.poznan.pl\/index.php?rest_route=%2Fwp%2Fv2%2Fcomments&post=2310"}],"version-history":[{"count":10,"href":"https:\/\/zsme.poznan.pl\/index.php?rest_route=\/wp\/v2\/pages\/2310\/revisions"}],"predecessor-version":[{"id":19415,"href":"https:\/\/zsme.poznan.pl\/index.php?rest_route=\/wp\/v2\/pages\/2310\/revisions\/19415"}],"wp:attachment":[{"href":"https:\/\/zsme.poznan.pl\/index.php?rest_route=%2Fwp%2Fv2%2Fmedia&parent=2310"}],"curies":[{"name":"wp","href":"https:\/\/api.w.org\/{rel}","templated":true}]}}