{"id":2327,"date":"2018-08-27T15:51:25","date_gmt":"2018-08-27T15:51:25","guid":{"rendered":"http:\/\/www.zsken.home.pl\/zsken18\/?page_id=2327"},"modified":"2025-03-21T12:14:04","modified_gmt":"2025-03-21T12:14:04","slug":"erasmus","status":"publish","type":"page","link":"https:\/\/zsme.poznan.pl\/?page_id=2327","title":{"rendered":"NASZE PROJEKTY"},"content":{"rendered":"<p align=\"center\"><a href=\"https:\/\/zsme.poznan.pl\/?page_id=18092\"><span style=\"color: #000000;\"><span style=\"font-family: Verdana, serif;\"><span style=\"font-size: medium;\"><span style=\"font-size: large;\"><b>Projekt \u201eZawodowcy w Europie 3 &#8211; zagraniczne sta\u017ce szans\u0105 dla uczni\u00f3w ZSM\u201d<\/b><\/span><\/span><\/span><\/span><\/a><\/p>\n<p align=\"center\"><a href=\"https:\/\/zsme.poznan.pl\/?page_id=18100\"><span style=\"color: #000000;\"><span style=\"font-family: Verdana, serif;\"><span style=\"font-size: medium;\"><span style=\"font-size: large;\"><b>Projekt \u201eZawodowcy w Europie 2 &#8211; zagraniczne sta\u017ce szans\u0105 dla uczni\u00f3w ZSM\u201d<\/b><\/span><\/span><\/span><\/span><\/a><\/p>\n<p align=\"center\"><a href=\"https:\/\/zsme.poznan.pl\/?page_id=18102\"><span style=\"color: #000000;\"><span style=\"font-family: Verdana, serif;\"><span style=\"font-size: medium;\"><span style=\"font-size: large;\"><b>Projekt \u201eZawodowcy w Europie &#8211; zagraniczne sta\u017ce szans\u0105 dla uczni\u00f3w ZSM\u201d<\/b><\/span><\/span><\/span><\/span><\/a><\/p>\n<p><a href=\"https:\/\/zsme.poznan.pl\/?cat=46\">Relacje z praktyk<\/a><\/p>\n","protected":false},"excerpt":{"rendered":"<p>Projekt \u201eZawodowcy w Europie 3 &#8211; zagraniczne sta\u017ce szans\u0105 dla uczni\u00f3w ZSM\u201d Projekt \u201eZawodowcy w Europie 2 &#8211; zagraniczne sta\u017ce szans\u0105 dla uczni\u00f3w ZSM\u201d Projekt \u201eZawodowcy w Europie &#8211; zagraniczne sta\u017ce szans\u0105 dla uczni\u00f3w ZSM\u201d Relacje z praktyk<\/p>\n","protected":false},"author":1,"featured_media":0,"parent":0,"menu_order":0,"comment_status":"closed","ping_status":"closed","template":"","meta":{"footnotes":""},"class_list":["post-2327","page","type-page","status-publish","hentry"],"_links":{"self":[{"href":"https:\/\/zsme.poznan.pl\/index.php?rest_route=\/wp\/v2\/pages\/2327","targetHints":{"allow":["GET"]}}],"collection":[{"href":"https:\/\/zsme.poznan.pl\/index.php?rest_route=\/wp\/v2\/pages"}],"about":[{"href":"https:\/\/zsme.poznan.pl\/index.php?rest_route=\/wp\/v2\/types\/page"}],"author":[{"embeddable":true,"href":"https:\/\/zsme.poznan.pl\/index.php?rest_route=\/wp\/v2\/users\/1"}],"replies":[{"embeddable":true,"href":"https:\/\/zsme.poznan.pl\/index.php?rest_route=%2Fwp%2Fv2%2Fcomments&post=2327"}],"version-history":[{"count":0,"href":"https:\/\/zsme.poznan.pl\/index.php?rest_route=\/wp\/v2\/pages\/2327\/revisions"}],"wp:attachment":[{"href":"https:\/\/zsme.poznan.pl\/index.php?rest_route=%2Fwp%2Fv2%2Fmedia&parent=2327"}],"curies":[{"name":"wp","href":"https:\/\/api.w.org\/{rel}","templated":true}]}}