{"id":2338,"date":"2018-08-27T15:55:55","date_gmt":"2018-08-27T15:55:55","guid":{"rendered":"http:\/\/www.zsken.home.pl\/zsken18\/?page_id=2338"},"modified":"2025-09-23T12:06:00","modified_gmt":"2025-09-23T12:06:00","slug":"biblioteka","status":"publish","type":"page","link":"https:\/\/zsme.poznan.pl\/?page_id=2338","title":{"rendered":"Biblioteka"},"content":{"rendered":"\n<p class=\"has-text-align-center\"><em><strong>ZAPRASZA<\/strong><\/em><\/p>\n\n\n\n<p class=\"has-text-align-center\"><em><strong>do swej skarbnicy wiedzy zapisanej na stronnicach ksi\u0105g.<\/strong><\/em><\/p>\n\n\n\n<p class=\"has-text-align-center\"><em><strong>&nbsp;<\/strong><strong>Tu odnajdziesz wiernych przyjaci\u00f3\u0142 na dobr\u0105 i z\u0142\u0105 aur\u0119,<\/strong><\/em><\/p>\n\n\n\n<p class=\"has-text-align-center\"><em><strong>na chwil\u0119 zadumy i szcz\u0119\u015bcia\u2026<\/strong><\/em><\/p>\n\n\n\n<p class=\"has-text-align-center\"><strong>Godziny dy\u017cur\u00f3w bibliotecznych znajduj\u0105 si\u0119 na tablicy przy bibliotece.<\/strong><\/p>\n\n\n\n<p>Godziny otwarcia<\/p>\n\n\n\n<figure class=\"wp-block-table\"><table class=\"has-fixed-layout\"><tbody><tr><td>Poniedzia\u0142ek<\/td><td>9.00 do 17.30<\/td><\/tr><tr><td>Wtorek<\/td><td>&nbsp;8.15 do 16.15<\/td><\/tr><tr><td>\u015aroda<\/td><td>8.15. do 16.15<\/td><\/tr><tr><td>Czwartek<\/td><td>9.00 do 18.00<\/td><\/tr><tr><td>Pi\u0105tek<\/td><td>8.15 do 17. 15<\/td><\/tr><\/tbody><\/table><\/figure>\n\n\n\n<p><strong>Biblioteka oferuje zbiory<\/strong>:<\/p>\n\n\n\n<ol class=\"wp-block-list\">\n<li><strong>Literatur\u0119<\/strong> \u2013 dla m\u0142odzie\u017cy, popularno-naukow\u0105, fachow\u0105,<\/li>\n\n\n\n<li><strong>Lektury <\/strong>\u2013 dla wszystkich klas,<\/li>\n\n\n\n<li><strong>Podr\u0119czniki<\/strong> dostosowane do kierunk\u00f3w kszta\u0142cenia obowi\u0105zuj\u0105cego w szkole,<\/li>\n\n\n\n<li><strong>P\u0142yty CD<\/strong> \u2013 filmy fabularne, lektury,<br>zbi\u00f3r wolnych d\u017awi\u0119k\u00f3w \u2013 przedstawia wybrane fragmenty historii Polski,<\/li>\n\n\n\n<li><strong>Ksi\u0119gozbi\u00f3r podr\u0119czny<\/strong> dost\u0119pny tylko na miejscu \u2013 encyklopedie, s\u0142owniki, albumy,<\/li>\n\n\n\n<li><strong>Czasopisma fachowe<\/strong> dostosowane do kierunk\u00f3w kszta\u0142cenia w szkole.<\/li>\n<\/ol>\n\n\n\n<p><strong>Z regulaminu Biblioteki <\/strong><\/p>\n\n\n\n<p><strong>a) wypo\u017cyczalnia<\/strong><\/p>\n\n\n\n<ol class=\"wp-block-list\">\n<li>Wypo\u017cyczaj\u0105c ksi\u0105\u017ck\u0119 nale\u017cy okaza\u0107 si\u0119 legitymacj\u0105 szkoln\u0105 lub dowodem osobistym.<\/li>\n\n\n\n<li>Jednorazowo mo\u017cna wypo\u017cyczy\u0107 do 5 ksi\u0105\u017cek.<\/li>\n\n\n\n<li>Nale\u017cy zwr\u00f3ci\u0107 wypo\u017cyczon\u0105 ksi\u0105\u017ck\u0119 w ci\u0105gu trzech tygodni.<\/li>\n\n\n\n<li>W przypadku zagubienia lub zniszczenia ksi\u0105\u017cki czytelnik <strong>MUSI<\/strong>&nbsp;odkupi\u0107 t\u0119 sam\u0105 pozycj\u0119 lub inn\u0105 wskazan\u0105 przez bibliotekarza o przybli\u017conej warto\u015bci.<\/li>\n\n\n\n<li>Czytelnik, kt\u00f3ry nie zwr\u00f3ci ksi\u0105\u017cek do biblioteki nie b\u0119dzie mia\u0142 podpisanej obieg\u00f3wki.<\/li>\n<\/ol>\n\n\n\n<p><strong>b) <\/strong><strong>czytelnia \/ centrum multimedialne<\/strong><\/p>\n\n\n\n<ol class=\"wp-block-list\">\n<li>Z czytelni mo\u017ce korzysta\u0107 ka\u017cdy ucze\u0144 ZSM w czasie godzin otwarcia biblioteki.<\/li>\n\n\n\n<li>Nie wolno pi\u0107 napoi i spo\u017cywa\u0107 posi\u0142k\u00f3w, je\u015bli ucze\u0144 pracuje przy komputerze lub korzysta z ksi\u0119gozbioru podr\u0119cznego.<\/li>\n\n\n\n<li>Ucze\u0144 nie wchodzi do czytelni w kurtce, a za jej pozostawienie bez opieki bibliotekarz nie ponosi odpowiedzialno\u015bci.<\/li>\n\n\n\n<li>Z encyklopedii, s\u0142ownik\u00f3w i album\u00f3w mo\u017cna korzysta\u0107&nbsp;<strong>TYLKO<\/strong> na miejscu.<\/li>\n<\/ol>\n\n\n\n<p class=\"has-text-align-right\">Zapraszam<\/p>\n\n\n\n<p><\/p>\n\n\n\n<p><strong><u><a href=\"https:\/\/zsme.poznan.pl\/1\/biblioteka\/dlazawodowca.pdf\">Polecam dla zawodowca:<\/a><\/u><\/strong><\/p>\n\n\n\n<p><a href=\"https:\/\/zsme.poznan.pl\/wp-content\/uploads\/2017\/06\/LEKTURY-OBOWIAZKOWE-2025.pdf\"><strong><u>Lista lektur:<\/u><\/strong><\/a><\/p>\n\n\n\n<figure class=\"wp-block-embed is-type-wp-embed is-provider-zesp-szk-mechanicznych wp-block-embed-zesp-szk-mechanicznych\"><div class=\"wp-block-embed__wrapper\">\n<blockquote class=\"wp-embedded-content\" data-secret=\"c73d7Qtbox\"><a href=\"https:\/\/zsme.poznan.pl\/?page_id=7334\">E- biblioteka<\/a><\/blockquote><iframe class=\"wp-embedded-content\" sandbox=\"allow-scripts\" security=\"restricted\" style=\"position: absolute; visibility: hidden;\" title=\"&#8222;E- biblioteka&#8221; &#8212; Zesp\u00f3\u0142 Szk\u00f3\u0142 Mechanicznych\" src=\"https:\/\/zsme.poznan.pl\/?page_id=7334&#038;embed=true#?secret=izyi73oqjD#?secret=c73d7Qtbox\" data-secret=\"c73d7Qtbox\" width=\"600\" height=\"338\" frameborder=\"0\" marginwidth=\"0\" marginheight=\"0\" scrolling=\"no\"><\/iframe>\n<\/div><\/figure>\n\n\n\n<figure class=\"wp-block-embed is-type-wp-embed is-provider-zesp-szk-mechanicznych wp-block-embed-zesp-szk-mechanicznych\"><div class=\"wp-block-embed__wrapper\">\n<blockquote class=\"wp-embedded-content\" data-secret=\"TgSQ9JEpBk\"><a href=\"https:\/\/zsme.poznan.pl\/?page_id=7335\">KSZTA\u0141CENIE ZAWODOWE<\/a><\/blockquote><iframe class=\"wp-embedded-content\" sandbox=\"allow-scripts\" security=\"restricted\" style=\"position: absolute; visibility: hidden;\" title=\"&#8222;KSZTA\u0141CENIE ZAWODOWE&#8221; &#8212; Zesp\u00f3\u0142 Szk\u00f3\u0142 Mechanicznych\" src=\"https:\/\/zsme.poznan.pl\/?page_id=7335&#038;embed=true#?secret=VJecrXjv2e#?secret=TgSQ9JEpBk\" data-secret=\"TgSQ9JEpBk\" width=\"600\" height=\"338\" frameborder=\"0\" marginwidth=\"0\" marginheight=\"0\" scrolling=\"no\"><\/iframe>\n<\/div><\/figure>\n\n\n\n<figure class=\"wp-block-embed is-type-wp-embed is-provider-zesp-szk-mechanicznych wp-block-embed-zesp-szk-mechanicznych\"><div class=\"wp-block-embed__wrapper\">\n<blockquote class=\"wp-embedded-content\" data-secret=\"xeDUdwXNYh\"><a href=\"https:\/\/zsme.poznan.pl\/?page_id=7337\">NAUKI \u015aCIS\u0141E<\/a><\/blockquote><iframe class=\"wp-embedded-content\" sandbox=\"allow-scripts\" security=\"restricted\" style=\"position: absolute; visibility: hidden;\" title=\"&#8222;NAUKI \u015aCIS\u0141E&#8221; &#8212; Zesp\u00f3\u0142 Szk\u00f3\u0142 Mechanicznych\" src=\"https:\/\/zsme.poznan.pl\/?page_id=7337&#038;embed=true#?secret=uk7UJFY92G#?secret=xeDUdwXNYh\" data-secret=\"xeDUdwXNYh\" width=\"600\" height=\"338\" frameborder=\"0\" marginwidth=\"0\" marginheight=\"0\" scrolling=\"no\"><\/iframe>\n<\/div><\/figure>\n\n\n\n<figure class=\"wp-block-embed is-type-wp-embed is-provider-zesp-szk-mechanicznych wp-block-embed-zesp-szk-mechanicznych\"><div class=\"wp-block-embed__wrapper\">\n<blockquote class=\"wp-embedded-content\" data-secret=\"0NcpNbVH2I\"><a href=\"https:\/\/zsme.poznan.pl\/?page_id=7339\">NAUKI HUMANISTYCZNE<\/a><\/blockquote><iframe class=\"wp-embedded-content\" sandbox=\"allow-scripts\" security=\"restricted\" style=\"position: absolute; visibility: hidden;\" title=\"&#8222;NAUKI HUMANISTYCZNE&#8221; &#8212; Zesp\u00f3\u0142 Szk\u00f3\u0142 Mechanicznych\" src=\"https:\/\/zsme.poznan.pl\/?page_id=7339&#038;embed=true#?secret=n5A9kUfWx5#?secret=0NcpNbVH2I\" data-secret=\"0NcpNbVH2I\" width=\"600\" height=\"338\" frameborder=\"0\" marginwidth=\"0\" marginheight=\"0\" scrolling=\"no\"><\/iframe>\n<\/div><\/figure>\n\n\n\n<p><strong>nauki o bezpiecze\u0144stwie<\/strong><\/p>\n\n\n\n<figure class=\"wp-block-embed is-type-wp-embed is-provider-zesp-szk-mechanicznych wp-block-embed-zesp-szk-mechanicznych\"><div class=\"wp-block-embed__wrapper\">\n<blockquote class=\"wp-embedded-content\" data-secret=\"btQ4njdOiC\"><a href=\"https:\/\/zsme.poznan.pl\/?page_id=13877\">NAUKI O BEZPIECZE\u0143STWIE<\/a><\/blockquote><iframe class=\"wp-embedded-content\" sandbox=\"allow-scripts\" security=\"restricted\" style=\"position: absolute; visibility: hidden;\" title=\"&#8222;NAUKI O BEZPIECZE\u0143STWIE&#8221; &#8212; Zesp\u00f3\u0142 Szk\u00f3\u0142 Mechanicznych\" src=\"https:\/\/zsme.poznan.pl\/?page_id=13877&#038;embed=true#?secret=cRd9eejR8h#?secret=btQ4njdOiC\" data-secret=\"btQ4njdOiC\" width=\"600\" height=\"338\" frameborder=\"0\" marginwidth=\"0\" marginheight=\"0\" scrolling=\"no\"><\/iframe>\n<\/div><\/figure>\n\n\n\n<p><strong>ciekawostki:<\/strong><\/p>\n\n\n\n<figure class=\"wp-block-embed is-type-wp-embed is-provider-zesp-szk-mechanicznych wp-block-embed-zesp-szk-mechanicznych\"><div class=\"wp-block-embed__wrapper\">\n<blockquote class=\"wp-embedded-content\" data-secret=\"HWlRfEgemZ\"><a href=\"https:\/\/zsme.poznan.pl\/?page_id=7346\">CIEKAWOSTKI<\/a><\/blockquote><iframe class=\"wp-embedded-content\" sandbox=\"allow-scripts\" security=\"restricted\" style=\"position: absolute; visibility: hidden;\" title=\"&#8222;CIEKAWOSTKI&#8221; &#8212; Zesp\u00f3\u0142 Szk\u00f3\u0142 Mechanicznych\" src=\"https:\/\/zsme.poznan.pl\/?page_id=7346&#038;embed=true#?secret=ozHYsnqqaq#?secret=HWlRfEgemZ\" data-secret=\"HWlRfEgemZ\" width=\"600\" height=\"338\" frameborder=\"0\" marginwidth=\"0\" marginheight=\"0\" scrolling=\"no\"><\/iframe>\n<\/div><\/figure>\n\n\n\n<p><strong>biblioteki cyfrowe<\/strong><\/p>\n\n\n\n<figure class=\"wp-block-embed is-type-wp-embed is-provider-zesp-szk-mechanicznych wp-block-embed-zesp-szk-mechanicznych\"><div class=\"wp-block-embed__wrapper\">\n<blockquote class=\"wp-embedded-content\" data-secret=\"72ASxb2wjm\"><a href=\"https:\/\/zsme.poznan.pl\/?page_id=8604\">BIBLIOTEKI CYFROWE<\/a><\/blockquote><iframe class=\"wp-embedded-content\" sandbox=\"allow-scripts\" security=\"restricted\" style=\"position: absolute; visibility: hidden;\" title=\"&#8222;BIBLIOTEKI CYFROWE&#8221; &#8212; Zesp\u00f3\u0142 Szk\u00f3\u0142 Mechanicznych\" src=\"https:\/\/zsme.poznan.pl\/?page_id=8604&#038;embed=true#?secret=VztQo5nbuF#?secret=72ASxb2wjm\" data-secret=\"72ASxb2wjm\" width=\"600\" height=\"338\" frameborder=\"0\" marginwidth=\"0\" marginheight=\"0\" scrolling=\"no\"><\/iframe>\n<\/div><\/figure>\n\n\n\n<p><\/p>\n\n\n\n<p class=\"has-text-align-left\"><code class=\"rl-shortcode\"><div class=\"rl-gallery-container rl-loading\" id=\"rl-gallery-container-1\" data-gallery_id=\"3057\"> <div class=\"rl-gallery rl-basicgrid-gallery \" id=\"rl-gallery-1\" data-gallery_no=\"1\"> <div class=\"rl-gallery-item\"><a href=\"https:\/\/zsme.poznan.pl\/wp-content\/uploads\/2018\/10\/biblioteka-2.jpg\" title=\"\" data-rl_title=\"\" class=\"rl-gallery-link\" data-rl_caption=\"\" data-rel=\"lightbox-gallery-1\"><img fetchpriority=\"high\" decoding=\"async\" src=\"https:\/\/zsme.poznan.pl\/wp-content\/uploads\/2018\/10\/biblioteka-2-300x225.jpg\" width=\"300\" height=\"225\" alt=\"biblioteka 2\" \/><\/a><\/div><div class=\"rl-gallery-item\"><a href=\"https:\/\/zsme.poznan.pl\/wp-content\/uploads\/2018\/10\/biblioteka-1.jpg\" title=\"\" data-rl_title=\"\" class=\"rl-gallery-link\" data-rl_caption=\"\" data-rel=\"lightbox-gallery-1\"><img decoding=\"async\" src=\"https:\/\/zsme.poznan.pl\/wp-content\/uploads\/2018\/10\/biblioteka-1-300x249.jpg\" width=\"300\" height=\"249\" alt=\"biblioteka 1\" \/><\/a><\/div><div class=\"rl-gallery-item\"><a href=\"https:\/\/zsme.poznan.pl\/wp-content\/uploads\/2018\/10\/biblioteka-5.jpg\" title=\"\" data-rl_title=\"\" class=\"rl-gallery-link\" data-rl_caption=\"\" data-rel=\"lightbox-gallery-1\"><img decoding=\"async\" src=\"https:\/\/zsme.poznan.pl\/wp-content\/uploads\/2018\/10\/biblioteka-5-300x225.jpg\" width=\"300\" height=\"225\" alt=\"biblioteka 5\" \/><\/a><\/div><div class=\"rl-gallery-item\"><a href=\"https:\/\/zsme.poznan.pl\/wp-content\/uploads\/2018\/10\/biblioteka-4.jpg\" title=\"\" data-rl_title=\"\" class=\"rl-gallery-link\" data-rl_caption=\"\" data-rel=\"lightbox-gallery-1\"><img loading=\"lazy\" decoding=\"async\" src=\"https:\/\/zsme.poznan.pl\/wp-content\/uploads\/2018\/10\/biblioteka-4-225x300.jpg\" width=\"225\" height=\"300\" alt=\"biblioteka 4\" \/><\/a><\/div><div class=\"rl-gallery-item\"><a href=\"https:\/\/zsme.poznan.pl\/wp-content\/uploads\/2018\/10\/biblioteka-3.jpg\" title=\"\" data-rl_title=\"\" class=\"rl-gallery-link\" data-rl_caption=\"\" data-rel=\"lightbox-gallery-1\"><img loading=\"lazy\" decoding=\"async\" src=\"https:\/\/zsme.poznan.pl\/wp-content\/uploads\/2018\/10\/biblioteka-3-300x266.jpg\" width=\"300\" height=\"266\" alt=\"biblioteka 3\" \/><\/a><\/div> <\/div> <\/div><\/code><\/p>\n\n\n\n<p><\/p>\n","protected":false},"excerpt":{"rendered":"<p>ZAPRASZA do swej skarbnicy wiedzy zapisanej na stronnicach ksi\u0105g. &nbsp;Tu odnajdziesz wiernych przyjaci\u00f3\u0142 na dobr\u0105 i z\u0142\u0105 aur\u0119, na chwil\u0119 zadumy i szcz\u0119\u015bcia\u2026 Godziny dy\u017cur\u00f3w bibliotecznych znajduj\u0105 si\u0119 na tablicy przy bibliotece. Godziny otwarcia Poniedzia\u0142ek 9.00 do 17.30 Wtorek &nbsp;8.15 do 16.15 \u015aroda 8.15. do 16.15 Czwartek 9.00 do 18.00 Pi\u0105tek 8.15 do 17. 15 [&hellip;]<\/p>\n","protected":false},"author":1,"featured_media":0,"parent":0,"menu_order":0,"comment_status":"closed","ping_status":"closed","template":"","meta":{"footnotes":""},"class_list":["post-2338","page","type-page","status-publish","hentry"],"_links":{"self":[{"href":"https:\/\/zsme.poznan.pl\/index.php?rest_route=\/wp\/v2\/pages\/2338","targetHints":{"allow":["GET"]}}],"collection":[{"href":"https:\/\/zsme.poznan.pl\/index.php?rest_route=\/wp\/v2\/pages"}],"about":[{"href":"https:\/\/zsme.poznan.pl\/index.php?rest_route=\/wp\/v2\/types\/page"}],"author":[{"embeddable":true,"href":"https:\/\/zsme.poznan.pl\/index.php?rest_route=\/wp\/v2\/users\/1"}],"replies":[{"embeddable":true,"href":"https:\/\/zsme.poznan.pl\/index.php?rest_route=%2Fwp%2Fv2%2Fcomments&post=2338"}],"version-history":[{"count":5,"href":"https:\/\/zsme.poznan.pl\/index.php?rest_route=\/wp\/v2\/pages\/2338\/revisions"}],"predecessor-version":[{"id":19397,"href":"https:\/\/zsme.poznan.pl\/index.php?rest_route=\/wp\/v2\/pages\/2338\/revisions\/19397"}],"wp:attachment":[{"href":"https:\/\/zsme.poznan.pl\/index.php?rest_route=%2Fwp%2Fv2%2Fmedia&parent=2338"}],"curies":[{"name":"wp","href":"https:\/\/api.w.org\/{rel}","templated":true}]}}