{"id":2340,"date":"2018-08-27T15:56:37","date_gmt":"2018-08-27T15:56:37","guid":{"rendered":"http:\/\/www.zsken.home.pl\/zsken18\/?page_id=2340"},"modified":"2021-02-16T13:02:36","modified_gmt":"2021-02-16T13:02:36","slug":"zakladowy-fundusz-swiadczen-socjalnych","status":"publish","type":"page","link":"https:\/\/zsme.poznan.pl\/?page_id=2340","title":{"rendered":"Zak\u0142adowy Fundusz \u015awiadcze\u0144 Socjalnych"},"content":{"rendered":"<p style=\"text-align: left;\"><a href=\"https:\/\/zsme.poznan.pl\/File\/Regulamin_ZFSS.pdf\"><strong>REGULAMIN ZAK\u0141ADOWEGO FUNDUSZU \u015aWIADCZE\u0143 SOCJALNYCH <\/strong><\/a><\/p>\n<p><a href=\"https:\/\/zsme.poznan.pl\/File\/rodo_ZFSS.pdf\">Klauzula RODO<\/a><\/p>\n<p>Dokumenty do pobrania:<\/p>\n<p><a href=\"https:\/\/zsme.poznan.pl\/File\/Za\u0142\u0105cznik_nr_1_do_Regulaminu_ZFSS.pdf\">ZA\u0141\u0104CZNIK nr 1 &#8211; INFORMACJA o sytuacji \u017cyciowej, rodzinnej i materialnej osoby uprawnionej do korzystania z ZF\u015aS <\/a><br \/>\n<a href=\"https:\/\/zsme.poznan.pl\/File\/Za\u0142\u0105cznik_nr_2_do_Regulaminu_ZFSS.pdf\"> ZA\u0141ACZNIK nr 2 &#8211; WNIOSEK o przyznanie \u015bwiadczenia socjalnego <\/a><br \/>\n<a href=\"https:\/\/zsme.poznan.pl\/File\/Zalacznik_nr4oswiadczenie_do_pozyczki.pdf\"> ZA\u0141ACZNIK nr 4 &#8211; o\u015bwiadczenie o por\u0119czeniu po\u017cyczki\u00a0<\/a><\/p>\n","protected":false},"excerpt":{"rendered":"<p>REGULAMIN ZAK\u0141ADOWEGO FUNDUSZU \u015aWIADCZE\u0143 SOCJALNYCH Klauzula RODO Dokumenty do pobrania: ZA\u0141\u0104CZNIK nr 1 &#8211; INFORMACJA o sytuacji \u017cyciowej, rodzinnej i materialnej osoby uprawnionej do korzystania z ZF\u015aS ZA\u0141ACZNIK nr 2 &#8211; WNIOSEK o przyznanie \u015bwiadczenia socjalnego ZA\u0141ACZNIK nr 4 &#8211; o\u015bwiadczenie o por\u0119czeniu po\u017cyczki\u00a0<\/p>\n","protected":false},"author":1,"featured_media":0,"parent":0,"menu_order":0,"comment_status":"closed","ping_status":"closed","template":"","meta":{"footnotes":""},"class_list":["post-2340","page","type-page","status-publish","hentry"],"_links":{"self":[{"href":"https:\/\/zsme.poznan.pl\/index.php?rest_route=\/wp\/v2\/pages\/2340","targetHints":{"allow":["GET"]}}],"collection":[{"href":"https:\/\/zsme.poznan.pl\/index.php?rest_route=\/wp\/v2\/pages"}],"about":[{"href":"https:\/\/zsme.poznan.pl\/index.php?rest_route=\/wp\/v2\/types\/page"}],"author":[{"embeddable":true,"href":"https:\/\/zsme.poznan.pl\/index.php?rest_route=\/wp\/v2\/users\/1"}],"replies":[{"embeddable":true,"href":"https:\/\/zsme.poznan.pl\/index.php?rest_route=%2Fwp%2Fv2%2Fcomments&post=2340"}],"version-history":[{"count":0,"href":"https:\/\/zsme.poznan.pl\/index.php?rest_route=\/wp\/v2\/pages\/2340\/revisions"}],"wp:attachment":[{"href":"https:\/\/zsme.poznan.pl\/index.php?rest_route=%2Fwp%2Fv2%2Fmedia&parent=2340"}],"curies":[{"name":"wp","href":"https:\/\/api.w.org\/{rel}","templated":true}]}}