{"id":2344,"date":"2018-08-27T15:58:51","date_gmt":"2018-08-27T15:58:51","guid":{"rendered":"http:\/\/www.zsken.home.pl\/zsken18\/?page_id=2344"},"modified":"2026-01-12T23:42:56","modified_gmt":"2026-01-12T23:42:56","slug":"kontakt","status":"publish","type":"page","link":"https:\/\/zsme.poznan.pl\/?page_id=2344","title":{"rendered":"Kontakt"},"content":{"rendered":"<p style=\"text-align: justify;\">Najwa\u017cniejsze adresy i telefon, kt\u00f3re s\u0105 obs\u0142ugiwane w godzinach pracy sekretariatu dyrektora, sekretariatu uczniowskiego, ksi\u0119gowo\u015bci, kadr: od poniedzia\u0142ku do pi\u0105tku w godz. 8.00 \u2013 15.00<br \/>\n<strong>Sekretariat:<\/strong> <a href=\"mailto:sekretariat@zsken.pl\">sekretariat<\/a><a href=\"mailto:hanna.ogor@zsken.pl\">@zsken.pl<\/a><br \/>\n<strong>Kadry:<\/strong> <a href=\"mailto:hanna.ogor@zsken.pl\">hanna.ogor@zsken.pl<\/a><br \/>\n<strong>P\u0142ace:<\/strong> <a href=\"mailto:beata.kowalska@zsken.pl\">beata.kowalska@zsken.pl<\/a><br \/>\n<strong>Ksi\u0119gowo\u015b\u0107:<\/strong> <a href=\"mailto:marek.michalowicz@zsken.pl\">marek.michalowicz@zsken.pl<\/a><br \/>\n<strong>Sekretariat uczniowski:<\/strong> <a href=\"mailto:ludmila.zerko@zsken.pl\">ludmila.zerko@zsken.pl<\/a><\/p>\n<div><b>ZSM im. KEN\u00a0\u00a0<\/b><\/div>\n<div><b>AE:PL-11867-39316-DBEJR-19<\/b><b>\u00a0<\/b><\/div>\n<div><b>XXIX LO<\/b><\/div>\n<div><b>AE:PL-78143-38373-CJIAJ-18<\/b><b>\u00a0<\/b><\/div>\n<div><b>Technikum Mechaniczne<\/b><\/div>\n<div><b>AE:PL-17417-78481-TUHGH-24<\/b><b>\u00a0<\/b><\/div>\n<div><b>Bran\u017cowa Szko\u0142a I Stopnia nr 29<\/b><\/div>\n<div><b>AE:PL-54101-38324-VEFAT-17<\/b><b>\u00a0<\/b><\/div>\n<div><b>Bran\u017cowa Szko\u0142a II Stopnia nr 6<\/b><\/div>\n<div><b>AE:PL-27101-39490-BUFVR-16<br \/>\n<\/b><strong style=\"font-size: revert; color: initial;\">XXIX LO dla Doros\u0142ych<br \/>\n<\/strong><strong style=\"font-size: revert; color: initial;\">AE:PL-92353-50834-IFTDR-16<\/strong><\/div>\n<div>\n<div><strong>Bursa Szkolna nr 2<\/strong><\/div>\n<div><strong>AE:PL-18351-32844-IFART-16<\/strong><\/div>\n<\/div>\n<p><strong>Adres szko\u0142y<\/strong><br \/>\n61-472 Pozna\u0144,<br \/>\nul. \u015awierkowa 8<\/p>\n<p>tel. 61 8 32 19 49<br \/>\nfax. 61 8 32 34 21<\/p>\n<p>e-mail <a href=\"mailto:sekretariat@zsken.pl\">sekretariat<\/a><a href=\"mailto:hanna.ogor@zsken.pl\">@zsken.pl<\/a><br \/>\n<a href=\"https:\/\/zsme.poznan.pl\">www.zsken.pl<\/a><\/p>\n<p><strong>Kontakt z dyrektorem szko\u0142y<\/strong>:<br \/>\n-spotkanie um\u00f3wione przez sekretariat<br \/>\n-tradycyjna poczta<br \/>\n-e-mail szko\u0142y: <a href=\"mailto:sekretariat@zsken.pl\">sekretariat<\/a><a href=\"mailto:hanna.ogor@zsken.pl\">@zsken.pl<\/a><\/p>\n<p>Szko\u0142a znajduje si\u0119 na D\u0119bcu, przy ulicy \u015awierkowej 8.<br \/>\nDogodny dojazd tramwajem nr 2, 9 i 10 do p\u0119tli na D\u0119bcu oraz autobusem linii 75.<br \/>\nPonadto, znajduj\u0105ca si\u0119 w pobli\u017cu stacja kolejowa, umo\u017cliwia szybkie dotarcie do szko\u0142y wszystkim, mieszkaj\u0105cym na trasie Pozna\u0144-Wroc\u0142aw.<\/p>\n<p><a href=\"https:\/\/goo.gl\/maps\/XJwQfDMZtqw\"><img fetchpriority=\"high\" decoding=\"async\" class=\"alignleft size-full wp-image-2356\" src=\"http:\/\/www.zsken.home.pl\/zsken18\/wp-content\/uploads\/2018\/08\/mapa_kontakt.jpg\" alt=\"\" width=\"734\" height=\"732\" srcset=\"https:\/\/zsme.poznan.pl\/wp-content\/uploads\/2018\/08\/mapa_kontakt.jpg 734w, https:\/\/zsme.poznan.pl\/wp-content\/uploads\/2018\/08\/mapa_kontakt-150x150.jpg 150w, https:\/\/zsme.poznan.pl\/wp-content\/uploads\/2018\/08\/mapa_kontakt-300x300.jpg 300w, https:\/\/zsme.poznan.pl\/wp-content\/uploads\/2018\/08\/mapa_kontakt-400x400.jpg 400w, https:\/\/zsme.poznan.pl\/wp-content\/uploads\/2018\/08\/mapa_kontakt-270x270.jpg 270w\" sizes=\"(max-width: 734px) 100vw, 734px\" \/><\/a><\/p>\n","protected":false},"excerpt":{"rendered":"<p>Najwa\u017cniejsze adresy i telefon, kt\u00f3re s\u0105 obs\u0142ugiwane w godzinach pracy sekretariatu dyrektora, sekretariatu uczniowskiego, ksi\u0119gowo\u015bci, kadr: od poniedzia\u0142ku do pi\u0105tku w godz. 8.00 \u2013 15.00 Sekretariat: sekretariat@zsken.pl Kadry: hanna.ogor@zsken.pl P\u0142ace: beata.kowalska@zsken.pl Ksi\u0119gowo\u015b\u0107: marek.michalowicz@zsken.pl Sekretariat uczniowski: ludmila.zerko@zsken.pl ZSM im. KEN\u00a0\u00a0 AE:PL-11867-39316-DBEJR-19\u00a0 XXIX LO AE:PL-78143-38373-CJIAJ-18\u00a0 Technikum Mechaniczne AE:PL-17417-78481-TUHGH-24\u00a0 Bran\u017cowa Szko\u0142a I Stopnia nr 29 AE:PL-54101-38324-VEFAT-17\u00a0 Bran\u017cowa Szko\u0142a [&hellip;]<\/p>\n","protected":false},"author":1,"featured_media":0,"parent":0,"menu_order":0,"comment_status":"closed","ping_status":"closed","template":"","meta":{"footnotes":""},"class_list":["post-2344","page","type-page","status-publish","hentry"],"_links":{"self":[{"href":"https:\/\/zsme.poznan.pl\/index.php?rest_route=\/wp\/v2\/pages\/2344","targetHints":{"allow":["GET"]}}],"collection":[{"href":"https:\/\/zsme.poznan.pl\/index.php?rest_route=\/wp\/v2\/pages"}],"about":[{"href":"https:\/\/zsme.poznan.pl\/index.php?rest_route=\/wp\/v2\/types\/page"}],"author":[{"embeddable":true,"href":"https:\/\/zsme.poznan.pl\/index.php?rest_route=\/wp\/v2\/users\/1"}],"replies":[{"embeddable":true,"href":"https:\/\/zsme.poznan.pl\/index.php?rest_route=%2Fwp%2Fv2%2Fcomments&post=2344"}],"version-history":[{"count":5,"href":"https:\/\/zsme.poznan.pl\/index.php?rest_route=\/wp\/v2\/pages\/2344\/revisions"}],"predecessor-version":[{"id":20236,"href":"https:\/\/zsme.poznan.pl\/index.php?rest_route=\/wp\/v2\/pages\/2344\/revisions\/20236"}],"wp:attachment":[{"href":"https:\/\/zsme.poznan.pl\/index.php?rest_route=%2Fwp%2Fv2%2Fmedia&parent=2344"}],"curies":[{"name":"wp","href":"https:\/\/api.w.org\/{rel}","templated":true}]}}