{"id":4002,"date":"2019-01-30T12:45:00","date_gmt":"2019-01-30T12:45:00","guid":{"rendered":"https:\/\/zsme.poznan.pl\/?page_id=4002"},"modified":"2019-01-30T12:45:00","modified_gmt":"2019-01-30T12:45:00","slug":"kwalifikacje-zawodowe","status":"publish","type":"page","link":"https:\/\/zsme.poznan.pl\/?page_id=4002","title":{"rendered":"KWALIFIKACJE ZAWODOWE"},"content":{"rendered":"<p>Zintegrowany System Kwalifikacji <a href=\"http:\/\/www.kwalifikacje.gov.pl\">www.kwalifikacje.gov.pl<\/a><\/p>\n<p>Instytut Bada\u0144 Edukacyjnych <a href=\"http:\/\/www.kwalifikacje.edu.pl\">www.kwalifikacje.edu.pl<\/a><\/p>\n<p>Ochotniczy Hufiec Pracy <a href=\"http:\/\/www.wielkopolska.ohp.pl\">www.wielkopolska.ohp.pl<\/a>\u00a0 \u00a0(bezp\u0142atne kursy zawodowe i szkolenia dla uczni\u00f3w i absolwent\u00f3w wszystkich typ\u00f3w szk\u00f3\u0142)<\/p>\n<p>Wielkopolska Izba Rzemie\u015blnicza <a href=\"http:\/\/www.irpoznan.com.pl\">www.irpoznan.com.pl<\/a>\u00a0 (kursy, szkolenia, konsultacje zawodowe, warsztaty hobbystyczne)<\/p>\n","protected":false},"excerpt":{"rendered":"<p>Zintegrowany System Kwalifikacji www.kwalifikacje.gov.pl Instytut Bada\u0144 Edukacyjnych www.kwalifikacje.edu.pl Ochotniczy Hufiec Pracy www.wielkopolska.ohp.pl\u00a0 \u00a0(bezp\u0142atne kursy zawodowe i szkolenia dla uczni\u00f3w i absolwent\u00f3w wszystkich typ\u00f3w szk\u00f3\u0142) Wielkopolska Izba Rzemie\u015blnicza www.irpoznan.com.pl\u00a0 (kursy, szkolenia, konsultacje zawodowe, warsztaty hobbystyczne)<\/p>\n","protected":false},"author":1,"featured_media":0,"parent":0,"menu_order":0,"comment_status":"closed","ping_status":"closed","template":"","meta":{"footnotes":""},"class_list":["post-4002","page","type-page","status-publish","hentry"],"_links":{"self":[{"href":"https:\/\/zsme.poznan.pl\/index.php?rest_route=\/wp\/v2\/pages\/4002","targetHints":{"allow":["GET"]}}],"collection":[{"href":"https:\/\/zsme.poznan.pl\/index.php?rest_route=\/wp\/v2\/pages"}],"about":[{"href":"https:\/\/zsme.poznan.pl\/index.php?rest_route=\/wp\/v2\/types\/page"}],"author":[{"embeddable":true,"href":"https:\/\/zsme.poznan.pl\/index.php?rest_route=\/wp\/v2\/users\/1"}],"replies":[{"embeddable":true,"href":"https:\/\/zsme.poznan.pl\/index.php?rest_route=%2Fwp%2Fv2%2Fcomments&post=4002"}],"version-history":[{"count":0,"href":"https:\/\/zsme.poznan.pl\/index.php?rest_route=\/wp\/v2\/pages\/4002\/revisions"}],"wp:attachment":[{"href":"https:\/\/zsme.poznan.pl\/index.php?rest_route=%2Fwp%2Fv2%2Fmedia&parent=4002"}],"curies":[{"name":"wp","href":"https:\/\/api.w.org\/{rel}","templated":true}]}}