{"id":4008,"date":"2019-01-30T12:48:21","date_gmt":"2019-01-30T12:48:21","guid":{"rendered":"https:\/\/zsme.poznan.pl\/?page_id=4008"},"modified":"2019-01-30T12:48:21","modified_gmt":"2019-01-30T12:48:21","slug":"gdzie-szukac-pracy","status":"publish","type":"page","link":"https:\/\/zsme.poznan.pl\/?page_id=4008","title":{"rendered":"GDZIE SZUKA\u0106 PRACY"},"content":{"rendered":"<p>Wojew\u00f3dzki Urz\u0105d Pracy <a href=\"http:\/\/www.wuppoznan.praca.gov.pl\">www.wuppoznan.praca.gov.pl<\/a><\/p>\n<p>powiatowe urz\u0119dy pracy: <a href=\"http:\/\/www.poznan.praca.gov.pl\">www.poznan.praca.gov.pl<\/a>, <a href=\"http:\/\/www.srem.praca.gov.pl\">www.srem.praca.gov.pl<\/a>,<\/p>\n<p><a href=\"http:\/\/www.oborniki.praca.gov.pl\">www.oborniki.praca.gov.pl<\/a>,<\/p>\n<p><a href=\"https:\/\/barometrzawodow.pl\/\">https:\/\/barometrzawodow.pl\/<\/a><\/p>\n<p>agencje zatrudnienia <a href=\"http:\/\/stor.praca.gov.pl\/portal\/\">http:\/\/stor.praca.gov.pl\/portal\/#\/kraz<\/a><\/p>\n<p><a href=\"http:\/\/www.saz.org.pl\/\">http:\/\/www.saz.org.pl\/<\/a><\/p>\n<p><a href=\"http:\/\/www.linkedin.com\/\">www.linkedin.com<\/a><\/p>\n<p><a href=\"https:\/\/www.goldenline.pl\/\">https:\/\/www.goldenline.pl<\/a><\/p>\n<p>Ochotniczy Hufiec Pracy (praca dorywcza i wakacyjna)<\/p>\n<p><a href=\"http:\/\/www.wielkopolska.ohp.pl\">www.wielkopolska.ohp.pl<\/a><\/p>\n","protected":false},"excerpt":{"rendered":"<p>Wojew\u00f3dzki Urz\u0105d Pracy www.wuppoznan.praca.gov.pl powiatowe urz\u0119dy pracy: www.poznan.praca.gov.pl, www.srem.praca.gov.pl, www.oborniki.praca.gov.pl, https:\/\/barometrzawodow.pl\/ agencje zatrudnienia http:\/\/stor.praca.gov.pl\/portal\/#\/kraz http:\/\/www.saz.org.pl\/ www.linkedin.com https:\/\/www.goldenline.pl Ochotniczy Hufiec Pracy (praca dorywcza i wakacyjna) www.wielkopolska.ohp.pl<\/p>\n","protected":false},"author":1,"featured_media":0,"parent":0,"menu_order":0,"comment_status":"closed","ping_status":"closed","template":"","meta":{"footnotes":""},"class_list":["post-4008","page","type-page","status-publish","hentry"],"_links":{"self":[{"href":"https:\/\/zsme.poznan.pl\/index.php?rest_route=\/wp\/v2\/pages\/4008","targetHints":{"allow":["GET"]}}],"collection":[{"href":"https:\/\/zsme.poznan.pl\/index.php?rest_route=\/wp\/v2\/pages"}],"about":[{"href":"https:\/\/zsme.poznan.pl\/index.php?rest_route=\/wp\/v2\/types\/page"}],"author":[{"embeddable":true,"href":"https:\/\/zsme.poznan.pl\/index.php?rest_route=\/wp\/v2\/users\/1"}],"replies":[{"embeddable":true,"href":"https:\/\/zsme.poznan.pl\/index.php?rest_route=%2Fwp%2Fv2%2Fcomments&post=4008"}],"version-history":[{"count":0,"href":"https:\/\/zsme.poznan.pl\/index.php?rest_route=\/wp\/v2\/pages\/4008\/revisions"}],"wp:attachment":[{"href":"https:\/\/zsme.poznan.pl\/index.php?rest_route=%2Fwp%2Fv2%2Fmedia&parent=4008"}],"curies":[{"name":"wp","href":"https:\/\/api.w.org\/{rel}","templated":true}]}}