{"id":4017,"date":"2019-01-30T12:53:58","date_gmt":"2019-01-30T12:53:58","guid":{"rendered":"https:\/\/zsme.poznan.pl\/?page_id=4017"},"modified":"2019-01-30T12:53:58","modified_gmt":"2019-01-30T12:53:58","slug":"dla-rodzica-i-nauczyciela","status":"publish","type":"page","link":"https:\/\/zsme.poznan.pl\/?page_id=4017","title":{"rendered":"DLA RODZICA I NAUCZYCIELA"},"content":{"rendered":"<p style=\"text-align: justify;\"><strong>Szanowni Pa\u0144stwo.<\/strong><\/p>\n<p style=\"text-align: justify;\"><strong>\u00a0<\/strong><\/p>\n<p style=\"text-align: justify;\">Pomimo dokonania ju\u017c wyboru zawodu czy profilu klasy <strong>m\u0142odzie\u017c potrzebuje wsparcia <\/strong>w planowaniu w\u0142asnego rozwoju, dalszej edukacji i projektowaniu\u00a0 kariery zawodowej. Towarzyszenie im w tym procesie to nasze wsp\u00f3lne zadanie.<\/p>\n<p style=\"text-align: justify;\">Poznawanie w\u0142asnych zasob\u00f3w, rozszerzanie wiedzy o zawodach, specjalno\u015bciach, mo\u017cliwo\u015bciach zdobywania kwalifikacji zawodowych i rzetelna wiedza o rynku pracy to obszary, w kt\u00f3rych m\u0142odzi ludzie cz\u0119sto czuj\u0105 si\u0119 zagubieni i nie potrafi\u0105 \u015bwiadomie wykorzysta\u0107 swoich mocnych stron przy wyborze dalszej drogi edukacyjnej, zawodowej.<\/p>\n<p style=\"text-align: justify;\">Zach\u0119canie m\u0142odych ludzi do planowania przysz\u0142o\u015bci, u\u015bwiadamianie konieczno\u015bci uczenia si\u0119 przez ca\u0142e \u017cycie, doskonalenie umiej\u0119tno\u015bci planowania i podejmowania decyzji oraz autoprezentacja to kluczowe obszary wsparcia m\u0142odzie\u017cy.<\/p>\n<p style=\"text-align: justify;\"><strong>Zak\u0142adka \u201edoradztwo zawodowe\u201d<\/strong> dedykowana jest uczniom\u00a0 wszystkich typ\u00f3w szk\u00f3\u0142 i ich rodzicom, a tak\u017ce nauczycielom. Znajdziecie w niej Pa\u0144stwo wiele przydatnych informacji i link\u00f3w, kt\u00f3re mo\u017cna wykorzysta\u0107 w rozmowie o przysz\u0142o\u015bci zawodowej, rynku pracy, poszukiwaniu pracy oraz oferty pracy, kt\u00f3re trafiaj\u0105 do naszej szko\u0142y bezpo\u015brednio od pracodawc\u00f3w. W zak\u0142adce znajduj\u0105 si\u0119 te\u017c odno\u015bniki do test\u00f3w predyspozycji zawodowych i osobowo\u015bciowych oraz linki do wyszukiwarek uczelni, kierunk\u00f3w studi\u00f3w, szk\u00f3\u0142 policealnych i kurs\u00f3w kwalifikacyjnych.<\/p>\n","protected":false},"excerpt":{"rendered":"<p>Szanowni Pa\u0144stwo. \u00a0 Pomimo dokonania ju\u017c wyboru zawodu czy profilu klasy m\u0142odzie\u017c potrzebuje wsparcia w planowaniu w\u0142asnego rozwoju, dalszej edukacji i projektowaniu\u00a0 kariery zawodowej. Towarzyszenie im w tym procesie to nasze wsp\u00f3lne zadanie. Poznawanie w\u0142asnych zasob\u00f3w, rozszerzanie wiedzy o zawodach, specjalno\u015bciach, mo\u017cliwo\u015bciach zdobywania kwalifikacji zawodowych i rzetelna wiedza o rynku pracy to obszary, w kt\u00f3rych [&hellip;]<\/p>\n","protected":false},"author":1,"featured_media":0,"parent":0,"menu_order":0,"comment_status":"closed","ping_status":"closed","template":"","meta":{"footnotes":""},"class_list":["post-4017","page","type-page","status-publish","hentry"],"_links":{"self":[{"href":"https:\/\/zsme.poznan.pl\/index.php?rest_route=\/wp\/v2\/pages\/4017","targetHints":{"allow":["GET"]}}],"collection":[{"href":"https:\/\/zsme.poznan.pl\/index.php?rest_route=\/wp\/v2\/pages"}],"about":[{"href":"https:\/\/zsme.poznan.pl\/index.php?rest_route=\/wp\/v2\/types\/page"}],"author":[{"embeddable":true,"href":"https:\/\/zsme.poznan.pl\/index.php?rest_route=\/wp\/v2\/users\/1"}],"replies":[{"embeddable":true,"href":"https:\/\/zsme.poznan.pl\/index.php?rest_route=%2Fwp%2Fv2%2Fcomments&post=4017"}],"version-history":[{"count":0,"href":"https:\/\/zsme.poznan.pl\/index.php?rest_route=\/wp\/v2\/pages\/4017\/revisions"}],"wp:attachment":[{"href":"https:\/\/zsme.poznan.pl\/index.php?rest_route=%2Fwp%2Fv2%2Fmedia&parent=4017"}],"curies":[{"name":"wp","href":"https:\/\/api.w.org\/{rel}","templated":true}]}}