{"id":4114,"date":"2019-02-10T14:45:02","date_gmt":"2019-02-10T14:45:02","guid":{"rendered":"https:\/\/zsme.poznan.pl\/?page_id=4114"},"modified":"2024-03-07T20:14:16","modified_gmt":"2024-03-07T20:14:16","slug":"klasa-sportowo-obronna","status":"publish","type":"page","link":"https:\/\/zsme.poznan.pl\/?page_id=4114","title":{"rendered":"Klasa sportowo-obronna"},"content":{"rendered":"<p class=\"Textbody\"><strong><span class=\"StrongEmphasis\">Przedmioty rozszerzone:<\/span><\/strong> j\u0119zyk angielski, wiedza o spo\u0142ecze\u0144stwie, geografia<\/p>\n<p class=\"Textbody\"><strong><span class=\"StrongEmphasis\">Przedmioty punktowane<\/span>:<\/strong> j\u0119zyk polski, matematyka, j\u0119zyk obcy, wiedza o spo\u0142ecze\u0144stwie<\/p>\n<p class=\"Textbody\"><strong><span class=\"StrongEmphasis\">J\u0119zyki:<\/span><\/strong> j\u0119zyk angielski \u2013 kontynuacja, j\u0119zyk niemiecki<\/p>\n<p class=\"Textbody\"><strong><span class=\"StrongEmphasis\">Patronat nad klas\u0105 sprawuje Centrum Szkolenia Wojsk L\u0105dowych w Poznaniu<\/span><\/strong><\/p>\n<p class=\"Textbody\">Klasa sportowo-obronna skupia uczni\u00f3w, kt\u00f3rzy swoj\u0105 przysz\u0142o\u015b\u0107 chcieliby zwi\u0105za\u0107 z r\u00f3\u017cnymi formacjami mundurowymi, zw\u0142aszcza ze s\u0142u\u017cb\u0105 wojskow\u0105. Wiedza zdobyta w trakcie kolejnych lat nauki b\u0119dzie przydatna niezale\u017cnie od zawodowej drogi, kt\u00f3r\u0105 wybior\u0105 absolwenci. Ten kierunek kszta\u0142cenia stwarza bowiem doskona\u0142\u0105 okazj\u0119 do sprawdzenia w\u0142asnych mo\u017cliwo\u015bci, dlatego te\u017c kandydat\u00f3w powinna wyr\u00f3\u017cnia\u0107 otwarto\u015b\u0107 na zdobywanie nowych umiej\u0119tno\u015bci i wiedzy, sprawno\u015b\u0107 fizyczna, dyscyplina oraz ch\u0119\u0107 pracy zespo\u0142owej.<\/p>\n<p class=\"Textbody\">Absolwenci klasy sportowo-obronnej zdob\u0119d\u0105 podstawy wiedzy teoretycznej z zakresu szeroko poj\u0119tego bezpiecze\u0144stwa, jak r\u00f3wnie\u017c wykszta\u0142c\u0105 umiej\u0119tno\u015bci z zakresu r\u00f3\u017cnych technik samoobrony i sztuk walki, strzelania, pokonywania przeszk\u00f3d terenowych, ratownictwa. \u0106wiczenie tych kompetencji, niezb\u0119dnych w przysz\u0142ej s\u0142u\u017cbie, odbywa si\u0119 mi\u0119dzy innymi podczas wyjazd\u00f3w na bia\u0142\u0105 szko\u0142\u0119, poligon, ob\u00f3z survivalowy. Szkolenia zaplanowane w tej klasie prowadzone s\u0105 w oparciu o program Biura d\/s Proobronnych Ministra\u00a0Obrony Narodowej. W klasie realizowana jest innowacja o nazwie Edukacja Wojskowa, kt\u00f3ra bazuje na wykorzystaniu wiedzy instruktor\u00f3w, sprz\u0119tu, infrastruktury, plac\u00f3w \u0107wicze\u0144 i poligon\u00f3w jednostki patronackiej Centrum Szkolenia Wojsk L\u0105dowych w Poznaniu.<\/p>\n<p class=\"Textbody\"><span class=\"StrongEmphasis\">Perspektywy i mo\u017cliwo\u015bci absolwent\u00f3w klasy sportowo-obronnej s\u0105 r\u00f3\u017cnorodne:<\/span><\/p>\n<p class=\"Textbody\">\u2013 dalsze zdobywanie kwalifikacji na uczelniach wojskowych,<\/p>\n<p class=\"Textbody\">\u2013 kontynuowanie nauki na dowolnie wybranej uczelni,<\/p>\n<p class=\"Textbody\">\u2013 praca w r\u00f3\u017cnych formacjach s\u0142u\u017cb mundurowych.<\/p>\n<p><a href=\"https:\/\/zsme.poznan.pl\/wp-content\/uploads\/2021\/03\/Program-szkolenia-realizowany-w-oddziale-przygotowania-wojskowego.pdf\">Program szkolenia realizowany w oddziale przygotowania wojskowego<\/a><\/p>\n<p><a href=\"https:\/\/zsme.poznan.pl\/wp-content\/uploads\/2021\/03\/Rozwi\u0105zania-systemowe-w-zakresie-funkcjonowania-klas-mundurowych.pdf\">Rozwi\u0105zania systemowe w zakresie funkcjonowania klas mundurowych<\/a><\/p>\n<p><a href=\"https:\/\/zsme.poznan.pl\/wp-content\/uploads\/2021\/03\/Mo\u017cliwo\u015b\u0107-tworzenia-oddzia\u0142\u00f3w-przygotowania-wojskowego.pdf\">Mo\u017cliwo\u015b\u0107 tworzenia oddzia\u0142\u00f3w przygotowania wojskowego<\/a><\/p>\n<div style=\"text-align: center;\"><strong>ZA MUNDUREM M\u0141ODZI SZNUREM\u00a0 \u00a0 \u00a0 \u00a0 KLASA NA BACZNO\u015a\u0106<\/strong><\/div>\n<p><center><iframe title=\"YouTube video player\" src=\"https:\/\/www.youtube.com\/embed\/0Omh6KQbzTs\" width=\"560\" height=\"315\" frameborder=\"0\" allowfullscreen=\"allowfullscreen\"><\/iframe><\/center><center><a href=\"https:\/\/zsme.poznan.pl\/wp-content\/uploads\/2021\/03\/Blue-Lined-Climate-Change-Environment-Infographic-1.jpg\" data-rel=\"lightbox-image-0\" data-rl_title=\"\" data-rl_caption=\"\" title=\"\"><img fetchpriority=\"high\" decoding=\"async\" class=\"aligncenter wp-image-8155 size-large\" src=\"https:\/\/zsme.poznan.pl\/wp-content\/uploads\/2021\/03\/Blue-Lined-Climate-Change-Environment-Infographic-1-410x1024.jpg\" alt=\"\" width=\"410\" height=\"1024\" srcset=\"https:\/\/zsme.poznan.pl\/wp-content\/uploads\/2021\/03\/Blue-Lined-Climate-Change-Environment-Infographic-1.jpg 410w, https:\/\/zsme.poznan.pl\/wp-content\/uploads\/2021\/03\/Blue-Lined-Climate-Change-Environment-Infographic-1-120x300.jpg 120w\" sizes=\"(max-width: 410px) 100vw, 410px\" \/><\/a><code class=\"rl-shortcode\"><div class=\"rl-gallery-container rl-loading\" id=\"rl-gallery-container-1\" data-gallery_id=\"7744\"> <div class=\"rl-gallery rl-basicgrid-gallery \" id=\"rl-gallery-1\" data-gallery_no=\"1\"> <div class=\"rl-gallery-item\"><a href=\"https:\/\/zsme.poznan.pl\/wp-content\/uploads\/2021\/02\/sportobr-1.jpg\" title=\"\" data-rl_title=\"\" class=\"rl-gallery-link\" data-rl_caption=\"\" data-rel=\"lightbox-gallery-1\"><img decoding=\"async\" src=\"https:\/\/zsme.poznan.pl\/wp-content\/uploads\/2021\/02\/sportobr-1-300x225.jpg\" width=\"300\" height=\"225\" alt=\"\" \/><\/a><\/div><div class=\"rl-gallery-item\"><a href=\"https:\/\/zsme.poznan.pl\/wp-content\/uploads\/2021\/02\/sportobr-10.jpg\" title=\"\" data-rl_title=\"\" class=\"rl-gallery-link\" data-rl_caption=\"\" data-rel=\"lightbox-gallery-1\"><img decoding=\"async\" src=\"https:\/\/zsme.poznan.pl\/wp-content\/uploads\/2021\/02\/sportobr-10-300x169.jpg\" width=\"300\" height=\"169\" alt=\"\" \/><\/a><\/div><div class=\"rl-gallery-item\"><a href=\"https:\/\/zsme.poznan.pl\/wp-content\/uploads\/2021\/02\/sportobr-11.jpg\" title=\"\" data-rl_title=\"\" class=\"rl-gallery-link\" data-rl_caption=\"\" data-rel=\"lightbox-gallery-1\"><img loading=\"lazy\" decoding=\"async\" src=\"https:\/\/zsme.poznan.pl\/wp-content\/uploads\/2021\/02\/sportobr-11-300x225.jpg\" width=\"300\" height=\"225\" alt=\"\" \/><\/a><\/div><div class=\"rl-gallery-item\"><a href=\"https:\/\/zsme.poznan.pl\/wp-content\/uploads\/2021\/02\/sportobr-12.jpg\" title=\"\" data-rl_title=\"\" class=\"rl-gallery-link\" data-rl_caption=\"\" data-rel=\"lightbox-gallery-1\"><img loading=\"lazy\" decoding=\"async\" src=\"https:\/\/zsme.poznan.pl\/wp-content\/uploads\/2021\/02\/sportobr-12-300x225.jpg\" width=\"300\" height=\"225\" alt=\"\" \/><\/a><\/div><div class=\"rl-gallery-item\"><a href=\"https:\/\/zsme.poznan.pl\/wp-content\/uploads\/2021\/02\/sportobr-2.jpg\" title=\"\" data-rl_title=\"\" class=\"rl-gallery-link\" data-rl_caption=\"\" data-rel=\"lightbox-gallery-1\"><img loading=\"lazy\" decoding=\"async\" src=\"https:\/\/zsme.poznan.pl\/wp-content\/uploads\/2021\/02\/sportobr-2-300x225.jpg\" width=\"300\" height=\"225\" alt=\"\" \/><\/a><\/div><div class=\"rl-gallery-item\"><a href=\"https:\/\/zsme.poznan.pl\/wp-content\/uploads\/2021\/02\/sportobr-3.jpg\" title=\"\" data-rl_title=\"\" class=\"rl-gallery-link\" data-rl_caption=\"\" data-rel=\"lightbox-gallery-1\"><img loading=\"lazy\" decoding=\"async\" src=\"https:\/\/zsme.poznan.pl\/wp-content\/uploads\/2021\/02\/sportobr-3-300x240.jpg\" width=\"300\" height=\"240\" alt=\"\" \/><\/a><\/div><div class=\"rl-gallery-item\"><a href=\"https:\/\/zsme.poznan.pl\/wp-content\/uploads\/2021\/02\/sportobr-4.jpg\" title=\"\" data-rl_title=\"\" class=\"rl-gallery-link\" data-rl_caption=\"\" data-rel=\"lightbox-gallery-1\"><img loading=\"lazy\" decoding=\"async\" src=\"https:\/\/zsme.poznan.pl\/wp-content\/uploads\/2021\/02\/sportobr-4-300x225.jpg\" width=\"300\" height=\"225\" alt=\"\" \/><\/a><\/div><div class=\"rl-gallery-item\"><a href=\"https:\/\/zsme.poznan.pl\/wp-content\/uploads\/2021\/02\/sportobr-5.jpg\" title=\"\" data-rl_title=\"\" class=\"rl-gallery-link\" data-rl_caption=\"\" data-rel=\"lightbox-gallery-1\"><img loading=\"lazy\" decoding=\"async\" src=\"https:\/\/zsme.poznan.pl\/wp-content\/uploads\/2021\/02\/sportobr-5-209x300.jpg\" width=\"209\" height=\"300\" alt=\"\" \/><\/a><\/div><div class=\"rl-gallery-item\"><a href=\"https:\/\/zsme.poznan.pl\/wp-content\/uploads\/2021\/02\/sportobr-6.jpg\" title=\"\" data-rl_title=\"\" class=\"rl-gallery-link\" data-rl_caption=\"\" data-rel=\"lightbox-gallery-1\"><img loading=\"lazy\" decoding=\"async\" src=\"https:\/\/zsme.poznan.pl\/wp-content\/uploads\/2021\/02\/sportobr-6-300x201.jpg\" width=\"300\" height=\"201\" alt=\"\" \/><\/a><\/div><div class=\"rl-gallery-item\"><a href=\"https:\/\/zsme.poznan.pl\/wp-content\/uploads\/2021\/02\/sportobr-7.jpg\" title=\"\" data-rl_title=\"\" class=\"rl-gallery-link\" data-rl_caption=\"\" data-rel=\"lightbox-gallery-1\"><img loading=\"lazy\" decoding=\"async\" src=\"https:\/\/zsme.poznan.pl\/wp-content\/uploads\/2021\/02\/sportobr-7-300x169.jpg\" width=\"300\" height=\"169\" alt=\"\" \/><\/a><\/div><div class=\"rl-gallery-item\"><a href=\"https:\/\/zsme.poznan.pl\/wp-content\/uploads\/2021\/02\/sportobr-8.jpg\" title=\"\" data-rl_title=\"\" class=\"rl-gallery-link\" data-rl_caption=\"\" data-rel=\"lightbox-gallery-1\"><img loading=\"lazy\" decoding=\"async\" src=\"https:\/\/zsme.poznan.pl\/wp-content\/uploads\/2021\/02\/sportobr-8-300x169.jpg\" width=\"300\" height=\"169\" alt=\"\" \/><\/a><\/div><div class=\"rl-gallery-item\"><a href=\"https:\/\/zsme.poznan.pl\/wp-content\/uploads\/2021\/02\/sportobr-9.jpg\" title=\"\" data-rl_title=\"\" class=\"rl-gallery-link\" data-rl_caption=\"\" data-rel=\"lightbox-gallery-1\"><img loading=\"lazy\" decoding=\"async\" src=\"https:\/\/zsme.poznan.pl\/wp-content\/uploads\/2021\/02\/sportobr-9-300x201.jpg\" width=\"300\" height=\"201\" alt=\"\" \/><\/a><\/div> <\/div> <\/div><\/code><\/center><\/p>\n","protected":false},"excerpt":{"rendered":"<p>Przedmioty rozszerzone: j\u0119zyk angielski, wiedza o spo\u0142ecze\u0144stwie, geografia Przedmioty punktowane: j\u0119zyk polski, matematyka, j\u0119zyk obcy, wiedza o spo\u0142ecze\u0144stwie J\u0119zyki: j\u0119zyk angielski \u2013 kontynuacja, j\u0119zyk niemiecki Patronat nad klas\u0105 sprawuje Centrum Szkolenia Wojsk L\u0105dowych w Poznaniu Klasa sportowo-obronna skupia uczni\u00f3w, kt\u00f3rzy swoj\u0105 przysz\u0142o\u015b\u0107 chcieliby zwi\u0105za\u0107 z r\u00f3\u017cnymi formacjami mundurowymi, zw\u0142aszcza ze s\u0142u\u017cb\u0105 wojskow\u0105. Wiedza zdobyta w [&hellip;]<\/p>\n","protected":false},"author":1,"featured_media":0,"parent":0,"menu_order":0,"comment_status":"closed","ping_status":"closed","template":"","meta":{"footnotes":""},"class_list":["post-4114","page","type-page","status-publish","hentry"],"_links":{"self":[{"href":"https:\/\/zsme.poznan.pl\/index.php?rest_route=\/wp\/v2\/pages\/4114","targetHints":{"allow":["GET"]}}],"collection":[{"href":"https:\/\/zsme.poznan.pl\/index.php?rest_route=\/wp\/v2\/pages"}],"about":[{"href":"https:\/\/zsme.poznan.pl\/index.php?rest_route=\/wp\/v2\/types\/page"}],"author":[{"embeddable":true,"href":"https:\/\/zsme.poznan.pl\/index.php?rest_route=\/wp\/v2\/users\/1"}],"replies":[{"embeddable":true,"href":"https:\/\/zsme.poznan.pl\/index.php?rest_route=%2Fwp%2Fv2%2Fcomments&post=4114"}],"version-history":[{"count":0,"href":"https:\/\/zsme.poznan.pl\/index.php?rest_route=\/wp\/v2\/pages\/4114\/revisions"}],"wp:attachment":[{"href":"https:\/\/zsme.poznan.pl\/index.php?rest_route=%2Fwp%2Fv2%2Fmedia&parent=4114"}],"curies":[{"name":"wp","href":"https:\/\/api.w.org\/{rel}","templated":true}]}}