{"id":4124,"date":"2019-02-10T15:16:02","date_gmt":"2019-02-10T15:16:02","guid":{"rendered":"https:\/\/zsme.poznan.pl\/?page_id=4124"},"modified":"2023-03-01T14:17:18","modified_gmt":"2023-03-01T14:17:18","slug":"technik-urzadzen-dzwigowych","status":"publish","type":"page","link":"https:\/\/zsme.poznan.pl\/?page_id=4124","title":{"rendered":"Technik urz\u0105dze\u0144 d\u017awigowych"},"content":{"rendered":"<div id=\"srodkowa\">\n<p><strong>Przedmioty rozszerzone:<\/strong> matematyka, j\u0119zyk angielski<\/p>\n<p><strong>Przedmioty punktowane:<\/strong>\u00a0j\u0119zyk polski, matematyka, j\u0119zyk obcy, informatyka<\/p>\n<p><strong>J\u0119zyki:<\/strong> j\u0119zyk angielski \u2013 kontynuacja, j\u0119zyk niemiecki<\/p>\n<p align=\"center\"><strong><span style=\"color: #00ffff;\">W\u0141ASNA WINDA NA SZCZYT KARIERY<\/span><\/strong><\/p>\n<p>Technik urz\u0105dze\u0144 d\u017awigowych jest zawodem wprowadzonym do klasyfikacji zawod\u00f3w szkolnictwa zawodowego w 2015 roku.<br \/>\nW dzisiejszym \u015bwiecie urz\u0105dzenia d\u017awigowe spotykamy w ka\u017cdym obszarze funkcjonowania cz\u0142owieka. Ka\u017cdy wysoki budynek musi posiada\u0107 wind\u0119, ka\u017cde centrum handlowe posiada schody ruchome. Magazynowanie towar\u00f3w opiera si\u0119 na pracy w\u00f3zk\u00f3w wid\u0142owych, elektrycznych, zdalnie sterowanych. Serwisy i warsztaty samochodowe bez nowoczesnych i r\u00f3\u017cnorodnych podno\u015bnik\u00f3w, d\u017awignik\u00f3w, wyci\u0105garek nie mog\u0142yby funkcjonowa\u0107. W halach i zak\u0142adach przemys\u0142owych transportowanie przedmiot\u00f3w odbywa si\u0119 za pomoc\u0105 suwnic. \u017baden plac budowlany nie ob\u0119dzie si\u0119 bez \u017curawia. Jedno jest pewne \u2013 ka\u017cde z wymienionych urz\u0105dze\u0144 nie mo\u017ce by\u0107 naprawiane i eksploatowane przez osoby nie maj\u0105ce odpowiednich kwalifikacji, a os\u00f3b takich brakuje.\u00a0Technik urz\u0105dze\u0144 d\u017awigowych jest obecnie jednym z najbardziej poszukiwanych i dobrze p\u0142atnych zawod\u00f3w.<\/p>\n<p><strong>Podejmuj\u0105c nauk\u0119, nauczysz si\u0119:<\/strong><\/p>\n<ul>\n<li>przyjmowania zlece\u0144 napraw, przegl\u0105d\u00f3w, konserwacji urz\u0105dze\u0144 d\u017awigowych,<\/li>\n<li>planowania i wykonywania czynno\u015bci kontrolnych, przegl\u0105d\u00f3w technicznych i oceny stanu technicznego urz\u0105dze\u0144 d\u017awigowych,<\/li>\n<li>czyszczenia i mycia maszyn, urz\u0105dze\u0144 i ich cz\u0119\u015bci przed napraw\u0105,<\/li>\n<li>wykonywania napraw bie\u017c\u0105cych, \u015brednich i g\u0142\u00f3wnych maszyn i urz\u0105dze\u0144 d\u017awigowych,<\/li>\n<li>konserwacji i zabezpieczania antykorozyjnego maszyn i urz\u0105dze\u0144 d\u017awigowych oraz wymiany p\u0142yn\u00f3w eksploatacyjnych, z zachowaniem wymog\u00f3w ochrony \u015brodowiska,<\/li>\n<li>regulacji element\u00f3w roboczych,<\/li>\n<li>regulacji zespo\u0142\u00f3w sterowniczych urz\u0105dze\u0144 d\u017awigowych,<\/li>\n<li>instalowania urz\u0105dze\u0144 na stanowisku pracy,<\/li>\n<li>sporz\u0105dzania dokumentacji technicznej wykonywanych napraw oraz dokumentacji warsztatowej,<\/li>\n<li>sprawdzania poprawno\u015bci dzia\u0142ania maszyn i urz\u0105dze\u0144 d\u017awigowych,<\/li>\n<li>instruowania u\u017cytkownik\u00f3w o zasadach poprawnej eksploatacji maszyn i urz\u0105dze\u0144 d\u017awigowych.<\/li>\n<\/ul>\n<p><strong>Mo\u017cliwo\u015bci podj\u0119cia pracy w:<\/strong><\/p>\n<ul>\n<li>przemy\u015ble maszynowym,<\/li>\n<li>budownictwie,<\/li>\n<li>transporcie,<\/li>\n<li>wszystkich pozosta\u0142ych dziedzinach gospodarki wykorzystuj\u0105cych urz\u0105dzenia mechaniczne,<\/li>\n<li>magazynach,<\/li>\n<li>wielkich i ma\u0142ych zak\u0142adach pracy, korporacjach i firmach rodzinnych lub we w\u0142asnej firmie.<\/li>\n<\/ul>\n<p><strong>Technicy urz\u0105dze\u0144 d\u017awigowych, po uzyskaniu odpowiedniego przeszkolenia mog\u0105 by\u0107 zatrudniani na stanowiskach:<\/strong><\/p>\n<ul>\n<li>operatora maszyn i urz\u0105dze\u0144 d\u017awigowych,<\/li>\n<li>inspektora dozoru technicznego,<\/li>\n<li>monta\u017cysty w zak\u0142adach produkuj\u0105cych urz\u0105dzenia d\u017awigowe,<\/li>\n<li>po uzyskaniu uprawnie\u0144 pedagogicznych mog\u0105 prowadzi\u0107 szkolenia praktyczne uczni\u00f3w.<\/li>\n<\/ul>\n<p><strong>To kierunek dla os\u00f3b, kt\u00f3re:<\/strong><\/p>\n<ul>\n<li>charakteryzuj\u0105 si\u0119 zainteresowaniami technicznymi,<\/li>\n<li>fascynuj\u0105 si\u0119 nowymi technologiami,<\/li>\n<li>przejawiaj\u0105 zdolno\u015bci manualne, praktyczno-techniczne.<\/li>\n<\/ul>\n<p>Uczniowie odbywaj\u0105 praktyki w firmach wsp\u00f3\u0142pracuj\u0105cych &#8211;<a href=\"https:\/\/zsme.poznan.pl\/?page_id=2419\"> Zak\u0142adka Praktyczna nauka Zawodu<\/a><\/p>\n<p style=\"text-align: center;\"><strong>Technik Urz\u0105dze\u0144 D\u017awigowych \u2013 nowy zaw\u00f3d, poszukiwany nie tylko w Polsce<\/strong><strong>!<\/strong><\/p>\n<p><!-- <iframe src=\"https:\/\/www.youtube.com\/embed\/qhFsk72ArAQ\" width=\"560\" height=\"315\" frameborder=\"0\" allowfullscreen=\"allowfullscreen\"><span data-mce-type=\"bookmark\" style=\"display: inline-block; width: 0px; overflow: hidden; line-height: 0;\" class=\"mce_SELRES_start\"><\/span><\/iframe>\n\n--><\/p>\n<\/div>\n","protected":false},"excerpt":{"rendered":"<p>Przedmioty rozszerzone: matematyka, j\u0119zyk angielski Przedmioty punktowane:\u00a0j\u0119zyk polski, matematyka, j\u0119zyk obcy, informatyka J\u0119zyki: j\u0119zyk angielski \u2013 kontynuacja, j\u0119zyk niemiecki W\u0141ASNA WINDA NA SZCZYT KARIERY Technik urz\u0105dze\u0144 d\u017awigowych jest zawodem wprowadzonym do klasyfikacji zawod\u00f3w szkolnictwa zawodowego w 2015 roku. W dzisiejszym \u015bwiecie urz\u0105dzenia d\u017awigowe spotykamy w ka\u017cdym obszarze funkcjonowania cz\u0142owieka. Ka\u017cdy wysoki budynek musi posiada\u0107 wind\u0119, [&hellip;]<\/p>\n","protected":false},"author":1,"featured_media":0,"parent":0,"menu_order":0,"comment_status":"closed","ping_status":"closed","template":"","meta":{"footnotes":""},"class_list":["post-4124","page","type-page","status-publish","hentry"],"_links":{"self":[{"href":"https:\/\/zsme.poznan.pl\/index.php?rest_route=\/wp\/v2\/pages\/4124","targetHints":{"allow":["GET"]}}],"collection":[{"href":"https:\/\/zsme.poznan.pl\/index.php?rest_route=\/wp\/v2\/pages"}],"about":[{"href":"https:\/\/zsme.poznan.pl\/index.php?rest_route=\/wp\/v2\/types\/page"}],"author":[{"embeddable":true,"href":"https:\/\/zsme.poznan.pl\/index.php?rest_route=\/wp\/v2\/users\/1"}],"replies":[{"embeddable":true,"href":"https:\/\/zsme.poznan.pl\/index.php?rest_route=%2Fwp%2Fv2%2Fcomments&post=4124"}],"version-history":[{"count":0,"href":"https:\/\/zsme.poznan.pl\/index.php?rest_route=\/wp\/v2\/pages\/4124\/revisions"}],"wp:attachment":[{"href":"https:\/\/zsme.poznan.pl\/index.php?rest_route=%2Fwp%2Fv2%2Fmedia&parent=4124"}],"curies":[{"name":"wp","href":"https:\/\/api.w.org\/{rel}","templated":true}]}}