{"id":4128,"date":"2019-02-10T15:24:04","date_gmt":"2019-02-10T15:24:04","guid":{"rendered":"https:\/\/zsme.poznan.pl\/?page_id=4128"},"modified":"2022-02-22T16:30:35","modified_gmt":"2022-02-22T16:30:35","slug":"4128-2","status":"publish","type":"page","link":"https:\/\/zsme.poznan.pl\/?page_id=4128","title":{"rendered":"Technik optyk"},"content":{"rendered":"<p><span style=\"color: #ff0000;\"><strong>Jedyna taka klasa w Poznaniu.<\/strong><\/span><\/p>\n<p><strong>Przedmioty rozszerzone:<\/strong> fizyka, j\u0119zyk angielski<\/p>\n<p><strong>Przedmioty punktowane:<\/strong> j\u0119zyk polski, matematyka, j\u0119zyk obcy, informatyka<\/p>\n<p><strong>J\u0119zyki:<\/strong> j\u0119zyk angielski \u2013 kontynuacja, j\u0119zyk niemiecki<\/p>\n<p><strong>Wsp\u00f3\u0142pracujemy z salonami optycznymi: Fielmann i Medar Optyk.<\/strong><\/p>\n<p><strong>Patronat nad klas\u0105 sprawuje Wydzia\u0142 Fizyki Uniwersytetu im. Adama Mickiewicza w Poznaniu.<\/strong><\/p>\n<p>Nauka na tym kierunku daje przygotowanie do jednego z najbardziej poszukiwanych zawod\u00f3w na rynku krajowym i zagranicznym. Przygotujemy Ci\u0119 do pracy w zakresie optyki okularowej.<\/p>\n<p><strong>Podejmuj\u0105c nauk\u0119, nauczysz si\u0119:<\/strong><\/p>\n<ul>\n<li>wykonywa\u0107 przyrz\u0105dy i aparaty optyczne oraz pomoce wzrokowe,<\/li>\n<li>przeprowadza\u0107 badania komputerowe wzroku,<\/li>\n<li>dokonywa\u0107 pomiar\u00f3w oftalmicznych za pomoc\u0105 stereometru, oftalomometru, frontofokometru, kasety okulistycznej, tablic testowych,<\/li>\n<li>dobiera\u0107 szk\u0142a okularowe lub soczewki kontaktowe, koryguj\u0105ce wady wzroku (dalekowzroczno\u015b\u0107, kr\u00f3tkowzroczno\u015b\u0107, astygmatyzm, zez ukryty i inne), na podstawie w\u0142asnych pomiar\u00f3w lub recepty lekarza okulisty,<\/li>\n<li>doradza\u0107 klientom w zakresie doboru opraw okularowych pod wzgl\u0119dem estetycznym i technicznym na podstawie pomiaru rozstawienia \u017arenic, szeroko\u015bci osadzenia nosa, szeroko\u015bci czaszki,<\/li>\n<li>mocowa\u0107 i sprawdza\u0107 ustawienia szkie\u0142 w oprawie,<\/li>\n<li>wykonywa\u0107 wszelkie naprawy r\u00f3\u017cnych okular\u00f3w.<\/li>\n<\/ul>\n<p><strong>Ponadto b\u0119dziesz umia\u0142:<\/strong><\/p>\n<ul>\n<li>udziela\u0107 porad z zakresu stosowania i konserwacji pomocy wzrokowych, okular\u00f3w,<\/li>\n<li>orientowa\u0107 si\u0119 w profilaktyce chor\u00f3b oczu i kierowa\u0107 klient\u00f3w w razie potrzeby do lekarza okulisty,<\/li>\n<li>opisywa\u0107 zasady piel\u0119gnacji soczewek kontaktowych,<\/li>\n<li>obs\u0142ugiwa\u0107 przyrz\u0105dy i urz\u0105dzenia stosowane w optyce oftalmicznej, instrumentalnej, optometrii, kontaktologii,<\/li>\n<li>charakteryzowa\u0107 niezb\u0119dne wyposa\u017cenie warsztatu optycznego, gabinetu optometry styczno-kontaktologicznego, sali ekspozycyjnej,<\/li>\n<li>obs\u0142ugiwa\u0107 komputerowe programy u\u017cytkowe niezb\u0119dne w pracy zawodowej,<\/li>\n<li>zak\u0142ada\u0107 i prowadzi\u0107 w\u0142asn\u0105 dzia\u0142alno\u015b\u0107 gospodarcz\u0105.<\/li>\n<\/ul>\n<p><strong>Mo\u017cliwo\u015bci podj\u0119cia pracy w:<\/strong><\/p>\n<ul>\n<li>gabinetach optometrystyczno-kontaktologicznych,<\/li>\n<li>pracowniach optycznych,<\/li>\n<li>salonach optycznych.<\/li>\n<\/ul>\n<p><strong>To kierunek dla os\u00f3b, kt\u00f3re charakteryzuje:<\/strong><\/p>\n<ul>\n<li>miarowy wzrok,<\/li>\n<li>prawid\u0142owe widzenie barw,<\/li>\n<li>dobra sprawno\u015b\u0107 ruchowa d\u0142oni i palc\u00f3w,<\/li>\n<li>dok\u0142adno\u015b\u0107,<\/li>\n<li>poczucie estetyki.<\/li>\n<\/ul>\n<p>Uczniowie odbywaj\u0105 praktyki w firmach wsp\u00f3\u0142pracuj\u0105cych &#8211; <a href=\"https:\/\/zsme.poznan.pl\/?page_id=2419\">Zak\u0142adka Praktyczna nauka Zawodu<\/a><\/p>\n<p><center><iframe title=\"YouTube video player\" src=\"https:\/\/www.youtube.com\/embed\/wLWLpjUEsY0\" width=\"560\" height=\"315\" frameborder=\"0\" allowfullscreen=\"allowfullscreen\"><\/iframe>\u00a0<\/center><\/p>\n<p style=\"text-align: center;\"><iframe src=\"https:\/\/www.youtube.com\/embed\/wmCQZxMFp8c\" width=\"560\" height=\"315\" frameborder=\"0\" allowfullscreen=\"allowfullscreen\"><\/iframe><\/p>\n<p><code class=\"rl-shortcode\"><div class=\"rl-gallery-container rl-loading\" id=\"rl-gallery-container-1\" data-gallery_id=\"7733\"> <div class=\"rl-gallery rl-basicgrid-gallery \" id=\"rl-gallery-1\" data-gallery_no=\"1\"> <div class=\"rl-gallery-item\"><a href=\"https:\/\/zsme.poznan.pl\/wp-content\/uploads\/2021\/02\/optyk1-.jpg\" title=\"\" data-rl_title=\"\" class=\"rl-gallery-link\" data-rl_caption=\"\" data-rel=\"lightbox-gallery-1\"><img fetchpriority=\"high\" decoding=\"async\" src=\"https:\/\/zsme.poznan.pl\/wp-content\/uploads\/2021\/02\/optyk1--300x200.jpg\" width=\"300\" height=\"200\" alt=\"\" \/><\/a><\/div><div class=\"rl-gallery-item\"><a href=\"https:\/\/zsme.poznan.pl\/wp-content\/uploads\/2021\/02\/optyk2.jpg\" title=\"\" data-rl_title=\"\" class=\"rl-gallery-link\" data-rl_caption=\"\" data-rel=\"lightbox-gallery-1\"><img decoding=\"async\" src=\"https:\/\/zsme.poznan.pl\/wp-content\/uploads\/2021\/02\/optyk2-300x200.jpg\" width=\"300\" height=\"200\" alt=\"\" \/><\/a><\/div><div class=\"rl-gallery-item\"><a href=\"https:\/\/zsme.poznan.pl\/wp-content\/uploads\/2021\/02\/optyk3-.jpg\" title=\"\" data-rl_title=\"\" class=\"rl-gallery-link\" data-rl_caption=\"\" data-rel=\"lightbox-gallery-1\"><img decoding=\"async\" src=\"https:\/\/zsme.poznan.pl\/wp-content\/uploads\/2021\/02\/optyk3--300x237.jpg\" width=\"300\" height=\"237\" alt=\"\" \/><\/a><\/div><div class=\"rl-gallery-item\"><a href=\"https:\/\/zsme.poznan.pl\/wp-content\/uploads\/2021\/02\/optyk4.jpg\" title=\"\" data-rl_title=\"\" class=\"rl-gallery-link\" data-rl_caption=\"\" data-rel=\"lightbox-gallery-1\"><img loading=\"lazy\" decoding=\"async\" src=\"https:\/\/zsme.poznan.pl\/wp-content\/uploads\/2021\/02\/optyk4-300x195.jpg\" width=\"300\" height=\"195\" alt=\"\" \/><\/a><\/div><div class=\"rl-gallery-item\"><a href=\"https:\/\/zsme.poznan.pl\/wp-content\/uploads\/2021\/02\/optyk5.jpg\" title=\"\" data-rl_title=\"\" class=\"rl-gallery-link\" data-rl_caption=\"\" data-rel=\"lightbox-gallery-1\"><img loading=\"lazy\" decoding=\"async\" src=\"https:\/\/zsme.poznan.pl\/wp-content\/uploads\/2021\/02\/optyk5-204x300.jpg\" width=\"204\" height=\"300\" alt=\"\" \/><\/a><\/div><div class=\"rl-gallery-item\"><a href=\"https:\/\/zsme.poznan.pl\/wp-content\/uploads\/2021\/02\/optyk7.jpg\" title=\"\" data-rl_title=\"\" class=\"rl-gallery-link\" data-rl_caption=\"\" data-rel=\"lightbox-gallery-1\"><img loading=\"lazy\" decoding=\"async\" src=\"https:\/\/zsme.poznan.pl\/wp-content\/uploads\/2021\/02\/optyk7-300x200.jpg\" width=\"300\" height=\"200\" alt=\"\" \/><\/a><\/div><div class=\"rl-gallery-item\"><a href=\"https:\/\/zsme.poznan.pl\/wp-content\/uploads\/2021\/02\/optyk8.jpg\" title=\"\" data-rl_title=\"\" class=\"rl-gallery-link\" data-rl_caption=\"\" data-rel=\"lightbox-gallery-1\"><img loading=\"lazy\" decoding=\"async\" src=\"https:\/\/zsme.poznan.pl\/wp-content\/uploads\/2021\/02\/optyk8-300x225.jpg\" width=\"300\" height=\"225\" alt=\"\" \/><\/a><\/div><div class=\"rl-gallery-item\"><a href=\"https:\/\/zsme.poznan.pl\/wp-content\/uploads\/2021\/02\/optyk9.jpg\" title=\"\" data-rl_title=\"\" class=\"rl-gallery-link\" data-rl_caption=\"\" data-rel=\"lightbox-gallery-1\"><img loading=\"lazy\" decoding=\"async\" src=\"https:\/\/zsme.poznan.pl\/wp-content\/uploads\/2021\/02\/optyk9-300x225.jpg\" width=\"300\" height=\"225\" alt=\"\" \/><\/a><\/div> <\/div> <\/div><\/code><\/p>\n","protected":false},"excerpt":{"rendered":"<p>Jedyna taka klasa w Poznaniu. Przedmioty rozszerzone: fizyka, j\u0119zyk angielski Przedmioty punktowane: j\u0119zyk polski, matematyka, j\u0119zyk obcy, informatyka J\u0119zyki: j\u0119zyk angielski \u2013 kontynuacja, j\u0119zyk niemiecki Wsp\u00f3\u0142pracujemy z salonami optycznymi: Fielmann i Medar Optyk. Patronat nad klas\u0105 sprawuje Wydzia\u0142 Fizyki Uniwersytetu im. Adama Mickiewicza w Poznaniu. Nauka na tym kierunku daje przygotowanie do jednego z najbardziej [&hellip;]<\/p>\n","protected":false},"author":1,"featured_media":0,"parent":0,"menu_order":0,"comment_status":"closed","ping_status":"closed","template":"","meta":{"footnotes":""},"class_list":["post-4128","page","type-page","status-publish","hentry"],"_links":{"self":[{"href":"https:\/\/zsme.poznan.pl\/index.php?rest_route=\/wp\/v2\/pages\/4128","targetHints":{"allow":["GET"]}}],"collection":[{"href":"https:\/\/zsme.poznan.pl\/index.php?rest_route=\/wp\/v2\/pages"}],"about":[{"href":"https:\/\/zsme.poznan.pl\/index.php?rest_route=\/wp\/v2\/types\/page"}],"author":[{"embeddable":true,"href":"https:\/\/zsme.poznan.pl\/index.php?rest_route=\/wp\/v2\/users\/1"}],"replies":[{"embeddable":true,"href":"https:\/\/zsme.poznan.pl\/index.php?rest_route=%2Fwp%2Fv2%2Fcomments&post=4128"}],"version-history":[{"count":0,"href":"https:\/\/zsme.poznan.pl\/index.php?rest_route=\/wp\/v2\/pages\/4128\/revisions"}],"wp:attachment":[{"href":"https:\/\/zsme.poznan.pl\/index.php?rest_route=%2Fwp%2Fv2%2Fmedia&parent=4128"}],"curies":[{"name":"wp","href":"https:\/\/api.w.org\/{rel}","templated":true}]}}