{"id":4132,"date":"2019-02-10T15:36:05","date_gmt":"2019-02-10T15:36:05","guid":{"rendered":"https:\/\/zsme.poznan.pl\/?page_id=4132"},"modified":"2024-03-06T07:19:33","modified_gmt":"2024-03-06T07:19:33","slug":"technik-mechanik-klasa-strazacka","status":"publish","type":"page","link":"https:\/\/zsme.poznan.pl\/?page_id=4132","title":{"rendered":"Technik mechanik"},"content":{"rendered":"<p class=\"Textbody\"><strong><span class=\"StrongEmphasis\">Oddzia\u0142 stra\u017cacki<\/span><\/strong><\/p>\n<p class=\"Textbody\"><strong><span class=\"StrongEmphasis\">Przedmiot rozszerzony: <\/span><\/strong>j\u0119zyk angielski<\/p>\n<p class=\"Textbody\"><strong><span class=\"StrongEmphasis\">Przedmioty punktowane: <\/span><\/strong>j\u0119zyk polski, matematyka, j\u0119zyk obcy, wiedza o spo\u0142ecze\u0144stwie<\/p>\n<p class=\"Textbody\"><strong><span class=\"StrongEmphasis\">J\u0119zyki:<\/span><\/strong> j\u0119zyk angielski \u2013 kontynuacja,\u00a0j\u0119zyk niemiecki<\/p>\n<p class=\"Textbody\"><strong><span class=\"StrongEmphasis\">Innowacyjny przedmiot<\/span>:<\/strong> Edukacja Po\u017carnicza<\/p>\n<p><strong>Patronat nad klas\u0105 sprawuj\u0105:<\/strong><\/p>\n<ul>\n<li><strong>Zak\u0142ad H. Cegielski \u2013 Pozna\u0144 S.A.,<\/strong><\/li>\n<li><strong>Komenda Miejska Pa\u0144stwowej Stra\u017cy Po\u017carnej w Poznaniu (oddzia\u0142 stra\u017cacki),<\/strong><\/li>\n<li><strong>Zarz\u0105d Miejskiego Zwi\u0105zku Ochotniczych Stra\u017cy Po\u017carnych (oddzia\u0142 stra\u017cacki).<\/strong><\/li>\n<\/ul>\n<p>Nauka w zawodzie technik mechanik obejmuje przygotowanie zawodowe polegaj\u0105ce na teoretycznym i praktycznym przygotowaniu do zawodu mechanika, obs\u0142ugi nowoczesnych maszyn i urz\u0105dze\u0144 oraz do wykonywania prac projektowych, produkcyjnych oraz remontowo \u2013 instalacyjnych maszyn i urz\u0105dze\u0144 technicznych. Uczniowie w trakcie nauki zdob\u0119d\u0105 umiej\u0119tno\u015bci u\u017cytkowania narz\u0119dzi do komputerowego wspomagania przygotowania produkcji, w ramach zaj\u0119\u0107 w pracowni komputerowej wyposa\u017conej w oprogramowanie wspieraj\u0105ce procesy kre\u015blenia i projektowania. Ponadto jako uczniowie technikum mechanicznego zdob\u0119d\u0105 szerokie wykszta\u0142cenie teoretyczne i praktyczne, kt\u00f3re wykorzystaj\u0105 jako specjali\u015bci projektowania, wytwarzania oraz eksploatacji maszyn i urz\u0105dze\u0144 mechanicznych r\u00f3wnie\u017c w dziedzinie po\u017carnictwa.<\/p>\n<p><strong>Podejmuj\u0105c nauk\u0119 nauczysz si\u0119:<\/strong><\/p>\n<ul>\n<li>projektowania maszyn i urz\u0105dze\u0144 mechanicznych wykorzystywanych w przemy\u015ble,<\/li>\n<li>produkcji oraz serwisowania maszyn i urz\u0105dze\u0144 wytw\u00f3rczych,<\/li>\n<li>technik wytwarzania r\u00f3\u017cnych maszyn i urz\u0105dze\u0144,<\/li>\n<li>obs\u0142ugi i programowania obrabiarek sterowanych numerycznie.<\/li>\n<\/ul>\n<p><strong>Ponadto b\u0119dziesz umia\u0142:<\/strong><\/p>\n<ul>\n<li>obs\u0142ugiwa\u0107 komputerowe programy u\u017cytkowe niezb\u0119dne w pracy zawodowej,<\/li>\n<li>wykorzystywa\u0107 sprz\u0119t, urz\u0105dzenia i techniki po\u017carnicze w praktyce,<\/li>\n<li>rozpoznawa\u0107 zagro\u017cenia po\u017carowe i miejscowe,<\/li>\n<li>udziela\u0107 pomocy przedmedycznej.<\/li>\n<\/ul>\n<p>Absolwenci technikum mechanicznego \u2013 oddzia\u0142 stra\u017cacki mog\u0105 ubiega\u0107 si\u0119 o przyj\u0119cie do jednostek Pa\u0144stwowej Stra\u017cy Po\u017carnej, kontynuowa\u0107 nauk\u0119 w Szkole Aspirant\u00f3w PSP lub Szkole G\u0142\u00f3wnej S\u0142u\u017cby Po\u017carniczej.<\/p>\n<p><strong>Mo\u017cliwo\u015bci podj\u0119cia pracy w:<\/strong><\/p>\n<ul>\n<li>przemy\u015ble maszynowym,<\/li>\n<li>budownictwie,<\/li>\n<li>transporcie,<\/li>\n<li>wszystkich pozosta\u0142ych dziedzinach gospodarki wykorzystuj\u0105cych urz\u0105dzenia mechaniczne,<\/li>\n<li>biurach projektowych,<\/li>\n<li>wielkich i ma\u0142ych zak\u0142adach pracy, korporacjach i firmach rodzinnych lub we w\u0142asnej firmie,<\/li>\n<li>stra\u017cy po\u017carnej.<\/li>\n<\/ul>\n<p><strong>W ramach wsp\u00f3\u0142pracy z Komend\u0105 Miejsk\u0105 Pa\u0144stwowej Stra\u017cy Po\u017carnej w Poznaniu <\/strong>naszym przysz\u0142ym uczniom, w oddziale stra\u017cackim oferujemy:<\/p>\n<ul>\n<li>zaj\u0119cia prowadzone przez przedstawicieli Stra\u017cy Po\u017carnej,<\/li>\n<li>uczestnictwo m\u0142odzie\u017cy w wydarzeniach organizowanych przez Komend\u0119 Miejsk\u0105 Pa\u0144stwowej Stra\u017cy Po\u017carnej w Poznaniu,<\/li>\n<li>uczestnictwo m\u0142odzie\u017cy w obozach tematycznych organizowanych wsp\u00f3lnie ze Stra\u017c\u0105 Po\u017carn\u0105,<\/li>\n<li>organizowanie spotka\u0144 z uczniami maj\u0105cych na celu podnoszenie \u015bwiadomo\u015bci prawnej i spo\u0142ecznej odpowiedzialno\u015bci za stan bezpiecze\u0144stwa publicznego, a co za tym idzie, zainteresowanie m\u0142odzie\u017cy prac\u0105 w Stra\u017cy Po\u017carnej,<\/li>\n<li>uczestnictwo klas \u201estra\u017cackich\u201d w zaj\u0119ciach zorganizowanych w szkole i w Pa\u0144stwowej Stra\u017cy Po\u017carnej, maj\u0105ce na celu przyswojenie wiedzy niezb\u0119dnej podczas organizacji oraz prowadzenia akcji ratowniczej, kszta\u0142tuj\u0105cej postawy porz\u0105dku prawnego i praworz\u0105dno\u015bci podczas realizacji obowi\u0105zk\u00f3w stra\u017caka.<\/li>\n<\/ul>\n<p align=\"left\">Uczniowie odbywaj\u0105 praktyki w firmach wsp\u00f3\u0142pracuj\u0105cych \u2013\u00a0<a href=\"https:\/\/zsme.poznan.pl\/?page_id=2419\">Zak\u0142adka Praktyczna nauka Zawodu<\/a><\/p>\n<p style=\"text-align: left;\"><code class=\"rl-shortcode\"><div class=\"rl-gallery-container rl-loading\" id=\"rl-gallery-container-1\" data-gallery_id=\"7707\"> <div class=\"rl-gallery rl-basicgrid-gallery \" id=\"rl-gallery-1\" data-gallery_no=\"1\"> <div class=\"rl-gallery-item\"><a href=\"https:\/\/zsme.poznan.pl\/wp-content\/uploads\/2021\/02\/s1.jpg\" title=\"\" data-rl_title=\"\" class=\"rl-gallery-link\" data-rl_caption=\"\" data-rel=\"lightbox-gallery-1\"><img fetchpriority=\"high\" decoding=\"async\" src=\"https:\/\/zsme.poznan.pl\/wp-content\/uploads\/2021\/02\/s1-300x200.jpg\" width=\"300\" height=\"200\" alt=\"\" \/><\/a><\/div><div class=\"rl-gallery-item\"><a href=\"https:\/\/zsme.poznan.pl\/wp-content\/uploads\/2021\/02\/s2.jpg\" title=\"\" data-rl_title=\"\" class=\"rl-gallery-link\" data-rl_caption=\"\" data-rel=\"lightbox-gallery-1\"><img decoding=\"async\" src=\"https:\/\/zsme.poznan.pl\/wp-content\/uploads\/2021\/02\/s2-300x200.jpg\" width=\"300\" height=\"200\" alt=\"\" \/><\/a><\/div><div class=\"rl-gallery-item\"><a href=\"https:\/\/zsme.poznan.pl\/wp-content\/uploads\/2021\/02\/s3.jpg\" title=\"\" data-rl_title=\"\" class=\"rl-gallery-link\" data-rl_caption=\"\" data-rel=\"lightbox-gallery-1\"><img decoding=\"async\" src=\"https:\/\/zsme.poznan.pl\/wp-content\/uploads\/2021\/02\/s3-300x216.jpg\" width=\"300\" height=\"216\" alt=\"\" \/><\/a><\/div><div class=\"rl-gallery-item\"><a href=\"https:\/\/zsme.poznan.pl\/wp-content\/uploads\/2021\/02\/s4.jpeg\" title=\"\" data-rl_title=\"\" class=\"rl-gallery-link\" data-rl_caption=\"\" data-rel=\"lightbox-gallery-1\"><img loading=\"lazy\" decoding=\"async\" src=\"https:\/\/zsme.poznan.pl\/wp-content\/uploads\/2021\/02\/s4-300x169.jpeg\" width=\"300\" height=\"169\" alt=\"\" \/><\/a><\/div><div class=\"rl-gallery-item\"><a href=\"https:\/\/zsme.poznan.pl\/wp-content\/uploads\/2021\/02\/s4.jpg\" title=\"\" data-rl_title=\"\" class=\"rl-gallery-link\" data-rl_caption=\"\" data-rel=\"lightbox-gallery-1\"><img loading=\"lazy\" decoding=\"async\" src=\"https:\/\/zsme.poznan.pl\/wp-content\/uploads\/2021\/02\/s4-300x200.jpg\" width=\"300\" height=\"200\" alt=\"\" \/><\/a><\/div><div class=\"rl-gallery-item\"><a href=\"https:\/\/zsme.poznan.pl\/wp-content\/uploads\/2021\/02\/s5.jpg\" title=\"\" data-rl_title=\"\" class=\"rl-gallery-link\" data-rl_caption=\"\" data-rel=\"lightbox-gallery-1\"><img loading=\"lazy\" decoding=\"async\" src=\"https:\/\/zsme.poznan.pl\/wp-content\/uploads\/2021\/02\/s5-300x200.jpg\" width=\"300\" height=\"200\" alt=\"\" \/><\/a><\/div><div class=\"rl-gallery-item\"><a href=\"https:\/\/zsme.poznan.pl\/wp-content\/uploads\/2021\/02\/s6.jpg\" title=\"\" data-rl_title=\"\" class=\"rl-gallery-link\" data-rl_caption=\"\" data-rel=\"lightbox-gallery-1\"><img loading=\"lazy\" decoding=\"async\" src=\"https:\/\/zsme.poznan.pl\/wp-content\/uploads\/2021\/02\/s6-300x200.jpg\" width=\"300\" height=\"200\" alt=\"\" \/><\/a><\/div><div class=\"rl-gallery-item\"><a href=\"https:\/\/zsme.poznan.pl\/wp-content\/uploads\/2021\/02\/s7.jpeg\" title=\"\" data-rl_title=\"\" class=\"rl-gallery-link\" data-rl_caption=\"\" data-rel=\"lightbox-gallery-1\"><img loading=\"lazy\" decoding=\"async\" src=\"https:\/\/zsme.poznan.pl\/wp-content\/uploads\/2021\/02\/s7-300x169.jpeg\" width=\"300\" height=\"169\" alt=\"\" \/><\/a><\/div><div class=\"rl-gallery-item\"><a href=\"https:\/\/zsme.poznan.pl\/wp-content\/uploads\/2021\/02\/s8.jpeg\" title=\"\" data-rl_title=\"\" class=\"rl-gallery-link\" data-rl_caption=\"\" data-rel=\"lightbox-gallery-1\"><img loading=\"lazy\" decoding=\"async\" src=\"https:\/\/zsme.poznan.pl\/wp-content\/uploads\/2021\/02\/s8-300x169.jpeg\" width=\"300\" height=\"169\" alt=\"\" \/><\/a><\/div><div class=\"rl-gallery-item\"><a href=\"https:\/\/zsme.poznan.pl\/wp-content\/uploads\/2021\/02\/s9.jpg\" title=\"\" data-rl_title=\"\" class=\"rl-gallery-link\" data-rl_caption=\"\" data-rel=\"lightbox-gallery-1\"><img loading=\"lazy\" decoding=\"async\" src=\"https:\/\/zsme.poznan.pl\/wp-content\/uploads\/2021\/02\/s9-300x225.jpg\" width=\"300\" height=\"225\" alt=\"\" \/><\/a><\/div><div class=\"rl-gallery-item\"><a href=\"https:\/\/zsme.poznan.pl\/wp-content\/uploads\/2021\/02\/s91.jpg\" title=\"\" data-rl_title=\"\" class=\"rl-gallery-link\" data-rl_caption=\"\" data-rel=\"lightbox-gallery-1\"><img loading=\"lazy\" decoding=\"async\" src=\"https:\/\/zsme.poznan.pl\/wp-content\/uploads\/2021\/02\/s91-300x200.jpg\" width=\"300\" height=\"200\" alt=\"\" \/><\/a><\/div><div class=\"rl-gallery-item\"><a href=\"https:\/\/zsme.poznan.pl\/wp-content\/uploads\/2021\/02\/s92.jpg\" title=\"\" data-rl_title=\"\" class=\"rl-gallery-link\" data-rl_caption=\"\" data-rel=\"lightbox-gallery-1\"><img loading=\"lazy\" decoding=\"async\" src=\"https:\/\/zsme.poznan.pl\/wp-content\/uploads\/2021\/02\/s92-200x300.jpg\" width=\"200\" height=\"300\" alt=\"\" \/><\/a><\/div> <\/div> <\/div><\/code><\/p>\n","protected":false},"excerpt":{"rendered":"<p>Oddzia\u0142 stra\u017cacki Przedmiot rozszerzony: j\u0119zyk angielski Przedmioty punktowane: j\u0119zyk polski, matematyka, j\u0119zyk obcy, wiedza o spo\u0142ecze\u0144stwie J\u0119zyki: j\u0119zyk angielski \u2013 kontynuacja,\u00a0j\u0119zyk niemiecki Innowacyjny przedmiot: Edukacja Po\u017carnicza Patronat nad klas\u0105 sprawuj\u0105: Zak\u0142ad H. Cegielski \u2013 Pozna\u0144 S.A., Komenda Miejska Pa\u0144stwowej Stra\u017cy Po\u017carnej w Poznaniu (oddzia\u0142 stra\u017cacki), Zarz\u0105d Miejskiego Zwi\u0105zku Ochotniczych Stra\u017cy Po\u017carnych (oddzia\u0142 stra\u017cacki). Nauka w [&hellip;]<\/p>\n","protected":false},"author":1,"featured_media":0,"parent":0,"menu_order":0,"comment_status":"closed","ping_status":"closed","template":"","meta":{"footnotes":""},"class_list":["post-4132","page","type-page","status-publish","hentry"],"_links":{"self":[{"href":"https:\/\/zsme.poznan.pl\/index.php?rest_route=\/wp\/v2\/pages\/4132","targetHints":{"allow":["GET"]}}],"collection":[{"href":"https:\/\/zsme.poznan.pl\/index.php?rest_route=\/wp\/v2\/pages"}],"about":[{"href":"https:\/\/zsme.poznan.pl\/index.php?rest_route=\/wp\/v2\/types\/page"}],"author":[{"embeddable":true,"href":"https:\/\/zsme.poznan.pl\/index.php?rest_route=\/wp\/v2\/users\/1"}],"replies":[{"embeddable":true,"href":"https:\/\/zsme.poznan.pl\/index.php?rest_route=%2Fwp%2Fv2%2Fcomments&post=4132"}],"version-history":[{"count":0,"href":"https:\/\/zsme.poznan.pl\/index.php?rest_route=\/wp\/v2\/pages\/4132\/revisions"}],"wp:attachment":[{"href":"https:\/\/zsme.poznan.pl\/index.php?rest_route=%2Fwp%2Fv2%2Fmedia&parent=4132"}],"curies":[{"name":"wp","href":"https:\/\/api.w.org\/{rel}","templated":true}]}}