{"id":4135,"date":"2019-02-10T17:30:57","date_gmt":"2019-02-10T17:30:57","guid":{"rendered":"https:\/\/zsme.poznan.pl\/?page_id=4135"},"modified":"2023-03-01T15:14:48","modified_gmt":"2023-03-01T15:14:48","slug":"technik-mechatronik","status":"publish","type":"page","link":"https:\/\/zsme.poznan.pl\/?page_id=4135","title":{"rendered":"Technik mechatronik"},"content":{"rendered":"<p><strong>Przedmiot rozszerzony:<\/strong> matematyka, j\u0119zyk angielski<\/p>\n<p><strong>Przedmiot punktowany:<\/strong> j\u0119zyk polski, matematyka, j\u0119zyk obcy, informatyka<\/p>\n<p><strong>J\u0119zyki:<\/strong> j\u0119zyk angielski \u2013 kontynuacja, j\u0119zyk niemiecki<\/p>\n<p><strong>Wsp\u00f3\u0142praca z:<\/strong><\/p>\n<p><strong>\u2013 Steelpress sp z o.o.,<\/strong><\/p>\n<p><strong>\u2013 MPK Pozna\u0144,<\/strong><\/p>\n<p><strong>\u2013 FlexLink Engineering Polska Sp. z o. o.<\/strong><\/p>\n<p><strong>Mechatronika jest interdescyplinarn\u0105 dziedzin\u0105 nauki i techniki. Zajmuje si\u0119 problemami mechaniki, elektroniki, robotyki i informatyki. Technik mechatronik to zaw\u00f3d przysz\u0142o\u015bci. Jest jednym z najbardziej poszukiwanych zawod\u00f3w na rynku krajowym i zagranicznym. Jest on interesuj\u0105cy r\u00f3wnie\u017c pod wzgl\u0119dem finansowym.<\/strong><\/p>\n<p><strong>Podejmuj\u0105c nauk\u0119, nauczysz si\u0119:<\/strong><\/p>\n<ul>\n<li>projektowania, programowania, obs\u0142ugi urz\u0105dze\u0144 i system\u00f3w mechatronicznych,<\/li>\n<li>konstruowania, monta\u017cu, demonta\u017cu urz\u0105dze\u0144 i system\u00f3w mechatronicznych,<\/li>\n<li>u\u017cytkowania, diagnozowania, napraw urz\u0105dze\u0144 i system\u00f3w mechatronicznych, takich jak:\n<ul>\n<li>urz\u0105dzenia biurowe m. in. kserokopiarki, drukarki, odtwarzacze, kamery,<\/li>\n<li>obrabiarki sterowane numerycznie,<\/li>\n<li>nowoczesna aparatura medyczna,<\/li>\n<li>poligraficzne maszyny cyfrowe,<\/li>\n<li>pojazdy samochodowe i szynowe,<\/li>\n<li>maszyny pakuj\u0105ce i monta\u017cowe,<\/li>\n<li>manipulatory i roboty przemys\u0142owe,<\/li>\n<li>linie i centra produkcyjne,<\/li>\n<li>sprz\u0119t AGD,<\/li>\n<li>nowoczesne zabawki.<\/li>\n<\/ul>\n<\/li>\n<\/ul>\n<p><strong>Ponadto b\u0119dziesz umia\u0142:<\/strong><\/p>\n<ul>\n<li>obs\u0142ugiwa\u0107 komputerowe programy u\u017cytkowe niezb\u0119dne w pracy zawodowej,<\/li>\n<li>zak\u0142ada\u0107 i prowadzi\u0107 w\u0142asn\u0105 dzia\u0142alno\u015b\u0107 gospodarcz\u0105,<\/li>\n<li>porozumiewa\u0107 si\u0119 w j\u0119zyku obcym zawodowym.<\/li>\n<\/ul>\n<p><strong>Mo\u017cliwo\u015bci podj\u0119cia pracy w:<\/strong><\/p>\n<ul>\n<li>zak\u0142adach produkcyjnych o zautomatyzowanym i zrobotyzowanym cyklu wytwarzania,<\/li>\n<li>zak\u0142adach prowadz\u0105cych us\u0142ugi w zakresie projektowania, serwisu, napraw urz\u0105dze\u0144 i system\u00f3w mechatronicznych,<\/li>\n<li>biurach projektowych,<\/li>\n<li>firmach logistycznych zajmuj\u0105cych si\u0119 dystrybucj\u0105 materia\u0142\u00f3w, narz\u0119dzi, sprz\u0119tu, urz\u0105dze\u0144, maszyn i system\u00f3w oraz ich wyposa\u017cenia,<\/li>\n<li>samodzielnie prowadzonej dzia\u0142alno\u015bci gospodarczej.<\/li>\n<\/ul>\n<p><strong>Technicy mechatronicy mog\u0105 by\u0107 zatrudniani na stanowiskach:<\/strong><\/p>\n<ul>\n<li>konstruktora, technologa, mistrza,<\/li>\n<li>operatora i programisty obrabiarek sterowanych numerycznie,<\/li>\n<li>serwisanta sprz\u0119tu mechatronicznego,<\/li>\n<li>specjalisty ds. handlu sprz\u0119tem mechatronicznym,<\/li>\n<li>kierownika dzia\u0142u obs\u0142ugi i napraw.<\/li>\n<\/ul>\n<p><strong>To kierunek dla os\u00f3b, kt\u00f3re:<\/strong><\/p>\n<ul>\n<li>charakteryzuj\u0105 si\u0119 zainteresowaniami technicznymi,<\/li>\n<li>lubi\u0105 naprawia\u0107 i wytwarza\u0107 przedmioty z r\u00f3\u017cnych materia\u0142\u00f3w,<\/li>\n<li>fascynuj\u0105 si\u0119 nowymi technologiami,<\/li>\n<li>przejawiaj\u0105 zdolno\u015bci manualne, praktyczno-techniczne,<\/li>\n<li>s\u0105 zainteresowane podejmowaniem nowych rozwi\u0105za\u0144 technicznych.<\/li>\n<\/ul>\n<p style=\"text-align: left;\">Uczniowie odbywaj\u0105 praktyki w firmach wsp\u00f3\u0142pracuj\u0105cych &#8211;\u00a0<a href=\"https:\/\/zsme.poznan.pl\/?page_id=2419\">Zak\u0142adka Praktyczna nauka Zawodu<\/a><\/p>\n<p style=\"text-align: center;\"><iframe src=\"https:\/\/www.youtube.com\/embed\/PW1C-XnklpE\" width=\"560\" height=\"315\" frameborder=\"0\" allowfullscreen=\"allowfullscreen\"><\/iframe><code class=\"rl-shortcode\"><\/code><code class=\"rl-shortcode\"><\/code><\/p>\n<p style=\"text-align: center;\"><code class=\"rl-shortcode\"><div class=\"rl-gallery-container rl-loading\" id=\"rl-gallery-container-1\" data-gallery_id=\"7694\"> <div class=\"rl-gallery rl-basicgrid-gallery \" id=\"rl-gallery-1\" data-gallery_no=\"1\"> <div class=\"rl-gallery-item\"><a href=\"https:\/\/zsme.poznan.pl\/wp-content\/uploads\/2021\/02\/m9.jpg\" title=\"\" data-rl_title=\"\" class=\"rl-gallery-link\" data-rl_caption=\"\" data-rel=\"lightbox-gallery-1\"><img fetchpriority=\"high\" decoding=\"async\" src=\"https:\/\/zsme.poznan.pl\/wp-content\/uploads\/2021\/02\/m9-300x200.jpg\" width=\"300\" height=\"200\" alt=\"\" \/><\/a><\/div><div class=\"rl-gallery-item\"><a href=\"https:\/\/zsme.poznan.pl\/wp-content\/uploads\/2021\/02\/m10.jpg\" title=\"\" data-rl_title=\"\" class=\"rl-gallery-link\" data-rl_caption=\"\" data-rel=\"lightbox-gallery-1\"><img decoding=\"async\" src=\"https:\/\/zsme.poznan.pl\/wp-content\/uploads\/2021\/02\/m10-300x200.jpg\" width=\"300\" height=\"200\" alt=\"\" \/><\/a><\/div><div class=\"rl-gallery-item\"><a href=\"https:\/\/zsme.poznan.pl\/wp-content\/uploads\/2021\/02\/m11.jpg\" title=\"\" data-rl_title=\"\" class=\"rl-gallery-link\" data-rl_caption=\"\" data-rel=\"lightbox-gallery-1\"><img decoding=\"async\" src=\"https:\/\/zsme.poznan.pl\/wp-content\/uploads\/2021\/02\/m11-300x200.jpg\" width=\"300\" height=\"200\" alt=\"\" \/><\/a><\/div><div class=\"rl-gallery-item\"><a href=\"https:\/\/zsme.poznan.pl\/wp-content\/uploads\/2021\/02\/m12.jpg\" title=\"\" data-rl_title=\"\" class=\"rl-gallery-link\" data-rl_caption=\"\" data-rel=\"lightbox-gallery-1\"><img loading=\"lazy\" decoding=\"async\" src=\"https:\/\/zsme.poznan.pl\/wp-content\/uploads\/2021\/02\/m12-300x200.jpg\" width=\"300\" height=\"200\" alt=\"\" \/><\/a><\/div><div class=\"rl-gallery-item\"><a href=\"https:\/\/zsme.poznan.pl\/wp-content\/uploads\/2021\/02\/m13.jpg\" title=\"\" data-rl_title=\"\" class=\"rl-gallery-link\" data-rl_caption=\"\" data-rel=\"lightbox-gallery-1\"><img loading=\"lazy\" decoding=\"async\" src=\"https:\/\/zsme.poznan.pl\/wp-content\/uploads\/2021\/02\/m13-300x200.jpg\" width=\"300\" height=\"200\" alt=\"\" \/><\/a><\/div><div class=\"rl-gallery-item\"><a href=\"https:\/\/zsme.poznan.pl\/wp-content\/uploads\/2021\/02\/m1.jpg\" title=\"\" data-rl_title=\"\" class=\"rl-gallery-link\" data-rl_caption=\"\" data-rel=\"lightbox-gallery-1\"><img loading=\"lazy\" decoding=\"async\" src=\"https:\/\/zsme.poznan.pl\/wp-content\/uploads\/2021\/02\/m1-300x169.jpg\" width=\"300\" height=\"169\" alt=\"\" \/><\/a><\/div><div class=\"rl-gallery-item\"><a href=\"https:\/\/zsme.poznan.pl\/wp-content\/uploads\/2021\/02\/m2.jpg\" title=\"\" data-rl_title=\"\" class=\"rl-gallery-link\" data-rl_caption=\"\" data-rel=\"lightbox-gallery-1\"><img loading=\"lazy\" decoding=\"async\" src=\"https:\/\/zsme.poznan.pl\/wp-content\/uploads\/2021\/02\/m2-300x169.jpg\" width=\"300\" height=\"169\" alt=\"\" \/><\/a><\/div><div class=\"rl-gallery-item\"><a href=\"https:\/\/zsme.poznan.pl\/wp-content\/uploads\/2021\/02\/m3.jpg\" title=\"\" data-rl_title=\"\" class=\"rl-gallery-link\" data-rl_caption=\"\" data-rel=\"lightbox-gallery-1\"><img loading=\"lazy\" decoding=\"async\" src=\"https:\/\/zsme.poznan.pl\/wp-content\/uploads\/2021\/02\/m3-300x169.jpg\" width=\"300\" height=\"169\" alt=\"\" \/><\/a><\/div><div class=\"rl-gallery-item\"><a href=\"https:\/\/zsme.poznan.pl\/wp-content\/uploads\/2021\/02\/m4.jpg\" title=\"\" data-rl_title=\"\" class=\"rl-gallery-link\" data-rl_caption=\"\" data-rel=\"lightbox-gallery-1\"><img loading=\"lazy\" decoding=\"async\" src=\"https:\/\/zsme.poznan.pl\/wp-content\/uploads\/2021\/02\/m4-300x169.jpg\" width=\"300\" height=\"169\" alt=\"\" \/><\/a><\/div><div class=\"rl-gallery-item\"><a href=\"https:\/\/zsme.poznan.pl\/wp-content\/uploads\/2021\/02\/m5.jpg\" title=\"\" data-rl_title=\"\" class=\"rl-gallery-link\" data-rl_caption=\"\" data-rel=\"lightbox-gallery-1\"><img loading=\"lazy\" decoding=\"async\" src=\"https:\/\/zsme.poznan.pl\/wp-content\/uploads\/2021\/02\/m5-300x138.jpg\" width=\"300\" height=\"138\" alt=\"\" \/><\/a><\/div><div class=\"rl-gallery-item\"><a href=\"https:\/\/zsme.poznan.pl\/wp-content\/uploads\/2021\/02\/m8.jpeg\" title=\"\" data-rl_title=\"\" class=\"rl-gallery-link\" data-rl_caption=\"\" data-rel=\"lightbox-gallery-1\"><img loading=\"lazy\" decoding=\"async\" src=\"https:\/\/zsme.poznan.pl\/wp-content\/uploads\/2021\/02\/m8-300x225.jpeg\" width=\"300\" height=\"225\" alt=\"\" \/><\/a><\/div> <\/div> <\/div><\/code><\/p>\n","protected":false},"excerpt":{"rendered":"<p>Przedmiot rozszerzony: matematyka, j\u0119zyk angielski Przedmiot punktowany: j\u0119zyk polski, matematyka, j\u0119zyk obcy, informatyka J\u0119zyki: j\u0119zyk angielski \u2013 kontynuacja, j\u0119zyk niemiecki Wsp\u00f3\u0142praca z: \u2013 Steelpress sp z o.o., \u2013 MPK Pozna\u0144, \u2013 FlexLink Engineering Polska Sp. z o. o. Mechatronika jest interdescyplinarn\u0105 dziedzin\u0105 nauki i techniki. Zajmuje si\u0119 problemami mechaniki, elektroniki, robotyki i informatyki. Technik mechatronik [&hellip;]<\/p>\n","protected":false},"author":1,"featured_media":0,"parent":0,"menu_order":0,"comment_status":"closed","ping_status":"closed","template":"","meta":{"footnotes":""},"class_list":["post-4135","page","type-page","status-publish","hentry"],"_links":{"self":[{"href":"https:\/\/zsme.poznan.pl\/index.php?rest_route=\/wp\/v2\/pages\/4135","targetHints":{"allow":["GET"]}}],"collection":[{"href":"https:\/\/zsme.poznan.pl\/index.php?rest_route=\/wp\/v2\/pages"}],"about":[{"href":"https:\/\/zsme.poznan.pl\/index.php?rest_route=\/wp\/v2\/types\/page"}],"author":[{"embeddable":true,"href":"https:\/\/zsme.poznan.pl\/index.php?rest_route=\/wp\/v2\/users\/1"}],"replies":[{"embeddable":true,"href":"https:\/\/zsme.poznan.pl\/index.php?rest_route=%2Fwp%2Fv2%2Fcomments&post=4135"}],"version-history":[{"count":0,"href":"https:\/\/zsme.poznan.pl\/index.php?rest_route=\/wp\/v2\/pages\/4135\/revisions"}],"wp:attachment":[{"href":"https:\/\/zsme.poznan.pl\/index.php?rest_route=%2Fwp%2Fv2%2Fmedia&parent=4135"}],"curies":[{"name":"wp","href":"https:\/\/api.w.org\/{rel}","templated":true}]}}