{"id":4138,"date":"2019-02-10T17:37:15","date_gmt":"2019-02-10T17:37:15","guid":{"rendered":"https:\/\/zsme.poznan.pl\/?page_id=4138"},"modified":"2023-02-13T18:43:19","modified_gmt":"2023-02-13T18:43:19","slug":"elektryk","status":"publish","type":"page","link":"https:\/\/zsme.poznan.pl\/?page_id=4138","title":{"rendered":"Elektryk"},"content":{"rendered":"<p><strong>Przedmioty punktowane<\/strong>: j\u0119zyk polski, matematyka, j\u0119zyk obcy, informatyka<\/p>\n<p><strong>J\u0119zyki<\/strong>: j\u0119zyk angielski \u2013 kontynuacja<\/p>\n<p>Absolwenci tej klasy zdob\u0119d\u0105 ciekawy zaw\u00f3d, kt\u00f3rego przedstawiciele zawsze znajduj\u0105 dobrze p\u0142atn\u0105 prac\u0119 oraz uzyskaj\u0105 dodatkowe kwalifikacje SEP do 1kV, niezb\u0119dne do obs\u0142ugi i eksploatacji urz\u0105dze\u0144 elektrycznych.<\/p>\n<p><strong>Nasi uczniowie odbywaj\u0105 praktyki w znanych i cenionych zak\u0142adach:<\/strong><\/p>\n<p><strong>\u2013 Elektromonta\u017c Pozna\u0144 Sp.z o.o.,<\/strong><\/p>\n<p><strong>\u2013 ETA Pozna\u0144,<\/strong><\/p>\n<p><strong>\u2013 Rexel Pozna\u0144.<\/strong><\/p>\n<p><strong>Podejmuj\u0105c nauk\u0119, nauczysz si\u0119:<\/strong><\/p>\n<ul>\n<li>montowania i instalowania sieci elektrycznych,<\/li>\n<li>serwisowania oraz obs\u0142ugi instalacji zalicznikowej,<\/li>\n<li>montowania, serwisowania i obs\u0142ugi odbiornik\u00f3w energii jedno i tr\u00f3jfazowych oraz system\u00f3w elektrycznych,<\/li>\n<li>przeprowadzania podstawowych pomiar\u00f3w elektrycznych instalacji i urz\u0105dze\u0144,<\/li>\n<li>diagnozowania stanu technicznego instalacji.<\/li>\n<\/ul>\n<p><strong>Ponadto b\u0119dziesz umia\u0142:<\/strong><\/p>\n<ul>\n<li>prowadzi\u0107 samodzielnie dzia\u0142alno\u015b\u0107 gospodarcz\u0105,<\/li>\n<li>porozumiewa\u0107 si\u0119 w j\u0119zyku obcym zawodowym.<\/li>\n<\/ul>\n<p><strong>Mo\u017cliwo\u015bci podj\u0119cia pracy:<\/strong><\/p>\n<ul>\n<li>w ka\u017cdej firmie, zak\u0142adzie przemys\u0142owym, zak\u0142adzie produkcyjnym,<\/li>\n<li>zak\u0142adaj\u0105c w\u0142asn\u0105 firm\u0119 \u2013 dobrzy elektrycy s\u0105 poszukiwania na rynku pracy, zabiegaj\u0105 o nich r\u00f3wnie\u017c prywatni inwestorzy.<\/li>\n<\/ul>\n<p>Nauk\u0119 mo\u017cesz kontynuowa\u0107 w <a href=\"https:\/\/zsme.poznan.pl\/?page_id=8779\">SZKOLE BRAN\u017bOWEJ II STOPNIA<\/a>, w zawodzie technik elektryk. Zdob\u0119dziesz w ten spos\u00f3b wykszta\u0142cenie \u015brednie i uzyskasz dyplom potwierdzaj\u0105cy kwalifikacje w zawodzie technik elektryk.<\/p>\n<p>Szko\u0142a realizuje sta\u0142\u0105 wsp\u00f3\u0142prac\u0119 z Ochotniczym Hufcem Pracy.<\/p>\n<p style=\"text-align: center;\"><span style=\"color: #993366;\"><strong>POSTAW NA ELEKTRYKA \u2013 B\u0118DZIESZ BEZPIECZNY W PRZYSZ\u0141O\u015aCI !!!<\/strong><\/span><\/p>\n","protected":false},"excerpt":{"rendered":"<p>Przedmioty punktowane: j\u0119zyk polski, matematyka, j\u0119zyk obcy, informatyka J\u0119zyki: j\u0119zyk angielski \u2013 kontynuacja Absolwenci tej klasy zdob\u0119d\u0105 ciekawy zaw\u00f3d, kt\u00f3rego przedstawiciele zawsze znajduj\u0105 dobrze p\u0142atn\u0105 prac\u0119 oraz uzyskaj\u0105 dodatkowe kwalifikacje SEP do 1kV, niezb\u0119dne do obs\u0142ugi i eksploatacji urz\u0105dze\u0144 elektrycznych. Nasi uczniowie odbywaj\u0105 praktyki w znanych i cenionych zak\u0142adach: \u2013 Elektromonta\u017c Pozna\u0144 Sp.z o.o., \u2013 [&hellip;]<\/p>\n","protected":false},"author":1,"featured_media":0,"parent":0,"menu_order":0,"comment_status":"closed","ping_status":"closed","template":"","meta":{"footnotes":""},"class_list":["post-4138","page","type-page","status-publish","hentry"],"_links":{"self":[{"href":"https:\/\/zsme.poznan.pl\/index.php?rest_route=\/wp\/v2\/pages\/4138","targetHints":{"allow":["GET"]}}],"collection":[{"href":"https:\/\/zsme.poznan.pl\/index.php?rest_route=\/wp\/v2\/pages"}],"about":[{"href":"https:\/\/zsme.poznan.pl\/index.php?rest_route=\/wp\/v2\/types\/page"}],"author":[{"embeddable":true,"href":"https:\/\/zsme.poznan.pl\/index.php?rest_route=\/wp\/v2\/users\/1"}],"replies":[{"embeddable":true,"href":"https:\/\/zsme.poznan.pl\/index.php?rest_route=%2Fwp%2Fv2%2Fcomments&post=4138"}],"version-history":[{"count":0,"href":"https:\/\/zsme.poznan.pl\/index.php?rest_route=\/wp\/v2\/pages\/4138\/revisions"}],"wp:attachment":[{"href":"https:\/\/zsme.poznan.pl\/index.php?rest_route=%2Fwp%2Fv2%2Fmedia&parent=4138"}],"curies":[{"name":"wp","href":"https:\/\/api.w.org\/{rel}","templated":true}]}}