{"id":4146,"date":"2019-02-10T17:49:13","date_gmt":"2019-02-10T17:49:13","guid":{"rendered":"https:\/\/zsme.poznan.pl\/?page_id=4146"},"modified":"2020-03-06T15:34:15","modified_gmt":"2020-03-06T15:34:15","slug":"slusarz","status":"publish","type":"page","link":"https:\/\/zsme.poznan.pl\/?page_id=4146","title":{"rendered":"\u015alusarz"},"content":{"rendered":"<p><strong>Przedmioty punktowane:<\/strong>\u00a0j\u0119zyk polski, matematyka, j\u0119zyk obcy, informatyka<\/p>\n<p>To zaw\u00f3d z du\u017c\u0105 tradycj\u0105, dla os\u00f3b pragn\u0105cych za\u0142o\u017cy\u0107 w\u0142asn\u0105 firm\u0119, lub zdoby\u0107 prac\u0119, kt\u00f3ra zapewni im dobre warunki finansowe.<\/p>\n<p><strong>Nasi uczniowie odbywaj\u0105 praktyki w znanych i cenionych zak\u0142adach:<\/strong><\/p>\n<p>\u2013 STEELPRESS Sp. z o. o., Lubo\u0144 ul. Powsta\u0144c\u00f3w Wielkopolskich 48<\/p>\n<p>&#8211; Modertrans Pozna\u0144, ul. Forteczna 2; 61-362 Pozna\u0144<\/p>\n<p>&#8211; H.Cegielski- Pozna\u0144 S.A., ul. 28 Czerwca 1956r. 223\/229, 61-485 Pozna\u0144<\/p>\n<p>&#8211; H. Cegielski \u2013 Fabryka Pojazd\u00f3w Szynowych Sp. z o.o., ul. 28 Czerwca 1956r nr 223\/229, Pozna\u0144<\/p>\n<p>&#8211; REXEL Oddzia\u0142 Pozna\u0144, Radziwoja 11, 61-057 Pozna\u0144<\/p>\n<p>\u2013 FlexLink Systems Polska Sp. z o.o., Szkolna 30, 62-064 Plewiska<\/p>\n<p>\u2013 Rem-pol P. P. H. U., Pozna\u0144 ul. Staro\u0142\u0119cka 18<\/p>\n<p>\u2013 Pozna\u0144skie Centrum Edukacji Ustawicznej i Praktycznej, Pozna\u0144 ul. Grunwaldzka 200<\/p>\n<p><strong>Nauczysz si\u0119 m. in.:<\/strong><\/p>\n<ul>\n<li>wykonywa\u0107 i naprawia\u0107 narz\u0119dzia skrawaj\u0105ce do metali<\/li>\n<li>konserwowa\u0107 i naprawia\u0107 mechaniczny i niemechaniczny sprz\u0119t powszechnego u\u017cytku<\/li>\n<li>wyrabia\u0107 oraz naprawia\u0107 detale maszyn, zamk\u00f3w, kluczy, oku\u0107 drzwi i okien<\/li>\n<li>wykonywa\u0107 i naprawia\u0107 ozdobn\u0105 galanteri\u0119 metalow\u0105<\/li>\n<\/ul>\n<p><strong>A ponadto nauczysz si\u0119:<\/strong><\/p>\n<ul>\n<li>pos\u0142ugiwa\u0107 j\u0119zykiem obcym zawodowym<\/li>\n<li>zak\u0142ada\u0107 i prowadzi\u0107 w\u0142asn\u0105 dzia\u0142alno\u015b\u0107 gospodarcz\u0105<\/li>\n<\/ul>\n<p><strong>W zawodzie wyodr\u0119bniono nast\u0119puj\u0105c\u0105 kwalifikacj\u0119:<\/strong><\/p>\n<p>\u2013 MEC.08. Wykonywanie i naprawa element\u00f3w maszyn, urz\u0105dze\u0144 i narz\u0119dzi<\/p>\n<p><strong>Mo\u017cliwo\u015bci podj\u0119cia pracy b\u0119dziesz mia\u0142 wiele:<\/strong><\/p>\n<ul>\n<li>w ma\u0142ych i du\u017cych firmach, zak\u0142adach produkcyjnych<\/li>\n<li>mo\u017cesz za\u0142o\u017cy\u0107 w\u0142asn\u0105 firm\u0119 i by\u0107 niezale\u017cny \u2013 tego te\u017c Ci\u0119 nauczymy!<\/li>\n<\/ul>\n<p><strong>To idealny kierunek dla os\u00f3b, kt\u00f3re charakteryzuj\u0105 si\u0119:<\/strong><\/p>\n<ul>\n<li>kreatywno\u015bci\u0105<\/li>\n<li>cierpliwo\u015bci\u0105 i dok\u0142adno\u015bci\u0105<\/li>\n<li>umiej\u0119tno\u015bci\u0105 skupienia<\/li>\n<li>systematyczno\u015bci\u0105<\/li>\n<li>zdolno\u015bciami manualnymi<\/li>\n<\/ul>\n<p><strong>Nasze atuty:<\/strong><\/p>\n<ul>\n<li>Zaw\u00f3d z tradycj\u0105, pilnie poszukiwany na rynku pracy w Polsce i Unii Europejskiej<\/li>\n<li>Kszta\u0142cenie w tym zawodzie obj\u0119te patronatem firm: STEELPRESS oraz H.CEGIELSKI-POZNA\u0143 S.A.<\/li>\n<li>Zaj\u0119cia praktyczne odbywaj\u0105 si\u0119 na wydzia\u0142ach technologii mechanicznych firm patronackich<\/li>\n<li>Nauka spawania odbywaj\u0105ca si\u0119 w wydzia\u0142ach szkoleniowych firm STEELPRESS i HCP<\/li>\n<li>Zdobycie certyfikowanych uprawnie\u0144 spawalniczych za po\u015brednictwem HCP i operatora z robotyzowanych automat\u00f3w spawalniczych przy wsp\u00f3\u0142pracy z firm\u0105 STEELPRESS<\/li>\n<\/ul>\n<p>Przewidywane zarobki:<\/p>\n<ul>\n<li><strong>3 740z\u0142<\/strong> (dane finansowe na podstawie www.wynagrodzenia.pl\/moja_placa)<\/li>\n<\/ul>\n<p style=\"text-align: center;\"><strong><span style=\"color: #339966;\">ZDOB\u0104D\u0179 ZAW\u00d3D POSZUKIWANY NA RYNKU PRACY I U\u017bYTECZNY OD POKOLE\u0143 !!!<\/span><br \/>\n<\/strong><\/p>\n","protected":false},"excerpt":{"rendered":"<p>Przedmioty punktowane:\u00a0j\u0119zyk polski, matematyka, j\u0119zyk obcy, informatyka To zaw\u00f3d z du\u017c\u0105 tradycj\u0105, dla os\u00f3b pragn\u0105cych za\u0142o\u017cy\u0107 w\u0142asn\u0105 firm\u0119, lub zdoby\u0107 prac\u0119, kt\u00f3ra zapewni im dobre warunki finansowe. Nasi uczniowie odbywaj\u0105 praktyki w znanych i cenionych zak\u0142adach: \u2013 STEELPRESS Sp. z o. o., Lubo\u0144 ul. Powsta\u0144c\u00f3w Wielkopolskich 48 &#8211; Modertrans Pozna\u0144, ul. Forteczna 2; 61-362 Pozna\u0144 [&hellip;]<\/p>\n","protected":false},"author":1,"featured_media":0,"parent":0,"menu_order":0,"comment_status":"closed","ping_status":"closed","template":"","meta":{"footnotes":""},"class_list":["post-4146","page","type-page","status-publish","hentry"],"_links":{"self":[{"href":"https:\/\/zsme.poznan.pl\/index.php?rest_route=\/wp\/v2\/pages\/4146","targetHints":{"allow":["GET"]}}],"collection":[{"href":"https:\/\/zsme.poznan.pl\/index.php?rest_route=\/wp\/v2\/pages"}],"about":[{"href":"https:\/\/zsme.poznan.pl\/index.php?rest_route=\/wp\/v2\/types\/page"}],"author":[{"embeddable":true,"href":"https:\/\/zsme.poznan.pl\/index.php?rest_route=\/wp\/v2\/users\/1"}],"replies":[{"embeddable":true,"href":"https:\/\/zsme.poznan.pl\/index.php?rest_route=%2Fwp%2Fv2%2Fcomments&post=4146"}],"version-history":[{"count":0,"href":"https:\/\/zsme.poznan.pl\/index.php?rest_route=\/wp\/v2\/pages\/4146\/revisions"}],"wp:attachment":[{"href":"https:\/\/zsme.poznan.pl\/index.php?rest_route=%2Fwp%2Fv2%2Fmedia&parent=4146"}],"curies":[{"name":"wp","href":"https:\/\/api.w.org\/{rel}","templated":true}]}}