{"id":4274,"date":"2019-03-07T11:42:35","date_gmt":"2019-03-07T11:42:35","guid":{"rendered":"https:\/\/zsme.poznan.pl\/?page_id=4274"},"modified":"2026-01-13T16:04:46","modified_gmt":"2026-01-13T16:04:46","slug":"rekrutacja","status":"publish","type":"page","link":"https:\/\/zsme.poznan.pl\/?page_id=4274","title":{"rendered":"Rekrutacja"},"content":{"rendered":"<p><a href=\"https:\/\/zsme.poznan.pl\/wp-content\/uploads\/2026\/01\/zalacznik-nr-1_szkoly-ponadpodstawowe.pdf\">Terminarz rekrutacji &#8211; szko\u0142y-ponadpodstawowe<\/a><\/p>\n<p><a href=\"https:\/\/zsme.poznan.pl\/wp-content\/uploads\/2026\/01\/zalacznik-nr-2_branzowe-szkoly-II-stopnia.pdf\">Terminarz rekrutacji &#8211; bran\u017cowe szko\u0142y II-stopnia<\/a><\/p>\n\n\n<figure class=\"wp-block-embed is-type-wp-embed is-provider-zesp-szk-mechanicznych wp-block-embed-zesp-szk-mechanicznych\"><div class=\"wp-block-embed__wrapper\">\n<blockquote class=\"wp-embedded-content\" data-secret=\"ZZ3xxSHMqd\"><a href=\"https:\/\/zsme.poznan.pl\/?page_id=2150\">Nasza oferta<\/a><\/blockquote><iframe class=\"wp-embedded-content\" sandbox=\"allow-scripts\" security=\"restricted\" style=\"position: absolute; visibility: hidden;\" title=\"&#8222;Nasza oferta&#8221; &#8212; Zesp\u00f3\u0142 Szk\u00f3\u0142 Mechanicznych\" src=\"https:\/\/zsme.poznan.pl\/?page_id=2150&#038;embed=true#?secret=A6TaEj1dre#?secret=ZZ3xxSHMqd\" data-secret=\"ZZ3xxSHMqd\" width=\"600\" height=\"338\" frameborder=\"0\" marginwidth=\"0\" marginheight=\"0\" scrolling=\"no\"><\/iframe>\n<\/div><\/figure>\n\n\n\n<figure class=\"wp-block-embed is-type-wp-embed is-provider-zesp-szk-mechanicznych wp-block-embed-zesp-szk-mechanicznych\"><div class=\"wp-block-embed__wrapper\">\n<blockquote class=\"wp-embedded-content\" data-secret=\"lkmhBxwbSf\"><a href=\"https:\/\/zsme.poznan.pl\/?page_id=2153\">Liceum Og\u00f3lnokszta\u0142c\u0105ce<\/a><\/blockquote><iframe class=\"wp-embedded-content\" sandbox=\"allow-scripts\" security=\"restricted\" style=\"position: absolute; visibility: hidden;\" title=\"&#8222;Liceum Og\u00f3lnokszta\u0142c\u0105ce&#8221; &#8212; Zesp\u00f3\u0142 Szk\u00f3\u0142 Mechanicznych\" src=\"https:\/\/zsme.poznan.pl\/?page_id=2153&#038;embed=true#?secret=ezZKTGVVGx#?secret=lkmhBxwbSf\" data-secret=\"lkmhBxwbSf\" width=\"600\" height=\"338\" frameborder=\"0\" marginwidth=\"0\" marginheight=\"0\" scrolling=\"no\"><\/iframe>\n<\/div><\/figure>\n\n\n\n<figure class=\"wp-block-embed is-type-wp-embed is-provider-zesp-szk-mechanicznych wp-block-embed-zesp-szk-mechanicznych\"><div class=\"wp-block-embed__wrapper\">\n<blockquote class=\"wp-embedded-content\" data-secret=\"dW0SqUJver\"><a href=\"https:\/\/zsme.poznan.pl\/?page_id=2155\">Technikum Mechaniczne<\/a><\/blockquote><iframe class=\"wp-embedded-content\" sandbox=\"allow-scripts\" security=\"restricted\" style=\"position: absolute; visibility: hidden;\" title=\"&#8222;Technikum Mechaniczne&#8221; &#8212; Zesp\u00f3\u0142 Szk\u00f3\u0142 Mechanicznych\" src=\"https:\/\/zsme.poznan.pl\/?page_id=2155&#038;embed=true#?secret=2SfP2mt1QW#?secret=dW0SqUJver\" data-secret=\"dW0SqUJver\" width=\"600\" height=\"338\" frameborder=\"0\" marginwidth=\"0\" marginheight=\"0\" scrolling=\"no\"><\/iframe>\n<\/div><\/figure>\n\n\n\n<figure class=\"wp-block-embed is-type-wp-embed is-provider-zesp-szk-mechanicznych wp-block-embed-zesp-szk-mechanicznych\"><div class=\"wp-block-embed__wrapper\">\n<blockquote class=\"wp-embedded-content\" data-secret=\"mk5kq1pAuO\"><a href=\"https:\/\/zsme.poznan.pl\/?page_id=2157\">Bran\u017cowa Szko\u0142a I Stopnia<\/a><\/blockquote><iframe class=\"wp-embedded-content\" sandbox=\"allow-scripts\" security=\"restricted\" style=\"position: absolute; visibility: hidden;\" title=\"&#8222;Bran\u017cowa Szko\u0142a I Stopnia&#8221; &#8212; Zesp\u00f3\u0142 Szk\u00f3\u0142 Mechanicznych\" src=\"https:\/\/zsme.poznan.pl\/?page_id=2157&#038;embed=true#?secret=Ya5zneI4UV#?secret=mk5kq1pAuO\" data-secret=\"mk5kq1pAuO\" width=\"600\" height=\"338\" frameborder=\"0\" marginwidth=\"0\" marginheight=\"0\" scrolling=\"no\"><\/iframe>\n<\/div><\/figure>\n\n\n\n<figure class=\"wp-block-embed is-type-wp-embed is-provider-zesp-szk-mechanicznych wp-block-embed-zesp-szk-mechanicznych\"><div class=\"wp-block-embed__wrapper\">\n<blockquote class=\"wp-embedded-content\" data-secret=\"Vrm1Ra623u\"><a href=\"https:\/\/zsme.poznan.pl\/?page_id=8779\">Bran\u017cowa Szko\u0142a II Stopnia<\/a><\/blockquote><iframe class=\"wp-embedded-content\" sandbox=\"allow-scripts\" security=\"restricted\" style=\"position: absolute; visibility: hidden;\" title=\"&#8222;Bran\u017cowa Szko\u0142a II Stopnia&#8221; &#8212; Zesp\u00f3\u0142 Szk\u00f3\u0142 Mechanicznych\" src=\"https:\/\/zsme.poznan.pl\/?page_id=8779&#038;embed=true#?secret=Wpen7OUCRb#?secret=Vrm1Ra623u\" data-secret=\"Vrm1Ra623u\" width=\"600\" height=\"338\" frameborder=\"0\" marginwidth=\"0\" marginheight=\"0\" scrolling=\"no\"><\/iframe>\n<\/div><\/figure>\n\n\n\n<figure class=\"wp-block-embed is-type-wp-embed is-provider-zesp-szk-mechanicznych wp-block-embed-zesp-szk-mechanicznych\"><div class=\"wp-block-embed__wrapper\">\n<blockquote class=\"wp-embedded-content\" data-secret=\"Vrm1Ra623u\"><a href=\"https:\/\/zsme.poznan.pl\/?page_id=8779\">Bran\u017cowa Szko\u0142a II Stopnia<\/a><\/blockquote><iframe class=\"wp-embedded-content\" sandbox=\"allow-scripts\" security=\"restricted\" style=\"position: absolute; visibility: hidden;\" title=\"&#8222;Bran\u017cowa Szko\u0142a II Stopnia&#8221; &#8212; Zesp\u00f3\u0142 Szk\u00f3\u0142 Mechanicznych\" src=\"https:\/\/zsme.poznan.pl\/?page_id=8779&#038;embed=true#?secret=Wpen7OUCRb#?secret=Vrm1Ra623u\" data-secret=\"Vrm1Ra623u\" width=\"600\" height=\"338\" frameborder=\"0\" marginwidth=\"0\" marginheight=\"0\" scrolling=\"no\"><\/iframe>\n<\/div><\/figure>\n\n\n\n<figure class=\"wp-block-embed is-type-wp-embed is-provider-zesp-szk-mechanicznych wp-block-embed-zesp-szk-mechanicznych\"><div class=\"wp-block-embed__wrapper\">\n<blockquote class=\"wp-embedded-content\" data-secret=\"CsBtReTh62\"><a href=\"https:\/\/zsme.poznan.pl\/?page_id=4290\">Zasady rekrutacji<\/a><\/blockquote><iframe class=\"wp-embedded-content\" sandbox=\"allow-scripts\" security=\"restricted\" style=\"position: absolute; visibility: hidden;\" title=\"&#8222;Zasady rekrutacji&#8221; &#8212; Zesp\u00f3\u0142 Szk\u00f3\u0142 Mechanicznych\" src=\"https:\/\/zsme.poznan.pl\/?page_id=4290&#038;embed=true#?secret=8iGgkTx7Wk#?secret=CsBtReTh62\" data-secret=\"CsBtReTh62\" width=\"600\" height=\"338\" frameborder=\"0\" marginwidth=\"0\" marginheight=\"0\" scrolling=\"no\"><\/iframe>\n<\/div><\/figure>\n","protected":false},"excerpt":{"rendered":"<p>Terminarz rekrutacji &#8211; szko\u0142y-ponadpodstawowe Terminarz rekrutacji &#8211; bran\u017cowe szko\u0142y II-stopnia<\/p>\n","protected":false},"author":1,"featured_media":0,"parent":0,"menu_order":0,"comment_status":"closed","ping_status":"closed","template":"","meta":{"footnotes":""},"class_list":["post-4274","page","type-page","status-publish","hentry"],"_links":{"self":[{"href":"https:\/\/zsme.poznan.pl\/index.php?rest_route=\/wp\/v2\/pages\/4274","targetHints":{"allow":["GET"]}}],"collection":[{"href":"https:\/\/zsme.poznan.pl\/index.php?rest_route=\/wp\/v2\/pages"}],"about":[{"href":"https:\/\/zsme.poznan.pl\/index.php?rest_route=\/wp\/v2\/types\/page"}],"author":[{"embeddable":true,"href":"https:\/\/zsme.poznan.pl\/index.php?rest_route=\/wp\/v2\/users\/1"}],"replies":[{"embeddable":true,"href":"https:\/\/zsme.poznan.pl\/index.php?rest_route=%2Fwp%2Fv2%2Fcomments&post=4274"}],"version-history":[{"count":4,"href":"https:\/\/zsme.poznan.pl\/index.php?rest_route=\/wp\/v2\/pages\/4274\/revisions"}],"predecessor-version":[{"id":20246,"href":"https:\/\/zsme.poznan.pl\/index.php?rest_route=\/wp\/v2\/pages\/4274\/revisions\/20246"}],"wp:attachment":[{"href":"https:\/\/zsme.poznan.pl\/index.php?rest_route=%2Fwp%2Fv2%2Fmedia&parent=4274"}],"curies":[{"name":"wp","href":"https:\/\/api.w.org\/{rel}","templated":true}]}}