{"id":4290,"date":"2019-03-10T22:47:34","date_gmt":"2019-03-10T22:47:34","guid":{"rendered":"https:\/\/zsme.poznan.pl\/?page_id=4290"},"modified":"2025-05-14T07:47:50","modified_gmt":"2025-05-14T07:47:50","slug":"zasady-rekrutacji","status":"publish","type":"page","link":"https:\/\/zsme.poznan.pl\/?page_id=4290","title":{"rendered":"Zasady rekrutacji"},"content":{"rendered":"<h3><a href=\"https:\/\/zsme.poznan.pl\/wp-content\/uploads\/2025\/05\/Zasady-rekrutacji-do-klas-i-szkol-ponadpodstawowych-na-rok-szkolny-2025_2026.pdf\">Zasady rekrutacji do klas i szk\u00f3\u0142 ponadpodstawowych na rok szkolny 2025_2026<\/a><\/h3>\n<h3><a href=\"https:\/\/zsme.poznan.pl\/?page_id=4713\">Informacja o przetwarzaniu danych osobowych<\/a><\/h3>\n<h3><a href=\"https:\/\/zsme.poznan.pl\/wp-content\/uploads\/2022\/06\/RODO-rekrutacja.pdf\">RODO &#8211; rekrutacja<\/a><\/h3>\n<h3><a href=\"https:\/\/zsme.poznan.pl\/wp-content\/uploads\/2025\/05\/Jak-wypelnic-i-zlozyc-wniosek-instrukcja-dla-kandydatow.pdf\">Jak wype\u0142ni\u0107 i z\u0142o\u017cy\u0107 wniosek -instrukcja dla kandydat\u00f3w<\/a><\/h3>\n<h3><a href=\"https:\/\/zsme.poznan.pl\/wp-content\/uploads\/2025\/05\/Jak-wypelnic-i-zlozyc-wniosek-instrukcja-dla-kandydatow-do-oddzialow-przygotowania-wojskowego-OPW.pdf\">Jak wype\u0142ni\u0107 i z\u0142o\u017cy\u0107 wniosek &#8211; instrukcja dla kandydat\u00f3w do oddzia\u0142\u00f3w przygotowania wojskowego OPW<\/a><\/h3>\n<h3><a href=\"https:\/\/zsme.poznan.pl\/wp-content\/uploads\/2025\/05\/Jak-podpisac-wniosek-elektronicznie.pdf\">Jak podpisa\u0107 wniosek elektronicznie<\/a><\/h3>\n","protected":false},"excerpt":{"rendered":"<p>Zasady rekrutacji do klas i szk\u00f3\u0142 ponadpodstawowych na rok szkolny 2025_2026 Informacja o przetwarzaniu danych osobowych RODO &#8211; rekrutacja Jak wype\u0142ni\u0107 i z\u0142o\u017cy\u0107 wniosek -instrukcja dla kandydat\u00f3w Jak wype\u0142ni\u0107 i z\u0142o\u017cy\u0107 wniosek &#8211; instrukcja dla kandydat\u00f3w do oddzia\u0142\u00f3w przygotowania wojskowego OPW Jak podpisa\u0107 wniosek elektronicznie<\/p>\n","protected":false},"author":1,"featured_media":0,"parent":0,"menu_order":0,"comment_status":"closed","ping_status":"closed","template":"","meta":{"footnotes":""},"class_list":["post-4290","page","type-page","status-publish","hentry"],"_links":{"self":[{"href":"https:\/\/zsme.poznan.pl\/index.php?rest_route=\/wp\/v2\/pages\/4290","targetHints":{"allow":["GET"]}}],"collection":[{"href":"https:\/\/zsme.poznan.pl\/index.php?rest_route=\/wp\/v2\/pages"}],"about":[{"href":"https:\/\/zsme.poznan.pl\/index.php?rest_route=\/wp\/v2\/types\/page"}],"author":[{"embeddable":true,"href":"https:\/\/zsme.poznan.pl\/index.php?rest_route=\/wp\/v2\/users\/1"}],"replies":[{"embeddable":true,"href":"https:\/\/zsme.poznan.pl\/index.php?rest_route=%2Fwp%2Fv2%2Fcomments&post=4290"}],"version-history":[{"count":2,"href":"https:\/\/zsme.poznan.pl\/index.php?rest_route=\/wp\/v2\/pages\/4290\/revisions"}],"predecessor-version":[{"id":18567,"href":"https:\/\/zsme.poznan.pl\/index.php?rest_route=\/wp\/v2\/pages\/4290\/revisions\/18567"}],"wp:attachment":[{"href":"https:\/\/zsme.poznan.pl\/index.php?rest_route=%2Fwp%2Fv2%2Fmedia&parent=4290"}],"curies":[{"name":"wp","href":"https:\/\/api.w.org\/{rel}","templated":true}]}}