{"id":4713,"date":"2019-05-13T17:04:22","date_gmt":"2019-05-13T17:04:22","guid":{"rendered":"https:\/\/zsme.poznan.pl\/?page_id=4713"},"modified":"2019-05-13T17:11:04","modified_gmt":"2019-05-13T17:11:04","slug":"informacja-o-przetwarzaniu-danych-osobowych","status":"publish","type":"page","link":"https:\/\/zsme.poznan.pl\/?page_id=4713","title":{"rendered":"INFORMACJA O PRZETWARZANIU DANYCH OSOBOWYCH"},"content":{"rendered":"<p align=\"center\"><strong>REKRUTACJA\/PRZYJ\u0118CIE UCZNIA<\/strong><\/p>\n<p align=\"center\"><strong>INFORMACJA O PRZETWARZANIU DANYCH OSOBOWYCH<\/strong><\/p>\n<p style=\"text-align: justify;\"><strong><br \/>\nZe wzgl\u0119du na fakt, i\u017c od 25 maja 2018 roku w Polsce obowi\u0105zuj\u0105 przepisy Og\u00f3lnego Rozporz\u0105dzenia o Ochronie Danych Osobowych (dalej: RODO) oraz Ustawy o ochronie danych osobowych, przedstawiamy poni\u017cej kilka przydatnych informacji nt. ochrony i przetwarzania Pa\u0144stwa danych osobowych.<\/strong><\/p>\n<table border=\"1\" width=\"631\" cellspacing=\"0\" cellpadding=\"0\">\n<tbody>\n<tr>\n<td width=\"130\">\n<p style=\"text-align: left;\" align=\"center\"><strong>Kto jest administratorem danych osobowych?<\/strong><\/p>\n<\/td>\n<td style=\"text-align: center;\" width=\"501\">Administratorem Pa\u0144stwa danych osobowych jest<strong><br \/>\nZesp\u00f3\u0142 Szk\u00f3\u0142 Mechanicznych im. KEN z siedzib\u0105 w<br \/>\nPoznaniu przy ul. \u015awierkowej 8, 61-472 Pozna\u0144, tel. 61<br \/>\n832 19 49.<br \/>\n<\/strong><\/td>\n<\/tr>\n<tr>\n<td width=\"130\">\n<p style=\"text-align: left;\" align=\"center\"><strong><br \/>\nZ kim mo\u017cna si\u0119 kontaktowa\u0107 w sprawie przetwarzania<br \/>\ndanych osobowych?<br \/>\n<\/strong><\/p>\n<\/td>\n<td width=\"501\">We wszystkich sprawach zwi\u0105zanych z ochron\u0105 i<br \/>\nprzetwarzaniem danych osobowych mog\u0105 si\u0119 Pa\u0144stwo<br \/>\nkontaktowa\u0107 z Inspektorem Ochrony Danych.Kontakt:<strong> iod@tmpsc.pl<\/strong><\/td>\n<\/tr>\n<tr>\n<td width=\"130\">\n<p style=\"text-align: left;\" align=\"center\"><strong><br \/>\nW jakim celu i na jakiej podstawie przetwarzamy dane<br \/>\nosobowe?<br \/>\n<\/strong><\/p>\n<\/td>\n<td width=\"501\">Pa\u0144stwa dane osobowe b\u0119d\u0105 przetwarzane w celu prowadzenia<br \/>\nrekrutacji\/przyj\u0119cia ucznia do szko\u0142y. Postaw\u0105 prawn\u0105<br \/>\nprzetwarzania danych jest Ustawa o systemie o\u015bwiaty oraz<br \/>\nUstawa Prawo o\u015bwiatowe (RODO art. 6 ust. 1 lit. c).W przypadku przyj\u0119cia Pa\u0144stwa do szko\u0142y, Pa\u0144stwa dane osobowe b\u0119d\u0105 przetwarzane do czasu zako\u0144czenia nauki w szkole. W przypadku, gdy nie zostan\u0105 Pa\u0144stwo przyj\u0119ci do szko\u0142y, Pa\u0144stwa dane b\u0119d\u0105 przetwarzane do ko\u0144ca roku kalendarzowego.<\/td>\n<\/tr>\n<tr>\n<td width=\"130\">\n<p style=\"text-align: left;\" align=\"center\"><strong>Komu przekazywane s\u0105 dane osobowe?<\/strong><\/p>\n<\/td>\n<td width=\"501\">Pa\u0144stwa dane osobowe mog\u0105 zosta\u0107 przekazane podmiotom<br \/>\nwsp\u00f3\u0142pracuj\u0105cym z Administratorem tj. dostawcom system\u00f3w<br \/>\ninformatycznych, firmom \u015bwiadcz\u0105cym us\u0142ugi archiwizacji i<br \/>\nniszczenia dokument\u00f3w, biurom ksi\u0119gowym i rachunkowym,<br \/>\nkancelariom prawnym oraz podmiotom uprawnionym do tego na<br \/>\nmocy odr\u0119bnych przepis\u00f3w prawa.<\/td>\n<\/tr>\n<tr>\n<td width=\"130\">\n<p style=\"text-align: left;\" align=\"center\"><strong><br \/>\nJakie mamy prawa w zwi\u0105zku z ochron\u0105 danych osobowych?<br \/>\n<\/strong><\/p>\n<\/td>\n<td width=\"501\">Posiadaj\u0105 Pa\u0144stwo prawo dost\u0119pu do tre\u015bci swoich danych<br \/>\nosobowych oraz prawo \u017c\u0105dania ich: sprostowania, usuni\u0119cia,<br \/>\nograniczenia przetwarzania.Przys\u0142uguje Pa\u0144stwu r\u00f3wnie\u017c prawo do wniesienia skargi do organu nadzorczego tj. Urz\u0119du Ochrony Danych Osobowych.<\/td>\n<\/tr>\n<tr>\n<td width=\"130\">\n<p style=\"text-align: left;\" align=\"center\"><strong>Czy dane s\u0105 przekazywane poza EOG?<\/strong><\/p>\n<\/td>\n<td width=\"501\">Administrator nie przesy\u0142a Pa\u0144stwa danych osobowych do<br \/>\nkraj\u00f3w spoza Europejskiego Obszaru Gospodarczego (EOG).<\/td>\n<\/tr>\n<tr>\n<td width=\"130\">\n<p style=\"text-align: left;\" align=\"center\"><strong>Czy dane wykorzystuje si\u0119 do profilowania?<\/strong><\/p>\n<\/td>\n<td width=\"501\">Pa\u0144stwa dane osobowe nie s\u0105 wykorzystywane<br \/>\nzautomatyzowanego podejmowania decyzji w tym do profilowania.<\/td>\n<\/tr>\n<tr>\n<td style=\"text-align: left;\" width=\"130\">\n<p align=\"center\"><strong><br \/>\nCzy podawanie danych osobowych jest konieczne?<br \/>\n<\/strong><\/p>\n<\/td>\n<td width=\"501\">\n<p style=\"text-align: center;\">Podanie przez Pa\u0144stwa danych osobowych jest obowi\u0105zkowe i<br \/>\nwynika z wymienionych powy\u017cej przepis\u00f3w prawa.<\/p>\n<\/td>\n<\/tr>\n<\/tbody>\n<\/table>\n","protected":false},"excerpt":{"rendered":"<p>REKRUTACJA\/PRZYJ\u0118CIE UCZNIA INFORMACJA O PRZETWARZANIU DANYCH OSOBOWYCH Ze wzgl\u0119du na fakt, i\u017c od 25 maja 2018 roku w Polsce obowi\u0105zuj\u0105 przepisy Og\u00f3lnego Rozporz\u0105dzenia o Ochronie Danych Osobowych (dalej: RODO) oraz Ustawy o ochronie danych osobowych, przedstawiamy poni\u017cej kilka przydatnych informacji nt. ochrony i przetwarzania Pa\u0144stwa danych osobowych. Kto jest administratorem danych osobowych? Administratorem Pa\u0144stwa danych [&hellip;]<\/p>\n","protected":false},"author":1,"featured_media":0,"parent":0,"menu_order":0,"comment_status":"closed","ping_status":"closed","template":"","meta":{"footnotes":""},"class_list":["post-4713","page","type-page","status-publish","hentry"],"_links":{"self":[{"href":"https:\/\/zsme.poznan.pl\/index.php?rest_route=\/wp\/v2\/pages\/4713","targetHints":{"allow":["GET"]}}],"collection":[{"href":"https:\/\/zsme.poznan.pl\/index.php?rest_route=\/wp\/v2\/pages"}],"about":[{"href":"https:\/\/zsme.poznan.pl\/index.php?rest_route=\/wp\/v2\/types\/page"}],"author":[{"embeddable":true,"href":"https:\/\/zsme.poznan.pl\/index.php?rest_route=\/wp\/v2\/users\/1"}],"replies":[{"embeddable":true,"href":"https:\/\/zsme.poznan.pl\/index.php?rest_route=%2Fwp%2Fv2%2Fcomments&post=4713"}],"version-history":[{"count":0,"href":"https:\/\/zsme.poznan.pl\/index.php?rest_route=\/wp\/v2\/pages\/4713\/revisions"}],"wp:attachment":[{"href":"https:\/\/zsme.poznan.pl\/index.php?rest_route=%2Fwp%2Fv2%2Fmedia&parent=4713"}],"curies":[{"name":"wp","href":"https:\/\/api.w.org\/{rel}","templated":true}]}}