{"id":4849,"date":"2019-05-29T20:19:37","date_gmt":"2019-05-29T20:19:37","guid":{"rendered":"https:\/\/zsme.poznan.pl\/?page_id=4849"},"modified":"2019-05-29T20:32:21","modified_gmt":"2019-05-29T20:32:21","slug":"anonimowa-skrzynka-na-sygnaly","status":"publish","type":"page","link":"https:\/\/zsme.poznan.pl\/?page_id=4849","title":{"rendered":"Anonimowa skrzynka na sygna\u0142y"},"content":{"rendered":"<p>[contact-form-7 id=&#8221;4848&#8243; title=&#8221;Anonimowa skrzynka na sygna\u0142y&#8221;]<\/p>\n<p>W tre\u015bci wiadomo\u015bci mo\u017cna poda\u0107 dane kontaktowe, mo\u017cliwy b\u0119dzie wtedy kontakt zwrotny<\/p>\n","protected":false},"excerpt":{"rendered":"<p>[contact-form-7 id=&#8221;4848&#8243; title=&#8221;Anonimowa skrzynka na sygna\u0142y&#8221;] W tre\u015bci wiadomo\u015bci mo\u017cna poda\u0107 dane kontaktowe, mo\u017cliwy b\u0119dzie wtedy kontakt zwrotny<\/p>\n","protected":false},"author":1,"featured_media":0,"parent":0,"menu_order":0,"comment_status":"closed","ping_status":"closed","template":"","meta":{"footnotes":""},"class_list":["post-4849","page","type-page","status-publish","hentry"],"_links":{"self":[{"href":"https:\/\/zsme.poznan.pl\/index.php?rest_route=\/wp\/v2\/pages\/4849","targetHints":{"allow":["GET"]}}],"collection":[{"href":"https:\/\/zsme.poznan.pl\/index.php?rest_route=\/wp\/v2\/pages"}],"about":[{"href":"https:\/\/zsme.poznan.pl\/index.php?rest_route=\/wp\/v2\/types\/page"}],"author":[{"embeddable":true,"href":"https:\/\/zsme.poznan.pl\/index.php?rest_route=\/wp\/v2\/users\/1"}],"replies":[{"embeddable":true,"href":"https:\/\/zsme.poznan.pl\/index.php?rest_route=%2Fwp%2Fv2%2Fcomments&post=4849"}],"version-history":[{"count":0,"href":"https:\/\/zsme.poznan.pl\/index.php?rest_route=\/wp\/v2\/pages\/4849\/revisions"}],"wp:attachment":[{"href":"https:\/\/zsme.poznan.pl\/index.php?rest_route=%2Fwp%2Fv2%2Fmedia&parent=4849"}],"curies":[{"name":"wp","href":"https:\/\/api.w.org\/{rel}","templated":true}]}}