{"id":5377,"date":"2019-10-23T08:29:45","date_gmt":"2019-10-23T08:29:45","guid":{"rendered":"https:\/\/zsme.poznan.pl\/?page_id=5377"},"modified":"2025-10-30T11:06:57","modified_gmt":"2025-10-30T11:06:57","slug":"samorzad-uczniowski","status":"publish","type":"page","link":"https:\/\/zsme.poznan.pl\/?page_id=5377","title":{"rendered":"Samorz\u0105d Uczniowski \/ Wolontariat"},"content":{"rendered":"<h2 style=\"text-align: center;\"><strong><a href=\"https:\/\/zsme.poznan.pl\/?cat=41\">Aktualno\u015bci<\/a><\/strong><\/h2>\n<p style=\"text-align: center;\">\n<p style=\"text-align: center;\"><strong>Samorz\u0105d Uczniowski 2025\/2026<\/strong><\/p>\n<p style=\"text-align: center;\">Opiekun:<\/p>\n<p style=\"text-align: center;\"><span style=\"color: initial;\">Monika Ograbek<\/span><\/p>\n<p style=\"text-align: center;\">Przewodnicz\u0105ca:<\/p>\n<p style=\"text-align: center;\">Natalia Hetmanowska<\/p>\n<p style=\"text-align: center;\">(kl. 4O5)<\/p>\n<p style=\"text-align: center;\">Zast\u0119pca:<\/p>\n<p style=\"text-align: center;\">Maksymilian Nowak<\/p>\n<p style=\"text-align: center;\">(kl. 3T1)<\/p>\n<p style=\"text-align: center;\">\n<p style=\"text-align: center;\"><strong>Rada Wolontariatu:<\/strong><\/p>\n<p style=\"text-align: center;\">Szymon Schiller<\/p>\n<p style=\"text-align: center;\">(kl. 4T3)<\/p>\n<p style=\"text-align: center;\">Bartosz Ilasz<\/p>\n<p style=\"text-align: center;\">(kl. 4T3)<\/p>\n<p style=\"text-align: center;\">Maksymilian Nowak<\/p>\n<p style=\"text-align: center;\">(kl. 3T1)<\/p>\n<p style=\"text-align: center;\">Opiekun:<\/p>\n<ol style=\"text-align: center;\">\n<li>Anna Dostatnia<\/li>\n<\/ol>\n<p style=\"text-align: center;\">\n<p style=\"text-align: center;\"><strong>Pozosta\u0142e osoby wchodz\u0105ce w sk\u0142ad Samorz\u0105du Uczniowskiego:<\/strong><\/p>\n<p style=\"text-align: center;\">Dominika Hady\u0144ska (kl.4O3)<\/p>\n<p style=\"text-align: center;\">Natalia Maciejewska (kl. 4O3)<\/p>\n<p style=\"text-align: center;\">Miko\u0142aj Lutkowski (kl.4T1)<\/p>\n<p style=\"text-align: center;\">Izabela Semrau (kl.4T1)<\/p>\n<p style=\"text-align: center;\">Kacper Szimkus (kl.4T1)<\/p>\n<p style=\"text-align: center;\">Matylda Wantoch (kl.4T1)<\/p>\n<p style=\"text-align: center;\">Marta Szatkowska (kl.1O4)<\/p>\n<p style=\"text-align: center;\">Julia Semczuk (kl.1O4)<\/p>\n<p style=\"text-align: center;\">Dawid Ziemecki (kl.4O5)<\/p>\n<p style=\"text-align: center;\">Alan Tomaszewski (kl.4O5)<\/p>\n<p style=\"text-align: center;\">Maksymilian Nowak (kl.4O5)<\/p>\n<p style=\"text-align: center;\">Anna Kierojczyk (kl.4O5)<\/p>\n<p style=\"text-align: center;\">Wiktoria Garbacik (kl.4O5)<\/p>\n<p style=\"text-align: center;\">Joanna Garbiec (kl.4O5)<\/p>\n<p style=\"text-align: center;\">Krzysztof Gregor (kl.4O5)<\/p>\n<p style=\"text-align: center;\">J\u0119drzej Grabowski (kl.4O5)<\/p>\n<p style=\"text-align: center;\">Szymon Zimicz (kl.4O2)<\/p>\n<p style=\"text-align: center;\">Patrycja Kopka (kl.4O1)<\/p>\n<p style=\"text-align: center;\">Adrianna Grabianowska (kl.4O4)<\/p>\n<p style=\"text-align: center;\">\u00a0Marianna Neugebauer (kl.4O4)<\/p>\n<p style=\"text-align: center;\">Aleksandra Konenc (kl.4O3)<\/p>\n<p style=\"text-align: center;\">Karolina J\u0119draszyk (kl.4O3)<\/p>\n<p style=\"text-align: center;\">Zofia Piku\u0142a (kl.4O3)<\/p>\n<p style=\"text-align: center;\">Julia Terpi\u0142owska (kl.4O3)<\/p>\n<p style=\"text-align: center;\">Filip Zajcher (kl.4O5)<\/p>\n<p style=\"text-align: center;\">Oliwia Zakrzewska (kl.4O5)<\/p>\n<p style=\"text-align: center;\">Melissa Kasprowicz- Potocka (kl.4O3)<\/p>\n<p style=\"text-align: center;\">Wiktoria Wlazik (kl.4O3)<\/p>\n<p style=\"text-align: center;\">Nadia Ba\u0142achowska (kl.4O3)<\/p>\n<p style=\"text-align: center;\">Wiktoria Kami\u0144ska (kl.4O3)<\/p>\n<p style=\"text-align: center;\">Vanessa Spycha\u0142a (kl.4O3)<\/p>\n<p style=\"text-align: center;\">Oliwia Podlaszewska (kl.1O4)<\/p>\n<p style=\"text-align: center;\">Amelia Gradowska (kl.1O4)<\/p>\n<p style=\"text-align: center;\">Julia Bernacka (kl.2O2)<\/p>\n<p style=\"text-align: center;\">Oliwier Ho\u0142ubowicz (kl.2T1)<\/p>\n<p style=\"text-align: center;\">\n","protected":false},"excerpt":{"rendered":"<p>Aktualno\u015bci Samorz\u0105d Uczniowski 2025\/2026 Opiekun: Monika Ograbek Przewodnicz\u0105ca: Natalia Hetmanowska (kl. 4O5) Zast\u0119pca: Maksymilian Nowak (kl. 3T1) Rada Wolontariatu: Szymon Schiller (kl. 4T3) Bartosz Ilasz (kl. 4T3) Maksymilian Nowak (kl. 3T1) Opiekun: Anna Dostatnia Pozosta\u0142e osoby wchodz\u0105ce w sk\u0142ad Samorz\u0105du Uczniowskiego: Dominika Hady\u0144ska (kl.4O3) Natalia Maciejewska (kl. 4O3) Miko\u0142aj Lutkowski (kl.4T1) Izabela Semrau (kl.4T1) Kacper [&hellip;]<\/p>\n","protected":false},"author":1,"featured_media":0,"parent":0,"menu_order":0,"comment_status":"closed","ping_status":"closed","template":"","meta":{"footnotes":""},"class_list":["post-5377","page","type-page","status-publish","hentry"],"_links":{"self":[{"href":"https:\/\/zsme.poznan.pl\/index.php?rest_route=\/wp\/v2\/pages\/5377","targetHints":{"allow":["GET"]}}],"collection":[{"href":"https:\/\/zsme.poznan.pl\/index.php?rest_route=\/wp\/v2\/pages"}],"about":[{"href":"https:\/\/zsme.poznan.pl\/index.php?rest_route=\/wp\/v2\/types\/page"}],"author":[{"embeddable":true,"href":"https:\/\/zsme.poznan.pl\/index.php?rest_route=\/wp\/v2\/users\/1"}],"replies":[{"embeddable":true,"href":"https:\/\/zsme.poznan.pl\/index.php?rest_route=%2Fwp%2Fv2%2Fcomments&post=5377"}],"version-history":[{"count":2,"href":"https:\/\/zsme.poznan.pl\/index.php?rest_route=\/wp\/v2\/pages\/5377\/revisions"}],"predecessor-version":[{"id":19744,"href":"https:\/\/zsme.poznan.pl\/index.php?rest_route=\/wp\/v2\/pages\/5377\/revisions\/19744"}],"wp:attachment":[{"href":"https:\/\/zsme.poznan.pl\/index.php?rest_route=%2Fwp%2Fv2%2Fmedia&parent=5377"}],"curies":[{"name":"wp","href":"https:\/\/api.w.org\/{rel}","templated":true}]}}