{"id":6558,"date":"2020-02-26T22:53:12","date_gmt":"2020-02-26T22:53:12","guid":{"rendered":"https:\/\/zsme.poznan.pl\/?page_id=6558"},"modified":"2021-07-28T19:25:15","modified_gmt":"2021-07-28T19:25:15","slug":"podwyzszenie-kompetencji-z-zakresu-matematyki-i-informatyki-przez-licealistow-miejskiego-obszaru-funkcjonalnego-poznania","status":"publish","type":"page","link":"https:\/\/zsme.poznan.pl\/?page_id=6558","title":{"rendered":"Podwy\u017cszenie kompetencji z zakresu matematyki i informatyki przez licealist\u00f3w Miejskiego Obszaru Funkcjonalnego Poznania"},"content":{"rendered":"<table style=\"height: 72px;\" width=\"900\">\n<tbody>\n<tr>\n<td width=\"500\">\n<p style=\"text-align: justify;\">Miasto Pozna\u0144 realizuje projekt dofinansowany z\u00a0Funduszy Europejskich <strong>\u201ePodwy\u017cszenie kompetencji z\u00a0zakresu matematyki i informatyki przez licealist\u00f3w Miejskiego Obszaru Funkcjonalnego Poznania\u201d<\/strong>.<\/p>\n<p style=\"text-align: justify;\">Celem projektu jest podniesienie wiedzy i kompetencji uczestnik\u00f3w projektu poprzez przeprowadzenie zaj\u0119\u0107 dydaktyczno-wyr\u00f3wnawczych z matematyki oraz zaj\u0119\u0107 rozwijaj\u0105cych z informatyki dla 682 uczni\u00f3w, w tym 34 ze specjalnymi potrzebami edukacyjnymi,\u00a0 a tak\u017ce\u00a0 przeprowadzenie szkole\u0144 z zakresu prowadzenia zaj\u0119\u0107 matematycznych i informatycznych metod\u0105\u00a0 eksperymentu dla\u00a0 41 nauczycieli z 11 szk\u00f3\u0142 Miejskiego Obszaru Funkcjonalnego Poznania. Celem projektu jest r\u00f3wnie\u017c doposa\u017cenie sal w niezb\u0119dne pomoce dydaktyczne i sprz\u0119t specjalistyczny do prowadzenia zaj\u0119\u0107 z matematyki i informatyki.<\/p>\n<p style=\"text-align: justify;\">Efektem zrealizowanych zada\u0144 obj\u0119tych projektem b\u0119dzie zwi\u0119kszenie szans edukacyjnych, zmniejszenie dysproporcji w procesie kszta\u0142cenia oraz rozw\u00f3j kompetencji kluczowych uczni\u00f3w, prowadz\u0105ce do wzmocnienia ich zdolno\u015bci do przysz\u0142ego zatrudnienia, a tak\u017ce podniesienie kompetencji 41 nauczycieli oraz wysoki standard wyposa\u017cenia szk\u00f3\u0142 obj\u0119tych wsparciem.<\/p>\n<p style=\"text-align: justify;\">Okres realizacji projektu: od 01.01.2018 r. do 31.12.2020 r.<\/p>\n<p style=\"text-align: justify;\">Partner projektu: Powiat Obornicki<\/p>\n<p style=\"text-align: justify;\"><strong>Ca\u0142kowita warto\u015b\u0107 projektu: <\/strong>1\u00a0225\u00a0182,67 z\u0142<\/p>\n<p style=\"text-align: justify;\"><strong>Dofinansowanie projektu z UE:<\/strong> 1\u00a0163\u00a0923,53 z\u0142<\/p>\n<p><a href=\"https:\/\/zsme.poznan.pl\/1\/Regulamin_matinf.pdf\">Regulamin<\/a><\/td>\n<td valign=\"top\" width=\"400\"><a href=\"https:\/\/zsme.poznan.pl\/wp-content\/uploads\/2020\/07\/Logo-EFS-UE-pion-kolor.jpg\" data-rel=\"lightbox-image-0\" data-rl_title=\"\" data-rl_caption=\"\" title=\"\"><img fetchpriority=\"high\" decoding=\"async\" class=\"wp-image-7076 size-full\" src=\"https:\/\/zsme.poznan.pl\/wp-content\/uploads\/2020\/07\/Logo-EFS-UE-pion-kolor.jpg\" alt=\"\" width=\"330\" height=\"203\" srcset=\"https:\/\/zsme.poznan.pl\/wp-content\/uploads\/2020\/07\/Logo-EFS-UE-pion-kolor.jpg 330w, https:\/\/zsme.poznan.pl\/wp-content\/uploads\/2020\/07\/Logo-EFS-UE-pion-kolor-300x185.jpg 300w\" sizes=\"(max-width: 330px) 100vw, 330px\" \/><\/a><\/p>\n<p><a href=\"https:\/\/www.funduszeeuropejskie.gov.pl\/\" target=\"_blank\" rel=\"noopener noreferrer\"><img decoding=\"async\" class=\"aligncenter\" src=\"https:\/\/www.zsbd.pl\/images\/2017_18\/projekty_unijne\/logo-fundusze-retina.png\" alt=\"logo fundusze retina\" \/><\/a><\/p>\n<p>&nbsp;<\/p>\n<p><a href=\"https:\/\/www.umww.pl\/\" target=\"_blank\" rel=\"noopener noreferrer\"><img decoding=\"async\" class=\"aligncenter\" src=\"https:\/\/www.zsbd.pl\/images\/2017_18\/projekty_unijne\/Samorz%C4%85d_Wojew%C3%B3dztwa_Wielkopolskiego.jpg\" alt=\"Samorz\u0105d Wojew\u00f3dztwa Wielkopolskiego\" width=\"343\" height=\"100\" \/><\/a><\/p>\n<p>&nbsp;<\/p>\n<p><a href=\"http:\/\/www.aglomeracja.poznan.pl\/\" target=\"_blank\" rel=\"noopener noreferrer\"><img decoding=\"async\" class=\"aligncenter\" src=\"https:\/\/www.zsbd.pl\/images\/2017_18\/projekty_unijne\/Logo-e1427367453791.jpg\" alt=\"Logo e1427367453791\" width=\"291\" height=\"138\" \/><\/a><\/p>\n<p>&nbsp;<\/td>\n<\/tr>\n<\/tbody>\n<\/table>\n","protected":false},"excerpt":{"rendered":"<p>Miasto Pozna\u0144 realizuje projekt dofinansowany z\u00a0Funduszy Europejskich \u201ePodwy\u017cszenie kompetencji z\u00a0zakresu matematyki i informatyki przez licealist\u00f3w Miejskiego Obszaru Funkcjonalnego Poznania\u201d. Celem projektu jest podniesienie wiedzy i kompetencji uczestnik\u00f3w projektu poprzez przeprowadzenie zaj\u0119\u0107 dydaktyczno-wyr\u00f3wnawczych z matematyki oraz zaj\u0119\u0107 rozwijaj\u0105cych z informatyki dla 682 uczni\u00f3w, w tym 34 ze specjalnymi potrzebami edukacyjnymi,\u00a0 a tak\u017ce\u00a0 przeprowadzenie szkole\u0144 z zakresu [&hellip;]<\/p>\n","protected":false},"author":1,"featured_media":0,"parent":0,"menu_order":0,"comment_status":"closed","ping_status":"closed","template":"","meta":{"footnotes":""},"class_list":["post-6558","page","type-page","status-publish","hentry"],"_links":{"self":[{"href":"https:\/\/zsme.poznan.pl\/index.php?rest_route=\/wp\/v2\/pages\/6558","targetHints":{"allow":["GET"]}}],"collection":[{"href":"https:\/\/zsme.poznan.pl\/index.php?rest_route=\/wp\/v2\/pages"}],"about":[{"href":"https:\/\/zsme.poznan.pl\/index.php?rest_route=\/wp\/v2\/types\/page"}],"author":[{"embeddable":true,"href":"https:\/\/zsme.poznan.pl\/index.php?rest_route=\/wp\/v2\/users\/1"}],"replies":[{"embeddable":true,"href":"https:\/\/zsme.poznan.pl\/index.php?rest_route=%2Fwp%2Fv2%2Fcomments&post=6558"}],"version-history":[{"count":0,"href":"https:\/\/zsme.poznan.pl\/index.php?rest_route=\/wp\/v2\/pages\/6558\/revisions"}],"wp:attachment":[{"href":"https:\/\/zsme.poznan.pl\/index.php?rest_route=%2Fwp%2Fv2%2Fmedia&parent=6558"}],"curies":[{"name":"wp","href":"https:\/\/api.w.org\/{rel}","templated":true}]}}