{"id":6610,"date":"2020-03-02T17:02:45","date_gmt":"2020-03-02T17:02:45","guid":{"rendered":"https:\/\/zsme.poznan.pl\/?page_id=6610"},"modified":"2024-03-07T20:15:07","modified_gmt":"2024-03-07T20:15:07","slug":"klasa-psychologiczno-pedagogiczna","status":"publish","type":"page","link":"https:\/\/zsme.poznan.pl\/?page_id=6610","title":{"rendered":"Klasa psychologiczno-pedagogiczna"},"content":{"rendered":"<p><strong>Przedmioty rozszerzone:<\/strong> j\u0119zyk polski, biologia<\/p>\n<p><strong>Przedmioty punktowane:<\/strong> j\u0119zyk polski, matematyka, j\u0119zyk obcy, wiedza o spo\u0142ecze\u0144stwie<\/p>\n<p><strong>J\u0119zyki:<\/strong> j\u0119zyk angielski \u2013 kontynuacja, do wyboru: j\u0119zyk niemiecki lub\u00a0 j\u0119zyk hiszpa\u0144ski<\/p>\n<p><strong>Wsp\u00f3\u0142praca z:<\/strong><\/p>\n<ul>\n<li><strong>SWPS Uniwersytetem Humanistycznospo\u0142ecznym, z siedzib\u0105 zamiejscow\u0105 w Poznaniu, \u2013 warsztaty, udzia\u0142 w wyk\u0142adach Strefa M\u0142odzie\u017cy,<\/strong><\/li>\n<li><strong>Uniwersytetem im. Adama Mickiewicza w Poznaniu,<\/strong><\/li>\n<li><strong>Wy\u017csz\u0105 Szko\u0142\u0105 Bankow\u0105 w Poznaniu, \u2013 warsztaty edukacyjne,<\/strong><\/li>\n<li><strong>Przedszkolami, szko\u0142ami podstawowymi \u2013 przeprowadzanie zaj\u0119\u0107 i event\u00f3w dla dzieci i m\u0142odzie\u017cy, Poligonu Psychologiczno-Pedagogicznego,<\/strong><\/li>\n<li><strong>Wymiana uczni\u00f3w w ramach Polsko-Niemieckiej Wsp\u00f3\u0142pracy M\u0142odzie\u017cy w Poczdamie.<\/strong><\/li>\n<\/ul>\n<p><strong>KORZY\u015aCI DLA UCZNI\u00d3W:<\/strong><\/p>\n<ul>\n<li>Uczniowie otrzymuj\u0105 szans\u0119 na poznanie podstaw interesuj\u0105cych ich dziedzin nauki \u2013 pedagogiki i psychologii, rozwijaj\u0105 i doskonal\u0105 umiej\u0119tno\u015bci spo\u0142eczne, interpersonalne poprzez udzia\u0142 w warsztatach, szkoleniach,<\/li>\n<li>Klasa pozwala na uzyskanie \u015bredniego wykszta\u0142cenia i daje r\u00f3wnie\u017c wst\u0119pn\u0105 orientacj\u0119 w zagadnieniach, kt\u00f3re by\u0107 mo\u017ce stan\u0105 si\u0119 przedmiotem dalszej edukacji zar\u00f3wno na kierunkach uniwersyteckich, jak i szko\u0142ach policealnych,<\/li>\n<li>Rozszerzenie tre\u015bci z przedmiot\u00f3w: j\u0119zyk polski, biologia jest podyktowane wymogami uczelni wy\u017cszych przy przyjmowaniu kandydat\u00f3w na spo\u0142eczne kierunki studi\u00f3w oraz specyfik\u0105 kierunk\u00f3w humanistycznych,<\/li>\n<li>Nabycie umiej\u0119tno\u015bci spo\u0142ecznych z zakresu np. komunikacji, radzenia sobie w sytuacjach trudnych, radzenia sobie ze stresem, wsp\u00f3\u0142pracy, jest niezb\u0119dne przy kontynuowaniu nauki w szko\u0142ach policealnych, kszta\u0142c\u0105cych w wymienionych zawodach spo\u0142ecznych oraz przy podejmowaniu pracy na stanowiskach bazuj\u0105cych na kontaktach z lud\u017ami,<\/li>\n<li>Ponadto doskonalenie umiej\u0119tno\u015bci spo\u0142ecznych wp\u0142ywa na samoocen\u0119, budowanie pozytywnych relacji z lud\u017ami, zar\u00f3wno w \u017cyciu zawodowym, osobistym i rodzinnym,<\/li>\n<li>Realizacja innowacji pedagogicznej o nazwie Podstawy psychologii i pedagogiki.<\/li>\n<\/ul>\n<p style=\"text-align: center;\"><a href=\"https:\/\/zsme.poznan.pl\/?p=8009\">Warsztaty online dla klasy psychologiczno-pedagogicznej<\/a><br \/>\n<iframe src=\"https:\/\/www.youtube.com\/embed\/JK7I6SIhLdo\" width=\"560\" height=\"315\" frameborder=\"0\" allowfullscreen=\"allowfullscreen\"><\/iframe><br \/>\n<div class=\"rl-gallery-container rl-loading\" id=\"rl-gallery-container-1\" data-gallery_id=\"7674\"> <div class=\"rl-gallery rl-basicgrid-gallery \" id=\"rl-gallery-1\" data-gallery_no=\"1\"> <div class=\"rl-gallery-item\"><a href=\"https:\/\/zsme.poznan.pl\/wp-content\/uploads\/2021\/02\/psych-8.jpg\" title=\"\" data-rl_title=\"\" class=\"rl-gallery-link\" data-rl_caption=\"\" data-rel=\"lightbox-gallery-1\"><img fetchpriority=\"high\" decoding=\"async\" src=\"https:\/\/zsme.poznan.pl\/wp-content\/uploads\/2021\/02\/psych-8-300x225.jpg\" width=\"300\" height=\"225\" alt=\"\" \/><\/a><\/div><div class=\"rl-gallery-item\"><a href=\"https:\/\/zsme.poznan.pl\/wp-content\/uploads\/2021\/02\/psych3.jpg\" title=\"\" data-rl_title=\"\" class=\"rl-gallery-link\" data-rl_caption=\"\" data-rel=\"lightbox-gallery-1\"><img decoding=\"async\" src=\"https:\/\/zsme.poznan.pl\/wp-content\/uploads\/2021\/02\/psych3-300x225.jpg\" width=\"300\" height=\"225\" alt=\"\" \/><\/a><\/div><div class=\"rl-gallery-item\"><a href=\"https:\/\/zsme.poznan.pl\/wp-content\/uploads\/2021\/02\/psych4.jpg\" title=\"\" data-rl_title=\"\" class=\"rl-gallery-link\" data-rl_caption=\"\" data-rel=\"lightbox-gallery-1\"><img decoding=\"async\" src=\"https:\/\/zsme.poznan.pl\/wp-content\/uploads\/2021\/02\/psych4-300x225.jpg\" width=\"300\" height=\"225\" alt=\"\" \/><\/a><\/div><div class=\"rl-gallery-item\"><a href=\"https:\/\/zsme.poznan.pl\/wp-content\/uploads\/2021\/02\/psych6.jpg\" title=\"\" data-rl_title=\"\" class=\"rl-gallery-link\" data-rl_caption=\"\" data-rel=\"lightbox-gallery-1\"><img loading=\"lazy\" decoding=\"async\" src=\"https:\/\/zsme.poznan.pl\/wp-content\/uploads\/2021\/02\/psych6-300x225.jpg\" width=\"300\" height=\"225\" alt=\"\" \/><\/a><\/div><div class=\"rl-gallery-item\"><a href=\"https:\/\/zsme.poznan.pl\/wp-content\/uploads\/2021\/02\/psych7.jpg\" title=\"\" data-rl_title=\"\" class=\"rl-gallery-link\" data-rl_caption=\"\" data-rel=\"lightbox-gallery-1\"><img loading=\"lazy\" decoding=\"async\" src=\"https:\/\/zsme.poznan.pl\/wp-content\/uploads\/2021\/02\/psych7-300x225.jpg\" width=\"300\" height=\"225\" alt=\"\" \/><\/a><\/div><div class=\"rl-gallery-item\"><a href=\"https:\/\/zsme.poznan.pl\/wp-content\/uploads\/2021\/02\/psuch9.jpg\" title=\"\" data-rl_title=\"\" class=\"rl-gallery-link\" data-rl_caption=\"\" data-rel=\"lightbox-gallery-1\"><img loading=\"lazy\" decoding=\"async\" src=\"https:\/\/zsme.poznan.pl\/wp-content\/uploads\/2021\/02\/psuch9-225x300.jpg\" width=\"225\" height=\"300\" alt=\"\" \/><\/a><\/div><div class=\"rl-gallery-item\"><a href=\"https:\/\/zsme.poznan.pl\/wp-content\/uploads\/2021\/02\/psych-1-.jpg\" title=\"\" data-rl_title=\"\" class=\"rl-gallery-link\" data-rl_caption=\"\" data-rel=\"lightbox-gallery-1\"><img loading=\"lazy\" decoding=\"async\" src=\"https:\/\/zsme.poznan.pl\/wp-content\/uploads\/2021\/02\/psych-1--300x225.jpg\" width=\"300\" height=\"225\" alt=\"\" \/><\/a><\/div><div class=\"rl-gallery-item\"><a href=\"https:\/\/zsme.poznan.pl\/wp-content\/uploads\/2021\/02\/psych-2-.jpg\" title=\"\" data-rl_title=\"\" class=\"rl-gallery-link\" data-rl_caption=\"\" data-rel=\"lightbox-gallery-1\"><img loading=\"lazy\" decoding=\"async\" src=\"https:\/\/zsme.poznan.pl\/wp-content\/uploads\/2021\/02\/psych-2--300x225.jpg\" width=\"300\" height=\"225\" alt=\"\" \/><\/a><\/div><div class=\"rl-gallery-item\"><a href=\"https:\/\/zsme.poznan.pl\/wp-content\/uploads\/2021\/02\/psych-5.jpg\" title=\"\" data-rl_title=\"\" class=\"rl-gallery-link\" data-rl_caption=\"\" data-rel=\"lightbox-gallery-1\"><img loading=\"lazy\" decoding=\"async\" src=\"https:\/\/zsme.poznan.pl\/wp-content\/uploads\/2021\/02\/psych-5-300x225.jpg\" width=\"300\" height=\"225\" alt=\"\" \/><\/a><\/div> <\/div> <\/div><\/p>\n<p><a href=\"https:\/\/zsme.poznan.pl\/wp-content\/uploads\/2021\/10\/NOWE-HORYZONTY.pptx\">NOWE HORYZONTY -Poligon Psychologiczno-Pedagogiczny ZSM<\/a><\/p>\n","protected":false},"excerpt":{"rendered":"<p>Przedmioty rozszerzone: j\u0119zyk polski, biologia Przedmioty punktowane: j\u0119zyk polski, matematyka, j\u0119zyk obcy, wiedza o spo\u0142ecze\u0144stwie J\u0119zyki: j\u0119zyk angielski \u2013 kontynuacja, do wyboru: j\u0119zyk niemiecki lub\u00a0 j\u0119zyk hiszpa\u0144ski Wsp\u00f3\u0142praca z: SWPS Uniwersytetem Humanistycznospo\u0142ecznym, z siedzib\u0105 zamiejscow\u0105 w Poznaniu, \u2013 warsztaty, udzia\u0142 w wyk\u0142adach Strefa M\u0142odzie\u017cy, Uniwersytetem im. Adama Mickiewicza w Poznaniu, Wy\u017csz\u0105 Szko\u0142\u0105 Bankow\u0105 w Poznaniu, [&hellip;]<\/p>\n","protected":false},"author":1,"featured_media":0,"parent":0,"menu_order":0,"comment_status":"closed","ping_status":"closed","template":"","meta":{"footnotes":""},"class_list":["post-6610","page","type-page","status-publish","hentry"],"_links":{"self":[{"href":"https:\/\/zsme.poznan.pl\/index.php?rest_route=\/wp\/v2\/pages\/6610","targetHints":{"allow":["GET"]}}],"collection":[{"href":"https:\/\/zsme.poznan.pl\/index.php?rest_route=\/wp\/v2\/pages"}],"about":[{"href":"https:\/\/zsme.poznan.pl\/index.php?rest_route=\/wp\/v2\/types\/page"}],"author":[{"embeddable":true,"href":"https:\/\/zsme.poznan.pl\/index.php?rest_route=\/wp\/v2\/users\/1"}],"replies":[{"embeddable":true,"href":"https:\/\/zsme.poznan.pl\/index.php?rest_route=%2Fwp%2Fv2%2Fcomments&post=6610"}],"version-history":[{"count":0,"href":"https:\/\/zsme.poznan.pl\/index.php?rest_route=\/wp\/v2\/pages\/6610\/revisions"}],"wp:attachment":[{"href":"https:\/\/zsme.poznan.pl\/index.php?rest_route=%2Fwp%2Fv2%2Fmedia&parent=6610"}],"curies":[{"name":"wp","href":"https:\/\/api.w.org\/{rel}","templated":true}]}}