{"id":7334,"date":"2020-10-28T19:36:40","date_gmt":"2020-10-28T19:36:40","guid":{"rendered":"https:\/\/zsme.poznan.pl\/?page_id=7334"},"modified":"2023-09-18T10:11:09","modified_gmt":"2023-09-18T10:11:09","slug":"e-biblioteka","status":"publish","type":"page","link":"https:\/\/zsme.poznan.pl\/?page_id=7334","title":{"rendered":"E- biblioteka"},"content":{"rendered":"<p><a href=\"https:\/\/zsme.poznan.pl\/?page_id=7335\">KSZTA\u0141CENIE ZAWODOWE<\/a><\/p>\n<p><a href=\"https:\/\/zsme.poznan.pl\/?page_id=7337\">NAUKI \u015aCIS\u0141E<\/a><\/p>\n<p><a href=\"https:\/\/zsme.poznan.pl\/?page_id=7339\">NAUKI HUMANISTYCZNE<\/a><\/p>\n<p><a href=\"https:\/\/zsme.poznan.pl\/?page_id=13877\">NAUKI O BEZPIECZE\u0143STWIE<\/a><\/p>\n<p><a href=\"https:\/\/zsme.poznan.pl\/?page_id=7346\">CIEKAWOSTKI<\/a><\/p>\n<p><a href=\"https:\/\/zsme.poznan.pl\/?page_id=8604\">BIBLIOTEKI CYFROWE<\/a><\/p>\n","protected":false},"excerpt":{"rendered":"<p>KSZTA\u0141CENIE ZAWODOWE NAUKI \u015aCIS\u0141E NAUKI HUMANISTYCZNE NAUKI O BEZPIECZE\u0143STWIE CIEKAWOSTKI BIBLIOTEKI CYFROWE<\/p>\n","protected":false},"author":1,"featured_media":0,"parent":0,"menu_order":0,"comment_status":"closed","ping_status":"closed","template":"","meta":{"footnotes":""},"class_list":["post-7334","page","type-page","status-publish","hentry"],"_links":{"self":[{"href":"https:\/\/zsme.poznan.pl\/index.php?rest_route=\/wp\/v2\/pages\/7334","targetHints":{"allow":["GET"]}}],"collection":[{"href":"https:\/\/zsme.poznan.pl\/index.php?rest_route=\/wp\/v2\/pages"}],"about":[{"href":"https:\/\/zsme.poznan.pl\/index.php?rest_route=\/wp\/v2\/types\/page"}],"author":[{"embeddable":true,"href":"https:\/\/zsme.poznan.pl\/index.php?rest_route=\/wp\/v2\/users\/1"}],"replies":[{"embeddable":true,"href":"https:\/\/zsme.poznan.pl\/index.php?rest_route=%2Fwp%2Fv2%2Fcomments&post=7334"}],"version-history":[{"count":0,"href":"https:\/\/zsme.poznan.pl\/index.php?rest_route=\/wp\/v2\/pages\/7334\/revisions"}],"wp:attachment":[{"href":"https:\/\/zsme.poznan.pl\/index.php?rest_route=%2Fwp%2Fv2%2Fmedia&parent=7334"}],"curies":[{"name":"wp","href":"https:\/\/api.w.org\/{rel}","templated":true}]}}