{"id":7335,"date":"2020-10-28T18:52:22","date_gmt":"2020-10-28T18:52:22","guid":{"rendered":"https:\/\/zsme.poznan.pl\/?page_id=7335"},"modified":"2020-12-21T19:39:57","modified_gmt":"2020-12-21T19:39:57","slug":"ksztalcenie-zawodowe","status":"publish","type":"page","link":"https:\/\/zsme.poznan.pl\/?page_id=7335","title":{"rendered":"KSZTA\u0141CENIE ZAWODOWE"},"content":{"rendered":"<ol>\n<li>STEROWNIKI ELEKTROPNEUMATYCZNE <a href=\"https:\/\/www.youtube.com\/watch?v=iZqT9Hmiln8\">https:\/\/www.youtube.com\/watch?v=iZqT9Hmiln8<\/a><\/li>\n<li>SI\u0141OWNIKI PNEUMATYCZNE <a href=\"https:\/\/www.youtube.com\/watch?v=bn-G-LEkY6c\">https:\/\/www.youtube.com\/watch?v=bn-G-LEkY6c<\/a><\/li>\n<li>ZAW\u00d3R R\u0118CZNY Z ODPOWIETRZANIEM \u015aRODKOWYM <a href=\"https:\/\/www.youtube.com\/watch?v=aX0gcM1TdYI\">https:\/\/www.youtube.com\/watch?v=aX0gcM1TdYI<\/a><\/li>\n<li>OPTYKA \u2013 \u015aWIAT\u0141O <a href=\"https:\/\/www.youtube.com\/watch?v=5D5asDYeEaQ\">https:\/\/www.youtube.com\/watch?v=5D5asDYeEaQ<\/a><\/li>\n<li>OPTYKA \u2013 SOCZEWKI <a href=\"https:\/\/www.youtube.com\/watch?v=2r3xGmDDJXE\">https:\/\/www.youtube.com\/watch?v=2r3xGmDDJXE<\/a><\/li>\n<li><a href=\"https:\/\/www.youtube.com\/watch?v=Tsnn2z1XUwE\">https:\/\/www.youtube.com\/watch?v=Tsnn2z1XUwE<\/a> Uk\u0142ad elektro-pneumatyczny<\/li>\n<li><a href=\"https:\/\/www.youtube.com\/watch?v=iZqT9Hmiln8\">https:\/\/www.youtube.com\/watch?v=iZqT9Hmiln8<\/a> Sterowanie elektropneumatyczne<\/li>\n<li><a href=\"https:\/\/www.youtube.com\/watch?v=elZTedlQAV\">https:\/\/www.youtube.com\/watch?v=elZTedlQAV<\/a> Zawory pierwsze\u0144stwa Danfoss &#8211; zalecenia projektowe oraz zasada dzia\u0142ania w praktyce<\/li>\n<li><a href=\"https:\/\/www.youtube.com\/watch?v=wQEBZkoGZi8\">https:\/\/www.youtube.com\/watch?v=wQEBZkoGZi8<\/a> Zawory elektromagnetyczne EV220B &#8211; zmiana funkcji z NC na NO<\/li>\n<li><a href=\"https:\/\/www.youtube.com\/watch?v=gy1LuD2Lb8Q\">https:\/\/www.youtube.com\/watch?v=gy1LuD2Lb8Q<\/a> Jak dzia\u0142a kaskadowy (sekwencyjny) uk\u0142ad pneumatyczny?<\/li>\n<li><a href=\"https:\/\/www.youtube.com\/watch?v=Kc3n-q1SEOc\">https:\/\/www.youtube.com\/watch?v=Kc3n-q1SEOc<\/a> Pr\u00f3bny egzamin E.03 Monta\u017c urz\u0105dze\u0144 i system\u00f3w mechatronicznych<\/li>\n<li><a href=\"https:\/\/www.youtube.com\/watch?v=hmz1h5fk2bI\">https:\/\/www.youtube.com\/watch?v=hmz1h5fk2bI<\/a> Pneumatic Cylinder Working explained (Animation)<\/li>\n<li><a href=\"https:\/\/www.youtube.com\/watch?v=kK_6p4C8Fpo\">https:\/\/www.youtube.com\/watch?v=kK_6p4C8Fpo<\/a> Bramki logiczne<\/li>\n<\/ol>\n","protected":false},"excerpt":{"rendered":"<p>STEROWNIKI ELEKTROPNEUMATYCZNE https:\/\/www.youtube.com\/watch?v=iZqT9Hmiln8 SI\u0141OWNIKI PNEUMATYCZNE https:\/\/www.youtube.com\/watch?v=bn-G-LEkY6c ZAW\u00d3R R\u0118CZNY Z ODPOWIETRZANIEM \u015aRODKOWYM https:\/\/www.youtube.com\/watch?v=aX0gcM1TdYI OPTYKA \u2013 \u015aWIAT\u0141O https:\/\/www.youtube.com\/watch?v=5D5asDYeEaQ OPTYKA \u2013 SOCZEWKI https:\/\/www.youtube.com\/watch?v=2r3xGmDDJXE https:\/\/www.youtube.com\/watch?v=Tsnn2z1XUwE Uk\u0142ad elektro-pneumatyczny https:\/\/www.youtube.com\/watch?v=iZqT9Hmiln8 Sterowanie elektropneumatyczne https:\/\/www.youtube.com\/watch?v=elZTedlQAV Zawory pierwsze\u0144stwa Danfoss &#8211; zalecenia projektowe oraz zasada dzia\u0142ania w praktyce https:\/\/www.youtube.com\/watch?v=wQEBZkoGZi8 Zawory elektromagnetyczne EV220B &#8211; zmiana funkcji z NC na NO https:\/\/www.youtube.com\/watch?v=gy1LuD2Lb8Q Jak dzia\u0142a kaskadowy (sekwencyjny) uk\u0142ad [&hellip;]<\/p>\n","protected":false},"author":1,"featured_media":0,"parent":0,"menu_order":0,"comment_status":"closed","ping_status":"closed","template":"","meta":{"footnotes":""},"class_list":["post-7335","page","type-page","status-publish","hentry"],"_links":{"self":[{"href":"https:\/\/zsme.poznan.pl\/index.php?rest_route=\/wp\/v2\/pages\/7335","targetHints":{"allow":["GET"]}}],"collection":[{"href":"https:\/\/zsme.poznan.pl\/index.php?rest_route=\/wp\/v2\/pages"}],"about":[{"href":"https:\/\/zsme.poznan.pl\/index.php?rest_route=\/wp\/v2\/types\/page"}],"author":[{"embeddable":true,"href":"https:\/\/zsme.poznan.pl\/index.php?rest_route=\/wp\/v2\/users\/1"}],"replies":[{"embeddable":true,"href":"https:\/\/zsme.poznan.pl\/index.php?rest_route=%2Fwp%2Fv2%2Fcomments&post=7335"}],"version-history":[{"count":0,"href":"https:\/\/zsme.poznan.pl\/index.php?rest_route=\/wp\/v2\/pages\/7335\/revisions"}],"wp:attachment":[{"href":"https:\/\/zsme.poznan.pl\/index.php?rest_route=%2Fwp%2Fv2%2Fmedia&parent=7335"}],"curies":[{"name":"wp","href":"https:\/\/api.w.org\/{rel}","templated":true}]}}