{"id":7337,"date":"2020-10-28T19:25:46","date_gmt":"2020-10-28T19:25:46","guid":{"rendered":"https:\/\/zsme.poznan.pl\/?page_id=7337"},"modified":"2020-12-21T19:38:23","modified_gmt":"2020-12-21T19:38:23","slug":"nauki-scisle","status":"publish","type":"page","link":"https:\/\/zsme.poznan.pl\/?page_id=7337","title":{"rendered":"NAUKI \u015aCIS\u0141E"},"content":{"rendered":"<p><strong><span style=\"color: #339966;\">BIOLOGIA<\/span><\/strong><\/p>\n<p><strong>Budowa kom\u00f3rki<\/strong><\/p>\n<p><a href=\"https:\/\/www.youtube.com\/watch?v=URUJD5NEXC8\">https:\/\/www.youtube.com\/watch?v=URUJD5NEXC8\u00a0<\/a><\/p>\n<p><a href=\"https:\/\/www.youtube.com\/watch?v=nq80cJOk_Io\">https:\/\/www.youtube.com\/watch?v=nq80cJOk_Io<\/a><\/p>\n<p><a href=\"https:\/\/www.youtube.com\/watch?v=WTcbNgcnxaQ\">https:\/\/www.youtube.com\/watch?v=WTcbNgcnxaQ<\/a><\/p>\n<p><strong>Rozmna\u017canie<\/strong><\/p>\n<p><a href=\"https:\/\/www.youtube.com\/watch?v=12iadjwyELs\">https:\/\/www.youtube.com\/watch?v=12iadjwyELs<\/a><\/p>\n<p><a href=\"https:\/\/www.youtube.com\/watch?v=_5OvgQW6FG4\">https:\/\/www.youtube.com\/watch?v=_5OvgQW6FG4<\/a><\/p>\n<p><strong>Tkanki ro\u015blin<\/strong><\/p>\n<p><a href=\"https:\/\/www.youtube.com\/watch?v=0Eg7ef-Jp6U\">https:\/\/www.youtube.com\/watch?v=0Eg7ef-Jp6U<\/a><\/p>\n<p><strong>Porosty<\/strong><\/p>\n<p><a href=\"https:\/\/www.youtube.com\/watch?v=IKjAq1vLFA4\">https:\/\/www.youtube.com\/watch?v=IKjAq1vLFA4<\/a><\/p>\n<p><strong><span style=\"color: #339966;\">FIZYKA<\/span><\/strong><\/p>\n<p>WIRTUALNE LABORATORIUM\u00a0<a href=\"http:\/\/fizyka.if.pw.edu.pl\/~wlf\/index.php\/%C4%86wiczenia_wirtualne\">http:\/\/fizyka.if.pw.edu.pl\/%7Ewlf\/index.php\/%C4%86wiczenia_wirtualne<\/a><\/p>\n<p>podr\u0119cznik online do fizyki rozszerzonej napisany przez pracownik\u00f3w Politechniki Warszawskiej (projekt e-fizyka)<\/p>\n<p><a href=\"http:\/\/ilf.fizyka.pw.edu.pl\/podrecznik\/\">http:\/\/ilf.fizyka.pw.edu.pl\/podrecznik\/<\/a><\/p>\n<p>prezentacje dra J. Jarosza z Uniwersytetu \u015al\u0105skiego dotycz\u0105ce poszczeg\u00f3lnych dzia\u0142\u00f3w fizyki &#8211; podsumowanie materia\u0142u wraz z do\u015bwiadczeniami (projekt Uniwersytet Partnerem Gospodarki Opartej na Wiedzy) &#8211;\u00a0 8 cz\u0119\u015bci<\/p>\n<p><a href=\"https:\/\/www.youtube.com\/results?search_query=Fizyka+Uniwersytet+Partnerem+Gospodarki+Opartej+na+Wiedzy\">https:\/\/www.youtube.com\/results?search_query=Fizyka+Uniwersytet+Partnerem+Gospodarki+Opartej+na+Wiedzy<\/a><\/p>\n<p>do\u015bwiadczenia wykonywane przez uczni\u00f3w z LO w Turku<\/p>\n<p><a href=\"https:\/\/www.youtube.com\/user\/FizykaLOTurek\/videos\">https:\/\/www.youtube.com\/user\/FizykaLOTurek\/videos<\/a><\/p>\n<p>kopalnia wiedzy o astronomii &#8211; seria film\u00f3w edukacyjnych Astronarium<\/p>\n<p><a href=\"https:\/\/www.youtube.com\/c\/AstronariumPl\/videos\">https:\/\/www.youtube.com\/c\/AstronariumPl\/videos<\/a><\/p>\n<p>Khan Academy &#8211; co\u015b dla bardziej wtajemniczonych, sporo wzor\u00f3w i wyprowadze\u0144 (komentarz niestety tylko po angielsku)<\/p>\n<p><a href=\"https:\/\/pl.khanacademy.org\/science\/physics\">https:\/\/pl.khanacademy.org\/science\/physics<\/a><\/p>\n<p>kilka ciekawych do\u015bwiadcze\u0144 przygotowanych na Politechnice Wroc\u0142awskiej<\/p>\n<p><a href=\"https:\/\/www.youtube.com\/watch?v=m8FuEExzESo&amp;list=PLRc6a9k_z6MmKhLC3hUdw_fEgeBIexfQI\">https:\/\/www.youtube.com\/watch?v=m8FuEExzESo&amp;list=PLRc6a9k_z6MmKhLC3hUdw_fEgeBIexfQI<\/a><\/p>\n<p><a href=\"http:\/\/scholaris.pl\/\">scholaris.pl<\/a>\u00a0&#8211;\u00a0 filmy dla niewtajemniczonych<\/p>\n<p><a href=\"http:\/\/scholaris.pl\/resources\/zasoby\/eid\/SRE\/sid\/FIZ5\">http:\/\/scholaris.pl\/resources\/zasoby\/eid\/SRE\/sid\/FIZ5<\/a><\/p>\n<p><strong><span style=\"color: #339966;\">CHEMIA<\/span><\/strong><\/p>\n<p>PI\u0118KNO I CHEMIA &#8211; prof. Marcin Molski\u00a0<a href=\"https:\/\/www.youtube.com\/watch?v=My0S5evDY4s\">https:\/\/www.youtube.com\/watch?v=My0S5evDY4s<\/a><\/p>\n<p>Pan Belfer\u00a0<a href=\"https:\/\/www.youtube.com\/c\/PanBelfer\/videos\">https:\/\/www.youtube.com\/c\/PanBelfer\/videos<\/a><\/p>\n<p>Vortal M\u0142odego Chemika\u00a0<a href=\"https:\/\/forum.vmc.org.pl\/\">forum.vmc.org.pl\/<\/a><\/p>\n<p><strong><span style=\"color: #339966;\">MATEMATYKA<\/span><\/strong><\/p>\n<p>PUNKTY, PROSTE, P\u0141ASZCZYZNY W PRZESTRZENI <a href=\"https:\/\/epodreczniki.pl\/a\/punkty-proste-i-plaszczyzny-w-przestrzeni\/DwxMXuIlv\">https:\/\/epodreczniki.pl\/a\/punkty-proste-i-plaszczyzny-w-przestrzeni\/DwxMXuIlv<\/a><\/p>\n<p>GRANIASTOS\u0141UPY <a href=\"https:\/\/epodreczniki.pl\/a\/graniastoslup-prosty-i-jego-wlasnosci-zwiazki-miarowe-w-graniastoslupach\/DnBY88PtA\">https:\/\/epodreczniki.pl\/a\/graniastoslup-prosty-i-jego-wlasnosci-zwiazki-miarowe-w-graniastoslupach\/DnBY88PtA<\/a><\/p>\n<p><strong><span style=\"color: #339966;\">INFORMATYKA<\/span><\/strong><\/p>\n<p>OBS\u0141UGA URZ\u0104DZE\u0143 ZEWN\u0118TRZNYCH <a href=\"https:\/\/epodreczniki.pl\/a\/obsluguj-urzadzenia-zewnetrzne-w-sposob-bezpieczny-i-ergonomiczny\/D3DpKBKfT\">https:\/\/epodreczniki.pl\/a\/obsluguj-urzadzenia-zewnetrzne-w-sposob-bezpieczny-i-ergonomiczny\/D3DpKBKfT<\/a><\/p>\n<p>FOTOGRAFOWANIE A PRAWO <a href=\"https:\/\/epodreczniki.pl\/a\/fotografowanie-a-prawo\/DUbxMaH2K\">https:\/\/epodreczniki.pl\/a\/fotografowanie-a-prawo\/DUbxMaH2K<\/a><\/p>\n<p>KOMPOZYCJA OBRAZU <a href=\"https:\/\/epodreczniki.pl\/a\/kompozycja-obrazu\/DhH7NBlFC\">https:\/\/epodreczniki.pl\/a\/kompozycja-obrazu\/DhH7NBlFC<\/a><\/p>\n<p>OBRAZ \u2013 R\u00d3\u017bNE FORMATY <a href=\"https:\/\/epodreczniki.pl\/a\/zapisywanie-obrazu-w-roznych-formatach-graficznych\/DciA0eb1j\">https:\/\/epodreczniki.pl\/a\/zapisywanie-obrazu-w-roznych-formatach-graficznych\/DciA0eb1j<\/a><\/p>\n<p>ANIMACJA SLAJD\u00d3W <a href=\"https:\/\/epodreczniki.pl\/a\/animacja-wybranych-elementow-slajdow\/DifMqOS90\">https:\/\/epodreczniki.pl\/a\/animacja-wybranych-elementow-slajdow\/DifMqOS90<\/a><\/p>\n<p><strong><span style=\"color: #339966;\">PODSTAWY PRZEDSIEMBIORCZO\u015aCI<\/span><\/strong><\/p>\n<p>ETYKA W GOSPODARCE\u00a0<a href=\"https:\/\/epodreczniki.pl\/a\/etyka-w-zyciu-gospodarczym\/DUI8sM4fS\">https:\/\/epodreczniki.pl\/a\/etyka-w-zyciu-gospodarczym\/DUI8sM4fS<\/a><\/p>\n<p>ZROZUMIE\u0106 RYNEK PRACY\u00a0 <a href=\"https:\/\/epodreczniki.pl\/a\/zrozumiec-rynek-pracy\/DpSkqtMmZ\">https:\/\/epodreczniki.pl\/a\/zrozumiec-rynek-pracy\/DpSkqtMmZ<\/a><\/p>\n<p>DROGA DO ZAWODU <a href=\"https:\/\/epodreczniki.pl\/a\/droga-do-zawodu\/D3ZK2W1fj\">https:\/\/epodreczniki.pl\/a\/droga-do-zawodu\/D3ZK2W1fj<\/a><\/p>\n","protected":false},"excerpt":{"rendered":"<p>BIOLOGIA Budowa kom\u00f3rki https:\/\/www.youtube.com\/watch?v=URUJD5NEXC8\u00a0 https:\/\/www.youtube.com\/watch?v=nq80cJOk_Io https:\/\/www.youtube.com\/watch?v=WTcbNgcnxaQ Rozmna\u017canie https:\/\/www.youtube.com\/watch?v=12iadjwyELs https:\/\/www.youtube.com\/watch?v=_5OvgQW6FG4 Tkanki ro\u015blin https:\/\/www.youtube.com\/watch?v=0Eg7ef-Jp6U Porosty https:\/\/www.youtube.com\/watch?v=IKjAq1vLFA4 FIZYKA WIRTUALNE LABORATORIUM\u00a0http:\/\/fizyka.if.pw.edu.pl\/%7Ewlf\/index.php\/%C4%86wiczenia_wirtualne podr\u0119cznik online do fizyki rozszerzonej napisany przez pracownik\u00f3w Politechniki Warszawskiej (projekt e-fizyka) http:\/\/ilf.fizyka.pw.edu.pl\/podrecznik\/ prezentacje dra J. Jarosza z Uniwersytetu \u015al\u0105skiego dotycz\u0105ce poszczeg\u00f3lnych dzia\u0142\u00f3w fizyki &#8211; podsumowanie materia\u0142u wraz z do\u015bwiadczeniami (projekt Uniwersytet Partnerem Gospodarki Opartej na Wiedzy) &#8211;\u00a0 [&hellip;]<\/p>\n","protected":false},"author":1,"featured_media":0,"parent":0,"menu_order":0,"comment_status":"closed","ping_status":"closed","template":"","meta":{"footnotes":""},"class_list":["post-7337","page","type-page","status-publish","hentry"],"_links":{"self":[{"href":"https:\/\/zsme.poznan.pl\/index.php?rest_route=\/wp\/v2\/pages\/7337","targetHints":{"allow":["GET"]}}],"collection":[{"href":"https:\/\/zsme.poznan.pl\/index.php?rest_route=\/wp\/v2\/pages"}],"about":[{"href":"https:\/\/zsme.poznan.pl\/index.php?rest_route=\/wp\/v2\/types\/page"}],"author":[{"embeddable":true,"href":"https:\/\/zsme.poznan.pl\/index.php?rest_route=\/wp\/v2\/users\/1"}],"replies":[{"embeddable":true,"href":"https:\/\/zsme.poznan.pl\/index.php?rest_route=%2Fwp%2Fv2%2Fcomments&post=7337"}],"version-history":[{"count":0,"href":"https:\/\/zsme.poznan.pl\/index.php?rest_route=\/wp\/v2\/pages\/7337\/revisions"}],"wp:attachment":[{"href":"https:\/\/zsme.poznan.pl\/index.php?rest_route=%2Fwp%2Fv2%2Fmedia&parent=7337"}],"curies":[{"name":"wp","href":"https:\/\/api.w.org\/{rel}","templated":true}]}}