{"id":7339,"date":"2020-10-28T19:27:43","date_gmt":"2020-10-28T19:27:43","guid":{"rendered":"https:\/\/zsme.poznan.pl\/?page_id=7339"},"modified":"2020-12-21T19:29:30","modified_gmt":"2020-12-21T19:29:30","slug":"nauki-humanistyczne","status":"publish","type":"page","link":"https:\/\/zsme.poznan.pl\/?page_id=7339","title":{"rendered":"NAUKI HUMANISTYCZNE"},"content":{"rendered":"<p><strong><span style=\"color: #339966;\">J\u0118ZYK POLSKI<\/span><\/strong><\/p>\n<p>DZIEDZICTWO STARO\u017bYTNO\u015aCI <a href=\"https:\/\/epodreczniki.pl\/a\/dziedzictwo-starozytnosci\/DmvNm5EZa\">https:\/\/epodreczniki.pl\/a\/dziedzictwo-starozytnosci\/DmvNm5EZa<\/a><\/p>\n<p>\u015aREDNIOWIECZNA ZJEDNOCZONA EUROPA <a href=\"https:\/\/epodreczniki.pl\/a\/sredniowieczna-zjednoczona-europa\/DJK4hvxmO\">https:\/\/epodreczniki.pl\/a\/sredniowieczna-zjednoczona-europa\/DJK4hvxmO<\/a><\/p>\n<p>SENTYMENTALNE KOBIETY I SIELANKI <a href=\"https:\/\/epodreczniki.pl\/a\/justyny-w-zyciu-franciszka-karpinskiego-czyli-o-sentymentalnych-kobietach-i-sielankach\/D1BIDr9Ut\">https:\/\/epodreczniki.pl\/a\/justyny-w-zyciu-franciszka-karpinskiego-czyli-o-sentymentalnych-kobietach-i-sielankach\/D1BIDr9Ut<\/a><\/p>\n<p>BOGURODZICA <a href=\"https:\/\/epodreczniki.pl\/a\/bogurodzicanbsp--piesn-ktora-rozbrzmiewala-pod-grunwaldem\/Dq5LIlqtV\">https:\/\/epodreczniki.pl\/a\/bogurodzicanbsp&#8211;piesn-ktora-rozbrzmiewala-pod-grunwaldem\/Dq5LIlqtV<\/a><\/p>\n<p>MEMENTO MORI\u00a0<a href=\"https:\/\/epodreczniki.pl\/a\/pamietaj-o-smierci-rozmowa-mistrza-polikarpa-ze-smiercia\/DTFyQrWkE\">https:\/\/epodreczniki.pl\/a\/pamietaj-o-smierci-rozmowa-mistrza-polikarpa-ze-smiercia\/DTFyQrWkE<\/a><\/p>\n<p>JAN KOCHANOWSKI \u2013 TW\u00d3RCZO\u015a\u0106\u00a0<a href=\"https:\/\/epodreczniki.pl\/a\/kochanowski-wielkim-poeta-byl\/DEzrEAsws\">https:\/\/epodreczniki.pl\/a\/kochanowski-wielkim-poeta-byl\/DEzrEAsws<\/a><\/p>\n<p>KAZANIA SEJMOWE <a href=\"https:\/\/epodreczniki.pl\/a\/skargi-piotra-skargi-kazania-sejmowe\/DdZax8mzU\">https:\/\/epodreczniki.pl\/a\/skargi-piotra-skargi-kazania-sejmowe\/DdZax8mzU<\/a><\/p>\n<p>MIKO\u0141AJ S\u0118P SZARZY\u0143SKI <a href=\"https:\/\/epodreczniki.pl\/a\/watly-niebaczny-rozdwojony-w-sobie---mikolaj-sep-szarzynski\/DIBvGFKaI\">https:\/\/epodreczniki.pl\/a\/watly-niebaczny-rozdwojony-w-sobie&#8212;mikolaj-sep-szarzynski\/DIBvGFKaI<\/a><\/p>\n<p>WAC\u0141AW POTOCKI <a href=\"https:\/\/epodreczniki.pl\/a\/poeta-moralizator-i-filozof-czyli-waclaw-potocki\/D18fMkC8U\">https:\/\/epodreczniki.pl\/a\/poeta-moralizator-i-filozof-czyli-waclaw-potocki\/D18fMkC8U<\/a><\/p>\n<p><strong><span style=\"color: #339966;\">GEOGRAFIA<\/span><\/strong><\/p>\n<p>WYCIECZKA WIRTUALNA \u2013 JASKINIA RAJ <a href=\"https:\/\/epodreczniki.pl\/a\/wycieczka-wirtualna-jaskinia-raj\/D7w5mqDVu\">https:\/\/epodreczniki.pl\/a\/wycieczka-wirtualna-jaskinia-raj\/D7w5mqDVu<\/a><\/p>\n<p>WYCIECZKA WIRTUALNA \u2013PUSTYNIA B\u0141\u0118DOWSKA <a href=\"https:\/\/epodreczniki.pl\/a\/wycieczka-wirtualna-pustynia-bledowska\/D14MI9mda\">https:\/\/epodreczniki.pl\/a\/wycieczka-wirtualna-pustynia-bledowska\/D14MI9mda<\/a><\/p>\n<p>WSKA\u0179NIKI ROZWOJU SPO\u0141ECZNO-GOSPODARCZEGO <a href=\"https:\/\/epodreczniki.pl\/a\/wskazniki-rozwoju-spoleczno-gospodarczego\/DklOAHsUQ\">https:\/\/epodreczniki.pl\/a\/wskazniki-rozwoju-spoleczno-gospodarczego\/DklOAHsUQ<\/a><\/p>\n<p>URBANIZACJA NA SWIECIE\u00a0\u00a0<a href=\"https:\/\/epodreczniki.pl\/a\/urbanizacja-i-swiatowe-metropolie\/D7nJ8MsAp\">https:\/\/epodreczniki.pl\/a\/urbanizacja-i-swiatowe-metropolie\/D7nJ8MsAp<\/a><\/p>\n<p>\u017bYWNO\u015a\u0106 NA \u015aWIECIE\u00a0<a href=\"https:\/\/epodreczniki.pl\/a\/zywnosc-na-swiecie-pomoc-glodujacym\/DNWVJzk0Q\">https:\/\/epodreczniki.pl\/a\/zywnosc-na-swiecie-pomoc-glodujacym\/DNWVJzk0Q<\/a><\/p>\n<p>MIGRACJA NA \u015aWIECIE\u00a0<a href=\"https:\/\/epodreczniki.pl\/a\/migracje-na-swiecie\/D4X1erTxJ\">https:\/\/epodreczniki.pl\/a\/migracje-na-swiecie\/D4X1erTxJ<\/a><\/p>\n<p>TURYSTYKA\u00a0<a href=\"https:\/\/epodreczniki.pl\/a\/turystyka\/DHILmpFbP\">https:\/\/epodreczniki.pl\/a\/turystyka\/DHILmpFbP<\/a><\/p>\n<p>\u015aRODKI KOMUNIKACJI\u00a0<a href=\"https:\/\/epodreczniki.pl\/a\/nowoczesne-uslugi-komunikacyjne-przemiany-na-rynku-pracy\/D9gCxdUEO\">https:\/\/epodreczniki.pl\/a\/nowoczesne-uslugi-komunikacyjne-przemiany-na-rynku-pracy\/D9gCxdUEO<\/a><\/p>\n<p>GLOBALNE OCIEPLENIE\u00a0<a href=\"https:\/\/epodreczniki.pl\/a\/globalne-ocieplenie\/DF85YQ6FW\">https:\/\/epodreczniki.pl\/a\/globalne-ocieplenie\/DF85YQ6FW<\/a><\/p>\n<p>DEGRADACJA GLEB\u00a0<a href=\"https:\/\/epodreczniki.pl\/a\/degradacja-gleb-na-swiecie-i-jej-skutki\/DuguSPvVG\">https:\/\/epodreczniki.pl\/a\/degradacja-gleb-na-swiecie-i-jej-skutki\/DuguSPvVG<\/a><\/p>\n<p><strong><span style=\"color: #339966;\">WIEDZA O SPO\u0141ECZE\u0143STWIE<\/span><\/strong><\/p>\n<p>UNIJNE INWESTYCJE <a href=\"https:\/\/epodreczniki.pl\/a\/polska-w-unii-europejskiej\/D16R0xy5x\">https:\/\/epodreczniki.pl\/a\/polska-w-unii-europejskiej\/D16R0xy5x<\/a><\/p>\n<p>POLSKA W NATO <a href=\"https:\/\/epodreczniki.pl\/a\/polska-w-nato\/D2BDk8f7O\">https:\/\/epodreczniki.pl\/a\/polska-w-nato\/D2BDk8f7O<\/a><\/p>\n<p>UE \u2013 CELE <a href=\"https:\/\/epodreczniki.pl\/a\/unia-europejska-cele-i-etapy-integracji\/Dtpk6FHGX\">https:\/\/epodreczniki.pl\/a\/unia-europejska-cele-i-etapy-integracji\/Dtpk6FHGX<\/a><\/p>\n<p>POLSKA A UE <a href=\"https:\/\/epodreczniki.pl\/a\/polska-i-polacy-w-unii-europejskiej\/D18hy6MuM\">https:\/\/epodreczniki.pl\/a\/polska-i-polacy-w-unii-europejskiej\/D18hy6MuM<\/a><\/p>\n<p>INSTYTUCJE UE <a href=\"https:\/\/epodreczniki.pl\/a\/instytucje-unii-europejskiej\/DSNn8e3E1\">https:\/\/epodreczniki.pl\/a\/instytucje-unii-europejskiej\/DSNn8e3E1<\/a><\/p>\n<p><strong><span style=\"color: #339966;\">HISTORIA<\/span><\/strong><\/p>\n<p><strong><u>Klasa I<\/u><\/strong><\/p>\n<p>7 CUD\u00d3W RZYMU &#8211;\u00a0\u00a0 <a href=\"https:\/\/www.youtube.com\/watch?v=1L3FfYONF4Q\">https:\/\/www.youtube.com\/watch?v=1L3FfYONF4Q<\/a><\/p>\n<p>7 CUD\u00d3W STARO\u017bYTNEJ GRECJI &#8211;\u00a0\u00a0 <a href=\"https:\/\/www.youtube.com\/watch?v=lPF2uIu5mkA&amp;t=49s\">https:\/\/www.youtube.com\/watch?v=lPF2uIu5mkA&amp;t=49s<\/a><\/p>\n<p>LEGIONY RZYMSKIE\u00a0\u00a0 <a href=\"https:\/\/www.youtube.com\/watch?v=U34vt849sOU\">https:\/\/www.youtube.com\/watch?v=U34vt849sOU<\/a><\/p>\n<p><a href=\"https:\/\/www.youtube.com\/watch?v=KIsahW3kaLM\">https:\/\/www.youtube.com\/watch?v=KIsahW3kaLM<\/a><\/p>\n<p>WOJNA IMPERI\u00d3W <a href=\"https:\/\/www.youtube.com\/watch?v=guaRigdq4dU\">https:\/\/www.youtube.com\/watch?v=guaRigdq4dU<\/a><\/p>\n<p>Seria co za historia :<\/p>\n<p>MIESZKO I- <a href=\"https:\/\/www.youtube.com\/watch?v=Av6iNQRIpNs&amp;t=47s\">https:\/\/www.youtube.com\/watch?v=Av6iNQRIpNs&amp;t=47s<\/a><\/p>\n<p>BOLES\u0141AW CHROBRY <a href=\"https:\/\/www.youtube.com\/watch?v=KLeHJOIzsjw&amp;t=92s\">https:\/\/www.youtube.com\/watch?v=KLeHJOIzsjw&amp;t=92s<\/a><\/p>\n<p><strong><u>Klasa II<\/u><\/strong><\/p>\n<p>WIELKIE ODKRYCIA GEOGRAFICZNE <a href=\"https:\/\/www.youtube.com\/watch?v=hbRVvETKY3w&amp;t=81s\">https:\/\/www.youtube.com\/watch?v=hbRVvETKY3w&amp;t=81s<\/a><\/p>\n<p>CO ZA HISTORIA- Indianie, konkwistadorzy i niewolnicy <a href=\"https:\/\/www.youtube.com\/watch?v=kmedAulP83Y&amp;t=49s\">https:\/\/www.youtube.com\/watch?v=kmedAulP83Y&amp;t=49s<\/a><\/p>\n<p>REFORMACJA <a href=\"https:\/\/www.youtube.com\/watch?v=_2tkk76y_XQ\">https:\/\/www.youtube.com\/watch?v=_2tkk76y_XQ<\/a><\/p>\n<p>&#8211; Reformacja a kontrreformacja <a href=\"https:\/\/www.youtube.com\/watch?v=hbRVvETKY3w&amp;t=81s\">https:\/\/www.youtube.com\/watch?v=hbRVvETKY3w&amp;t=81s<\/a><\/p>\n<p>&#8211; Reformacja w Polsce cz. 1 i 2<\/p>\n<p><a href=\"https:\/\/www.youtube.com\/watch?v=awKDKILFjdg&amp;t=6s\">https:\/\/www.youtube.com\/watch?v=awKDKILFjdg&amp;t=6s<\/a><\/p>\n<p><a href=\"https:\/\/www.youtube.com\/watch?v=HJSxIQSuaWQ&amp;t=144s\">https:\/\/www.youtube.com\/watch?v=HJSxIQSuaWQ&amp;t=144s<\/a><\/p>\n<p>PIERWSZE WOLNE ELEKCJE <a href=\"https:\/\/www.youtube.com\/watch?v=Eon7zTw13wU\">https:\/\/www.youtube.com\/watch?v=Eon7zTw13wU<\/a><\/p>\n<p><a href=\"https:\/\/www.youtube.com\/watch?v=-4nqGrwIpQY\">https:\/\/www.youtube.com\/watch?v=-4nqGrwIpQY<\/a><\/p>\n<p>HENRYK WALEZY. Historia bez cenzury.\u00a0<a href=\"https:\/\/www.youtube.com\/watch?v=4Q-DZehqvR8&amp;t=11s\">https:\/\/www.youtube.com\/watch?v=4Q-DZehqvR8&amp;t=11s<\/a><\/p>\n<p>ZYGMUNT II AUGUST Co za historia [odc.14] Rzeczpospolita Obojga Narod\u00f3w\u00a0<a href=\"https:\/\/www.youtube.com\/watch?v=0LGHid6JSc4&amp;t=11s\">https:\/\/www.youtube.com\/watch?v=0LGHid6JSc4&amp;t=11s<\/a><\/p>\n<p>STEFAN BATORY \u00a0Historia Bez Cenzury <a href=\"https:\/\/www.youtube.com\/watch?v=b-Ikl2MEqVM&amp;t=4s\">https:\/\/www.youtube.com\/watch?v=b-Ikl2MEqVM&amp;t=4s<\/a><\/p>\n<p><strong><u>Klasa III<\/u><\/strong><\/p>\n<p>II WOJNA \u015aWIATOWA. <a href=\"https:\/\/www.youtube.com\/watch?v=QcjrzBEcJ4Q\">https:\/\/www.youtube.com\/watch?v=QcjrzBEcJ4Q<\/a><\/p>\n<p>MONTE\u00a0 CASINO. Historia Bez Cenzury. <a href=\"https:\/\/www.youtube.com\/watch?v=Y9QcI9afVnc\">https:\/\/www.youtube.com\/watch?v=Y9QcI9afVnc<\/a><\/p>\n<p>CZERWONA ZARAZA. Jak Sowieci wyzwalali Polsk\u0119. Historia Bez Cenzury <a href=\"https:\/\/www.youtube.com\/watch?v=eBeKf8iE26M\">https:\/\/www.youtube.com\/watch?v=eBeKf8iE26M<\/a><\/p>\n<p><strong><span style=\"color: #339966;\">J\u0118ZYKI OBCE<\/span><\/strong><\/p>\n<p>NIEMIECKI<\/p>\n<p><a href=\"https:\/\/www.youtube.com\/watch?v=-W1tv0sQSEA\">https:\/\/www.youtube.com\/watch?v=-W1tv0sQSEA<\/a><br \/>\n<a href=\"https:\/\/www.youtube.com\/watch?v=y3HFBlmm8KA\">https:\/\/www.youtube.com\/watch?v=y3HFBlmm8KA<\/a><\/p>\n<p>ANGIELSKI<\/p>\n<p><a href=\"https:\/\/www.youtube.com\/watch?v=J0cHkeKiUyo\">https:\/\/www.youtube.com\/watch?v=J0cHkeKiUyo<\/a><br \/>\n<a href=\"https:\/\/www.youtube.com\/watch?v=iPhewt1CZpA\">https:\/\/www.youtube.com\/watch?v=iPhewt1CZpA<\/a><br \/>\n<a href=\"https:\/\/www.youtube.com\/watch?v=-uGo1saaUXo\">https:\/\/www.youtube.com\/watch?v=-uGo1saaUXo<\/a><\/p>\n<p>HISZPA\u0143SKI<\/p>\n<p><a href=\"https:\/\/www.youtube.com\/watch?v=Nxany6YGiqo\">https:\/\/www.youtube.com\/watch?v=Nxany6YGiqo<\/a><br \/>\n<a href=\"https:\/\/www.youtube.com\/watch?v=ahqsdMTEOIw\">https:\/\/www.youtube.com\/watch?v=ahqsdMTEOIw<\/a><br \/>\n<a href=\"https:\/\/www.youtube.com\/watch?v=kmL9J7TlF90\">https:\/\/www.youtube.com\/watch?v=kmL9J7TlF90<\/a><br \/>\n<a href=\"https:\/\/www.youtube.com\/watch?v=dDw-ImRdVZY\">https:\/\/www.youtube.com\/watch?v=dDw-ImRdVZY<\/a><\/p>\n","protected":false},"excerpt":{"rendered":"<p>J\u0118ZYK POLSKI DZIEDZICTWO STARO\u017bYTNO\u015aCI https:\/\/epodreczniki.pl\/a\/dziedzictwo-starozytnosci\/DmvNm5EZa \u015aREDNIOWIECZNA ZJEDNOCZONA EUROPA https:\/\/epodreczniki.pl\/a\/sredniowieczna-zjednoczona-europa\/DJK4hvxmO SENTYMENTALNE KOBIETY I SIELANKI https:\/\/epodreczniki.pl\/a\/justyny-w-zyciu-franciszka-karpinskiego-czyli-o-sentymentalnych-kobietach-i-sielankach\/D1BIDr9Ut BOGURODZICA https:\/\/epodreczniki.pl\/a\/bogurodzicanbsp&#8211;piesn-ktora-rozbrzmiewala-pod-grunwaldem\/Dq5LIlqtV MEMENTO MORI\u00a0https:\/\/epodreczniki.pl\/a\/pamietaj-o-smierci-rozmowa-mistrza-polikarpa-ze-smiercia\/DTFyQrWkE JAN KOCHANOWSKI \u2013 TW\u00d3RCZO\u015a\u0106\u00a0https:\/\/epodreczniki.pl\/a\/kochanowski-wielkim-poeta-byl\/DEzrEAsws KAZANIA SEJMOWE https:\/\/epodreczniki.pl\/a\/skargi-piotra-skargi-kazania-sejmowe\/DdZax8mzU MIKO\u0141AJ S\u0118P SZARZY\u0143SKI https:\/\/epodreczniki.pl\/a\/watly-niebaczny-rozdwojony-w-sobie&#8212;mikolaj-sep-szarzynski\/DIBvGFKaI WAC\u0141AW POTOCKI https:\/\/epodreczniki.pl\/a\/poeta-moralizator-i-filozof-czyli-waclaw-potocki\/D18fMkC8U GEOGRAFIA WYCIECZKA WIRTUALNA \u2013 JASKINIA RAJ https:\/\/epodreczniki.pl\/a\/wycieczka-wirtualna-jaskinia-raj\/D7w5mqDVu WYCIECZKA WIRTUALNA \u2013PUSTYNIA B\u0141\u0118DOWSKA https:\/\/epodreczniki.pl\/a\/wycieczka-wirtualna-pustynia-bledowska\/D14MI9mda WSKA\u0179NIKI ROZWOJU SPO\u0141ECZNO-GOSPODARCZEGO https:\/\/epodreczniki.pl\/a\/wskazniki-rozwoju-spoleczno-gospodarczego\/DklOAHsUQ URBANIZACJA NA SWIECIE\u00a0\u00a0https:\/\/epodreczniki.pl\/a\/urbanizacja-i-swiatowe-metropolie\/D7nJ8MsAp \u017bYWNO\u015a\u0106 NA \u015aWIECIE\u00a0https:\/\/epodreczniki.pl\/a\/zywnosc-na-swiecie-pomoc-glodujacym\/DNWVJzk0Q MIGRACJA [&hellip;]<\/p>\n","protected":false},"author":1,"featured_media":0,"parent":0,"menu_order":0,"comment_status":"closed","ping_status":"closed","template":"","meta":{"footnotes":""},"class_list":["post-7339","page","type-page","status-publish","hentry"],"_links":{"self":[{"href":"https:\/\/zsme.poznan.pl\/index.php?rest_route=\/wp\/v2\/pages\/7339","targetHints":{"allow":["GET"]}}],"collection":[{"href":"https:\/\/zsme.poznan.pl\/index.php?rest_route=\/wp\/v2\/pages"}],"about":[{"href":"https:\/\/zsme.poznan.pl\/index.php?rest_route=\/wp\/v2\/types\/page"}],"author":[{"embeddable":true,"href":"https:\/\/zsme.poznan.pl\/index.php?rest_route=\/wp\/v2\/users\/1"}],"replies":[{"embeddable":true,"href":"https:\/\/zsme.poznan.pl\/index.php?rest_route=%2Fwp%2Fv2%2Fcomments&post=7339"}],"version-history":[{"count":0,"href":"https:\/\/zsme.poznan.pl\/index.php?rest_route=\/wp\/v2\/pages\/7339\/revisions"}],"wp:attachment":[{"href":"https:\/\/zsme.poznan.pl\/index.php?rest_route=%2Fwp%2Fv2%2Fmedia&parent=7339"}],"curies":[{"name":"wp","href":"https:\/\/api.w.org\/{rel}","templated":true}]}}