{"id":8063,"date":"2021-03-15T20:19:26","date_gmt":"2021-03-15T20:19:26","guid":{"rendered":"https:\/\/zsme.poznan.pl\/?page_id=8063"},"modified":"2023-03-01T15:35:26","modified_gmt":"2023-03-01T15:35:26","slug":"8063-2","status":"publish","type":"page","link":"https:\/\/zsme.poznan.pl\/?page_id=8063","title":{"rendered":"Technik robotyk"},"content":{"rendered":"<p><strong>Przedmiot rozszerzony:<\/strong> matematyka, j\u0119zyk angielski<\/p>\n<p><strong>Przedmiot punktowany:<\/strong> j\u0119zyk polski, matematyka, j\u0119zyk obcy, informatyka<\/p>\n<p><strong>J\u0119zyki:<\/strong> j\u0119zyk angielski \u2013 kontynuacja,\u00a0 j\u0119zyk niemiecki<\/p>\n<p><strong>Wsp\u00f3\u0142praca z firmami:<\/strong><\/p>\n<ul>\n<li><strong>Steelpress sp.z o.o.,<\/strong><\/li>\n<li><strong>MPK Pozna\u0144,<\/strong><\/li>\n<li><strong>FlexLink Engineering Polska Sp. z o. o.<\/strong><\/li>\n<\/ul>\n<p>Zaw\u00f3d technik robotyk jest jednym z bardziej atrakcyjnych zawod\u00f3w przysz\u0142o\u015bci. Istotnym elementem robotyki jest mechanika, elektrotechnika, elektronika, automatyka oraz informatyka. Wiedza zdobywana przez uczni\u00f3w w ramach nauki jest szeroka. W ramach nauki na wysokim poziomie nabywaj\u0105 Oni wiedz\u0119 i umiej\u0119tno\u015bci z zakresu mechaniki, elektrotechniki, elektroniki i programowania.<\/p>\n<p>Zaw\u00f3d technik robotyk jest odpowiedzi\u0105 na dynamicznie potrzeby zmieniaj\u0105cej si\u0119 gospodarki, kt\u00f3ra w coraz wi\u0119kszym stopniu opiera si\u0119 na automatyzacji i robotyzacji proces\u00f3w wytw\u00f3rczych. Wychodzi on naprzeciw zar\u00f3wno rynkowi pracy, jak i oczekiwaniom m\u0142odych ludzi, kt\u00f3rzy chc\u0105 si\u0119 kszta\u0142ci\u0107 w kierunkach gwarantuj\u0105cych zdobycie atrakcyjnego, dobrze p\u0142atnego i cenionego przez pracodawc\u00f3w zawodu. Zaw\u00f3d technik robotyk jest \u015bci\u015ble zwi\u0105zany z kierunkiem rozwoju przemys\u0142u 4.0 i zosta\u0142 stworzony poprzez wsp\u00f3\u0142dzia\u0142anie z podmiotami gospodarczymi.<\/p>\n<p><strong>Podejmuj\u0105c nauk\u0119 nauczysz si\u0119:<\/strong><\/p>\n<ul>\n<li>obs\u0142ugi uk\u0142ad\u00f3w mechanicznych i elektronicznych robot\u00f3w,<\/li>\n<li>dobierania i pos\u0142ugiwania si\u0119 narz\u0119dziami do obr\u00f3bki materia\u0142\u00f3w,<\/li>\n<li>wykonywania pomiar\u00f3w wielko\u015bci mechanicznych i elektrycznych,<\/li>\n<li>czytania, wykonywania szkic\u00f3w i rysunk\u00f3w element\u00f3w konstrukcji robot\u00f3w, montowania, uruchamiania i obs\u0142ugi uk\u0142ad\u00f3w mechanicznych i elektronicznych robot\u00f3w.<\/li>\n<\/ul>\n<p><strong>Ponadto b\u0119dziesz umia\u0142:<\/strong><\/p>\n<ul>\n<li>obs\u0142ugiwa\u0107 roboty przemys\u0142owe w zakresie ich eksploatacji i programowania,<\/li>\n<li>organizowa\u0107 i wykonywa\u0107 prace zwi\u0105zane z konserwacj\u0105 i diagnostyk\u0105 uk\u0142ad\u00f3w robot\u00f3w przemys\u0142owych oraz planowa\u0107 zadania zwi\u0105zane z produkcj\u0105 zrobotyzowan\u0105.<\/li>\n<\/ul>\n<p><strong>Mo\u017cliwo\u015bci podj\u0119cia pracy w:<\/strong><\/p>\n<ul>\n<li>firmach i instytucjach wykorzystuj\u0105cych systemy automatyki i robotyki (np. przemys\u0142 chemiczny, przetw\u00f3rczy, spo\u017cywczy, energetyczny, elektroniczny),<\/li>\n<li>firmach i instytucjach zajmuj\u0105cych si\u0119 projektowaniem, programowaniem, wdra\u017caniem i eksploatacj\u0105 system\u00f3w automatyki i robotyki,<\/li>\n<li>firmach oferuj\u0105cych systemy automatyki i robotyki,<\/li>\n<li>przedsi\u0119biorstwach handlowych,<\/li>\n<li>przedsi\u0119biorstwach produkcyjnych: przemys\u0142 maszynowy, samochodowy, lotniczy, spo\u017cywczy,<\/li>\n<li>jednostkach zwi\u0105zanych z projektowaniem badaniem i wdra\u017caniem system\u00f3w automatyki i robotyki.<\/li>\n<\/ul>\n<p><strong>Technik robotyk mo\u017ce by\u0107 zatrudniony jako:<\/strong><\/p>\n<ul>\n<li>programista robot\u00f3w przemys\u0142owych,<\/li>\n<li>konserwator i serwisant robot\u00f3w,<\/li>\n<li>monter i operator system\u00f3w robotyki,<\/li>\n<li>projektant system\u00f3w sterowania.<\/li>\n<\/ul>\n<p>Uczniowie odbywaj\u0105 praktyki w firmach wsp\u00f3\u0142pracuj\u0105cych &#8211; <a href=\"https:\/\/zsme.poznan.pl\/?page_id=2419\">Zak\u0142adka Praktyczna nauka Zawodu<\/a><\/p>\n","protected":false},"excerpt":{"rendered":"<p>Przedmiot rozszerzony: matematyka, j\u0119zyk angielski Przedmiot punktowany: j\u0119zyk polski, matematyka, j\u0119zyk obcy, informatyka J\u0119zyki: j\u0119zyk angielski \u2013 kontynuacja,\u00a0 j\u0119zyk niemiecki Wsp\u00f3\u0142praca z firmami: Steelpress sp.z o.o., MPK Pozna\u0144, FlexLink Engineering Polska Sp. z o. o. Zaw\u00f3d technik robotyk jest jednym z bardziej atrakcyjnych zawod\u00f3w przysz\u0142o\u015bci. Istotnym elementem robotyki jest mechanika, elektrotechnika, elektronika, automatyka oraz informatyka. [&hellip;]<\/p>\n","protected":false},"author":1,"featured_media":0,"parent":0,"menu_order":0,"comment_status":"closed","ping_status":"closed","template":"","meta":{"footnotes":""},"class_list":["post-8063","page","type-page","status-publish","hentry"],"_links":{"self":[{"href":"https:\/\/zsme.poznan.pl\/index.php?rest_route=\/wp\/v2\/pages\/8063","targetHints":{"allow":["GET"]}}],"collection":[{"href":"https:\/\/zsme.poznan.pl\/index.php?rest_route=\/wp\/v2\/pages"}],"about":[{"href":"https:\/\/zsme.poznan.pl\/index.php?rest_route=\/wp\/v2\/types\/page"}],"author":[{"embeddable":true,"href":"https:\/\/zsme.poznan.pl\/index.php?rest_route=\/wp\/v2\/users\/1"}],"replies":[{"embeddable":true,"href":"https:\/\/zsme.poznan.pl\/index.php?rest_route=%2Fwp%2Fv2%2Fcomments&post=8063"}],"version-history":[{"count":0,"href":"https:\/\/zsme.poznan.pl\/index.php?rest_route=\/wp\/v2\/pages\/8063\/revisions"}],"wp:attachment":[{"href":"https:\/\/zsme.poznan.pl\/index.php?rest_route=%2Fwp%2Fv2%2Fmedia&parent=8063"}],"curies":[{"name":"wp","href":"https:\/\/api.w.org\/{rel}","templated":true}]}}