{"id":8604,"date":"2021-06-07T15:58:13","date_gmt":"2021-06-07T15:58:13","guid":{"rendered":"https:\/\/zsme.poznan.pl\/?page_id=8604"},"modified":"2021-06-07T15:58:13","modified_gmt":"2021-06-07T15:58:13","slug":"biblioteki-cyfrowe","status":"publish","type":"page","link":"https:\/\/zsme.poznan.pl\/?page_id=8604","title":{"rendered":"BIBLIOTEKI CYFROWE"},"content":{"rendered":"<p><strong>POLONA<\/strong><\/p>\n<p>jedna z najnowocze\u015bniejszych bibliotek cyfrowych na \u015bwiecie r\u00f3wnie\u017c dost\u0119pna w Polsce. Biblioteka Narodowa udost\u0119pnia w serwisie swoje zbiory oraz obiekty innych instytucji \u2013 zdigitalizowane przy u\u017cyciu nowoczesnych technologii.<\/p>\n<p>Ka\u017cdego dnia zbiory powi\u0119kszaj\u0105 si\u0119 o 2\u00a0000 nowych obiekt\u00f3w: ksi\u0105\u017cek, starych druk\u00f3w, r\u0119kopis\u00f3w, nut, map, fotografii, grafik, ulotek, afiszy i poczt\u00f3wek.<\/p>\n<p><a href=\"http:\/\/intro.polona.pl\/\">http:\/\/intro.polona.pl\/<\/a><\/p>\n<p><a href=\"https:\/\/www.bn.org.pl\/w-bibliotece\/4168-bezplatne-audiobooki-w-polona.pl.html\">https:\/\/www.bn.org.pl\/w-bibliotece\/4168-bezplatne-audiobooki-w-polona.pl.html<\/a><\/p>\n<p><strong>FEDERACJA BIBLIOTEK CYFROWYCH<\/strong><\/p>\n<p>jest platform\u0105, kt\u00f3ra pozwala przeszukiwa\u0107 i czyta\u0107 online zbiory z ponad stu r\u00f3\u017cnych bibliotek cyfrowych.<\/p>\n<p>W tym portalu znajdziemy m.in. zasoby Wielkopolskiej Biblioteki Cyfrowej, \u015al\u0105skiej Biblioteki Cyfrowej, Jagiello\u0144skiej Biblioteki Cyfrowej oraz e-biblioteki Uniwersytetu Warszawskiego.<\/p>\n<p><strong>EBSCO <\/strong><\/p>\n<p>to eBook Public Library Collection, kt\u00f3re zawiera ponad 35 tysi\u0119cy obcoj\u0119zycznych ksi\u0105\u017cek elektronicznych (w j\u0119zyku angielskim, hiszpa\u0144skim i francuskim). Mo\u017cna tu znale\u017a\u0107 literatur\u0119 o nast\u0119puj\u0105cej tematyce m.in. literatur\u0119 fabularn\u0105, biografie, poradniki oraz publikacje na temat zdrowia, podr\u00f3\u017cy, czy gotowania.<\/p>\n<p><strong>BIBLIOTEKI CYFROWE w Polsce: <\/strong><\/p>\n<blockquote class=\"wp-embedded-content\" data-secret=\"8SVAbcowur\"><p><a href=\"https:\/\/lustrobiblioteki.pl\/biblioteki-cyfrowe-polsce\/\">Biblioteki cyfrowe w Polsce<\/a><\/p><\/blockquote>\n<p><iframe class=\"wp-embedded-content\" sandbox=\"allow-scripts\" security=\"restricted\" style=\"position: absolute; visibility: hidden;\" title=\"&#8222;Biblioteki cyfrowe w Polsce&#8221; &#8212; Lustro Biblioteki\" src=\"https:\/\/lustrobiblioteki.pl\/biblioteki-cyfrowe-polsce\/embed\/#?secret=3Zvsa2iHKU#?secret=8SVAbcowur\" data-secret=\"8SVAbcowur\" width=\"600\" height=\"338\" frameborder=\"0\" marginwidth=\"0\" marginheight=\"0\" scrolling=\"no\"><\/iframe><\/p>\n<p>Biblioteki cyfrowe na \u015bwiecie:<\/p>\n<blockquote class=\"wp-embedded-content\" data-secret=\"qnWXBixurN\"><p><a href=\"https:\/\/lustrobiblioteki.pl\/biblioteki-cyfrowe-swiecie\/\">Biblioteki cyfrowe na \u015bwiecie<\/a><\/p><\/blockquote>\n<p><iframe class=\"wp-embedded-content\" sandbox=\"allow-scripts\" security=\"restricted\" style=\"position: absolute; visibility: hidden;\" title=\"&#8222;Biblioteki cyfrowe na \u015bwiecie&#8221; &#8212; Lustro Biblioteki\" src=\"https:\/\/lustrobiblioteki.pl\/biblioteki-cyfrowe-swiecie\/embed\/#?secret=SuPZgrrKNR#?secret=qnWXBixurN\" data-secret=\"qnWXBixurN\" width=\"600\" height=\"338\" frameborder=\"0\" marginwidth=\"0\" marginheight=\"0\" scrolling=\"no\"><\/iframe><\/p>\n<p><strong>NINATEKA<\/strong><\/p>\n<p>jej pomys\u0142odawc\u0105 jest Narodowy Instytut Audiowizualny, kt\u00f3ry udost\u0119pnia nieodp\u0142atnie nagrania audio oraz wideo: film\u00f3w, reporta\u017cy, spektakli, animacji itp\u2026.<strong>\u00a0<\/strong><\/p>\n<p><strong>SZUKAJ W ARCHIWACH<\/strong><\/p>\n<p>jest to katalog i biblioteka cyfrowa zbior\u00f3w polskich archiw\u00f3w publicznych, w kt\u00f3rym mo\u017cna odnale\u017a\u0107 oryginalne dokumenty<\/p>\n<p><a href=\"https:\/\/www.szukajwarchiwach.gov.pl\/\">https:\/\/www.szukajwarchiwach.gov.pl\/<\/a><\/p>\n<p><strong>ZESTAWIENIE KANA\u0141\u00d3W EDUKACYJNYCH NA OTWARTEJ LICENCJI <\/strong><\/p>\n<p><a href=\"https:\/\/otwartezasoby.pl\/15-kanalow-edukacyjnych-i-naukowych-ktore-przydadza-sie-w-szkole\/\">https:\/\/otwartezasoby.pl\/15-kanalow-edukacyjnych-i-naukowych-ktore-przydadza-sie-w-szkole\/<\/a><\/p>\n<p><strong>INTERNETOWY TEATR DLA SZK\u00d3\u0141<\/strong><\/p>\n<p><a href=\"https:\/\/iteatr.tvp.pl\/\">https:\/\/iteatr.tvp.pl\/<\/a><\/p>\n<p><strong>GOOGLE ARTS &amp; CULTURE<\/strong><\/p>\n<p><a href=\"https:\/\/artsandculture.google.com\/\">https:\/\/artsandculture.google.com\/<\/a><\/p>\n","protected":false},"excerpt":{"rendered":"<p>POLONA jedna z najnowocze\u015bniejszych bibliotek cyfrowych na \u015bwiecie r\u00f3wnie\u017c dost\u0119pna w Polsce. Biblioteka Narodowa udost\u0119pnia w serwisie swoje zbiory oraz obiekty innych instytucji \u2013 zdigitalizowane przy u\u017cyciu nowoczesnych technologii. Ka\u017cdego dnia zbiory powi\u0119kszaj\u0105 si\u0119 o 2\u00a0000 nowych obiekt\u00f3w: ksi\u0105\u017cek, starych druk\u00f3w, r\u0119kopis\u00f3w, nut, map, fotografii, grafik, ulotek, afiszy i poczt\u00f3wek. http:\/\/intro.polona.pl\/ https:\/\/www.bn.org.pl\/w-bibliotece\/4168-bezplatne-audiobooki-w-polona.pl.html FEDERACJA BIBLIOTEK CYFROWYCH [&hellip;]<\/p>\n","protected":false},"author":1,"featured_media":0,"parent":0,"menu_order":0,"comment_status":"closed","ping_status":"closed","template":"","meta":{"footnotes":""},"class_list":["post-8604","page","type-page","status-publish","hentry"],"_links":{"self":[{"href":"https:\/\/zsme.poznan.pl\/index.php?rest_route=\/wp\/v2\/pages\/8604","targetHints":{"allow":["GET"]}}],"collection":[{"href":"https:\/\/zsme.poznan.pl\/index.php?rest_route=\/wp\/v2\/pages"}],"about":[{"href":"https:\/\/zsme.poznan.pl\/index.php?rest_route=\/wp\/v2\/types\/page"}],"author":[{"embeddable":true,"href":"https:\/\/zsme.poznan.pl\/index.php?rest_route=\/wp\/v2\/users\/1"}],"replies":[{"embeddable":true,"href":"https:\/\/zsme.poznan.pl\/index.php?rest_route=%2Fwp%2Fv2%2Fcomments&post=8604"}],"version-history":[{"count":0,"href":"https:\/\/zsme.poznan.pl\/index.php?rest_route=\/wp\/v2\/pages\/8604\/revisions"}],"wp:attachment":[{"href":"https:\/\/zsme.poznan.pl\/index.php?rest_route=%2Fwp%2Fv2%2Fmedia&parent=8604"}],"curies":[{"name":"wp","href":"https:\/\/api.w.org\/{rel}","templated":true}]}}